{"id":7431,"date":"2016-01-14T13:53:28","date_gmt":"2016-01-14T18:53:28","guid":{"rendered":"https:\/\/www.westgatereservations.com\/es\/shipwreck-island\/"},"modified":"2025-04-08T12:14:08","modified_gmt":"2025-04-08T16:14:08","slug":"shipwreck-island","status":"publish","type":"page","link":"https:\/\/www.westgatereservations.com\/es\/shipwreck-island\/","title":{"rendered":"Shipwreck Island - Orlando Resort with Water Park"},"content":{"rendered":"<div class=\"full-banner\">\r\n    <div class=\"background-cover ptl\" role=\"img\" aria-label=\"Orlando Waterpark Resort Deals | Westgate Resorts\" class=\"image-wrap ptl\" style=\"background-image:url(https:\/\/westgatecdn.com\/2019\/09\/Shipwreck_island_waterPark_banner.jpg);\">\r\n        <div class=\"x-container max width dshadow x-hidden-phone\" style=\"position: relative;\">\r\n            <h1 class=\"man ptm white center-text\">Parque Acu\u00e1tico Shipwreck Island<\/h1>\r\n            <div class=\"h4 man ptm white center-text\">\u00a1Sum\u00e9rgete en la diversi\u00f3n familiar en nuestro parque acu\u00e1tico de piratas!<\/div>\r\n            <div class=\"center-text white mbl mts pbs\">\r\n            <span>DESDE: <\/span><span class=\"h1 white\">$99<\/span> \/PAQUETE<\/span>\r\n            <\/div>\r\n        <\/div>\r\n        [gap size=\"1em\" class=\"x-hidden-phone\"]\r\n        <div class=\"x-container max width search-ow-resort availability-search\">\r\n            <div class=\"x-visible-phone\">\r\n                <h1 class=\"dshadow man pts white center-text\">Parque Acu\u00e1tico Shipwreck Island<\/h1>\r\n                <div class=\"dshadow h5 man pts white center-text\">\u00a1Sum\u00e9rgete en la diversi\u00f3n familiar en nuestro parque acu\u00e1tico de piratas!<\/div>\r\n                <div class=\"availability-horizontal center-text\">\r\n                    <span class=\"no-break\"><span class=\"white\">DESDE: <\/span><span class=\"price white\"><b>$99<\/b><\/span> <span class=\"white\">\/PAQUETE<\/span><\/span>\r\n                <\/div>\r\n            <\/div>\r\n            <div class=\"x-content-band marginless-columns pas\">\r\n                <div class=\"x-container max width\">\r\n                    <div class=\"x-column x-sm x-1-4 x-hidden-phone\" style=\"vertical-align: middle;\">\r\n                        <p class=\"h3 man white\">\u00a1V\u00e1monos a una aventura!<\/p>\r\n                    <\/div>\r\n                    <div class=\"x-column x-sm x-3-4 last\">\r\n                        [search-availability layout=\"horizontal\" special_id=\"8640\" hide_title=\"true\" class=\"no-bg pan\"]\r\n                    <\/div>\r\n                <\/div>\r\n            <\/div>\r\n        <\/div>\r\n        [gap size=\"1em\" class=\"x-visible-phone\"]\r\n        <!---->\r\n    <\/div>\r\n<\/div>\r\n[container]\r\n     <div class=\"ptm icon-nav light pbs\">\r\n        [gap size=\"1em\" class=\"x-hidden-phone\"]\r\n            <div class=\"x-column x-1-3 stack-center-m\">\r\n                <div>\r\n                    [phone_link class=\"inheritcolor\"]\r\n                    <div class=\"x-column x-sm x-1-4\">\r\n                        <i class=\"fas fa-phone fa-2x right-stack-m focus\"><\/i>\r\n                    <\/div>\r\n                    <div class=\"x-column x-sm x-3-4 last\">\r\n                        <p class=\"x-visible-phone mts\" style=\"line-height:1.2em;\">\r\n                            <strong>Llama para<br\/> reservar<\/strong>\r\n                        <\/p>\r\n                        <p class=\"x-hidden-phone font-120\">\r\n                            <strong>\u00a1Llama para reservar!<\/strong><br\/>\r\n                            <span>[tel]<\/span>\r\n                        <\/p>\r\n                    <\/div>\r\n                    [\/phone_link]\r\n                    [clear]\r\n                <\/div>\r\n            <\/div>\r\n            <div class=\"x-column x-1-3 stack-center-m\">\r\n                <div>\r\n                    [subscribe modal=\"true\" trigger=\"link\" show_name=\"true\" trigger_class=\"inheritcolor\"]\r\n                    <div class=\"x-column x-sm x-1-4\">\r\n                        <i class=\"fas fa-envelope fa-2x right-stack-m\"><\/i>\r\n                    <\/div>\r\n                    <div class=\"x-column x-sm x-3-4 last\">\r\n                        <p class=\"x-visible-phone mts\" style=\"line-height:1.2em;\">\r\n                            <strong>Suscr\u00edbete para<br\/> recibir Ofertas<\/strong>\r\n                        <\/p>\r\n                        <p class=\"x-hidden-phone font-120\">\r\n                            <strong>\u00a1Suscr\u00edbete para recibir Ofertas!<\/strong><br\/>\r\n                            <span>Ahorra hasta un 40% de descuento<\/span>\r\n                        <\/p>\r\n                    <\/div>\r\n                    [\/subscribe]\r\n                    [clear]\r\n                <\/div>\r\n            <\/div>\r\n            <div class=\"x-column x-1-3 stack-center-m last\">\r\n                <div>\r\n                    <a href=\"#\"; onclick=\"SnapEngage.startLink();\" class=\"inheritcolor\">\r\n                        <div class=\"x-column x-sm x-1-4\">\r\n                            <i class=\"fas fa-comment-alt fa-2x right-stack-m\"><\/i>\r\n                        <\/div>\r\n                        <div class=\"x-column x-sm x-3-4 last\">\r\n                            <p class=\"x-visible-phone mts\" style=\"line-height:1.2em;\">\r\n                                <strong>Chat with<br\/> Agents<\/strong>\r\n                            <\/p>\r\n                            <p class=\"x-hidden-phone font-120\">\r\n                                <strong>Chat en Vivo<\/strong><br\/>\r\n                                <span>Chatea con un Agente<\/span>\r\n                            <\/p>\r\n                        <\/div>\r\n                    <\/a>\r\n                    [clear]\r\n                <\/div>\r\n            <\/div>\r\n            [clear]\r\n            [gap size=\"1em\" class=\"x-hidden-phone\"]\r\n        <\/div>\r\n[\/container]\r\n<!--specials-->\r\n<div style=\"background: #efefef;\" class=\"pbm\">\r\n    <div style=\"box-shadow: 0 -0.225em 0.25em 0 rgba(0,0,0,.2);\">&nbsp;<\/div>\r\n    [container]\r\n        <h3 class=\"center-text mtl mbm\">Nuestros Mejores Paquetes de Westgate Town Center<\/h3>\r\n<div class=\"x-container item-listing\">\r\n[specials ids=\"8640\"]\r\n<\/div>\r\n    [\/container]\r\n<\/div>\r\n<\/div>\r\n<!--\/specials-->\r\n<!--video-->\r\n<div class=\"ptm pbm\">\r\n    <div class=\"x-container max width ptl pbl mtl mbl\">\r\n        <div class=\"x-column x-sm x-3-5\">\r\n            <div class=\"rv-container\">\r\n                <iframe loading=\"lazy\" src=\"https:\/\/player.vimeo.com\/video\/161192751\" width=\"640\" height=\"360\" frameborder=\"0\" allow=\"autoplay; fullscreen\" allowfullscreen><\/iframe>\r\n            <\/div>\r\n        <\/div>\r\n        <div class=\"x-column x-sm x-2-5 last\">\r\n            <div class=\"\">\r\n                <div class=\"x-column x-sm x-1-8\">\r\n                    &nbsp;\r\n                <\/div>\r\n                <div class=\"x-column x-sm x-3-4\">\r\n                    [gap size=\"1em\" class=\"x-hidden-phone\"]\r\n                    <h5 class=\"center-text mts mbm\"><span class=\"font-lighter\">MEJOR PRECIO<\/span>: [highlight]GARANTIZADO[\/highlight]<\/h5>\r\n                    [content-block name=\"call-hours\"]\r\n                <!--\/\/-->\r\n                <\/div>\r\n                <div class=\"x-column x-sm x-1-8 last x-hidden-phone\">\r\n                    &nbsp;\r\n                <\/div>\r\n            <\/div>\r\n        <\/div>\r\n    <\/div>\r\n<\/div>\r\n<!-- special box -->\r\n<div class=\"x-content-band center-text bg-image marginless-columns pan\">\r\n    <div class=\"x-container\">\r\n        <div class=\"x-column x-sm x-1-2 background-cover\" style=\"background-image: url(https:\/\/westgatecdn.com\/2019\/09\/Family_Shipwreck_island.jpg);\">\r\n            <div class=\"x-visible-phone\" style=\"height:200px;\"><\/div>\r\n        <\/div>\r\n        <div class=\"x-column x-sm x-1-2 white center-text\" style=\"background-color: #232c35;\">\r\n            <div class=\"pal\">\r\n                <div class=\"x-column x-sm x-1-9\">\r\n                <\/div>\r\n                <div class=\"x-column x-sm x-7-9\">\r\n                    <hr class=\"x-gap x-hidden-phone mam\">\r\n                    <hr class=\"x-gap x-hidden-phone mal\">\r\n                        <h3 class=\"white mtn\">4 D\u00edas\/ 3 Noches + 2 tickets para el parque acu\u00e1tico de Shipwreck Island por $99<\/h3>\r\n                        <hr class=\"x-gap\" style=\"margin: 15px 0 0 0;\">\r\n                        <p>\u00a1Disfruta de nuestro parque acu\u00e1tico durante tu estad\u00eda en la soleada Orlando!<\/p>\r\n                        [phone_link class=\"x-btn x-btn-block btn-orange x-btn-large\"]Llama [tel][\/phone_link]\r\n                     <hr class=\"x-gap x-hidden-phone mal\">\r\n                     <hr class=\"x-gap x-hidden-phone mam\">\r\n                <\/div>\r\n                <div class=\"x-column x-sm x-1-9\">\r\n                <\/div>\r\n            <\/div>\r\n           \r\n        <\/div>\r\n    <\/div>\r\n    [gap size=\"1em\"]\r\n<\/div>\r\n<!---->\r\n<div>\r\n    <div class=\"full-banner\" style=\"background:url(https:\/\/westgatecdn.com\/2019\/09\/ShipwreckIsland-footer.jpg) bottom no-repeat; background-size: 100%;\">\r\n        <!--tabs-->\r\n        <div class=\"x-container max width ptl pbs\">\r\n    <h4 class=\"h3 center-text\" id=\"explore\">Explora el Parque Acu\u00e1tico Shipwreck Island<\/h4>\r\n    <div class=\"ptl pbl\">\r\n        [tab_nav type=\"three-up\"]\r\n        [tab_nav_item title=\"Nivel Superior\" active=\"true\"]\r\n        [tab_nav_item title=\"Nivel Inferior\" active=\"\"]\r\n        [tab_nav_item title=\"Sobre el Resort\" active=\"\"]\r\n        [\/tab_nav]\r\n        [tabs]\r\n        [tab active=\"true\"] \r\n        <div class=\"x-container\">\r\n            <div class=\"x-column x-1-4 x-sm\">\r\n                <img decoding=\"async\" src=\"https:\/\/westgatecdn.com\/2016\/01\/shipwreck-island-water-park-lazy-river.png\" alt=\"shipwreck island water park lazy river\"\/>\r\n            <\/div>\r\n            <div class=\"x-column x-3-4 x-sm last\">\r\n                <h3><img decoding=\"async\" alt=\"lazy river in Orlando\" src=\"https:\/\/westgatecdn.com\/2016\/01\/icon-lazyriver.png\"\/> R\u00edo Lento<\/h3>\r\n                <p>\u00a1Al\u00f3jate en uno de los pocos hoteles con parque acu\u00e1tico de Orlando! En el Shipwreck Island, puedes agarrar un flotador de colores y flotar por el r\u00edo lento que rodea el nivel superior del parque. Explora cuevas misteriosas, zonas de chapoteo y zonas de juego para detenerse un poco y jugar a lo largo del camino.<\/p>\r\n            <\/div>\r\n        <\/div>\r\n        <hr>\r\n        <div class=\"x-container\">\r\n            <div class=\"x-column x-1-4 x-sm\">\r\n                <img decoding=\"async\" src=\"https:\/\/westgatecdn.com\/2016\/01\/shipwreck-island-water-park-blackbeard-ship.png\" alt=\"Blackbeard waterpark ship\" \/>\r\n            <\/div>\r\n            <div class=\"x-column x-3-4 x-sm last\">\r\n                <h3><img decoding=\"async\" src=\"https:\/\/westgatecdn.com\/2016\/01\/icon-shipwreck-pirate.png\" alt=\"lazy river and slides\" \/> El Barco Pirata de Black Beard <\/h3>\r\n                <p>La pieza central del parque acu\u00e1tico en el <a href=\"\/es\/resorts\/westgate-vacation-villas-resort\/\">Westgate Vacation Villas<\/a> y <a href=\"\/es\/resorts\/westgate-town-center\/\">Westgate Town Center<\/a> es un gran barco pirata en el centro del nivel superior. El barco pirata de Black Beard es la zona de juegos de piratas definitiva. Explora el barco y descubre refrescantes fuentes de agua y toboganes resbaladizos. Inicia una guerra de agua disparando desde los m\u00faltiples ca\u00f1ones de agua. \u00a1Pero mira tambi\u00e9n hacia arriba como un cubo de agua gigante se va llenando para luego tirar finalmente galones de agua sobre los desprevenidos!<\/p>\r\n            <\/div>\r\n        <\/div>\r\n        <hr>\r\n        <div class=\"x-container\">\r\n            <div class=\"x-column x-1-4 x-sm\">\r\n                <img decoding=\"async\" src=\"https:\/\/westgatecdn.com\/2016\/01\/cannonball-falls.png\" alt=\"waterpark slide\" \/>\r\n            <\/div>\r\n            <div class=\"x-column x-3-4 x-sm last\">\r\n                <h3><img decoding=\"async\" src=\"https:\/\/westgatecdn.com\/2016\/01\/icon-shipwreck-cannons.png\" class=\"left\" alt=\"water slides\"\/> Cannon Ball Falls <\/h3>\r\n                <p>El Westgate Town Center es un hotel de Orlando que cuenta con un r\u00edo lento, pero el parque acu\u00e1tico Shipwreck Island ofrece mucho m\u00e1s. Disfrutar\u00e1s de una zona de juegos de varios niveles con tem\u00e1tica pirata en la que ni\u00f1os y adultos pueden deleitarse con una amplia gama de toboganes acu\u00e1ticos, entre los que se encuentra Cannon Ball Falls. Estos dos toboganes completamente cerrados, uno rojo y otro azul, ofrecen un descenso con giros y vueltas desde el nivel superior. \u00a1Ve con un compa\u00f1ero y compite hasta el fondo en estos toboganes acu\u00e1ticos en duelo!<\/p>\r\n            <\/div>\r\n        <\/div>\r\n        <hr>\r\n        <div class=\"x-container\">\r\n            <div class=\"x-column x-1-4 x-sm\">\r\n                <img decoding=\"async\" src=\"https:\/\/westgatecdn.com\/2016\/01\/pirates-plunge.png\" alt=\"pirates plunge slide\" \/>\r\n            <\/div>\r\n            <div class=\"x-column x-3-4 x-sm last\">\r\n                <h3><img decoding=\"async\" src=\"https:\/\/westgatecdn.com\/2016\/01\/icon-pirateplung.png\" alt=\"pirates plunge slide\" \/> Tobog\u00e1n de Ca\u00edda Pirate's Plunge <\/h3>\r\n                <p>\u00a1Ay, ay, mate! Es hora de caminar por la tabla. Aquellos que tengan coraje, podr\u00e1n caminar por la tabla... y luego lanzarse por un tobog\u00e1n de ca\u00edda totalmente cerrado y transparente. Los pasajeros saldr\u00e1n disparados a trav\u00e9s de la galera de Jolly Roger y caer\u00e1n en las aguas poco profundas de la piscina. No te preocupes, encontrar el camino de vuelta a la cima es sencillo: solo tienes que seguir las gigantescas huellas de pisadas pintadas hasta la parte superior para volver a hacerlo todo.<\/p>\r\n            <\/div>\r\n        <\/div>\r\n        [\/tab]\r\n        [tab] \r\n        <div class=\"x-container\">\r\n            <div class=\"x-column x-1-4 x-sm\">\r\n                <img decoding=\"async\" src=\"https:\/\/westgatecdn.com\/2016\/01\/paradise-cove.png\" alt=\"paradise cove beach entry pool\"\/>\r\n            <\/div>\r\n            <div class=\"x-column x-3-4 x-sm last\">\r\n                <h3><img decoding=\"async\" src=\"https:\/\/westgatecdn.com\/2016\/01\/icon-paradisecove.png\" alt=\"paradise cove pool\" \/> Paradise Cove<\/h3>\r\n                <p>Aunque el parque acu\u00e1tico de Westgate, Shipwreck Island, cuenta con un barco pirata en el nivel superior, el nivel inferior es tambi\u00e9n un refrescante para\u00edso para todos. En Paradise Cove hay de todo, desde piscinas para ni\u00f1os y toboganes para los m\u00e1s peque\u00f1os, hasta una amplia terraza para broncearse y relajarse. Pero tambi\u00e9n encontrar\u00e1s una amplia sombra donde podr\u00e1s tomar una sabrosa bebida o un bocadillo delicioso. Incluye: enorme piscina de entrada cero, chapoteador Lagoon Splash Pad, fuentes de agua.\r\n    <\/p>\r\n            <\/div>\r\n        <\/div>\r\n        <hr>\r\n        <div class=\"x-container\">\r\n            <div class=\"x-column x-1-4 x-sm\">\r\n                <img decoding=\"async\" src=\"https:\/\/westgatecdn.com\/2016\/01\/jolleyrogersgalley.png\" alt=\"restaurant in the water park\" \/>\r\n            <\/div>\r\n            <div class=\"x-column x-3-4 x-sm last\">\r\n                <h3><img decoding=\"async\" src=\"https:\/\/westgatecdn.com\/2016\/01\/icon-jolleyrogersgalley.png\" alt=\"restaurant in the water park\"\/> Jolly Roger's Galley <\/h3>\r\n                <p>Situado en el nivel inferior del parque acu\u00e1tico de Westgate Town Center, Jolly Roger's Galley sirve una selecci\u00f3n de aperitivos especiales, hamburguesas sabrosas, pan plano crujiente, ensaladas frescas, Captain Jack's Boneless Wings (alitas sin hueso) con una selecci\u00f3n de salsas, los emblem\u00e1ticos Shipwreck Nachos \u00a1y dulces como Frozen Banana (banano congelado) o Key Lime Treasure (tarta de lima)!<\/p>\r\n            <\/div>\r\n        <\/div>\r\n        <hr>\r\n        <div class=\"x-container\">\r\n            <div class=\"x-column x-1-4 x-sm\">\r\n                <img decoding=\"async\" src=\"https:\/\/westgatecdn.com\/2016\/01\/seadog-bar.png\" alt=\"Sea Dog Bar in Shipwreck island \" \/>\r\n            <\/div>\r\n            <div class=\"x-column x-3-4 x-sm last\">\r\n                <h3><img decoding=\"async\" src=\"https:\/\/westgatecdn.com\/2016\/01\/icon-seadog.png\" alt=\"Sea Dog Bar in Shipwreck island \" \/> Sea Dog's Bar<\/h3>\r\n                <p>Ubicado en el nivel inferior del parque acu\u00e1tico, el Sea Dog's Bar es la parada perfecta para comer algo r\u00e1pido o tomar una bebida. \u00bfBuscas un c\u00f3ctel refrescante? Prueba una de las bebidas especiales como Pirate's Punch, Tipsy Parrot, Tropical Sea Breeze, Walk the Plank o Rum Runner. O elige entre nuestra selecci\u00f3n de cervezas de barril bien fr\u00edas. Tambi\u00e9n encontrar\u00e1s un men\u00fa completo de alimentos que seguramente saciar\u00e1n tu hambre.<\/p>\r\n            <\/div>\r\n        <\/div>\r\n        <hr>\r\n        <div class=\"x-container\">\r\n        \r\n        <\/div>\r\n        <\/ul>\r\n        [\/tab]\r\n        [tab]\r\n<div class=\"x-container\">\r\n                    <div class=\"x-column x-sm x-1-2\">\r\n                        <div>\r\n                        [image class=\"galleryimg11 interior\" src=\"https:\/\/westgatecdn.com\/2019\/08\/westgate_town_center_exterior.jpg\" alt=\"\" type=\"thumbnail\" link=\"true\" href=\"https:\/\/westgatecdn.com\/2019\/08\/westgate_town_center_exterior.jpg\" title=\"\"]\r\n                        <\/div>\r\n                        <div>\r\n                            <div class=\"x-column x-1-3\">[image class=\"galleryimg11 interior\" src=\"https:\/\/westgatecdn.com\/2019\/08\/westgate_town_center_water_park.jpg\" alt=\"\" type=\"thumbnail\" link=\"true\" href=\"https:\/\/westgatecdn.com\/2019\/08\/westgate_town_center_water_park.jpg\" title=\"\"]<\/div>\r\n\r\n                            <div class=\"x-column x-1-3\">[image class=\"galleryimg11 interior\" src=\"https:\/\/westgatecdn.com\/2019\/08\/westgate_town_center_marina.jpg\" alt=\"\" type=\"thumbnail\" link=\"true\" href=\"https:\/\/westgatecdn.com\/2019\/08\/westgate_town_center_marina.jpg\" title=\"\"]<\/div>\r\n\r\n                            <div class=\"x-column x-1-3 last\">[image class=\"galleryimg11 interior\" src=\"https:\/\/westgatecdn.com\/2019\/08\/westgate_town_center_mini_golf.jpg\" alt=\"\" type=\"thumbnail\" link=\"true\" https:\/\/westgatecdn.com\/2019\/08\/westgate_town_center_mini_golf.jpg\" title=\"\"]<\/div>\r\n                        <\/div>\r\n                        [clear]\r\n                        [lightbox selector=\".galleryimg11\" deeplink=\"\" opacity=\"0.875\" prev_scale=\"0.75\" prev_opacity=\"0.75\" next_scale=\"0.75\" next_opacity=\"0.75\" orientation=\"horizontal\" thumbnails=\"true\"]\r\n                    <\/div>\r\n                    <div class=\"x-column x-sm x-1-2 last\">\r\n                       <p>\r\n                        Con amplias y lujosas villas, opciones gastron\u00f3micas en las instalaciones y una amplia variedad de entretenimiento y actividades de diversi\u00f3n familiar, incluyendo nuestro para\u00edso pirata - el parque acu\u00e1tico Shipwreck Island - el Westgate Town Center tiene algo para toda la familia. \u00a1Y todo ello a solo una milla de la puerta principal de Walt Disney World Resort!\r\n                        <\/p>\r\n                        <p class=\"mtn mbn\"><strong>Direcci\u00f3n:<\/strong> 7700 Westgate Blvd Kissimmee, FL 34747<\/p>\r\n                        <p class=\"mtn mbn\"><strong>Check-In:<\/strong> 4:00 PM<\/p>\r\n                        <p class=\"mtn mbm\"><strong>Check-Out:<\/strong> 10:00 AM<\/p>\r\n\r\n                        <div class=\"x-container\">\r\n                            <div class=\"x-column x-1-2 x-sm\"> \r\n                                <div class=\"x-container center-text\">\r\n                                    <div class=\"x-column x-1-2\"> <i class=\"fas fa-wifi fa-3x blue\"><\/i> <p>Acceso a Internet Wifi<\/p> <\/div>\r\n                                    <div class=\"x-column x-1-2\"><i class=\"fas fa-dog fa-3x blue\"><\/i> <p>Se Admiten Animales de Servicio<\/p><\/div>\r\n                                <\/div>\r\n                            <\/div>\r\n                            <div class=\"x-column x-1-2 x-sm last\">\r\n                                <div class=\"x-container center-text\"> \r\n                                    <div class=\"x-column x-1-2\"> <i class=\"fas fa-paw fa-3x blue\"><\/i> <p>Se Admiten Mascotas (aplican tarifas)<\/p><\/div>\r\n                                    <div class=\"x-column x-1-2 last\"> <i class=\"fas fa-parking fa-3x blue\"><\/i> <p>Parqueo Gratuito en las instalaciones<\/p><\/div>\r\n                                <\/div>\r\n                            <\/div>\r\n                        <\/div>\r\n                        <div class=\"x-container\">\r\n                            <div class=\"x-column x-1-2 x-sm\"> \r\n                                <div class=\"x-container center-text\">\r\n                                    <div class=\"x-column x-1-2\"><i class=\"fas fa-utensils fa-3x blue\"><\/i> <p>Restaurantes en la Propiedad<\/p><\/div>\r\n                                    <div class=\"x-column x-1-2\"> <i class=\"fas fa-swimmer fa-3x blue\"><\/i> <p>Parque Acu\u00e1tico ShipWreck Island<\/p><\/div>\r\n                             <\/div>\r\n                            <\/div>\r\n                            <div class=\"x-column x-1-2 x-sm last\"> \r\n                                <div class=\"x-container center-text\">\r\n                                    <div class=\"x-column x-1-2 last\"> <i class=\"fas fa-golf-ball fa-3x blue\"><\/i> <p>Mini Golf de 18 hoyos<\/p><\/div>\r\n                                <\/div>\r\n                            <\/div>\r\n                        <\/div>\r\n\r\n                    <\/div>\r\n                <\/div>\r\n        [\/tab]\r\n\r\n        [\/tabs]\r\n            <\/div>\r\n            [gap size=\"5em\" class=\"x-hidden-phone\"]\r\n        <\/div>\r\n        <!--\/tabs-->\r\n    <\/div>\r\n<\/div>\r\n<!-- call banner-->\r\n<div style=\"background: #232c35;\">\r\n    <div class=\"x-container max width pam\">\r\n        <div class=\"x-column x-sm x-2-3 white stack-center-m\">\r\n            <h5 class=\"font-lighter white man pam\">\u00a1Comience a planear sus vacaciones en Orlando con Westgate Resorts!<\/h5>\r\n        <\/div>\r\n        <div class=\"x-column x-sm x-1-3 pam last\">\r\n            [phone_link class=\"x-btn x-btn-block btn-orange x-btn-large\"]Llama [tel][\/phone_link]\r\n            [gap size=\"1em\" class=\"x-visible-phone\"]\r\n        <\/div>\r\n    <\/div>\r\n<\/div>\r\n<!--\/call banner-->\r\n<!-- additional links -->\r\n<section role=\"contentinfo\">\r\n    <div class=\"x-container max width pbl mtl\">\r\n        <h4 class=\"h5 mtn\">P\u00e1ginas Adicionales del Parque Acu\u00e1tico:<\/h4>\r\n        [columnize]\r\n        <ul>    \r\n        <li><a href=\"\/es\/\">Westgate Reservations<\/a><\/li>\r\n        <li><a href=\"\/es\/orlando\/vacation-packages\/waterpark\/\">Paquetes de Vacaciones con Parque Acu\u00e1tico<\/a><\/li>\r\n        <li><a href=\"\/es\/orlando\/theme-parks\/walt-disney-world\/blizzard-beach-orlando\/\">Blizzard Beach Orlando<\/a><\/li>\r\n        <li><a href=\"\/es\/orlando\/theme-parks\/walt-disney-world\/typhoon-lagoon-orlando\/\">Typhoon Lagoon Orlando<\/a><\/li>\r\n        <li><a href=\"\/es\/orlando\/vacation-packages\/\">Orlando Vacation Packages<\/a><\/li>\r\n        <\/ul>\r\n        [\/columnize]\r\n    <\/div>\r\n<\/section>","protected":false},"excerpt":{"rendered":"<p>Cool off from the Florida heat with a visit to the all new ShipWreck Island Water Park at Westgate Town Center Resort &#038; Spa. Now you can enjoy 4 days and 3 nights accommodations in sunny Orlando, Florida and receive two water park tickets, all from just $99.<\/p>\n","protected":false},"author":2,"featured_media":13898,"parent":0,"menu_order":0,"comment_status":"closed","ping_status":"closed","template":"template-blank-4.php","meta":{"footnotes":""},"_links":{"self":[{"href":"https:\/\/www.westgatereservations.com\/es\/wp-json\/wp\/v2\/pages\/7431"}],"collection":[{"href":"https:\/\/www.westgatereservations.com\/es\/wp-json\/wp\/v2\/pages"}],"about":[{"href":"https:\/\/www.westgatereservations.com\/es\/wp-json\/wp\/v2\/types\/page"}],"author":[{"embeddable":true,"href":"https:\/\/www.westgatereservations.com\/es\/wp-json\/wp\/v2\/users\/2"}],"replies":[{"embeddable":true,"href":"https:\/\/www.westgatereservations.com\/es\/wp-json\/wp\/v2\/comments?post=7431"}],"version-history":[{"count":0,"href":"https:\/\/www.westgatereservations.com\/es\/wp-json\/wp\/v2\/pages\/7431\/revisions"}],"wp:featuredmedia":[{"embeddable":true,"href":"https:\/\/www.westgatereservations.com\/es\/wp-json\/wp\/v2\/media\/13898"}],"wp:attachment":[{"href":"https:\/\/www.westgatereservations.com\/es\/wp-json\/wp\/v2\/media?parent=7431"}],"curies":[{"name":"wp","href":"https:\/\/api.w.org\/{rel}","templated":true}]}}