{"id":6116,"date":"2015-11-02T19:16:20","date_gmt":"2015-11-02T19:16:20","guid":{"rendered":"https:\/\/www.westgatereservations.com\/es\/welcome-westgate-friends\/"},"modified":"2016-06-21T11:37:22","modified_gmt":"2016-06-21T15:37:22","slug":"welcome-westgate-friends","status":"publish","type":"page","link":"https:\/\/www.westgatereservations.com\/es\/welcome-westgate-friends\/","title":{"rendered":"Welcome Westgate Friends!"},"content":{"rendered":"<div style=\"background-color: rgba(25, 33, 44, 1)\">\r\n<div class=\"x-container max width\">\r\n[search-availability layout=\"horizontal\" resort_ids=\"66,67\"]\r\n<\/div>\r\n<\/div>\r\n[container]\r\n<h4 class=\"mbs\">\u00a1Bienvenidos Amigos Westgate!<\/h4>\r\n<h4 class=\"subheading mtn mbm\">\u00a1Escoge cualquiera de nuestras propiedades Westgate Resorts!<\/h4>\r\n[tab_nav type=\"seven-up\" float=\"left\"]\r\n[tab_nav_item title=\"Westgate Lakes Resort & Spa\" active=\"true\"]\r\n[tab_nav_item title=\"Westgate Smoky Mountain Resort & Spa\" active=\"\"]\r\n[tab_nav_item title=\"Westgate Branson Woods Resort\" active=\"\"]\r\n[tab_nav_item title=\"Westgate Las Vegas Hotel & Casino\" active=\"\"]\r\n[tab_nav_item title=\"Westgate Historic Williamsburg Resort\" active=\"\"]\r\n[tab_nav_item title=\"Westgate Myrtle Beach Oceanfront Resort\" active=\"\"]\r\n[tab_nav_item title=\"Westgate Park City Resort & Spa\" active=\"\"]\r\n[\/tab_nav]\r\n[tabs]\r\n[tab active=\"true\"] \r\n[content-block name=\"westgate-lakes-resort\"]\r\n[\/tab]<!-- end tab 1-->\r\n[tab] \r\n[content-block name=\"westgate-smoky-mountain-resort-spa\"]\r\n[\/tab]<!-- end tab 2-->\r\n[tab]\r\n[content-block name=\"branson-woods-resort\"]\r\n[\/tab]<!-- end tab 3-->\r\n[tab]\r\n[content-block name=\"westgate-las-vegas-hotel-casino\"]\r\n[\/tab]<!-- end tab 4-->\r\n[tab]\r\n[content-block name=\"westgate-historic-williamsburg-resort\"]\r\n[\/tab]<!-- end tab 5-->\r\n[tab]\r\n[content-block name=\"westgate-myrtle-beach-oceanfront-resort\"]\r\n[\/tab]<!-- end tab 6-->\r\n[tab]\r\n[content-block name=\"westgate-park-city-resort\"]\r\n[\/tab]<!-- end tab 7-->\r\n[\/tabs]\r\n[clear]\r\n<h4 class=\"mbm\">Construye el Paquete Vacacional de tus Sue\u00f1os<\/h4>\r\n[column type=\"one-half\"]\r\n<p>\r\nBienvenido(a) al mundo de Westgate Resorts donde encontrar\u00e1s resorts de 5 estrellas en algunos de los destinos m\u00e1s emocionantes de los Estados Unidos.<\/p><p>\r\nYa que has sido referido por uno de nuestros valorados propietarios Westgate, aqu\u00ed tienes tu oportunidad de escoger entre uno de nuestros destinos m\u00e1s populares y construir el paquete vacacional de tus sue\u00f1os. \r\n<\/p><p>\r\nPuedes disfrutar de una estad\u00eda \u00fanica en el soleado Orlando, las hermosas Great Smoky Mountains de Gatlinburg, o en la playa familiar favorita de los Estados Unidos, Myrtle Beach. Tambi\u00e9n puedes disfrutar de la emoci\u00f3n de Las Vegas, el entretenimiento en vivo de Branson o las espectaculares monta\u00f1as Wasatch en Park City. <\/p>\r\n[\/column]\r\n[column type=\"one-half\" last=\"true\"]\r\n<\/p><p>\r\nNuestras propiedades est\u00e1n repletas de amenidades excepcionales como piscinas, gimnasios, spas de clase mundial y actividades para la familia. Tambi\u00e9n recibir\u00e1s transportaci\u00f3n gratuita desde nuestro resort a muchas de las atracciones y parques tem\u00e1ticos del \u00e1rea. \r\n<\/p><p>\r\nEl mundo de Westgate est\u00e1 a tu alcance. Utiliza la caja en la parte superior para determinar tu destino y fechas de viaje y comienza a construir las vacaciones de tus sue\u00f1os. Simplemente ll\u00e1manos al 1-800-611-2863 y uno de nuestros expertos en vacaciones estar\u00e1s m\u00e1s que contento en ayudarte. \r\n<\/p>\r\n[\/column]\r\n[clear]\r\n[gap size=\"3em\"]\r\n[\/container]","protected":false},"excerpt":{"rendered":"<p>Ya que has sido referido por uno de nuestros valorados propietarios Westgate, aqu\u00ed est\u00e1 tu oportunidad de escoger entre uno de nuestros destinos populares y crear el paquete vacacional de tus sue\u00f1os. Act\u00faa ya y disfruta de habitaciones lujosas y amenidades llenas de diversi\u00f3n en nuestros resorts exclusivos en Orlando, Gatlinburg, Las Vegas, Park City, Branson, Williamsburg, Myrtle Beach entre otros incre\u00edbles destinos.<\/p>\n","protected":false},"author":2,"featured_media":9863,"parent":0,"menu_order":0,"comment_status":"closed","ping_status":"closed","template":"template-blank-4.php","meta":{"footnotes":""},"_links":{"self":[{"href":"https:\/\/www.westgatereservations.com\/es\/wp-json\/wp\/v2\/pages\/6116"}],"collection":[{"href":"https:\/\/www.westgatereservations.com\/es\/wp-json\/wp\/v2\/pages"}],"about":[{"href":"https:\/\/www.westgatereservations.com\/es\/wp-json\/wp\/v2\/types\/page"}],"author":[{"embeddable":true,"href":"https:\/\/www.westgatereservations.com\/es\/wp-json\/wp\/v2\/users\/2"}],"replies":[{"embeddable":true,"href":"https:\/\/www.westgatereservations.com\/es\/wp-json\/wp\/v2\/comments?post=6116"}],"version-history":[{"count":0,"href":"https:\/\/www.westgatereservations.com\/es\/wp-json\/wp\/v2\/pages\/6116\/revisions"}],"wp:featuredmedia":[{"embeddable":true,"href":"https:\/\/www.westgatereservations.com\/es\/wp-json\/wp\/v2\/media\/9863"}],"wp:attachment":[{"href":"https:\/\/www.westgatereservations.com\/es\/wp-json\/wp\/v2\/media?parent=6116"}],"curies":[{"name":"wp","href":"https:\/\/api.w.org\/{rel}","templated":true}]}}