{"id":6110,"date":"2015-11-13T21:36:48","date_gmt":"2015-11-13T21:36:48","guid":{"rendered":"https:\/\/www.westgatereservations.com\/es\/gift-of-travel\/"},"modified":"2022-05-04T13:43:19","modified_gmt":"2022-05-04T17:43:19","slug":"gift-of-travel","status":"publish","type":"page","link":"https:\/\/www.westgatereservations.com\/es\/gift-of-travel\/","title":{"rendered":"Tus Vacaciones Aguardan"},"content":{"rendered":"<div class=\"giftoftravel\">\r\n\t<div class=\"x-container max width\" ng-cloak>\r\n\t\t<div class=\"x-column x-1-1 last\">\r\n\t\t\t<hr class=\"x-gap\" style=\"margin: 2em 0 0 0;\">\r\n\t\t\t<img decoding=\"async\" class=\"x-img\" src=\"https:\/\/westgatecdn.com\/2022\/05\/give-a-gift-1200x400-es.jpg\" \/>\r\n\t\t<\/div>\r\n\t\t<div class=\"x-column x-3-4\">\r\n\t\t\t<h2 class=\"h6\">Con estos 3 pasos, \u00a1estar\u00e1s listo(a) para disfrutar de tus vacaciones!<\/h2>\r\n\t\t\t<ul>\r\n\t\t\t\t<li>\r\n\t\t\t\t\t<span style=\"font-size:15pt;\">\r\n\t\t\t\t\t\t<em>Paso 1<\/em> \u2013 <strong class=\"text-upper\">Selecciona<\/strong> tu destino.\r\n\t\t\t\t\t<\/span>\r\n\t\t\t\t<\/li>\r\n\t\t\t\t<li>\r\n\t\t\t\t\t<span style=\"font-size:15pt;\">\r\n\t\t\t\t\t\t<em>Paso 2<\/em> \u2013 <strong class=\"text-upper\">Activa<\/strong> tus vacaciones al completar este formulario.\r\n\t\t\t\t\t<\/span>\r\n\t\t\t\t<\/li>\r\n\t\t\t\t<li>\r\n\t\t\t\t\t<span style=\"font-size:15pt;\">\r\n\t\t\t\t\t\t<em>Paso 3<\/em> \u2013 <strong class=\"text-upper\">Reserva<\/strong> tus vacaciones. <strong>Llama <a ng-href=\"tel:{{app.data.phone}}\">{{app.data.phone}}<\/a><\/strong>.\r\n\t\t\t\t\t<\/span>\r\n\t\t\t\t<\/li>\r\n\t\t\t<\/ul>\r\n\t\t<\/div>\r\n\t\t<div class=\"x-column x-1-4 last\">\r\n\t\t\t[share title=\"Compartir con amigos\" facebook=\"true\" twitter=\"true\"]\r\n\t\t<\/div>\r\n\t<\/div>\r\n\t<div class=\"x-container max width\" ng-cloak>\r\n\t\t<h3 class=\"mts>\r\n\t\t\t<strong>1. <span class=\"text-upper\">Selecciona<\/span> tu destino.<\/strong>\r\n\t\t<\/h3>\r\n\t\t<p>\r\n\t\t\tElige entre <strong class=\"text-upper\">cinco<\/strong> emocionantes destinos: Orlando, Gatlinburg, Las Vegas, Branson o Myrtle Beach y disfruta de los lujos y las comodidades de un resort de 5 estrellas en los mejores destinos vacacionales del pa\u00eds. Independientemente del lugar que elijas, encontrar\u00e1s una propiedad de Westgate Resorts que ofrece mucho m\u00e1s que una habitaci\u00f3n de hotel est\u00e1ndar, incluye amplias habitaciones, televisores de pantalla plana, balcones y patios privados, cocinas totalmente equipadas y un sinn\u00famero de actividades y amenidades.\r\n\t\t<\/p>\r\n\t\t<p>\r\n\t\t\t<strong class=\"text-upper\">Orlando<\/strong> \u2013 Hogar de algunos de los mejores parques tem\u00e1ticos del mundo - ven y conoce el m\u00e1gico Walt Disney World, Universal Orlando Resort y SeaWorld Orlando.\r\n\t\t<\/p>\r\n\t\t<p>\r\n\t\t\t<strong class=\"text-upper\">Gatlinburg<\/strong> \u2013 Descubre el pintoresco Gatlinburg y disfruta de la espectacular belleza y vida salvaje de las Grandes Monta\u00f1as Humeantes.\r\n\t\t<\/p>\r\n\t\t<p>\r\n\t\t\t<strong class=\"text-upper\">Las Vegas<\/strong> \u2013 \u00a1Rel\u00e1jate y disfruta de todas las actividades y atracciones del famoso Strip de Las Vegas!\r\n\t\t<\/p>\r\n\t\t<p>\r\n\t\t\t<strong class=\"text-upper\">Branson<\/strong> \u2013 Disfruta de los hermosos Ozarks de Missouri, el \u00e1rea de los Lagos Branson, atracciones familiares y m\u00e1s de 100 shows en vivo y conciertos.\r\n\t\t<\/p>\r\n\t\t<p>\r\n\t\t\t<strong class=\"text-upper\">Myrtle Beach<\/strong> \u2013 Desde campos de golf profesional, restaurantes y tiendas hasta la playa familiar favorita de los Estados Unidos, Myrtle Beach tiene algo para todos en cualquier \u00e9poca del a\u00f1o.\r\n\t\t<\/p>\r\n\t<\/div>\r\n\t<div class=\"x-container max width billing-details\">\r\n\t\t<div class=\"x-container\">\r\n\t\t\t<div class=\"x-column x-1-8\">\r\n\t\t\t\t&nbsp;\r\n\t\t\t<\/div>\r\n\t\t\t<div class=\"x-column x-3-4 text-center pts pbs plm prm\" style=\"background-color: #f1e6e0; border-radius: 4px;\">\r\n\t\t\t\tEsta oferta no est\u00e1 disponible para propietarios de Westgate Resorts.<br \/>\r\n\t\t\t\tSi usted es propietario de Westgate y desea obtener informaci\u00f3n sobre las promociones actuales disponibles para usted, ll\u00e1menos al <strong><a ng-href=\"tel:{{app.data.phone}}\">{{app.data.phone}}<\/a><\/strong>.\r\n\t\t\t<\/div>\r\n\t\t\t<div class=\"x-column x-1-8 last\">\r\n\t\t\t\t&nbsp;\r\n\t\t\t<\/div>\r\n\t\t<\/div>\r\n\t\t<hr class=\"x-gap\" style=\"margin: 2em 0 0 0;\">\r\n\t\t<h3 class=\"mtn\">2. <span class=\"text-upper\">Activate<\/span> tu Escapada<\/h3>\r\n\t\t<div class=\"success mtm mbm pam text-center\" ng-cloak ng-if=\"!app.showSubscribeForm\">\r\n\t\t\t<h2 class=\"mtn mbs\"><i class=\"fas fa-check-circle\"><\/i> \u00a1Listo!<\/h1>\r\n\t\t\t<h3>3. <span class=\"text-upper\">Reserva<\/span> tus vacaciones. Llama <strong><a ng-href=\"tel:{{app.data.phone}}\">{{app.data.phone}}<\/a><\/strong>.<\/h3>\r\n\t\t<\/div>\r\n\t\t<form ng-init=\"app.showSubscribeForm = true\" ng-if=\"app.showSubscribeForm\" name=\"subscribeForm\" ng-submit=\"subscribeForm.$valid && app.submitSubscribe(false, true)\"  class=\"p-4 email-sidebar\" novalidate>\r\n        <div class=\"row\">\r\n            <div class=\"col-12 col-md-4\">\r\n                <fieldset>\r\n                    <legend for=\"firstname\">Nombre<\/legend>\r\n                    <input name=\"first_name\" type=\"text\" class=\"form-field\" \r\n                                ng-model=\"app.subscribe.first_name\"\r\n                                ng-minlength=\"3\"\r\n                                ng-maxlength=\"40\"\r\n                                requiredminlength=\"2\" \r\n                                required focus>\r\n                <\/fieldset>\r\n                <!-- errors name -->                    \r\n                        <div class=\"x-alert x-alert-warning\" ng-cloak ng-if=\"subscribeForm.$submitted && !subscribeForm.first_name.$valid\">\r\n                            Por favor introduzca su nombre\r\n                        <\/div>\r\n            <\/div>\r\n            <div class=\"col-12 col-md-4\">\r\n                <fieldset>\r\n                    <legend for=\"lastname\">Apellido<\/legend>\r\n                    <input name=\"last_name\" type=\"text\" class=\"form-field\" \r\n                                ng-model=\"app.subscribe.last_name\"\r\n                                ng-minlength=\"3\"\r\n                                ng-maxlength=\"40\"\r\n                                requiredminlength=\"2\" \r\n                                required focus>\r\n                <\/fieldset>\r\n                <!-- errors name -->\r\n                        <div class=\"x-alert x-alert-warning\" ng-cloak ng-if=\"subscribeForm.$submitted && !subscribeForm.last_name.$valid\">\r\n                           Por favor introduzca su apellido\r\n                        <\/div>\r\n            <\/div>\r\n            <div class=\"col-12 col-md-4\">\r\n                <fieldset>\r\n                    <legend for=\"phone\">N\u00famero de Tel\u00e9fono<\/legend>\r\n                    <input type=\"text\" name=\"phone\" class=\"form-field\"\r\n                        ng-model=\"app.subscribe.phone\"\r\n                        ng-minlength=\"10\"\r\n                        maxlength=\"12\" \r\n                        ng-pattern=\"\/^[(]{0,1}[0-9]{3}[)\\.\\- ]{0,1}[0-9]{3}[\\.\\- ]{0,1}[0-9]{4}$\/\"\r\n                        required>\r\n                <\/fieldset>\r\n                <!-- errors phone -->\r\n                        <div class=\"x-alert x-alert-warning\" ng-cloak ng-if=\"subscribeForm.$submitted && !subscribeForm.phone.$valid\">\r\n                            Por favor introduce un n\u00famero de tel\u00e9fono v\u00e1lido\r\n                        <\/div>\r\n            <\/div>\r\n        <\/div>\r\n        <div class=\"row mt-4\">\r\n            <div class=\"col-12 col-md-6\">\r\n                <fieldset>\r\n                    <legend for=\"email\">Correo Electr\u00f3nico<\/legend>\r\n                    <input type=\"email\" name=\"email\" class=\"form-field\" \r\n                        ng-model=\"app.subscribe.email\"\r\n                        ng-minlength=\"5\"\r\n                        ng-maxlength=\"40\"\r\n                        ng-pattern=\"\/^[a-z]+[a-z0-9._]+@[a-z]+\\.[a-z.]{2,5}$\/\"\r\n                        required>\r\n                    <\/fieldset>\r\n                <!-- errors Email -->\r\n                <div class=\"x-alert x-alert-warning\" ng-cloak ng-if=\"subscribeForm.$submitted && !subscribeForm.email.$valid\">\r\n                   Por favor introduce un correo electr\u00f3nico v\u00e1lido\r\n                <\/div>\r\n            <\/div>\r\n            <div class=\"col-12 col-md-6\">\r\n                <fieldset>\r\n                    <legend for=\"tpn\">N\u00famero de Travel Partner \/ Cuenta<\/legend>\r\n                    <input\r\n                        name=\"tpn\"\r\n                        type=\"text\"\r\n                        class=\"form-field\" \r\n                        ng-model=\"app.subscribe.custom.tpn\"\r\n                        ng-pattern=\"\/^\\d{7,13}$\/\">\r\n                    <\/fieldset>\r\n                    <div class=\"x-alert x-alert-warning\" ng-cloak ng-if=\"subscribeForm.$submitted && !subscribeForm.tpn.$valid\">\r\n                      Por favor introduce un N\u00famero de Travel Partner \/ Cuenta v\u00e1lido\r\n                    <\/div>\r\n            <\/div>\r\n        <\/div>\r\n        <div class=\"x-container mt-4\">\r\n            <div class=\"left mrs\" style=\"width: 2%;\">\r\n                <input type=\"checkbox\" name=\"tcpa\" value=\"1\" ng-model=\"app.subscribe.tcpaOptIn\" required>\r\n            <\/div>\r\n            <div class=\"left\" style=\"width: 80%;\">\r\n                    <p>\r\n                        Doy mi consentimiento expreso y solicito que Westgate Resorts, Ltd. y sus entidades relacionadas y afiliadas se comuniquen conmigo al n\u00famero que proporcion\u00e9 utilizando un automarcador telef\u00f3nico, un mensaje pregrabado, un correo electr\u00f3nico o un mensaje de texto SMS, independientemente de cualquier elecci\u00f3n previa que indique lo contrario. Reconozco y acepto que no estoy obligado a firmar este acuerdo como condici\u00f3n para comprar cualquier propiedad, bienes o servicios.\r\n                    <\/p>\r\n                    <p>\r\n                        He le\u00eddo, entendido y aceptado los <a ng-href=\"{{app.data.home_url}}gift-of-travel-terms\/\" target=\"_blank\" rel=\"noopener noreferrer\">t\u00e9rminos y condiciones<\/a> de esta oferta\r\n                    <\/p>\r\n                    <div class=\"x-alert x-alert-warning\" ng-cloak ng-if=\"subscribeForm.tcpa.$error.required && subscribeForm.$submitted\">\r\n                        Por favor lea y consienta a lo anterior\r\n                    <\/div>\r\n                <\/div>\r\n        <\/div>\r\n        <hr class=\"x-gap\" style=\"margin: 1em 0 0 0;\">\r\n        <fieldset style=\"border:0px;\">\r\n            <div ng-init=\"app.subscribe.source = 'gift of travel'\"><\/div>\r\n            <div ng-init=\"app.subscribe.subscription_type = 'gift of travel'\"><\/div>\r\n            <div ng-init=\"app.subscribe.notify = 'LF,AB,LC'\"><\/div>\r\n            <button type=\"submit\" id=\"submitbtn\" class=\"x-btn x-btn-rounded x-btn-med btn-green btn-checkout\">\r\n                <i class=\"far fa-check-square\"><\/i> Activar\r\n            <\/button>\r\n        <\/fieldset>\r\n    <\/form>\r\n\t    <hr class=\"x-clear\">\r\n\t<\/div>\r\n\t[container]\r\n\t\t[gap size=\"2em\"]\r\n\t\t[tab_nav type=\"seven-up\" float=\"left\"]\r\n\t\t\t[tab_nav_item title=\"Westgate Lakes Resort & Spa - Orlando\" active=\"true\"]\r\n\t\t\t[tab_nav_item title=\"Westgate Town Center Resort & Spa - Orlando\"]\r\n\t\t\t[tab_nav_item title=\"Westgate Vacation Villas Resort & Spa - Orlando\"]\r\n\t\t\t[tab_nav_item title=\"Westgate Las Vegas Resort & Casino\"]\r\n\t\t\t[tab_nav_item title=\"Westgate Branson Woods Resort\"]\r\n\t\t\t[tab_nav_item title=\"Westgate Smoky Mountain Resort & Spa - Gatlinburg\"]\r\n\t\t\t[tab_nav_item title=\"Myrtle Beach Oceanfront Resort\"]\r\n\t\t[\/tab_nav]\r\n\t\t[tabs]\r\n\t\t\t[tab active=\"true\"]\r\n\t\t\t\t[content-block name=\"westgate-lakes-resort\"]\r\n\t\t\t[\/tab]\r\n\t\t\t[tab]\r\n\t\t\t\t[content-block name=\"westgate-town-center\"]\r\n\t\t\t[\/tab]\r\n\t\t\t[tab]\r\n\t\t\t\t[content-block name=\"westgate-vacation-villas\"]\r\n\t\t\t[\/tab]\r\n\t\t\t[tab]\r\n\t\t\t\t[content-block name=\"westgate-las-vegas-hotel-casino\"]\r\n\t\t\t[\/tab]\r\n\t\t\t[tab] \r\n\t\t\t\t[content-block name=\"branson-woods-resort\"]\r\n\t\t\t[\/tab]\r\n\t\t\t[tab]\r\n\t\t\t\t[content-block name=\"westgate-smoky-mountain-resort-spa\"]\r\n\t\t\t[\/tab]\r\n\t\t\t[tab]\r\n\t\t\t\t[content-block name=\"westgate-myrtle-beach-oceanfront-resort\"]\r\n\t\t\t[\/tab]\r\n\t\t[\/tabs]\r\n\t\t[gap size=\"2em\"]\r\n\t[\/container]\r\n<\/div>","protected":false},"excerpt":{"rendered":"<p>\u00a1Reclama tu estad\u00eda de 2 noches ya! Escoge entre cinco destinos.<\/p>\n","protected":false},"author":2,"featured_media":19500,"parent":0,"menu_order":0,"comment_status":"closed","ping_status":"closed","template":"template-blank-4.php","meta":{"footnotes":""},"_links":{"self":[{"href":"https:\/\/www.westgatereservations.com\/es\/wp-json\/wp\/v2\/pages\/6110"}],"collection":[{"href":"https:\/\/www.westgatereservations.com\/es\/wp-json\/wp\/v2\/pages"}],"about":[{"href":"https:\/\/www.westgatereservations.com\/es\/wp-json\/wp\/v2\/types\/page"}],"author":[{"embeddable":true,"href":"https:\/\/www.westgatereservations.com\/es\/wp-json\/wp\/v2\/users\/2"}],"replies":[{"embeddable":true,"href":"https:\/\/www.westgatereservations.com\/es\/wp-json\/wp\/v2\/comments?post=6110"}],"version-history":[{"count":0,"href":"https:\/\/www.westgatereservations.com\/es\/wp-json\/wp\/v2\/pages\/6110\/revisions"}],"wp:featuredmedia":[{"embeddable":true,"href":"https:\/\/www.westgatereservations.com\/es\/wp-json\/wp\/v2\/media\/19500"}],"wp:attachment":[{"href":"https:\/\/www.westgatereservations.com\/es\/wp-json\/wp\/v2\/media?parent=6110"}],"curies":[{"name":"wp","href":"https:\/\/api.w.org\/{rel}","templated":true}]}}