{"id":5584,"date":"2015-10-26T18:59:25","date_gmt":"2015-10-26T22:59:25","guid":{"rendered":"https:\/\/www.westgatereservations.com\/es\/specials\/"},"modified":"2025-11-12T12:39:59","modified_gmt":"2025-11-12T17:39:59","slug":"specials","status":"publish","type":"page","link":"https:\/\/www.westgatereservations.com\/es\/specials\/","title":{"rendered":"Specials"},"content":{"rendered":"[custom_headline type=\"left\" level=\"h1\" looks_like=\"h3\" class=\"responsive-heading mts\"]Descubre nuestras ofertas de vacaciones por un tiempo limitado[\/custom_headline]\r\n<p>Toda vacaci\u00f3n en Westgate Resorts es especial, pero ofrecemos una variedad de paquetes dise\u00f1ados para ofrecerte descuentos a\u00fan m\u00e1s atractivos. Desde Orlando, Las Vegas y Gatlinburg hasta Branson, Myrtle Beach y Williamsburg, encontrar\u00e1s una oferta de vacaciones \u00fanica y a un precio incre\u00edble, perfecta para ti y tu familia.<\/p>\r\n\r\n<p>Estas ofertas est\u00e1n disponibles solo por tiempo limitado, as\u00ed que no pierdas tu oportunidad de ahorrar en estad\u00edas en habitaciones amplias y lujosas, entradas a parques tem\u00e1ticos y mucho m\u00e1s en algunos de los destinos m\u00e1s populares de EE.UU.<\/p>\r\n","protected":false},"excerpt":{"rendered":"<p>[custom_headline type=\"left\" level=\"h1\" looks_like=\"h3\" class=\"responsive-heading mts\"]Descubre nuestras ofertas de vacaciones por un tiempo limitado[\/custom_headline] Toda vacaci\u00f3n en Westgate Resorts es especial, pero ofrecemos una variedad de paquetes dise\u00f1ados para ofrecerte ... <\/p>\n<div><a href=\"https:\/\/www.westgatereservations.com\/es\/specials\/\" class=\"more-link\">Leer M\u00e1s<\/a><\/div>\n","protected":false},"author":1,"featured_media":15932,"parent":0,"menu_order":0,"comment_status":"closed","ping_status":"closed","template":"page-specials.php","meta":{"footnotes":""},"_links":{"self":[{"href":"https:\/\/www.westgatereservations.com\/es\/wp-json\/wp\/v2\/pages\/5584"}],"collection":[{"href":"https:\/\/www.westgatereservations.com\/es\/wp-json\/wp\/v2\/pages"}],"about":[{"href":"https:\/\/www.westgatereservations.com\/es\/wp-json\/wp\/v2\/types\/page"}],"author":[{"embeddable":true,"href":"https:\/\/www.westgatereservations.com\/es\/wp-json\/wp\/v2\/users\/1"}],"replies":[{"embeddable":true,"href":"https:\/\/www.westgatereservations.com\/es\/wp-json\/wp\/v2\/comments?post=5584"}],"version-history":[{"count":0,"href":"https:\/\/www.westgatereservations.com\/es\/wp-json\/wp\/v2\/pages\/5584\/revisions"}],"wp:featuredmedia":[{"embeddable":true,"href":"https:\/\/www.westgatereservations.com\/es\/wp-json\/wp\/v2\/media\/15932"}],"wp:attachment":[{"href":"https:\/\/www.westgatereservations.com\/es\/wp-json\/wp\/v2\/media?parent=5584"}],"curies":[{"name":"wp","href":"https:\/\/api.w.org\/{rel}","templated":true}]}}