{"id":5523,"date":"2015-06-02T14:04:29","date_gmt":"2015-06-02T18:04:29","guid":{"rendered":"https:\/\/www.westgatereservations.com\/es\/vacations\/adventure-vacation\/park-city-adventures\/"},"modified":"2024-05-31T11:05:26","modified_gmt":"2024-05-31T15:05:26","slug":"park-city-adventures","status":"publish","type":"page","link":"https:\/\/www.westgatereservations.com\/es\/vacations\/adventure-vacation\/park-city-adventures\/","title":{"rendered":"Park City Adventures"},"content":{"rendered":"<!-- Title-->[custom_headline type=\"left\" class=\"mtn\" level=\"h1\" looks_like=\"h3\"]Aventuras en Park City [\/custom_headline]\r\n[responsive_text selector=\".responsive-heading\" compression=\"1.5\" min_size=\"18px\" max_size=\"24px\"]\r\n<!-- Second line Title-->[custom_headline class=\"mts responsive-subheading\" type=\"left\" level=\"h2\" looks_like=\"h5\"]Disfruta de aventuras al aire libre todo el a\u00f1o en Park City[\/custom_headline]\r\n[responsive_text selector=\".responsive-subheading\" compression=\"1.5\" min_size=\"14px\" max_size=\"20px\"]\r\n\r\n<img decoding=\"async\" src=\"https:\/\/westgatecdn.com\/2015\/10\/860x250-park-city.jpg\" alt=\"Adventure Vacations with Westagte Resorts\" title=\"Adventure Vacations with Westgate Resorts\" \/>\r\n\r\n\r\n<p class=\"mtm\"><strong>Diversi\u00f3n Veraniega en Park City<\/strong><\/p>\r\n<p>Las aventuras veraniegas en Park City var\u00edan desde <strong>esquiando en las monta\u00f1as<\/strong> hasta subiendo hasta las nubes con una vista pintoresca desde un <strong>globo aerost\u00e1tico<\/strong>.<\/p>\r\n\r\n<p>Puedes disfrutar de campos de <strong>golf profesional<\/strong>, <strong>senderismo<\/strong> excepcional y <strong>ciclismo<\/strong> en las monta\u00f1as. Tambi\u00e9n encontrar\u00e1s actividades extremas como <strong>balsas en aguas r\u00e1pidas<\/strong>, o <strong>tirolesa<\/strong> en Park City. De igual manera, puedes pescar truchas desde un riachuelo espectacular en las monta\u00f1as o simplemente explorar la <strong>hist\u00f3rica calle principal (Main Street)<\/strong> de Park City y sus tiendas, galer\u00edas, caf\u00e9s  edificios antiguos. \r\n<\/p>\r\n\r\n<p><strong>Un Paisaje Invernal<\/strong><\/p>\r\n<p>\u00a1Park City es conocido por tener \u201cla mejor nieve del mundo\u201d! Con m\u00faltiples resorts de esqu\u00ed  de clase mundial, Park City es el \u00e1rea de entrenamiento del <strong>equipo Ol\u00edmpico de Esqu\u00ed de los Estados Unidos<\/strong> y fue anfitri\u00f3n de varios eventos de alpinismo de los Juegos Ol\u00edmpicos Invernales de 2002. \u00bfCu\u00e1n bueno es esquiar en Park City? Lo suficiente bueno para que los editores de National Geographic lo hayan nombrado <strong>uno de los mejores 25 pueblos para esquiar en el mundo<\/strong> junto con Aspen, Colorado; Banff, Canad\u00e1; Niseko, Jap\u00f3n, Chamonix, Francia; y Zermatt, Suiza. <\/p>\r\n\r\n<p><strong>Parque Ol\u00edmpico de Utah<\/strong><\/p>\r\n<p>Hoy d\u00eda, todav\u00eda puedes disfrutar una prueba de lo que fueron las Olimpiadas 2002 cuando visitar el <strong>Parque Ol\u00edmpico de Utah<\/strong>. Este lugar fue utilizado para el salto n\u00f3rdico, deportes en trineo, entre otros, y ofrece 400 acres de instalaciones deportivas, museos, y zonas tur\u00edsticas. <\/p>\r\n\r\n<p>El parque sirve como un campo de entretenimiento y competencias todo el a\u00f1o para atletas. Visitantes podr\u00e1n ver a los atletas entrenar, echarle un vistazo al <strong>museo Alf Engen Ski History<\/strong> y el <strong>museo 2002 Eccles Winter Olympic <\/strong>, o bajar en un trineo a 80 millas por hora. Tambi\u00e9n podr\u00edas bajar en trineo con un gu\u00eda profesional y tres pasajeros.  <\/p>\r\n\r\n<p>Los visitantes del Parque Ol\u00edmpico tambi\u00e9n pueden pasear hasta el tope de la monta\u00f1a a 7,130 pies de altura. Desde all\u00ed, podr\u00e1s bajar en esqu\u00eds o en telesilla.<\/p>\r\n\r\n<div class=\"x-callout center-text\">\r\n<h2 class=\"h-callout\">3 D\u00edas\/2 Noches en Park City desde $99<\/h2>\r\n<p class=\"p-callout\">\u00a1Disfruta una monta\u00f1a de diversi\u00f3n en el emocionante Park City!<\/p>\r\n[phone_link class=\"x-btn\" title=\"Call Today\"]<i class=\"x-icon-phone\"><\/i>Llama hoy [tel][\/phone_link]\r\n<\/div>\r\n\r\n<!-- Title-->[custom_headline class=\"mtl\" type=\"left\" level=\"h3\" looks_like=\"h5\"]Ski-In \/ Ski-Out![\/custom_headline]\r\n[responsive_text selector=\".responsive-heading\" compression=\"1.5\" min_size=\"18px\" max_size=\"30px\"]\r\n\r\nSituado en uno de los mejores destinos para esquiar, Westgate Park City Resort & Spa ofrece convenientes <strong>entradas y salidas para esqu\u00eds<\/strong> y <strong>servicio valet de esquis<\/strong>. \r\n\r\n[gap size=\"2em\"]\r\n<!-- Resort 1 -->[column type=\"one-half\" ]\r\n<!-- Image siz:1200-200--><img decoding=\"async\" src=\"https:\/\/westgatecdn.com\/2015\/10\/660x450-park-city-resort.jpg\" alt=\"Westgate Park City Resort and Spa\" \/>\r\n[\/column]\r\n[column type=\"one-half\" last=\"true\"]\r\n<!--Resort Title-->[custom_headline class=\"mts\" type=\"left\" level=\"h3\" looks_like=\"h5\"]Westgate Park City incluye:[\/custom_headline]\r\n[responsive_text selector=\".responsive-heading\" compression=\"1.5\" min_size=\"18px\" max_size=\"30px\"]\r\n<ul>\r\n  <li>Piscina Bajo Techo y Al Aire Libre Climatizadas.<\/li>\r\n  <li>Cocina equipada.<\/li>\r\n  <li>Spa Serenity de Clase Mundial.<\/li>\r\n  <li>Drafts Sports Bar & Grill.<\/li>\r\n  <li>Edge Steakhouse.<\/li>\r\n<\/ul>\r\n<!-- Button -->[button href=\"{home_url}resorts\/westgate-park-city-resort-spa\/\" class=\"mbs\" shape=\"rounded\" size=\"regular\" float=\"right\"]Westgate Park City Resort[icon type=\"arrow-alt-circle-right\"][\/button]\r\n[clear]\r\n[\/column]\r\n[clear]\r\n[line]\r\n\r\n<!-- Text -->\r\n<p>\r\nSituado en medio de las espectaculares monta\u00f1as Wasatch de Utah, Westgate Park City Resort & Spa es uno de los principales destinos de esqu\u00ed del mundo que ofrecen acceso a tres resorts de esqu\u00ed de clase mundial. Con servicio de entrada y salida en esqu\u00ed, un servicio de valet de esqu\u00ed y comodidades excepcionales, encontrar\u00e1s todo lo necesario para unas vacaciones de esqu\u00ed perfectas. Por supuesto, Park City es un destino ideal en cualquier \u00e9poca del a\u00f1o y Westgate Park City te coloca cerca de la hist\u00f3rica calle principal de Park City, sus galer\u00edas, boutiques y tiendas. Tambi\u00e9n encontrar\u00e1s el Parque Ol\u00edmpico de Utah a solo dos millas de distancia, mientras que las actividades de la zona de verano son el golf, senderismo, ciclismo de monta\u00f1a, paseos en globo, rafting y mucho m\u00e1s.\r\n<\/p>\r\n\r\n[custom_headline type=\"left\" level=\"h3\" looks_like=\"h5\" class=\"mts\"]Destinos para <a href=\"[home_url]vacations\/adventure-vacation\/\">Vacaciones Aventurosas<\/a>[\/custom_headline]\r\n[column type=\"one-half\"]\r\n<ul>\r\n<li><a  href=\"[home_url]vacations\/adventure-vacation\/gatlinburg-adventures\/\">Vacaciones Aventurosas en Gatlinburg<\/a><\/li>\r\n<\/ul>\r\n\r\n[gap size=\"2em\"]","protected":false},"excerpt":{"rendered":"<p>[custom_headline type=\"left\" class=\"mtn\" level=\"h1\" looks_like=\"h3\"]Aventuras en Park City [\/custom_headline] [responsive_text selector=\".responsive-heading\" compression=\"1.5\" min_size=\"18px\" max_size=\"24px\"] [custom_headline class=\"mts responsive-subheading\" type=\"left\" level=\"h2\" looks_like=\"h5\"]Disfruta de aventuras al aire libre todo el a\u00f1o en Park ... <\/p>\n<div><a href=\"https:\/\/www.westgatereservations.com\/es\/vacations\/adventure-vacation\/park-city-adventures\/\" class=\"more-link\">Leer M\u00e1s<\/a><\/div>\n","protected":false},"author":6,"featured_media":0,"parent":5522,"menu_order":0,"comment_status":"open","ping_status":"closed","template":"template-layout-content-sidebar.php","meta":{"footnotes":""},"_links":{"self":[{"href":"https:\/\/www.westgatereservations.com\/es\/wp-json\/wp\/v2\/pages\/5523"}],"collection":[{"href":"https:\/\/www.westgatereservations.com\/es\/wp-json\/wp\/v2\/pages"}],"about":[{"href":"https:\/\/www.westgatereservations.com\/es\/wp-json\/wp\/v2\/types\/page"}],"author":[{"embeddable":true,"href":"https:\/\/www.westgatereservations.com\/es\/wp-json\/wp\/v2\/users\/6"}],"replies":[{"embeddable":true,"href":"https:\/\/www.westgatereservations.com\/es\/wp-json\/wp\/v2\/comments?post=5523"}],"version-history":[{"count":0,"href":"https:\/\/www.westgatereservations.com\/es\/wp-json\/wp\/v2\/pages\/5523\/revisions"}],"up":[{"embeddable":true,"href":"https:\/\/www.westgatereservations.com\/es\/wp-json\/wp\/v2\/pages\/5522"}],"wp:attachment":[{"href":"https:\/\/www.westgatereservations.com\/es\/wp-json\/wp\/v2\/media?parent=5523"}],"curies":[{"name":"wp","href":"https:\/\/api.w.org\/{rel}","templated":true}]}}