{"id":5522,"date":"2015-06-01T19:18:03","date_gmt":"2015-06-01T19:18:03","guid":{"rendered":"https:\/\/www.westgatereservations.com\/es\/vacations\/adventure-vacation\/"},"modified":"2022-05-19T15:24:26","modified_gmt":"2022-05-19T19:24:26","slug":"adventure-vacation","status":"publish","type":"page","link":"https:\/\/www.westgatereservations.com\/es\/vacations\/adventure-vacation\/","title":{"rendered":"Vacaciones de Aventura"},"content":{"rendered":"<div class=\"x-container max width\">\r\n    <h1 class=\"p mts mbs center-text\">Ofertas y Paquetes de Vacaciones de Aventura<\/h1>\r\n    [line]\r\n    <div class=\"x-column x-sm x-1-3\">\r\n    <i class=\"fas fa-check-circle fa-2x left prs\" aria-hidden=\"true\" style=\"color:#1E79B0;\"><\/i> <p><b>Ahorre hasta un 70% <\/b> al reservar con WestgateReservations.com<\/p>\r\n    <\/div>\r\n    <div class=\"x-column x-sm x-1-3\">\r\n    <i class=\"fas fa-check-circle fa-2x left prs\" aria-hidden=\"true\" style=\"color:#1E79B0;\"><\/i> <p><b>No se aplican cargos a los paquetes cancelados <\/b> 7 o m\u00e1s d\u00edas antes de la llegada.<\/p>\r\n    <\/div>\r\n    <div class=\"x-column x-sm x-1-3 last\">\r\n    <i class=\"fas fa-check-circle fa-2x left prs\" aria-hidden=\"true\" style=\"color:#1E79B0;\"><\/i> <p><b>Descuentos y ofertas<\/b> para los mejores destinos familiares de Estados Unidos.<\/p>\r\n    <\/div>\r\n    [clear]\r\n    [line class=\"x-hidden-phone\"]\r\n    <div class=\"x-container max width mbm center-text x-hidden-phone\">\r\n    <p>\r\n    \u00a1Westgate Resorts tiene todo lo que necesita para las vacaciones! Descubra un mundo de resorts de lujo y paquetes vacacionales con descuento en algunos de los destinos m\u00e1s populares de los Estados Unidos, incluyendo Walt Disney World y Orlando, Gatlinburg y Branson, as\u00ed como muchos otros lugares de primera l\u00ednea para los buscadores de vacaciones de aventura. \u00a1Puede reservar directamente o ahorrar con nuestras numerosas ofertas de vacaciones con descuento y paquetes!\r\n    <\/p>\r\n    <\/div>\r\n    [line]\r\n<\/div>\r\n\r\n<div class=\"x-container max width\">\r\n     <div class=\"x-column x-sm x-1-4\">\r\n        <div class=\"email-sidebar mbl x-hidden-phone\">\r\n            [subscribe headline=\"Inscr\u00edbase para recibir ofertas especiales y c\u00f3digos de cupones\" show_name=\"true\" class=\"pan man\" confirm_content=\"<div class='pam' style='background:#a3d2b4; color:#fff;'><h6 class='mts'>Thanks for signing up! <br\/> Be sure to check your email for more savings!<\/h6> <\/div>\"]\r\n        <\/div>\r\n        [content-block name=\"call-hours\"]\r\n    <\/div>\r\n    <div class=\"x-column x-sm x-3-4 last\">\r\n\r\n<!-- Intro -->\r\n    <h5 class=\"mtn mbm stack-center-m\">Paquetes por Destino<\/h5>\r\n        <div class=\"x-column x-sm x-1-3 mbm\">\r\n            <wf-scroll hash=\"orl\" class=\"x-btn x-btn-block btn-gray x-btn-transparent\">Orlando<\/wf-scroll>\r\n        <\/div>\r\n        <div class=\"x-column x-sm x-1-3 mbm\">\r\n            <wf-scroll hash=\"lv\" class=\"x-btn x-btn-block btn-gray x-btn-transparent\">Las Vegas<\/wf-scroll>\r\n        <\/div>\r\n        <div class=\"x-column x-sm x-1-3 last mbm\">\r\n            <wf-scroll hash=\"gat\" class=\"x-btn x-btn-block btn-gray x-btn-transparent\">Gatlinburg<\/wf-scroll>\r\n        <\/div>\r\n        [clear]\r\n   <div class=\"x-column x-sm x-1-3 mbm\">\r\n            <wf-scroll hash=\"cocoa\" class=\"x-btn x-btn-block btn-gray x-btn-transparent\">Cocoa Beach<\/wf-scroll>\r\n        <\/div>\r\n        <div class=\"x-column x-sm x-1-3 mbm\">\r\n            <wf-scroll hash=\"myrt;e\" class=\"x-btn x-btn-block btn-gray x-btn-transparent\">Myrtle Beach<\/wf-scroll>\r\n        <\/div>\r\n        <div class=\"x-column x-sm x-1-3 last mbm\">\r\n            <wf-scroll hash=\"bran\" class=\"x-btn x-btn-block btn-gray x-btn-transparent\">Branson<\/wf-scroll>\r\n        <\/div>\r\n        [clear]\r\n                <p class=\"mtm\">A veces s\u00f3lo se necesita un descanso, una oportunidad para alejarse de la rutina diaria y recuperar el aliento.\r\n         Bueno, cuando est\u00e9 listo, encontrar\u00e1 que Westgate Resorts est\u00e1 preparado para ayudarle a disfrutar de ese tiempo de relajaci\u00f3n. Por eso tenemos una amplia gama de paquetes vacacionales de aventura dise\u00f1ados espec\u00edficamente para ayudarle a escaparse sin tener que pagar los gastos a\u00f1adidos habituales asociados a los viajes de Aventura. S\u00f3lo tiene que elegir su destino y hacer las maletas. Y luego, si\u00e9ntese y disfrute de los excepcionales servicios de un complejo tur\u00edstico y de todas las comodidades del hogar en nuestras hermosas y espaciosas villas.<\/p>\r\n        [line]\r\n        <!--\/-->\r\n        <!-- Orlando destination -->\r\n        <div id=\"orl\"><\/div>\r\n            <h2 class=\"h3 mtl mbs stack-center-m\">Ofertas de Aventura en Orlando:<\/h2>\r\n                <p>Esc\u00e1pese en cualquier momento con una emocionante escapada de aventura al soleado Orlando y sus incre\u00edbles parques tem\u00e1ticos. Disfrute de impresionantes resorts idealmente ubicados cerca de Disney World, Universal Studios y muchas otras atracciones de clase mundial de Orlando, restaurantes y tiendas.<\/p>\r\n            [specials ids=\"20706,8640,14362\"] \r\n        <!--\/-->\r\n        [line]\r\n\r\n        <!-- destination -->\r\n        <div id=\"gat\"><\/div>\r\n            <h2 class=\"h3 mtl mbm stack-center-m\">Ofertas de Aventura en Gatlinburg:<\/h2>\r\n                <p>Qu\u00e9 mejor manera de escaparse que con un paquete de vacaciones especial a Gatlinburg, TN y las espectaculares Great Smoky Mountains. Explore las tiendas, galer\u00edas y restaurantes del pintoresco pueblo de monta\u00f1a o las numerosas millas de belleza natural del Parque Nacional de las Great Smoky Mountains.<\/p>\r\n            [specials ids=\"11431\"] \r\n        <!--\/-->\r\n        [line]\r\n\r\n         <!-- destination -->\r\n        <div id=\"lv\"><\/div>\r\n            <h2 class=\"h3 mtl mbm stack-center-m\" >Ofertas de Aventura en Las Vegas:<\/h2>\r\n                <p>Cree recuerdos inolvidables con una emocionante escapada a Las Vegas. Nuestro complejo de Las Vegas le sit\u00faa en el coraz\u00f3n de la acci\u00f3n, a s\u00f3lo una cuadra del famoso Strip de Las Vegas. Disfrute del entretenimiento en vivo, de los excepcionales juegos de casino y del mayor libro de carreras y deportes del mundo.<\/p>\r\n            [specials ids=\"11070\"] \r\n        <!--\/-->\r\n        [line]\r\n\r\n        <div id=\"cocoa\"><\/div>\r\n            <h2 class=\"h3 mtl mbs stack-center-m\">Ofertas de Aventura en Cocoa Beach:<\/h2>\r\n                <p>A veces, las mejores escapadas de aventura son aquellas en las que uno puede simplemente relajarse. \u00a1Y qu\u00e9 mejor lugar para relajarse que la playa! Disfrute del sol y de la diversi\u00f3n en la Costa Espacial del centro de Florida, cerca del Complejo de Visitantes del Kennedy Space Center.<\/p>\r\n            [specials ids=\"12882\"] \r\n        <!--\/-->\r\n        [line]\r\n\r\n        <div id=\"myrtle\"><\/div>\r\n            <h2 class=\"h3 mtl mbs stack-center-m\">Ofertas de Aventura en Myrtle Beach:<\/h2>\r\n                <p>Surf, arena, sol, golf de campeonato, deportes acu\u00e1ticos, restaurantes, vida de noche, parques tem\u00e1ticos y atracciones - es seguro decir que Myrtle Beach tiene algo para todos. \u00a1Esc\u00e1pese a la playa familiar favorita de Estados Unidos en la hermosa Grand Strand de Carolina del Sur!<\/p>\r\n            [specials ids=\"5654\"] \r\n        <!--\/-->\r\n        [line]\r\n        <div id=\"bran\"><\/div>\r\n            <h2 class=\"h3 mtl mbs stack-center-m\">Ofertas de Aventuras en Branson:<\/h2>\r\n                <p>Desde la espectacular \u00e1rea de los lagos de Branson y las hermosas monta\u00f1as Ozark hasta el parque tem\u00e1tico Silver Dollar City y m\u00e1s de 100 espect\u00e1culos en vivo, Branson est\u00e1 lleno de emoci\u00f3n y energ\u00eda. Compru\u00e9belo usted mismo con una escapada de aventura al coraz\u00f3n de los Ozarks de Missouri.\r\n         <\/p>\r\n            [specials ids=\"5641\"] \r\n        <!--\/-->\r\n        [line]\r\n\r\n        <\/div>\r\n\r\n\r\n<\/div>","protected":false},"excerpt":{"rendered":"<p>Ofertas y Paquetes de Vacaciones de Aventura [line] Ahorre hasta un 70% al reservar con WestgateReservations.com No se aplican cargos a los paquetes cancelados 7 o m\u00e1s d\u00edas antes de ... <\/p>\n<div><a href=\"https:\/\/www.westgatereservations.com\/es\/vacations\/adventure-vacation\/\" class=\"more-link\">Leer M\u00e1s<\/a><\/div>\n","protected":false},"author":6,"featured_media":21987,"parent":5364,"menu_order":0,"comment_status":"open","ping_status":"closed","template":"template-blank-4.php","meta":{"footnotes":""},"_links":{"self":[{"href":"https:\/\/www.westgatereservations.com\/es\/wp-json\/wp\/v2\/pages\/5522"}],"collection":[{"href":"https:\/\/www.westgatereservations.com\/es\/wp-json\/wp\/v2\/pages"}],"about":[{"href":"https:\/\/www.westgatereservations.com\/es\/wp-json\/wp\/v2\/types\/page"}],"author":[{"embeddable":true,"href":"https:\/\/www.westgatereservations.com\/es\/wp-json\/wp\/v2\/users\/6"}],"replies":[{"embeddable":true,"href":"https:\/\/www.westgatereservations.com\/es\/wp-json\/wp\/v2\/comments?post=5522"}],"version-history":[{"count":0,"href":"https:\/\/www.westgatereservations.com\/es\/wp-json\/wp\/v2\/pages\/5522\/revisions"}],"up":[{"embeddable":true,"href":"https:\/\/www.westgatereservations.com\/es\/wp-json\/wp\/v2\/pages\/5364"}],"wp:featuredmedia":[{"embeddable":true,"href":"https:\/\/www.westgatereservations.com\/es\/wp-json\/wp\/v2\/media\/21987"}],"wp:attachment":[{"href":"https:\/\/www.westgatereservations.com\/es\/wp-json\/wp\/v2\/media?parent=5522"}],"curies":[{"name":"wp","href":"https:\/\/api.w.org\/{rel}","templated":true}]}}