{"id":5493,"date":"2015-06-02T20:41:41","date_gmt":"2015-06-02T20:41:41","guid":{"rendered":"https:\/\/www.westgatereservations.com\/es\/vacations\/family-vacations\/things-to-do-in-orlando\/"},"modified":"2020-01-10T11:31:00","modified_gmt":"2020-01-10T16:31:00","slug":"things-to-do-in-orlando","status":"publish","type":"page","link":"https:\/\/www.westgatereservations.com\/es\/vacations\/family-vacations\/things-to-do-in-orlando\/","title":{"rendered":"Orlando Family Vacations"},"content":{"rendered":"<!--Top Banner-->\r\n[content_band class=\"text-white center-text\" no_margin=\"true\" inner_container=\"true\" padding_top=\"30px\" padding_bottom=\"20px\" bg_color=\"#ffffff\" bg_image=\"https:\/\/westgatecdn.com\/2015\/09\/Orlando-Family-Vacations.jpg\"]\r\n[column type=\"whole\" ]\r\n[custom_headline type=\"center\" level=\"h1\" looks_like=\"h2\" accent=\"true\" style=\"color:#fff; text-shadow: 2px 2px 1px rgba(0, 0, 0, 1);\"]Vacaciones Familiares en Orlando, FL[\/custom_headline]\r\n[gap size=\"4em\"]\r\n[\/column]\r\n[\/content_band]\r\n<!-- Title-->\r\n[custom_headline level=\"h2\" looks_like=\"h4\" class=\"mbs\"]Ofertas para Vacaciones en Orlando[\/custom_headline]\r\n<!-- SPECIALS-->\r\n<div><!-- SPECIAL 1 -->\r\n<div class=\"x-column x-sm x-1-3\">\r\n<div class=\"responsive-crop\"><a href=\"[home_url]specials\/4day-3night-orlando-getaway\/\">\r\n<img decoding=\"async\" class=\"resort-thumb\" src=\"https:\/\/westgatecdn.com\/2015\/09\/4-3-59-Orlando-family-660x440.jpg\" alt=\"Orlando Vacation Package\" \/>\r\n<\/a><\/div>\r\n<h6 class=\"mtm mbs\">3 D\u00edas & 3 Noches en Westgate in Orlando, FL<\/h6>\r\n<ul style=\"font-size: .9em;\">\r\n\t<li>Villa Studio<\/li>\r\n\t<li>Mejor Precio \u2013 garantizado<\/li>\r\n\t<li>Noches adicionales disponibles<\/li>\r\n<\/ul>\r\n<div>\r\n<ul class=\"x-block-grid three-up\">\r\n\t<li class=\"x-block-grid-item\">\r\n<h6 class=\"mtn\">Desde:<\/h6>\r\n<p class=\"\" style=\"font-size: 2em; line-height: 1em; color: #d95d31;\"><span class=\"symbol\">$<\/span><strong>99<\/strong><\/p>\r\n<\/li>\r\n\t<li class=\"x-block-grid-item\">\r\n<h6 class=\"mtn mbs\">Ahorra:<\/h6>\r\n<span style=\"font-size: 1.8em; line-height: 1em; color: #d95d31;\">$240<\/span><\/li>\r\n<li class=\"x-block-grid-item\">\r\n[visibility type=\"hidden-phone\"]\r\n[extra href=\"#example\" title=\"Mejor Precio\" info=\"popover\" info_place=\"top\" info_trigger=\"hover\" info_content=\"Nuestro mejor precio garantizado te permite reservar tu paquete de vacaciones en Westgate con toda la confianza. Como la p\u00e1gina vacacional oficial de Westgate Resorts, te podemos proveer los precios bajos que no podr\u00e1s encontrar en ning\u00fan otro lugar, \u00a1garantizado!\" ]<img decoding=\"async\" style=\"float: left;\" src=\"https:\/\/westgatecdn.com\/2015\/07\/best-price-badge-small.png\" alt=\"\" \/>[\/extra]\r\n[\/visibility]\r\n<\/li>\r\n<\/ul>\r\n<\/div>\r\n[clear]\r\n[gap size=\"1em\"]\r\n[button shape=\"rounded\" size=\"regular\" float=\"none\" block=\"true\" info=\"none\" info_place=\"top\" info_trigger=\"hover\" href=\"{home_url}specials\/4day-3night-orlando-getaway\/\"]Ver Oferta[\/button]\r\n[gap size=\"2em\"]\r\n<\/div>\r\n<!-- END SPECIAL 1 -->\r\n<!-- SPECIAL 2 -->\r\n<div class=\"x-column x-sm x-1-3\">\r\n<div class=\"responsive-crop\"><a href=\"[home_url]specials\/westgates-official-disney-vacation\/\">\r\n<img decoding=\"async\" class=\"resort-thumb\" src=\"https:\/\/westgatecdn.com\/2018\/01\/disney-3-2-featured.jpg\" alt=\"\" \/>\r\n<\/a><\/div>\r\n<h6 class=\"mtm mbs\">Paquete Vacacional 3 D\u00edas en Orlando + Disney\u00ae<\/h6>\r\n<ul style=\"font-size: .9em;\">\r\n\t<li>2 Boletos a Disney Gratis<\/li>\r\n\t<li>Transportaci\u00f3n Gratuita a los Parques Tem\u00e1ticos<\/li>\r\n\t<li>Noches y Boletos adicionales disponibles<\/li>\r\n<\/ul>\r\n<div>\r\n<ul class=\"x-block-grid three-up\">\r\n\t<li class=\"x-block-grid-item\">\r\n<h6 class=\"mtn\">Desde:<\/h6>\r\n<p class=\"\" style=\"font-size: 2em; line-height: 1em; color: #d95d31;\"><span class=\"symbol\">$<\/span><strong>139<\/strong><\/p>\r\n<\/li>\r\n\t<li class=\"x-block-grid-item\">\r\n<h6 class=\"mtn mbs\">Ahorra:<\/h6>\r\n<span style=\"font-size: 1.8em; line-height: 1em; color: #d95d31;\">$271<\/span><\/li>\r\n\t<li class=\"x-block-grid-item\">[visibility type=\"hidden-phone\"]\r\n[extra href=\"#example\" title=\"Mejor Precio\" info=\"popover\" info_place=\"top\" info_trigger=\"hover\" info_content=\"Nuestro mejor precio garantizado te permite reservar tu paquete de vacaciones en Westgate con toda la confianza. Como la p\u00e1gina vacacional oficial de Westgate Resorts, te podemos proveer los precios bajos que no podr\u00e1s encontrar en ning\u00fan otro lugar, \u00a1garantizado!\" ]<img decoding=\"async\" style=\"float: left;\" src=\"https:\/\/westgatecdn.com\/2015\/07\/best-price-badge-small.png\" alt=\"Westgate Orlando Vacation package\" \/>[\/extra]\r\n[\/visibility]<\/li>\r\n<\/ul>\r\n<\/div>\r\n[clear]\r\n[gap size=\"1em\"]\r\n[button shape=\"rounded\" size=\"regular\" float=\"none\" block=\"true\" info=\"none\" info_place=\"top\" info_trigger=\"hover\" href=\"{home_url}specials\/westgates-official-disney-vacation\/\"]Ver Oferta[\/button]\r\n[gap size=\"2em\"]\r\n<\/div>\r\n<!-- END SPECIAL 2 -->\r\n<!-- SPECIAL 3 -->\r\n<div class=\"x-column x-sm x-1-3 last\">\r\n<div class=\"responsive-crop\"><a href=\"[home_url]specials\/5days-4nights-universal-studios-vacation-package\/\">\r\n<img decoding=\"async\" class=\"resort-thumb\" src=\"https:\/\/westgatecdn.com\/2015\/11\/Universal-Studios-Vacation-Package.jpg\" alt=\"Universal Studios Vacation Package\" \/>\r\n<\/a><\/div>\r\n<h6 class=\"mtm mbs\">Paquete Vacacional de 5 D\u00edas\/4 Noches + Universal Studios<\/h6>\r\n<ul style=\"font-size: .9em;\">\r\n\t<li>2 Boletos a Universal<\/li>\r\n<li>Transportaci\u00f3n Gratuita a los Parques Tem\u00e1ticos<\/li>\r\n\t<li>Noches y Boletos adicionales disponibles<\/li>\r\n<\/ul>\r\n<div>\r\n<ul class=\"x-block-grid three-up\">\r\n\t<li class=\"x-block-grid-item\">\r\n<h6 class=\"mtn\">Desde:<\/h6>\r\n<p class=\"\" style=\"font-size: 2em; line-height: 1em; color: #d95d31;\"><span class=\"symbol\">$<\/span><strong>399<\/strong><\/p>\r\n<\/li>\r\n\t<li class=\"x-block-grid-item\">\r\n<h6 class=\"mtn mbs\">Ahorra:<\/h6>\r\n<span style=\"font-size: 1.8em; line-height: 1em; color: #d95d31;\">$200<\/span><\/li>\r\n\t<li class=\"x-block-grid-item\">[visibility type=\"hidden-phone\"]\r\n[extra href=\"#example\" title=\"Mejor Precio\" info=\"popover\" info_place=\"top\" info_trigger=\"hover\" info_content=\"Nuestro mejor precio garantizado te permite reservar tu paquete de vacaciones en Westgate con toda la confianza. Como la p\u00e1gina vacacional oficial de Westgate Resorts, te podemos proveer los precios bajos que no podr\u00e1s encontrar en ning\u00fan otro lugar, \u00a1garantizado!\" ]<img decoding=\"async\" style=\"float: left;\" src=\"https:\/\/westgatecdn.com\/2015\/07\/best-price-badge-small.png\" alt=\"\" \/>[\/extra]\r\n[\/visibility]<\/li>\r\n<\/ul>\r\n<\/div>\r\n[clear]\r\n[gap size=\"1em\"]\r\n[button shape=\"rounded\" size=\"regular\" float=\"none\" block=\"true\" info=\"none\" info_place=\"top\" info_trigger=\"hover\" href=\"{home_url}specials\/5days-4nights-universal-studios-vacation-package\/\"]Ver Oferta[\/button]\r\n\r\n<\/div>\r\n\r\n<hr class=\"x-clear\" \/>\r\n\r\n\r\n\r\n<hr class=\"darker-hr mbl\" \/>\r\n\r\n<!-- END SPECIAL 2 -->\r\n\r\n<\/div>\r\n<!-- END SPECIALS -->\r\n[custom_headline type=\"left\" class=\"responsive-heading\" level=\"h2\" looks_like=\"h3\"]Actividades Familiares en Orlando[\/custom_headline]\r\n[responsive_text selector=\".responsive-heading\" compression=\"1.5\" min_size=\"18px\" max_size=\"40px\"]\r\n<!-- Second line Title-->[custom_headline class=\"mts responsive-subheading\" type=\"left\" level=\"h2\" looks_like=\"h5\"]\u00a1Cada lista de destinos familiares comienza con Orlando![\/custom_headline]\r\n[responsive_text selector=\".responsive-subheading\" compression=\"1.5\" min_size=\"14px\" max_size=\"24px\"]\r\n<p class=\"mbs\">[dropcap]\u00a1[\/dropcap]Es cierto! Toda lista de destinos familiares comienza y termina con Orlando, Florida. Hay tanto para hacer en Orlando, comenzando con Walt Disney World, Universal Studios, y SeaWorld, y sus docenas de atracciones emocionantes; Orlando crea m\u00e1s recuerdos familiares m\u00e1gicos que cualquier otro lugar en el mundo. <\/p>\r\nOrlando ofrece tantos parques tem\u00e1ticos de clase mundial que es dif\u00edcil de acordarse de todos: Magic Kingdom, Epcot, Disney\u2019s Animal Kingdom, Disney\u2019s Hollywood Studios, Universal Orlando, Universal\u2019s Islands of Adventure, SeaWorld Orlando, Discovery Cove, Aquatica, Blizzard Beach, Typhoon Lagoon, Wet \u2018N\u2019 Wild\u2026y la lista contin\u00faa.\r\n\r\n<img decoding=\"async\" class=\"mts\" src=\"https:\/\/westgatecdn.com\/2015\/06\/content-banner-wglakes.jpg\" alt=\"Westgate Lakes Resort in Orlando, Fl\" \/>\r\n[gap size=\"1em\"]\r\n\r\nPero la realidad es que la lista de cosas para hacer en Orlando con la familia no empieza y termina con los parques tem\u00e1ticos. Tambi\u00e9n puedes encoger entre docenas de atracciones y destinos de entretenimiento como Downtown Disney Marketplace, Universal Orlando CityWalk y la famosa International Drive. La diversi\u00f3n familiar en Orlando incluye todo tipo de entretenimiento tales como el intrigante Museo de Historia de Orlando, los Jardines Leu, Gatorland, Lake Eola Park, WonderWorks, Holy Land Experience, y mucho  m\u00e1s.\r\n<!--Resorts-->\r\n[gap size=\"2em\"]\r\n[tab_nav type=\"four-up\" float=\"left\"]\r\n[tab_nav_item title=\"Westgate Lake Resort &amp; Spa\" active=\"true\"]\r\n[tab_nav_item title=\"Westgate Vacation Villas\"]\r\n[tab_nav_item title=\"Westgate Town Center &amp; Spa\"]\r\n[tab_nav_item title=\"Mejor Precio Garantizado\"][\/tab_nav]\r\n[tabs]\r\n[tab active=\"true\"]\r\n[content-block name=\"westgate-lakes-resort\"]\r\n[\/tab]<!-- end tab 1-->\r\n[tab ]\r\n[content-block name=\"westgate-vacation-villas\"]\r\n[\/tab]<!-- end tab 2-->\r\n[tab]\r\n[content-block name=\"westgate-town-center\"]\r\n[\/tab]<!-- end tab 3-->\r\n[tab]\r\n[content-block name=\"best-price-guarantee\"]\r\n[\/tab]<!-- end tab 4-->\r\n[\/tabs]\r\n<!--End Resorts-->\r\n\r\n[line]\r\n\r\n[custom_headline class=\"mts\" type=\"left\" level=\"h2\" looks_like=\"h4\"]M\u00e1s cosas para hacer en Orlando[\/custom_headline]\r\n[responsive_text selector=\".responsive-heading\" compression=\"1.5\" min_size=\"18px\" max_size=\"30px\"]\r\n[custom_headline class=\"mts\" type=\"left\" level=\"h3\" looks_like=\"h5\"]Actividades Familiares en Orlando[\/custom_headline]\r\n[responsive_text selector=\".responsive-heading\" compression=\"1.5\" min_size=\"18px\" max_size=\"30px\"]\r\n\r\nEl parque Loch Haven Park, ubicado entre tres lagos, ofrece un paisaje pintoresco para correr y jugar. Este parque es el hogar del Orlando Shakespeare Theater, <a href=\"http:\/\/www.osc.org\/\" target=\"_blank\" rel=\"noopener noreferrer\">Orlando Science Center<\/a>, Orlando Museum of Art, Orlando Fire Museum y el Orlando Repertory Theatre, conocido por sus presentaciones para ni\u00f1os.\r\n\r\nOtras opciones incluyen un tour en canoa por Wekiwa Springs o visitar los manat\u00eds en el Blue Springs State Park. Podrias hasta visitar la granja Green Meadows Farm donde conocer\u00e1s una variedad de animales o pasear en un poni.\r\n\r\nOrlando ofrece la oportunidad de ver un juego de NBA con el equipo Orlando Magic. Podr\u00edas pasear en un bote a\u00e9reo, manejar go-karts, o hasta recoger naranjas. La diversion familiar nunca acaba y solo comienza con Disney, SeaWorld y Universal Studios. \r\n<!-- Text -->\r\n\r\n\r\n<hr class=\"darker-hr mtl mbl\" \/>\r\n\r\n<!-- Attraction -->\r\n[column type=\"one-third\"]\r\n<div class=\"responsive-crop\"><img decoding=\"async\" src=\"https:\/\/westgatecdn.com\/2015\/07\/Orlando-Disney-Vacations.png\" alt=\"Disney Vacations at Westgate Lakes Resort\" \/><\/div>\r\n[\/column]\r\n[column type=\"two-thirds\" last=\"true\"]\r\n[visibility type=\"visible-phone\"][gap size=\"2em\"][\/visibility]\r\n<h4 class=\"mtn\">Walt Disney World Resort<\/h4>\r\nWalt Disney World Resort consiste de cuatro parques tem\u00e1ticos principales, dos divertidos parques acu\u00e1ticos, y una variedad de tiendas y entretenimiento. A\u00f1\u00e1dele las temperaturas subtropicales y el sol de Orlando y todo suma a una experiencia m\u00e1gica dise\u00f1ada para crear recuerdos para ni\u00f1os de todas las edades que durar\u00e1n toda la vida. \u00a1D\u00f3nde m\u00e1s podr\u00e1s visitar el castillo de la Cenicienta, dar una vuelta al mundo, ir en un safari africano, hacer un tour por un estudio de filmaci\u00f3n, y conocer el rat\u00f3n m\u00e1s famoso del mundo! Los cuatro parques tem\u00e1ticos principales de Walt Disney World Resorts - Magic Kingdom\u00ae, Epcot\u00ae, Disney\u2019s Hollywood Studios\u00ae y Animal Kingdom\u00ae - ofrecen algo para todos. De hecho, nuestro Westgate Lakes te ofrece transportaci\u00f3n gratuita hacia Disney World y de regreso. \r\n[\/column]<!-- End Attraction -->\r\n[clear]\r\n\r\n<hr class=\"darker-hr mtl mbl\" \/>\r\n\r\n<!-- Attraction -->\r\n[column type=\"one-third\"]\r\n<div class=\"responsive-crop\"><img decoding=\"async\" src=\"https:\/\/westgatecdn.com\/2015\/07\/Universal-Studios-Orlando_660x550.jpg\" alt=\"Universal Studios Vacation Packages\" \/><\/div>\r\n[\/column]\r\n[column type=\"two-thirds\" last=\"true\"]\r\n[visibility type=\"visible-phone\"]\r\n[gap size=\"2em\"]\r\n[\/visibility]\r\n<h4 class=\"mtn\">Universal Orlando Resort<\/h4>\r\nPel\u00edculas Taquilleras. Atracciones llenas de adrenalina. Shows espectaculares. Vida nocturna ecl\u00e9ctica. Mini Golf. Restaurantes ic\u00f3nicos. Eventos exclusivos. M\u00fasica magnifica. Todo eso y m\u00e1s es parte del emocionante Universal Orlando Resort.  Comenzando con Universal City Walk, \u00e1rea famosa por la vida nocturna,   Universal Orlando Resort ofrece doble diversi\u00f3n con sus dos parques tem\u00e1ticos extraordinarios: Universal Orlando Florida\u00ae and Universal\u2019s Islands of Adventure\u00ae. Disfruta de la emoci\u00f3n del legendario Islands of Adventure\u00ae o pasea por tus pel\u00edculas favoritas en Universal Orlando Florida\u00ae.  Ambos ofrecen atracciones sorprendentes y la emoci\u00f3n del Mundo M\u00e1gico de Harry Potter \u2122.\r\n\r\n[\/column]\r\n<!-- End Attraction -->\r\n[clear]\r\n\r\n<hr class=\"darker-hr mtl mbl\" \/>\r\n\r\n<!-- Attraction -->\r\n[column type=\"one-third\"]\r\n<div class=\"responsive-crop\"><img decoding=\"async\" src=\"https:\/\/westgatecdn.com\/2015\/07\/Seaworld-Orlando_660X550.jpg\" alt=\"SeaWorld Orlando\" \/><\/div>\r\n[\/column]\r\n[column type=\"two-thirds\" last=\"true\"]\r\n[visibility type=\"visible-phone\"][gap size=\"2em\"][\/visibility]\r\n<h4 class=\"mtn\">SeaWorld Orlando<\/h4>\r\nConocido como el primer parque marino del mundo, Sea World Orlando Florida tiene 200 acres de espect\u00e1culos de clase mundial, atracciones de primera, y encuentros inolvidables con los animales. Las aventuras de SeaWorld Orlando incluyen mantarrayas, alimentar delfines, admirar delfines y orcas, acercarte a tiburones, y con una colonia de ping\u00fcinos. Tambi\u00e9n encontrar\u00e1s la monta\u00f1a rusa m\u00e1s r\u00e1pida, larga y sin piso, de Orlando, Kraken. Disfrutar\u00e1s de otras monta\u00f1as rusas como Journey to Atlantis que termina en una zambullida y Manta, elegida como la mejor monta\u00f1a rusa por los aficionados de estas.\r\n\r\n[\/column]\r\n[clear]\r\n[content-block name=\"4-3-59\"]\r\n[clear]\r\n\r\n[custom_headline type=\"left\" level=\"h3\" looks_like=\"h5\" class=\"mts\"]Destinos para <a href=\"[home_url]vacations\/family-vacations\/\">Vacaciones Familiares<\/a>[\/custom_headline]\r\n[column type=\"one-half\"]\r\n<ul>\r\n<li><a href=\"[home_url]vacations\/family-vacations\/gatlinburg-vacation\/\">Vacaciones Familiares en Gatlinburg<\/a><\/li>\r\n<li><a href=\"[home_url]vacations\/family-vacations\/branson-family-fun\/\">Vacaciones Familiares en Branson<\/a><\/li>\r\n<li><a href=\"[home_url]vacations\/family-vacations\/myrtle-beach\/\">Vacaciones Familiares en Myrtle Beach<\/a><\/li>\r\n<\/ul>\r\n\r\n[gap size=\"2em\"]","protected":false},"excerpt":{"rendered":"<p>[content_band class=\"text-white center-text\" no_margin=\"true\" inner_container=\"true\" padding_top=\"30px\" padding_bottom=\"20px\" bg_color=\"#ffffff\" bg_image=\"https:\/\/westgatecdn.com\/2015\/09\/Orlando-Family-Vacations.jpg\"] [column type=\"whole\" ] [custom_headline type=\"center\" level=\"h1\" looks_like=\"h2\" accent=\"true\" style=\"color:#fff; text-shadow: 2px 2px 1px rgba(0, 0, 0, 1);\"]Vacaciones Familiares en Orlando, FL[\/custom_headline] ... <\/p>\n<div><a href=\"https:\/\/www.westgatereservations.com\/es\/vacations\/family-vacations\/things-to-do-in-orlando\/\" class=\"more-link\">Leer M\u00e1s<\/a><\/div>\n","protected":false},"author":6,"featured_media":0,"parent":5492,"menu_order":0,"comment_status":"open","ping_status":"closed","template":"template-blank-4.php","meta":{"footnotes":""},"_links":{"self":[{"href":"https:\/\/www.westgatereservations.com\/es\/wp-json\/wp\/v2\/pages\/5493"}],"collection":[{"href":"https:\/\/www.westgatereservations.com\/es\/wp-json\/wp\/v2\/pages"}],"about":[{"href":"https:\/\/www.westgatereservations.com\/es\/wp-json\/wp\/v2\/types\/page"}],"author":[{"embeddable":true,"href":"https:\/\/www.westgatereservations.com\/es\/wp-json\/wp\/v2\/users\/6"}],"replies":[{"embeddable":true,"href":"https:\/\/www.westgatereservations.com\/es\/wp-json\/wp\/v2\/comments?post=5493"}],"version-history":[{"count":0,"href":"https:\/\/www.westgatereservations.com\/es\/wp-json\/wp\/v2\/pages\/5493\/revisions"}],"up":[{"embeddable":true,"href":"https:\/\/www.westgatereservations.com\/es\/wp-json\/wp\/v2\/pages\/5492"}],"wp:attachment":[{"href":"https:\/\/www.westgatereservations.com\/es\/wp-json\/wp\/v2\/media?parent=5493"}],"curies":[{"name":"wp","href":"https:\/\/api.w.org\/{rel}","templated":true}]}}