{"id":5492,"date":"2015-06-02T19:06:19","date_gmt":"2015-06-02T19:06:19","guid":{"rendered":"https:\/\/www.westgatereservations.com\/es\/vacations\/family-vacations\/"},"modified":"2020-01-10T11:13:04","modified_gmt":"2020-01-10T16:13:04","slug":"family-vacations","status":"publish","type":"page","link":"https:\/\/www.westgatereservations.com\/es\/vacations\/family-vacations\/","title":{"rendered":"Family Vacation"},"content":{"rendered":"<!-- Title-->[custom_headline type=\"left\" level=\"h1\" class=\"mtn\" looks_like=\"h3\"]Vacaciones Familiares con Westgate Resorts [\/custom_headline]\r\n[responsive_text selector=\".responsive-heading\" compression=\"1.5\" min_size=\"18px\" max_size=\"30px\"]\r\n<!-- Second line Title-->[custom_headline class=\"mts\" type=\"left\" level=\"h2\" looks_like=\"h5\"]Un Resort para tu familia en los destinos familiares m\u00e1s populares[\/custom_headline]\r\n[responsive_text selector=\".responsive-heading\" compression=\"1.5\" min_size=\"18px\" max_size=\"30px\"]\r\n<img decoding=\"async\" src=\"https:\/\/westgatecdn.com\/2015\/06\/family-vacation-beach_860x250.jpg\" alt=\"Orlando Beach Vacation\" title=\"Orlando Beach Vacation\"\/>\r\n\r\n\r\n<p class=\"mtm\">Westgate Resorts ofrece una variedad de <strong><em>destinos vacacionales para la familia<\/em><\/strong>  ideal para hacer recuerdos con tus seres queridos en cualquier \u00e9poca del a\u00f1o. Desde la adrenalina de las monta\u00f1as rusas y atracciones en los parques tem\u00e1ticos m\u00e1s populares del mundo hasta playas, shows y m\u00e1s. \u00a1Siempre encontrar\u00e1s algo para hacer cerca de nuestros resorts!<\/p>\r\n\r\n<p><strong>Orlando, Florida<\/strong> - Desde parques tem\u00e1ticos de clase mundial como Walt Disney World, Universal Studios Orlando y SeaWorld Orlando hasta tiendas internacionales, restaurantes y vida nocturna, Orlando permanece como el destino preferido de familias en el mundo. <\/p>.\r\n<!-- Button -->[button href=\"{home_url}vacations\/family-vacations\/things-to-do-in-orlando\/\" class=\"mbs\" shape=\"rounded\" size=\"regular\" float=\"right\"]Vacaciones Familiares en Orlando [icon type=\"arrow-alt-circle-right\"][\/button]\r\n[clear]\r\n[line]\r\n\r\n<p><strong>Myrtle Beach, Carolina del Sur<\/strong> - Con parques tem\u00e1ticos, atracciones, campos de golf, y playas hermosas en el Grand Strand, Myrtle Beach permanece como el destino playero preferido por familias en los Estados Unidos. <\/p>\r\n<!-- Button -->[button href=\"{home_url}vacations\/family-vacations\/myrtle-beach\/\" class=\"mbs\" shape=\"rounded\" size=\"regular\" float=\"right\"]Vacaciones Familiares en Myrtle Beach [icon type=\"arrow-alt-circle-right\"][\/button]\r\n[clear]\r\n[line]\r\n\r\n<p><strong>Branson, Missouri<\/strong> - Con m\u00e1s de 100 espect\u00e1culos y conciertos para la familia, un parque tem\u00e1tico, actividades al aire libre, y atracciones y lagos asombrosos, Branson es el destino ideal para ni\u00f1os, padres, abuelos, \u00a1todos! <\/p>\r\n<!-- Button -->[button href=\"{home_url}vacations\/family-vacations\/branson-family-fun\/\" class=\"mbs\" shape=\"rounded\" size=\"regular\" float=\"right\"]Vacaciones Familiares en Branson [icon type=\"arrow-alt-circle-right\"][\/button]\r\n[clear]\r\n[line]\r\n\r\n<p><strong>Park City, Utah<\/strong> - Visita las monta\u00f1as donde encontrar\u00e1s la mejor nieve del mundo y el lugar perfecto para que tu familia aprenda a esquiar en las mejores inclinaciones y cuestas. Tambi\u00e9n podr\u00e1s disfrutar de otras actividades como golf, ciclismo, senderismo, y paseo en balsa en el verano.<\/p>\r\n\r\n<p><strong>Gatlinburg, Tennessee<\/strong> - Goza de la naturaleza en las Great Smoky Mountains donde la familia entera podr\u00e1 hacer senderismo, ver la vida silvestre, explorar un acuario asombroso, conocer el espectacular parque tem\u00e1tico Dollywood, o el parque acu\u00e1tico Wild Bear Falls. <\/p>\r\n\r\n<p><strong>Williamsburg, Virginia<\/strong> - Explora y aprecia el hist\u00f3rico Williamsburg Colonial donde encontrar\u00e1s el museo hist\u00f3rico viviente m\u00e1s grande del mundo y el sonido de los tiempos coloniales al igual que la adrenalina y emoci\u00f3n del parque tem\u00e1tico Busch Gardens. <\/p>\r\n\r\n\r\n[gap size=\"2em\"]","protected":false},"excerpt":{"rendered":"<p>[custom_headline type=\"left\" level=\"h1\" class=\"mtn\" looks_like=\"h3\"]Vacaciones Familiares con Westgate Resorts [\/custom_headline] [responsive_text selector=\".responsive-heading\" compression=\"1.5\" min_size=\"18px\" max_size=\"30px\"] [custom_headline class=\"mts\" type=\"left\" level=\"h2\" looks_like=\"h5\"]Un Resort para tu familia en los destinos familiares m\u00e1s populares[\/custom_headline] ... <\/p>\n<div><a href=\"https:\/\/www.westgatereservations.com\/es\/vacations\/family-vacations\/\" class=\"more-link\">Leer M\u00e1s<\/a><\/div>\n","protected":false},"author":6,"featured_media":0,"parent":5364,"menu_order":0,"comment_status":"open","ping_status":"closed","template":"template-layout-content-sidebar.php","meta":{"footnotes":""},"_links":{"self":[{"href":"https:\/\/www.westgatereservations.com\/es\/wp-json\/wp\/v2\/pages\/5492"}],"collection":[{"href":"https:\/\/www.westgatereservations.com\/es\/wp-json\/wp\/v2\/pages"}],"about":[{"href":"https:\/\/www.westgatereservations.com\/es\/wp-json\/wp\/v2\/types\/page"}],"author":[{"embeddable":true,"href":"https:\/\/www.westgatereservations.com\/es\/wp-json\/wp\/v2\/users\/6"}],"replies":[{"embeddable":true,"href":"https:\/\/www.westgatereservations.com\/es\/wp-json\/wp\/v2\/comments?post=5492"}],"version-history":[{"count":0,"href":"https:\/\/www.westgatereservations.com\/es\/wp-json\/wp\/v2\/pages\/5492\/revisions"}],"up":[{"embeddable":true,"href":"https:\/\/www.westgatereservations.com\/es\/wp-json\/wp\/v2\/pages\/5364"}],"wp:attachment":[{"href":"https:\/\/www.westgatereservations.com\/es\/wp-json\/wp\/v2\/media?parent=5492"}],"curies":[{"name":"wp","href":"https:\/\/api.w.org\/{rel}","templated":true}]}}