{"id":5478,"date":"2015-05-28T19:10:14","date_gmt":"2015-05-28T19:10:14","guid":{"rendered":"https:\/\/www.westgatereservations.com\/es\/vacations\/beach-vacations\/"},"modified":"2023-06-07T14:29:11","modified_gmt":"2023-06-07T18:29:11","slug":"beach-vacations","status":"publish","type":"page","link":"https:\/\/www.westgatereservations.com\/es\/vacations\/beach-vacations\/","title":{"rendered":"Vacaciones Playeras"},"content":{"rendered":"<!-- Title-->[custom_headline type=\"left\" class=\"mtn\" level=\"h1\" looks_like=\"h3\"]Vacaciones Playeras con Westgate Resorts[\/custom_headline]\r\n[responsive_text selector=\".responsive-heading\" compression=\"1.5\" min_size=\"18px\" max_size=\"30px\"]\r\n<!-- Second line Title-->[custom_headline class=\"mts\" type=\"left\" level=\"h2\" looks_like=\"h5\"]Cuando se trata de diversi\u00f3n al aire libre, \u00a1no hay nada mejor que unas vacaciones en la playa![\/custom_headline]\r\n[responsive_text selector=\".responsive-heading\" compression=\"1.5\" min_size=\"18px\" max_size=\"30px\"]\r\n<!--Top Banner-->\r\n<img decoding=\"async\" src=\"https:\/\/westgatecdn.com\/2015\/06\/beach_vacation-getaway_860x300.jpg\" alt=\"Beach Vacations with Westgate\" title=\"Beach Vacations with Westgate\"\/>\r\n\r\n<p class=\"mtm\">\u00a1Aventura, sol, playa y arena! Westgate Resorts te ofrece una variedad de playas. Ya sea que prefieres un destino con una playa m\u00e1s familiar como Myrtle Beach, SC o una m\u00e1s popular como lo es South Beach en Miami, Westgate te brinda un resort que colocar\u00e1 las olas a tus pies. <\/p>\r\n\r\n<!-- Image siz:860-200--><img decoding=\"async\" src=\"https:\/\/westgatecdn.com\/2015\/06\/beach-vacation_860x300.jpg\" alt=\"Myrtle Beach Pier\" \/>\r\n\r\n<!-- Title-->[custom_headline class=\"mtm\" type=\"left\" level=\"h3\" looks_like=\"h5\"]Vacaciones Playeras en Myrtle Beach[\/custom_headline]\r\n[responsive_text selector=\".responsive-heading\" compression=\"1.5\" min_size=\"18px\" max_size=\"30px\"]\r\n<!-- Text -->\r\n\r\n<p>Con docenas de atracciones para toda la familia, tiendas y restaurants excelentes, campos de golf profesional, y 60 millas de playa, Myrtle Beach permanece como una de las playas favoritas de los Estados Unidos. Disfruta de una hermosa playa, m\u00e1s de 100 campos de golf, docenas de museos, atracciones divertidas y una vida nocturna incre\u00edble. <\/p>\r\n\r\n\r\n<!-- Button -->[button href=\"{home_url}vacations\/beach-vacations\/south-carolina-myrtle-beach\/\" class=\"mbs\" shape=\"rounded\" size=\"regular\" float=\"right\"]Vacaciones en Myrtle Beach[icon type=\"arrow-circle-right\"][\/button]\r\n[clear]\r\n[line]\r\n\r\n<!-- Title-->[custom_headline class=\"mts\" type=\"left\" level=\"h3\" looks_like=\"h5\"]Lo Mejor de Ambos Mundos \u2013 parques tem\u00e1ticos y vacaciones en la playa[\/custom_headline]\r\n[responsive_text selector=\".responsive-heading\" compression=\"1.5\" min_size=\"18px\" max_size=\"30px\"]\r\n<!-- Text -->\r\n\r\n<p><strong>Orlando, Florida<\/strong> es instant\u00e1neamente conocido como el destino con los mejores parques tem\u00e1ticos del mundo, pero cuando te tomas un descanso de las atracciones de estos, el Oc\u00e9ano Atl\u00e1ntico y las playas est\u00e1n a un corto viaje en auto de Orlando. Cocoa Beach es la m\u00e1s cercana de Orlando y es el lugar perfecto para un corto viaje durante el d\u00eda. Encuentra un lugar acogedor y tranquilo en las seis millas de playa y rel\u00e1jate debajo del sol de Florida. Si est\u00e1s buscando un poco de m\u00e1s acci\u00f3n, tiene kayaks y tablas de surf disponibles para alquiler.  <\/p>\r\n\r\n<!-- Button -->[button href=\"{home_url}vacations\/beach-vacations\/beaches-near-orlando-fl\/\" class=\"mbs\" shape=\"rounded\" size=\"regular\" float=\"right\"]Vacaciones en Orlando[icon type=\"arrow-circle-right\"][\/button]\r\n[clear]\r\n[gap size=\"2em\"]","protected":false},"excerpt":{"rendered":"<p>[custom_headline type=\"left\" class=\"mtn\" level=\"h1\" looks_like=\"h3\"]Vacaciones Playeras con Westgate Resorts[\/custom_headline] [responsive_text selector=\".responsive-heading\" compression=\"1.5\" min_size=\"18px\" max_size=\"30px\"] [custom_headline class=\"mts\" type=\"left\" level=\"h2\" looks_like=\"h5\"]Cuando se trata de diversi\u00f3n al aire libre, \u00a1no hay nada mejor ... <\/p>\n<div><a href=\"https:\/\/www.westgatereservations.com\/es\/vacations\/beach-vacations\/\" class=\"more-link\">Leer M\u00e1s<\/a><\/div>\n","protected":false},"author":6,"featured_media":0,"parent":5364,"menu_order":5,"comment_status":"open","ping_status":"closed","template":"template-layout-content-sidebar.php","meta":{"footnotes":""},"_links":{"self":[{"href":"https:\/\/www.westgatereservations.com\/es\/wp-json\/wp\/v2\/pages\/5478"}],"collection":[{"href":"https:\/\/www.westgatereservations.com\/es\/wp-json\/wp\/v2\/pages"}],"about":[{"href":"https:\/\/www.westgatereservations.com\/es\/wp-json\/wp\/v2\/types\/page"}],"author":[{"embeddable":true,"href":"https:\/\/www.westgatereservations.com\/es\/wp-json\/wp\/v2\/users\/6"}],"replies":[{"embeddable":true,"href":"https:\/\/www.westgatereservations.com\/es\/wp-json\/wp\/v2\/comments?post=5478"}],"version-history":[{"count":0,"href":"https:\/\/www.westgatereservations.com\/es\/wp-json\/wp\/v2\/pages\/5478\/revisions"}],"up":[{"embeddable":true,"href":"https:\/\/www.westgatereservations.com\/es\/wp-json\/wp\/v2\/pages\/5364"}],"wp:attachment":[{"href":"https:\/\/www.westgatereservations.com\/es\/wp-json\/wp\/v2\/media?parent=5478"}],"curies":[{"name":"wp","href":"https:\/\/api.w.org\/{rel}","templated":true}]}}