{"id":5473,"date":"2015-06-11T20:34:25","date_gmt":"2015-06-11T20:34:25","guid":{"rendered":"https:\/\/www.westgatereservations.com\/es\/vacations\/theme-park\/dollywood-theme-park\/"},"modified":"2020-01-10T11:46:10","modified_gmt":"2020-01-10T16:46:10","slug":"dollywood-theme-park","status":"publish","type":"page","link":"https:\/\/www.westgatereservations.com\/es\/vacations\/theme-park\/dollywood-theme-park\/","title":{"rendered":"dollywood theme park"},"content":{"rendered":"<!-- Title-->\r\n[custom_headline type=\"left\" class=\"mtn\" level=\"h1\" looks_like=\"h3\"]Parque Tem\u00e1tico Dollywood[\/custom_headline]\r\n[responsive_text selector=\".responsive-heading\" compression=\"1.5\" min_size=\"18px\" max_size=\"30px\"]\r\n<!-- Second line Title-->[custom_headline class=\"mts responsive-subheading\" type=\"left\" level=\"h2\" looks_like=\"h5\"]\u00a1Emoci\u00f3n y aventura en las Smoky Mountains![\/custom_headline]\r\n[responsive_text selector=\".responsive-subheading\" compression=\"1.5\" min_size=\"18px\" max_size=\"24px\"]\r\n\r\n<img decoding=\"async\" src=\"https:\/\/westgatecdn.com\/2015\/08\/dollywood-theme-park-860x250.jpg\" alt=\"dollywood theme park\" title=\"Dollywood Theme Park\" \/>\r\n\r\n<!-- Text -->\r\n<p class=\"mtm\">Monta\u00f1as rusas incre\u00edbles, excursiones de agua atrevidas, paseos en familia, paseos para ni\u00f1os, espect\u00e1culos en vivo, restaurantes deliciosos y m\u00e1s - todo es parte de la diversi\u00f3n en el <a href=\"https:\/\/www.westgatereservations.com\/es\/vacations\/theme-park\/\">parque tem\u00e1tico<\/a> Dollywood. Situado en el coraz\u00f3n de las Grandes Smoky Mountains en Tennessee, <strong>Dollywood<\/strong> sigue siendo uno de los destinos favoritos cerca de Gatlinburg.<\/p>\r\n\r\n<h4 class=\"mts\" >Festivales Anuales Populares<\/h4>\r\n<strong>Dollywood<\/strong> tambi\u00e9n cuenta con cinco de los festivales anuales m\u00e1s grandes del Sur entre marzo y diciembre, cada uno ofreciendo una mezcla \u00fanica de entretenimiento familiar y aventura.<\/p>\r\n\r\n<p>El <strong>Festival de las Naciones<\/strong> de Dollywood  ofrece cinco semanas de eventos culturales por artistas de todo el mundo. Trae tu apetito para el <strong>Festival de la Barbacoa y Bluegrass<\/strong>, con los artistas m\u00e1s grandes de la m\u00fasica bluegrass mientras saboreas la barbacoa m\u00e1s sabrosa del pa\u00eds. \u00danete a tus hijos para un d\u00eda lleno de diversi\u00f3n en el <strong>Festival de Verano de Am\u00e9rica<\/strong> de Dollywood. Durante la <strong>Celebraci\u00f3n Nacional del Gospel Sure\u00f1o<\/strong>, los artesanos toman el centro del escenario y muestras sus habilidades. Trae a toda tu familia para una celebraci\u00f3n navide\u00f1a \u00fanica durante el <strong>Smoky Mountain Christmas<\/strong> de Dollywood.<\/p>\r\n\r\n<img decoding=\"async\" class=\"x-img x-img-none left\" src=\"https:\/\/westgatecdn.com\/2015\/08\/dollywood_360x250.jpg\" alt=\"BarnStormer at Dollywood\">\r\n\r\n<p><strong>Paseos en el Aire<\/strong><\/p>\r\n<p>Algunos juegos y atracciones en el parque tem\u00e1tico Dollywood incluyen <strong>Wild Eagle<\/strong>, la primera monta\u00f1a rusa de Am\u00e9rica que lleva a los visitantes volando alto por encima de los Smoky Mountains; <strong>Daredevil Falls<\/strong>, una expedici\u00f3n en barco \u00fanica a trav\u00e9s de un campamento abandonado; <strong>Smoky Mountain River Rampage<\/strong>, una aventura de aguas blancas; <strong>Barnstormer<\/strong>, un p\u00e9ndulo que alcanza las 45 mph y 81 pies de altura; <strong>Mystery Mine<\/strong>, una monta\u00f1a rusa de acero con una subida de 95 grados, y una ca\u00edda de 85 pies.<\/p>\r\n\r\n<p><strong>Lo Mejor en Entretenimiento en Vivo<\/strong><\/p>\r\n<p>Con personas como Dolly Parton, podr\u00e1s estar seguro de que Dollywood ofrece entretenimiento en vivo excepcional. Disfruta de Country, Bluegrass, Gospel sure\u00f1o, rock cl\u00e1sico y la m\u00fasica de los a\u00f1os 50 en varias tarimas en vivo. Los artesanos de Dollywood orgullosamente contin\u00faan una tradici\u00f3n centenaria en los Smoky Mountains con presentaciones diarias de herrer\u00eda, fabricaci\u00f3n de vidrio soplado a mano y y mucho m\u00e1s.<\/p>\r\n\r\n<p>Para a\u00fan m\u00e1s aventura, visita el parque hermano de Dollywood, <strong>Splash Country<\/strong>, que cuenta con m\u00e1s de 23 toboganes, atracciones mec\u00e1nicas y \u00e1reas de juegos infantiles interactivas.<\/p>\r\n\r\n<div class=\"x-callout center-text\">\r\n<h2 class=\"h-callout\">4 d\u00edas\/3 noches en Gatlinburg desde $79<\/h2>\r\n<p class=\"p-callout\">Conoce las Great Smoky Mountains y visita Dollywood.<\/p>\r\n[phone_link class=\"x-btn\" title=\"Call Today\"]<i class=\"x-icon-phone\"><\/i>Llama hoy [tel][\/phone_link]\r\n<\/div>\r\n\r\n[gap size=\"2em\"]","protected":false},"excerpt":{"rendered":"<p>[custom_headline type=\"left\" class=\"mtn\" level=\"h1\" looks_like=\"h3\"]Parque Tem\u00e1tico Dollywood[\/custom_headline] [responsive_text selector=\".responsive-heading\" compression=\"1.5\" min_size=\"18px\" max_size=\"30px\"] [custom_headline class=\"mts responsive-subheading\" type=\"left\" level=\"h2\" looks_like=\"h5\"]\u00a1Emoci\u00f3n y aventura en las Smoky Mountains![\/custom_headline] [responsive_text selector=\".responsive-subheading\" compression=\"1.5\" min_size=\"18px\" max_size=\"24px\"] Monta\u00f1as ... <\/p>\n<div><a href=\"https:\/\/www.westgatereservations.com\/es\/vacations\/theme-park\/dollywood-theme-park\/\" class=\"more-link\">Leer M\u00e1s<\/a><\/div>\n","protected":false},"author":6,"featured_media":0,"parent":5373,"menu_order":0,"comment_status":"open","ping_status":"closed","template":"template-layout-content-sidebar.php","meta":{"footnotes":""},"_links":{"self":[{"href":"https:\/\/www.westgatereservations.com\/es\/wp-json\/wp\/v2\/pages\/5473"}],"collection":[{"href":"https:\/\/www.westgatereservations.com\/es\/wp-json\/wp\/v2\/pages"}],"about":[{"href":"https:\/\/www.westgatereservations.com\/es\/wp-json\/wp\/v2\/types\/page"}],"author":[{"embeddable":true,"href":"https:\/\/www.westgatereservations.com\/es\/wp-json\/wp\/v2\/users\/6"}],"replies":[{"embeddable":true,"href":"https:\/\/www.westgatereservations.com\/es\/wp-json\/wp\/v2\/comments?post=5473"}],"version-history":[{"count":0,"href":"https:\/\/www.westgatereservations.com\/es\/wp-json\/wp\/v2\/pages\/5473\/revisions"}],"up":[{"embeddable":true,"href":"https:\/\/www.westgatereservations.com\/es\/wp-json\/wp\/v2\/pages\/5373"}],"wp:attachment":[{"href":"https:\/\/www.westgatereservations.com\/es\/wp-json\/wp\/v2\/media?parent=5473"}],"curies":[{"name":"wp","href":"https:\/\/api.w.org\/{rel}","templated":true}]}}