{"id":5463,"date":"2015-06-10T19:30:43","date_gmt":"2015-06-10T19:30:43","guid":{"rendered":"https:\/\/www.westgatereservations.com\/es\/vacations\/theme-park\/seaworld\/busch-gardens-tampa-florida\/"},"modified":"2023-06-07T15:07:32","modified_gmt":"2023-06-07T19:07:32","slug":"busch-gardens-tampa-florida","status":"publish","type":"page","link":"https:\/\/www.westgatereservations.com\/es\/vacations\/theme-park\/seaworld\/busch-gardens-tampa-florida\/","title":{"rendered":"Busch Gardens Tampa Florida"},"content":{"rendered":"<!-- Title-->[custom_headline class=\"mtn\" type=\"left\" level=\"h1\" looks_like=\"h3\"]Busch Gardens Tampa[\/custom_headline]\r\n[responsive_text selector=\".responsive-heading\" compression=\"1.5\" min_size=\"18px\" max_size=\"30px\"]\r\n<!-- Second line Title-->[custom_headline class=\"mts responsive-subheading\" type=\"left\" level=\"h2\" looks_like=\"h5\"]\u00a1Una Aventura Africana![\/custom_headline]\r\n[responsive_text selector=\".responsive-subheading\" compression=\"1.5\" min_size=\"18px\" max_size=\"24px\"]\r\n<!--Top Banner-->\r\n<img decoding=\"async\" src=\"https:\/\/westgatecdn.com\/2015\/07\/busch-gardens_860x250.jpg\" alt=\"Busch Gardens Tampa Florida\" \/>\r\n\r\n<p class=\"mtm\">A corta distancia de Orlando, Busch Gardens Tampa ofrece un sabor \u00fanico de \u00c1frica con suficiente aventura. Disfruta de encuentros cara a cara con animales asombrosos, pasea por un safari a trav\u00e9s de los Planos Serengeti, disfruta de un show o una de las monta\u00f1as rusas del parque.\r\n\r\n<p><strong>Aventuras a Toda Velocidad<\/strong><\/p>\r\n<strong>SheiKra<\/strong> te coloca al borde de tu asiento con una atracci\u00f3n que te eleva 200 pies hacia arriba y una ca\u00edda de 90 grados. Para m\u00e1s emoci\u00f3n, sube a la monta\u00f1a rusa de madera <strong>Gwazi<\/strong> o Kumba, una monta\u00f1a rusa de acero. Goza de la velocidad y poder de la atracci\u00f3n m\u00e1s larga del parque, <strong>Cheetah Hunt<\/strong>, una monta\u00f1a rusa que sube y baja por una ca\u00edda rocosa.  <\/p>\r\n\r\n<p><strong>Interacciones \u00danicas con Animales<\/strong><\/p>\r\n<p>Claro est\u00e1, en <strong><em>Busch Gardens Tampa Florida<\/em><\/strong> est\u00e1 tambi\u00e9n repleto de otras experiencias. Tome un viaje a trav\u00e9s de la llanura salvaje africana en una inolvidable <strong>Serengeti Safari<\/strong> con cientos de animales como cebras, jirafas, avestruces y mucho m\u00e1s. Ven y aprende acerca de hipop\u00f3tamos, leones, hienas, l\u00e9mures, suricatos, cocodrilos, buitres o visite Cheetah Run donde se puede presenciar la magia de los animales terrestres m\u00e1s r\u00e1pidos del mundo.<\/p>\r\n\r\n<p><strong>Entretenimiento en Vivo<\/strong><\/p>\r\n<p>Si te gusta el entretenimiento en vivo, disfruta de <strong>Madagascar Live! Operation: Vacation<\/strong>, un show musical con cantantes, bailarines y una banda en vivo. <\/p>\r\n\r\n[image src=\"https:\/\/westgatecdn.com\/2015\/07\/busch-gardens_360x250.jpg\" type=\"none\" float=\"left\" alt=\"Busch Gardens Tampa Florida\" title=\"Busch Gardens Tampa Florida\" info=\"none\" info_place=\"top\" info_trigger=\"hover\"]\r\n\r\n<p><strong>Iceploration<\/strong>, es un show de 30 minutos que combina patinadores sobre hielo de clase mundial, marionetas, vestidos incre\u00edbles, m\u00fasica original y animales estrellas. Este asombroso espect\u00e1culo cuenta la historia de Austin, un chico que suelta su tel\u00e9fono m\u00f3vil y tecnolog\u00eda y se va a explorar el mundo, incluyendo Serengeti, la Gran Barrera de Coral, el \u00c1rtico y la selva amaz\u00f3nica.<\/p>\r\n\r\n<p><strong>Aventuras Gigantes para los Peque\u00f1os<\/strong><\/p>\r\n\r\n<p>\r\nAlgunas atracciones para los ni\u00f1os incluyen el <strong>Sesame Street Safari of Fun<\/strong>, un paseo lleno de aventuras inolvidables. Sube al avi\u00f3n de Grover, busca a The Count en un auto especial, vuela con Snuffy, da una vuelta en el carrusel con Elmo, o prueba una galleta en el <strong>Cookie Monster\u2019s Canopy Crawl<\/strong>, entre otras cosas. \r\n\r\n<p><strong>Extravagancias Anuales<\/strong><\/p>\r\nHay eventos anuales que no te querr\u00e1s perder en Busch Gardens Tampa. Entre estos est\u00e1 el evento del d\u00eda de brujas, <strong>HOWL-O-SCREAM<\/strong>, y la celebraci\u00f3n navide\u00f1a, <strong>Christmas Town<\/strong>.<\/p>  \r\n\r\n\r\n[content-block name=\"3days-nights-theme-park-tickets-special\"]\r\n\r\n<div class=\"responsive-crop\">\r\n[image src=\"https:\/\/westgatecdn.com\/2015\/07\/busch-gardens_360x550.jpg\" type=\"none\" float=\"right\" alt=\"Busch Gardens Tampa Florida\" title=\"Busch Gardens Tampa Florida\" info=\"none\" info_place=\"top\" info_trigger=\"hover\" style=\"width:250px;\"]\r\n<\/div>\r\n\r\n<p>Si te encantan los animales, entonces es importante contarte que Busch Gardens Tampa Florida es uno de los zool\u00f3gicos m\u00e1s grandes de Norteam\u00e9rica.<\/p>\r\n\r\n<p>Aunque este parque ofrece monta\u00f1as rusas galardonadas, entretenimiento y shows en vivo de clase mundial, Busch Gardens Tampa Florida es el hogar de m\u00e1s de 12,000 animales de sobre 250 especies y 30 que est\u00e1n en peligro de extinci\u00f3n. Algunos animales incluyen hipop\u00f3tamos, guepardos, hienas, tigres, elefantes asi\u00e1ticos, orangutanes, cocodrilos del Nilo y mucho m\u00e1s.\r\n\r\n[custom_headline type=\"left\" level=\"h3\" looks_like=\"h5\" class=\"mts\"]Parques Tem\u00e1ticos <a href=\"\/es\/vacations\/theme-park\/seaworld\/\">SeaWorld<\/a>[\/custom_headline]\r\n<ul>\r\n<li><a href=\"[home_url]vacations\/theme-park\/seaworld\/aquatica-water-park\/\">Aquatica<\/a><\/li>\r\n<li><a href=\"[home_url]vacations\/theme-park\/seaworld\/discovery-cove-orlando-florida\/\">Discovery Cove<\/a><\/li>\r\n<li><a href=\"[home_url]vacations\/theme-park\/seaworld\/seaworld-orlando\/\">SeaWorld Orlando<\/a><\/li>\r\n<\/ul>\r\n\r\n[gap size=\"2em\"]","protected":false},"excerpt":{"rendered":"<p>[custom_headline class=\"mtn\" type=\"left\" level=\"h1\" looks_like=\"h3\"]Busch Gardens Tampa[\/custom_headline] [responsive_text selector=\".responsive-heading\" compression=\"1.5\" min_size=\"18px\" max_size=\"30px\"] [custom_headline class=\"mts responsive-subheading\" type=\"left\" level=\"h2\" looks_like=\"h5\"]\u00a1Una Aventura Africana![\/custom_headline] [responsive_text selector=\".responsive-subheading\" compression=\"1.5\" min_size=\"18px\" max_size=\"24px\"] A corta distancia de Orlando, ... <\/p>\n<div><a href=\"https:\/\/www.westgatereservations.com\/es\/vacations\/theme-park\/seaworld\/busch-gardens-tampa-florida\/\" class=\"more-link\">Leer M\u00e1s<\/a><\/div>\n","protected":false},"author":6,"featured_media":0,"parent":5448,"menu_order":0,"comment_status":"open","ping_status":"closed","template":"template-layout-content-sidebar.php","meta":{"footnotes":""},"_links":{"self":[{"href":"https:\/\/www.westgatereservations.com\/es\/wp-json\/wp\/v2\/pages\/5463"}],"collection":[{"href":"https:\/\/www.westgatereservations.com\/es\/wp-json\/wp\/v2\/pages"}],"about":[{"href":"https:\/\/www.westgatereservations.com\/es\/wp-json\/wp\/v2\/types\/page"}],"author":[{"embeddable":true,"href":"https:\/\/www.westgatereservations.com\/es\/wp-json\/wp\/v2\/users\/6"}],"replies":[{"embeddable":true,"href":"https:\/\/www.westgatereservations.com\/es\/wp-json\/wp\/v2\/comments?post=5463"}],"version-history":[{"count":0,"href":"https:\/\/www.westgatereservations.com\/es\/wp-json\/wp\/v2\/pages\/5463\/revisions"}],"up":[{"embeddable":true,"href":"https:\/\/www.westgatereservations.com\/es\/wp-json\/wp\/v2\/pages\/5448"}],"wp:attachment":[{"href":"https:\/\/www.westgatereservations.com\/es\/wp-json\/wp\/v2\/media?parent=5463"}],"curies":[{"name":"wp","href":"https:\/\/api.w.org\/{rel}","templated":true}]}}