{"id":5459,"date":"2015-06-10T19:27:44","date_gmt":"2015-06-10T19:27:44","guid":{"rendered":"https:\/\/www.westgatereservations.com\/es\/vacations\/theme-park\/seaworld\/discovery-cove-orlando-florida\/"},"modified":"2023-06-07T15:12:20","modified_gmt":"2023-06-07T19:12:20","slug":"discovery-cove-orlando-florida","status":"publish","type":"page","link":"https:\/\/www.westgatereservations.com\/es\/vacations\/theme-park\/seaworld\/discovery-cove-orlando-florida\/","title":{"rendered":"Discovery Cove Orlando Florida"},"content":{"rendered":"<!-- Title-->[custom_headline type=\"left\" class=\"mtn\" level=\"h1\" looks_like=\"h3\"]Discovery Cove[\/custom_headline]\r\n[responsive_text selector=\".responsive-heading\" compression=\"1.5\" min_size=\"18px\" max_size=\"24px\"]\r\n<!-- Second line Title-->[custom_headline class=\"mts responsive-subheading\" type=\"left\" level=\"h2\" looks_like=\"h5\"]\u00a1Nada con los delfines![\/custom_headline]\r\n[responsive_text selector=\".responsive-subheading\" compression=\"1.5\" min_size=\"18px\" max_size=\"20px\"]\r\n<!--Top Banner-->\r\n<img decoding=\"async\" src=\"https:\/\/westgatecdn.com\/2015\/06\/discover_cove_860x250.jpg\" alt=\"discovery cove orlando florida\" \/>\r\n\r\n<p class=\"mtm\">Al lado de SeaWorld Orlando est\u00e1 Discovery Cove, el cual ofrece una oportunidad \u00fanica de nadar e interactuar con delfines y otros animales marinos.<\/p>\r\n\r\n<p><strong>Un Resort \u00danico en su Clase<\/strong><\/p>\r\nDiscovery Cove Orlando ofrece la oportunidad de interactuar con aves, peces, mantarrayas, y delfines mientras disfrutas de un pedazo del para\u00edso. Este incluye playas, arrecifes de coral, aves tropicales libres en aviarios y cuevas. <\/p>\r\n\r\n<p><strong>Nadar con delfines<\/strong> ser\u00e1 el centro de tu visita del <strong><em>Discovery Cove Orlando<\/em><\/strong>, proveyendo un chance de hablar, tocar, jugar y nadir con los gentiles y exquisitos delfines nariz de botella. <\/p>\r\n\r\n<p><strong>Resort con Todas las Comodidades Incluidas <\/strong><\/p>\r\n<p>Adem\u00e1s de las actividades e interacciones con los animales, tu admisi\u00f3n a Discovery Cove incluye todo desde el uso de casilleros, traje isot\u00e9rmico, toallas, m\u00e1scara de snorkel, estacionamiento gratuito, servicios de ducha, snorkel de souvenir, foto de entrada gratuita, desayuno continental, almuerzo, todas las bebidas y meriendas. Tambi\u00e9n recibir\u00e1s boleto de admisi\u00f3n de 7 d\u00edas consecutivos a SeaWorld Orlando o Busch Gardens Tampa.<\/p>\r\n\r\n<p><strong>Asistencia Limitada<\/strong><\/p>\r\n<p>Asistencia al parque Discovery Cove Orlando est\u00e1 limitada a 1,000 visitantes por d\u00eda. Por tal raz\u00f3n, recomendamos que reserve su visita con al menos dos meses de anticipaci\u00f3n.<\/p>\r\n\r\n<p><strong>Otros Encuentros Especiales con Animales<\/strong><\/p>\r\n<p>El Oasis de <strong>Aguas Dulces<\/strong> del parque ofrece encuentros con Asia nutrias asi\u00e1ticas de garras peque\u00f1as y monos tit\u00ed.<\/p>\r\n\r\n<p>El h\u00e1bitat de los monos tit\u00ed es referido como la <strong>Isla de los Primates<\/strong>, ofreciendo acceso a monos peque\u00f1os. Visitantes pueden nadar hacia los lados de la isla y ver los monos tit\u00ed entre los \u00e1rboles y arbustos. Una fosa y una barrera de grama es todo lo separa a los visitantes de los nueve monos en la exhibici\u00f3n.<\/p>\r\n\r\n<p>Otros habitantes del Oasis incluyen cinco nutrias que juegan en un ambiente \u00fanico incluyendo a una cascada y \u00e1rboles ca\u00eddos. Las nutrias y los visitantes est\u00e1n separadas por una pared de plexigl\u00e1s que se extiende hasta debajo del agua. El <strong>Oasis de Aguas Dulces<\/strong> tambi\u00e9n incluye la terraza \u201c<strong>Sunken Terrace<\/strong>\u201d, un \u00e1rea para sentarse, relajarse y beber un refrescante trago en uno de los asientos dentro de 18 pulgadas de agua.<\/p>\r\n\r\n[image src=\"https:\/\/westgatecdn.com\/2015\/06\/discovery_cove_360x250.jpg\" type=\"none\" float=\"left\" alt=\"Discovery Cove Orlando Florida\" title=\"Discovery Cove Orlando Florida\" info=\"none\" info_place=\"top\" info_trigger=\"hover\"]\r\n\r\n<p><strong>Una Experiencia de Buceo<\/strong><\/p>\r\n\r\n<p>Otra atracci\u00f3n interactiva con animales es el <strong>Grand Reef Sea Venture<\/strong>. Los visitantes son invitados a usar un vestido isot\u00e9rmico y un casco de buceo para tener un encuentro con m\u00e1s de 8,000 animales marinos. Luego tendr\u00e1s una secci\u00f3n de entrenamiento, seguido por unas escaleras guiadas hacia las aguas del gran arrecife. Este es mantenido a 77 grados Fahrenheit. Mientras el casco mantiene el agua fuera, tambi\u00e9n provee oxigeno mientras estas alrededor de un mundo lleno de peces coloridos. <\/p>\r\n\r\n<p>Sigue un pasamano donde podr\u00e1s ver tiburones detr\u00e1s de una ventana gigante mientras un gu\u00eda te muestra la variedad de razas de tiburones. Otra \u00e1rea en vidrio  est\u00e1 repleta de peces venenosos.  El resto del Arrecife de Corral tiene peces tropicales y otras criaturas. Esta aventura bajo el agua dura alrededor de media hora y est\u00e1 abierta para personas de 10 a\u00f1os de edad o m\u00e1s. <\/p>\r\n\r\n[content-block name=\"3days-nights-theme-park-tickets-special\"]\r\n\r\n<!-- Text -->[image src=\"https:\/\/westgatecdn.com\/2015\/06\/discover_cove_360x550.jpg\" type=\"none\" float=\"right\" alt=\"Discovery Cove Orlando Florida\" title=\"Discovery Cove Orlando Florida\" info=\"none\" info_place=\"top\" info_trigger=\"hover\"]\r\n\r\n<h4 class=\"mbs\"><strong>\u00a1NADA CON DELFINES!<\/strong><\/h4>\r\n\r\n<p>El verdadero centro de atenci\u00f3n de Discovery Cove Orlando ser\u00e1 tu encuentro con los delfines. Primero aprender\u00e1s del comportamiento y la comunicaci\u00f3n de los delfines. Luego, tendr\u00e1s la oportunidad de entrar a la laguna de los delfines y acercarte a los fascinantes delfines nariz de botella. Anda, \u00a1ag\u00e1rrate de la aleta y prep\u00e1rate para el paseo de tu vida!<\/p>\r\n\r\n<p>Durante la interacci\u00f3n de 30 minutos con los delfines, t\u00fa y un grupo peque\u00f1o estar\u00e1n acompa\u00f1ados por un entrenador y tener la oportunidad de conocer el delf\u00edn a trav\u00e9s de beso y abrazos. Luego, entraras a un \u00e1rea m\u00e1s onda del agua para con un paseo desde la aleta dorsal del delf\u00edn hasta la costa.<\/p>\r\n\r\n[custom_headline type=\"left\" level=\"h3\" looks_like=\"h5\" class=\"mts\"]Parques Tem\u00e1ticos <a href=\"https:\/\/www.westgatereservations.com\/es\/vacations\/theme-park\/seaworld\/\">SeaWorld<\/a>[\/custom_headline]\r\n<ul>\r\n<li><a href=\"[home_url]vacations\/theme-park\/seaworld\/aquatica-water-park\/\">Aquatica<\/a><\/li>\r\n<li><a href=\"[home_url]vacations\/theme-park\/seaworld\/seaworld-orlando\/\">SeaWorld Orlando<\/a><\/li>\r\n<li><a href=\"[home_url]vacations\/theme-park\/seaworld\/busch-gardens-tampa-florida\/\">Busch Gardens Tampa, FL<\/a><\/li>\r\n<\/ul>\r\n\r\n[gap size=\"2em\"]\r\n","protected":false},"excerpt":{"rendered":"<p>[custom_headline type=\"left\" class=\"mtn\" level=\"h1\" looks_like=\"h3\"]Discovery Cove[\/custom_headline] [responsive_text selector=\".responsive-heading\" compression=\"1.5\" min_size=\"18px\" max_size=\"24px\"] [custom_headline class=\"mts responsive-subheading\" type=\"left\" level=\"h2\" looks_like=\"h5\"]\u00a1Nada con los delfines![\/custom_headline] [responsive_text selector=\".responsive-subheading\" compression=\"1.5\" min_size=\"18px\" max_size=\"20px\"] Al lado de SeaWorld Orlando ... <\/p>\n<div><a href=\"https:\/\/www.westgatereservations.com\/es\/vacations\/theme-park\/seaworld\/discovery-cove-orlando-florida\/\" class=\"more-link\">Leer M\u00e1s<\/a><\/div>\n","protected":false},"author":6,"featured_media":0,"parent":5448,"menu_order":0,"comment_status":"open","ping_status":"closed","template":"template-layout-content-sidebar.php","meta":{"footnotes":""},"_links":{"self":[{"href":"https:\/\/www.westgatereservations.com\/es\/wp-json\/wp\/v2\/pages\/5459"}],"collection":[{"href":"https:\/\/www.westgatereservations.com\/es\/wp-json\/wp\/v2\/pages"}],"about":[{"href":"https:\/\/www.westgatereservations.com\/es\/wp-json\/wp\/v2\/types\/page"}],"author":[{"embeddable":true,"href":"https:\/\/www.westgatereservations.com\/es\/wp-json\/wp\/v2\/users\/6"}],"replies":[{"embeddable":true,"href":"https:\/\/www.westgatereservations.com\/es\/wp-json\/wp\/v2\/comments?post=5459"}],"version-history":[{"count":0,"href":"https:\/\/www.westgatereservations.com\/es\/wp-json\/wp\/v2\/pages\/5459\/revisions"}],"up":[{"embeddable":true,"href":"https:\/\/www.westgatereservations.com\/es\/wp-json\/wp\/v2\/pages\/5448"}],"wp:attachment":[{"href":"https:\/\/www.westgatereservations.com\/es\/wp-json\/wp\/v2\/media?parent=5459"}],"curies":[{"name":"wp","href":"https:\/\/api.w.org\/{rel}","templated":true}]}}