{"id":5456,"date":"2015-06-10T19:20:35","date_gmt":"2015-06-10T19:20:35","guid":{"rendered":"https:\/\/www.westgatereservations.com\/es\/vacations\/theme-park\/seaworld\/aquatica-water-park\/"},"modified":"2023-06-07T14:48:36","modified_gmt":"2023-06-07T18:48:36","slug":"aquatica-water-park","status":"publish","type":"page","link":"https:\/\/www.westgatereservations.com\/es\/vacations\/theme-park\/seaworld\/aquatica-water-park\/","title":{"rendered":"Aquatica Water Park"},"content":{"rendered":"<!-- Title-->[custom_headline class=\"mtn\" type=\"left\" level=\"h1\" looks_like=\"h3\"]Aquatica[\/custom_headline]\r\n[responsive_text selector=\".responsive-heading\" compression=\"1.5\" min_size=\"18px\" max_size=\"24px\"]\r\n<!-- Second line Title-->[custom_headline class=\"mts responsive-subheading\" type=\"left\" level=\"h2\" looks_like=\"h5\"]Parque Acu\u00e1tico de Sea World[\/custom_headline]\r\n[responsive_text selector=\".responsive-subheading\" compression=\"1.5\" min_size=\"18px\" max_size=\"20px\"]\r\n<!--Top Banner-->\r\n<img decoding=\"async\" src=\"https:\/\/westgatecdn.com\/2015\/06\/aquatica_orlando_860x250.jpg\" alt=\"aquatica water park\" title=\"aquatica water park\" \/>\r\n<p class=\"mtm\">El emocionante parque acu\u00e1tico de SeaWorld, <strong>Aquatica<\/strong>, une encuentros con animales, aguas  serenas y extremas, atracciones de alta velocidad, y playas para crear una experiencia nueva en un parque tem\u00e1tico.<\/p>\r\n<p><strong>Vivid Colors and 36 Water Slides<\/strong><\/p>\r\n\r\n<p>Con m\u00e1s de 60 acres inspirados por los colores vivos, la maravillosa flora, y la vida tan relajada de las islas, Aquatica es una reminiscencia de la belleza natural de Australia. R\u00edos de aguas cristalinas se mueven por las cuevas y cascadas, mientras flores adornan todas las formaciones de tierra. Animales de todo el mundo incluyendo delfines de Commerson, guacamayos brillantes, y peces coloridos le a\u00f1aden vida a este parque tan divertido y de alta energ\u00eda. Aquatica tiene algunos de los toboganes m\u00e1s intensos en el mundo con m\u00e1s de 36 toboganes, seis r\u00edos y lagunas, y m\u00e1s de 80,000 pies cuadrados de playas. <\/p>\r\n\r\n<p><strong>Atracciones de Alta Energ\u00eda y Atracciones con Animales<\/strong><\/p>\r\n<p>Atracciones \u00fanicas llevaran a los visitantes a trav\u00e9s de h\u00e1bitats asombrosos y aventuras bajo el agua. Las atracciones principales de Aquatica llevan a los visitantes a trav\u00e9s de toboganes transparentes a trav\u00e9s de una laguna cristalina con delfines de Commerson blancos y negros. Adem\u00e1s de ser peque\u00f1os, son r\u00e1pidos y nadadores agiles, convirti\u00e9ndolos en los habitantes perfectos de este parque tan vivo. Las atracciones de Aquatica ofrecen un balance perfecto entre atracciones llenas de energ\u00eda y experiencias bajo el agua \u00fanicas. <\/p>\r\n\r\n<p><strong>Aventuras de Alta Energ\u00eda y Lazy Rivers<\/strong><\/p>\r\n<p>Una colorida mezcla entre t\u00faneles de carreras, paseos en balsa y r\u00edos, y aventuras de alta velocidad emoci\u00f3n, mientras que las piscinas, lagunas y lazy rivers invitan a los visitantes en el parque acu\u00e1tico Aquatica a disfrutar de un oleaje m\u00e1s lento. Dos lagunas  crean olas gigantes y las \u00fanicas piscinas de olas del mundo que pueden ser controladas independientes o juntas. Aunque est\u00e1n lado a lado, cada laguna ofrece una experiencia muy diferente: una con olas de 5 pies, la otra con un oleaje suave. Tambi\u00e9n veras que se pueden crear hasta nueve patrones de olas diferentes incluyendo una ola inmensa u olas suaves.<\/p>\r\n[image src=\"https:\/\/westgatecdn.com\/2015\/06\/aquatica_360x250.jpg\" type=\"none\" float=\"left\" alt=\"Aquatica Water Park\" title=\"Aquatica Water Park\"]\r\n\r\n<p>Los r\u00edos \u201cWinding Rivers\u201d ofrecen dos caminos diferentes desde sereno a extremo. Un r\u00edo lleva a los visitantes por unas cascadas serenas, aves ex\u00f3ticas, y a una cueva debajo del agua con miles de coloridos peces. El otro r\u00edo te lleva por aguas r\u00e1pidas, ocho t\u00faneles de carreras, paseos en balsa, y una atracci\u00f3n de seis pisos lleno de adrenalina.<\/p> \r\n\r\n<p><strong>Diversi\u00f3n para los Peque\u00f1os<\/strong><\/p>\r\n<p>Hasta los nadadores m\u00e1s peque\u00f1os disfrutar\u00e1n de atracciones \u00fanicas en el parque acu\u00e1tico Aquatica. Una de las \u00e1reas de juego interactivo m\u00e1s grande el mundo incluye una torre de 60 pies y una piscina de 15,000 pies cuadrados. \u00a1La familia entera podr\u00e1 subir a los toboganes y tirar agua en los ca\u00f1ones! En una piscina de ni\u00f1os separada para esos ni\u00f1os peque\u00f1os donde pueden bajar en toboganes o balsas con sus padres. <\/p>\r\n\r\n[content-block name=\"3days-nights-theme-park-tickets-special\"]\r\n\r\n\r\n[custom_headline type=\"left\" level=\"h3\" looks_like=\"h5\" class=\"mts\"]Parques Tem\u00e1ticos <a href=\"https:\/\/www.westgatereservations.com\/es\/vacations\/theme-park\/seaworld\/\">SeaWorld<\/a>[\/custom_headline]\r\n<ul>\r\n<li><a href=\"[home_url]vacations\/theme-park\/seaworld\/seaworld-orlando\/\">SeaWorld<\/a><\/li>\r\n<li><a href=\"[home_url]vacations\/theme-park\/seaworld\/discovery-cove-orlando-florida\/\">Discovery Cove<\/a><\/li>\r\n<li><a href=\"[home_url]vacations\/theme-park\/seaworld\/busch-gardens-tampa-florida\/\">Busch Gardens Tampa, FL<\/a><\/li>\r\n<\/ul>","protected":false},"excerpt":{"rendered":"<p>[custom_headline class=\"mtn\" type=\"left\" level=\"h1\" looks_like=\"h3\"]Aquatica[\/custom_headline] [responsive_text selector=\".responsive-heading\" compression=\"1.5\" min_size=\"18px\" max_size=\"24px\"] [custom_headline class=\"mts responsive-subheading\" type=\"left\" level=\"h2\" looks_like=\"h5\"]Parque Acu\u00e1tico de Sea World[\/custom_headline] [responsive_text selector=\".responsive-subheading\" compression=\"1.5\" min_size=\"18px\" max_size=\"20px\"] El emocionante parque acu\u00e1tico de ... <\/p>\n<div><a href=\"https:\/\/www.westgatereservations.com\/es\/vacations\/theme-park\/seaworld\/aquatica-water-park\/\" class=\"more-link\">Leer M\u00e1s<\/a><\/div>\n","protected":false},"author":6,"featured_media":0,"parent":5448,"menu_order":0,"comment_status":"open","ping_status":"closed","template":"template-layout-content-sidebar.php","meta":{"footnotes":""},"_links":{"self":[{"href":"https:\/\/www.westgatereservations.com\/es\/wp-json\/wp\/v2\/pages\/5456"}],"collection":[{"href":"https:\/\/www.westgatereservations.com\/es\/wp-json\/wp\/v2\/pages"}],"about":[{"href":"https:\/\/www.westgatereservations.com\/es\/wp-json\/wp\/v2\/types\/page"}],"author":[{"embeddable":true,"href":"https:\/\/www.westgatereservations.com\/es\/wp-json\/wp\/v2\/users\/6"}],"replies":[{"embeddable":true,"href":"https:\/\/www.westgatereservations.com\/es\/wp-json\/wp\/v2\/comments?post=5456"}],"version-history":[{"count":0,"href":"https:\/\/www.westgatereservations.com\/es\/wp-json\/wp\/v2\/pages\/5456\/revisions"}],"up":[{"embeddable":true,"href":"https:\/\/www.westgatereservations.com\/es\/wp-json\/wp\/v2\/pages\/5448"}],"wp:attachment":[{"href":"https:\/\/www.westgatereservations.com\/es\/wp-json\/wp\/v2\/media?parent=5456"}],"curies":[{"name":"wp","href":"https:\/\/api.w.org\/{rel}","templated":true}]}}