{"id":5448,"date":"2015-06-10T18:31:47","date_gmt":"2015-06-10T18:31:47","guid":{"rendered":"https:\/\/www.westgatereservations.com\/es\/vacations\/theme-park\/seaworld\/"},"modified":"2023-06-07T15:04:59","modified_gmt":"2023-06-07T19:04:59","slug":"seaworld","status":"publish","type":"page","link":"https:\/\/www.westgatereservations.com\/es\/vacations\/theme-park\/seaworld\/","title":{"rendered":"SeaWorld vacation packages"},"content":{"rendered":"<!-- Title-->[custom_headline class=\"mtn\" type=\"left\" level=\"h1\" looks_like=\"h3\"]SeaWorld Orlando[\/custom_headline]\r\n[responsive_text selector=\".responsive-heading\" compression=\"1.5\" min_size=\"18px\" max_size=\"30px\"]\r\n<!-- Second line Title-->[custom_headline class=\"mts\" type=\"left\" level=\"h2\" looks_like=\"h5\"]El Primer Parque de Aventuras Marinas del Mundo[\/custom_headline]\r\n[responsive_text selector=\".responsive-heading\" compression=\"1.5\" min_size=\"18px\" max_size=\"30px\"]\r\n<!--Top Banner-->\r\n<img decoding=\"async\" src=\"https:\/\/westgatecdn.com\/2015\/06\/seaworld_manta_roller-coaster_860x250.jpg\" alt=\"universal studios islands of adventure\" title=\"universal studios islands of adventure\"\/>\r\n\r\n<p class=\"mtm\">\u00bfQu\u00e9 obtienes cuando combinas entretenimiento incre\u00edble, algunos de los animales m\u00e1s asombrosos del mundo, shows en vivo y atracciones emocionantes? La contestaci\u00f3n es el hermoso SeaWorld\u00ae Orlando, por supuesto. <\/p>\r\n\r\n<p>Unas <strong>vacaciones SeaWorld<\/strong> incluyen una variedad de <a href=\"https:\/\/www.westgatereservations.com\/es\/vacations\/theme-park\/\">parques tem\u00e1ticos<\/a> \u00fanicos como lo son SeaWorld Orlando, Discovery Cove, el parque acu\u00e1tico Aquatica, y Busch Gardens Tampa. <\/p>\r\n\r\n<p>Cuando escoges unas vacaciones SeaWorld, puedes esperar mucho m\u00e1s que vida marina. Es evidente que disfrutar\u00e1s de Shamu y las famosas orcas del parque, los delfines nariz de botella, las ballenas blancas (Beluga), manat\u00edes, y mucho m\u00e1s. El parque tambi\u00e9n ofrece encuentros \u00fanicos y de cerca con animales como los ping\u00fcinos y mantarrayas. <\/p>\r\n\r\n\r\n[clear]\r\n[visibility type=\"visible-phone\"]\r\n[gap size=\"3em\"]\r\n[\/visibility]\r\n[block_grid type=\"four-up\"]\r\n[block_grid_item]\r\n<a href=\"[home_url]vacations\/theme-park\/seaworld\/seaworld-orlando\/\"><img decoding=\"async\" src=\"https:\/\/westgatecdn.com\/2015\/07\/seaworld-orlando-logo.jpg\" alt=\"Seaworld Orlando\" \/><\/a>\r\n[\/block_grid_item]\r\n[block_grid_item]\r\n<a href=\"[home_url]vacations\/theme-park\/seaworld\/discovery-cove-orlando-florida\/\"><img decoding=\"async\" src=\"https:\/\/westgatecdn.com\/2015\/07\/discover-cove-logo.jpg\" alt=\"Discovery Cove\" \/><\/a>\r\n[\/block_grid_item]\r\n[block_grid_item]\r\n<a href=\"[home_url]vacations\/theme-park\/seaworld\/aquatica-water-park\/\"><img decoding=\"async\" src=\"https:\/\/westgatecdn.com\/2015\/07\/aquatica-logo.jpg\" alt=\"Aquatica\" \/><\/a>\r\n[\/block_grid_item]\r\n[block_grid_item]\r\n<a href=\"[home_url]vacations\/theme-park\/seaworld\/busch-gardens-tampa-florida\/\"><img decoding=\"async\" src=\"https:\/\/westgatecdn.com\/2015\/07\/busch-gardens-logo.jpg\" alt=\"Busch Gardens\" \/><\/a>\r\n[\/block_grid_item]\r\n[\/block_grid]\r\n[clear]\r\n[visibility type=\"visible-phone\"]\r\n[gap size=\"3em\"]\r\n[\/visibility]\r\n\r\n[content-block name=\"3days-nights-theme-park-tickets-special\"]\r\n\r\n\r\n\r\n\r\n\r\n","protected":false},"excerpt":{"rendered":"<p>[custom_headline class=\"mtn\" type=\"left\" level=\"h1\" looks_like=\"h3\"]SeaWorld Orlando[\/custom_headline] [responsive_text selector=\".responsive-heading\" compression=\"1.5\" min_size=\"18px\" max_size=\"30px\"] [custom_headline class=\"mts\" type=\"left\" level=\"h2\" looks_like=\"h5\"]El Primer Parque de Aventuras Marinas del Mundo[\/custom_headline] [responsive_text selector=\".responsive-heading\" compression=\"1.5\" min_size=\"18px\" max_size=\"30px\"] \u00bfQu\u00e9 obtienes ... <\/p>\n<div><a href=\"https:\/\/www.westgatereservations.com\/es\/vacations\/theme-park\/seaworld\/\" class=\"more-link\">Leer M\u00e1s<\/a><\/div>\n","protected":false},"author":6,"featured_media":0,"parent":5373,"menu_order":0,"comment_status":"open","ping_status":"closed","template":"template-layout-content-sidebar.php","meta":{"footnotes":""},"_links":{"self":[{"href":"https:\/\/www.westgatereservations.com\/es\/wp-json\/wp\/v2\/pages\/5448"}],"collection":[{"href":"https:\/\/www.westgatereservations.com\/es\/wp-json\/wp\/v2\/pages"}],"about":[{"href":"https:\/\/www.westgatereservations.com\/es\/wp-json\/wp\/v2\/types\/page"}],"author":[{"embeddable":true,"href":"https:\/\/www.westgatereservations.com\/es\/wp-json\/wp\/v2\/users\/6"}],"replies":[{"embeddable":true,"href":"https:\/\/www.westgatereservations.com\/es\/wp-json\/wp\/v2\/comments?post=5448"}],"version-history":[{"count":0,"href":"https:\/\/www.westgatereservations.com\/es\/wp-json\/wp\/v2\/pages\/5448\/revisions"}],"up":[{"embeddable":true,"href":"https:\/\/www.westgatereservations.com\/es\/wp-json\/wp\/v2\/pages\/5373"}],"wp:attachment":[{"href":"https:\/\/www.westgatereservations.com\/es\/wp-json\/wp\/v2\/media?parent=5448"}],"curies":[{"name":"wp","href":"https:\/\/api.w.org\/{rel}","templated":true}]}}