{"id":5444,"date":"2015-06-04T18:54:52","date_gmt":"2015-06-04T18:54:52","guid":{"rendered":"https:\/\/www.westgatereservations.com\/es\/vacations\/theme-park\/universal-orlando\/harry-potter-world-packages\/"},"modified":"2020-01-10T11:33:48","modified_gmt":"2020-01-10T16:33:48","slug":"harry-potter-world-packages","status":"publish","type":"page","link":"https:\/\/www.westgatereservations.com\/es\/vacations\/theme-park\/universal-orlando\/harry-potter-world-packages\/","title":{"rendered":"The Wizarding World of Harry Potter\u2122 - Hogsmeade"},"content":{"rendered":"<!-- Title-->[custom_headline class=\"mtn\" type=\"left\" level=\"h1\" looks_like=\"h3\"]The Wizarding World of Harry Potter\u2122[\/custom_headline]\r\n[responsive_text selector=\".responsive-heading\" compression=\"1.5\" min_size=\"18px\" max_size=\"30px\"]\r\n<!--Top Banner-->\r\n<img decoding=\"async\" src=\"https:\/\/westgatecdn.com\/2015\/07\/harry_potter_860x250.jpg\" alt=\"universal orlando harry potter\" title=\"universal orlando harry potter\"\/>\r\n<!-- Second line Title-->[custom_headline class=\"mtm\" type=\"left\" level=\"h2\" looks_like=\"h5\"]Hogsmeade[\/custom_headline]\r\n[responsive_text selector=\".responsive-heading\" compression=\"1.5\" min_size=\"18px\" max_size=\"30px\"]\r\n<p>El Wizarding World of Harry Potter en Islands of Adventure te trae algunos de los lugares m\u00e1s ic\u00f3nicos de los libros de J.K. Rowling. <\/p>\r\n\r\n[image class=\"mts\" src=\"https:\/\/westgatecdn.com\/2015\/06\/universal_orlando-harry-potter_360x250.jpg\" type=\"none\" float=\"left\" alt=\"universal orlando harry potter\" title=\"universal orlando harry potter\" info=\"none\" info_place=\"top\" info_trigger=\"hover\"]\r\n\r\n<p>Desde el famoso Castillo Hogwarts a algunas de tus tiendas favoritas del pueblito Hogsmeade, el Wizarding World ofrece una Aventura inolvidable, incluyendo la \u00e9pica atracci\u00f3n, Harry Potter and the Forbidden Journey\u2122.<\/p>\r\n\r\n<p>Entra la l\u00ednea y encontrar\u00e1s salones de clases y los pasillos de la escuela \u201cHogwarts\u2122 School of Witchcraft and Wizardry\u201d. Algunos incluyen: la oficina de Dumbledore, el sal\u00f3n de clases de Defensa contra las Artes Oscuras, el sal\u00f3n Gryffindor, entre otros. Finalmente, alcanza la atracci\u00f3n en donde estar\u00e1s en una aventura emocionante a trav\u00e9s del castillo. <\/p>\r\n\r\n<p>Estar\u00e1s frente a  una variedad de criaturas y eventos m\u00e1gicos. Acompa\u00f1a a Harry, Ron, y Hermione explora el Bosque Prohibido, donde te encontraras en el medio de un partido de Quidditch, dragones y dementores. Todo es parte de la atracci\u00f3n que incluye todo lo \u00faltimo en tecnolog\u00eda y euforia. <\/p>\r\n\r\n<p><strong>Souvenirs M\u00e1gicos\r\n<\/strong><\/p>\r\n<p>Al ser uno de los destinos m\u00e1s populares del mundo, Orlando, FL est\u00e1 lleno de tiendas y souvenirs ofreciendo camisas, toallas de playa, y chucher\u00edas. Dentro del Wizarding World, ir de compras es una aventura donde encontraras las tiendas de las pel\u00edculas y libros de Harry Potter dentro del pueblito Hogsmeade. <\/p>\r\n\r\n<div class=\"x-callout center-text\">\r\n<h2 class=\"h-callout\">4 d\u00edas\/3 noches + 2 Boletos de Universal desde $199<\/h2>\r\n<p class=\"p-callout\">Disfruta del Wizarding World of Harry Potter \u2013 Hogsmeade.<\/p>\r\n<a class=\"x-btn\" title=\"Call Today\" href=\"tel:[phone]\"><i class=\"x-icon-phone\"><\/i>Llama Hoy [phone]<\/a>\r\n<\/div>\r\n\r\n<!-- Title-->[custom_headline class=\"mtl responsive-heading2\" type=\"left\" level=\"h3\" looks_like=\"h5\"]Atracciones Populares[\/custom_headline]\r\n[responsive_text selector=\".responsive-heading2\" compression=\"1.5\" min_size=\"18px\" max_size=\"40px\"]\r\n<ul>\r\n\t<li><strong>Dragon Challenge\u2122<\/strong> \u2013 Escoge tu drag\u00f3n entre el agresivo \u201cChinese Fireball\u201d o el feroz  \u201cHungarian Horntail\u201d y luego suj\u00e9tate mientras el drag\u00f3n da vueltas y se cruza en una monta\u00f1a rusa. <\/li>\r\n\t<li><strong>Harry Potter and the Forbidden Journey\u2122<\/strong> \u2013 Explora los salones de clase y pasillos de Hogwarts\u2122 y recorre los alrededores del castillo con Harry Poter y sus amigos en una aventura repleta de creaturas m\u00e1gicas. <\/li>\r\n\t<li><strong>Flight of the Hippogriff\u2122<\/strong> \u2013 Camina cerca de la caba\u00f1a de Hagrid, sigue sus instrucciones de como acercarte a un hipogrifo y luego disfruta a bordo de una monta\u00f1a rusa familiar y encantadora. <\/li>\r\n\t<li><strong>Harry Potter and the Escape from Gringotts\u2122 <\/strong> \u2013 En uno de los rincones del Diagon Alley\u2122 se encuentra Gringotts\u2122, el banco de los duendes. Dentro de este, disfrutar\u00e1s de una aventura fuera de este mundo con una atracci\u00f3n multidimensional que te colocar\u00e1 en medio de toda la acci\u00f3n en las b\u00f3vedas de Gringotts. \u00a1Ojo! A trav\u00e9s del camino veras a Harry, Ron, Hermione, entre otros. <\/li>\r\n\t<li><strong>The Hogwarts Express\u2122<\/strong> \u2013 Camina hacia la Plataforma 9 \u00be y aborda el ic\u00f3nico tren Hogwarts Express\u2122 que transporta a los invitados entre Hogsmeade\u2122 y Londres. Esta atracci\u00f3n requiere una entrada de Parque a Parque o un pase anual. <\/li>\r\n<\/ul>\r\n[line]\r\n\r\n<!-- Text -->[image src=\"https:\/\/westgatecdn.com\/2015\/07\/harry_potter_360x550.jpg\" type=\"none\" float=\"right\" alt=\"universal orlando harry potter\" title=\"universal orlando harry potter\" style=\"width:250px;\"]<strong>\u00a1Disfr\u00fatalo todo!<\/strong><\/p>\r\n\r\n<p>Goza de toda la emoci\u00f3n del incre\u00edble The Wizarding World of Harry Potter con un pase con admisi\u00f3n a los dos parques que te concede acceso a ambos Hogsmeade y Diagon Alley al igual que el tren Hogswarts Express. <\/p>\r\n\r\n[custom_headline type=\"left\" level=\"h3\" looks_like=\"h5\" class=\"mts\"]Parques Tem\u00e1ticos & Atracciones de <a href=\"https:\/\/www.westgatereservations.com\/es\/vacations\/theme-park\/universal-orlando\/\">Universal Studios Orlando<\/a>[\/custom_headline]\r\n<ul>\r\n<li><a href=\"https:\/\/www.westgatereservations.com\/es\/vacations\/theme-park\/universal-orlando\/harry-potter-world-packages\/diagon-alley\/\">Wizarding World of Harry Potter - Diagon Alley<\/a><\/li>\r\n<li><a href=\"https:\/\/www.westgatereservations.com\/es\/vacations\/theme-park\/universal-orlando\/islands-of-adventure\/\">Islands of Adventure<\/a><\/li>\r\n<li><a href=\"https:\/\/www.westgatereservations.com\/es\/vacations\/theme-park\/universal-orlando\/universal-studios-orlando-florida\/\">Universal Studios Florida<\/a><\/li>\r\n<li><a href=\"https:\/\/www.westgatereservations.com\/es\/vacations\/theme-park\/universal-orlando\/citywalk\/\">Universal CityWalk<\/a><\/li>\r\n<\/ul>","protected":false},"excerpt":{"rendered":"<p>[custom_headline class=\"mtn\" type=\"left\" level=\"h1\" looks_like=\"h3\"]The Wizarding World of Harry Potter\u2122[\/custom_headline] [responsive_text selector=\".responsive-heading\" compression=\"1.5\" min_size=\"18px\" max_size=\"30px\"] [custom_headline class=\"mtm\" type=\"left\" level=\"h2\" looks_like=\"h5\"]Hogsmeade[\/custom_headline] [responsive_text selector=\".responsive-heading\" compression=\"1.5\" min_size=\"18px\" max_size=\"30px\"] El Wizarding World of Harry ... <\/p>\n<div><a href=\"https:\/\/www.westgatereservations.com\/es\/vacations\/theme-park\/universal-orlando\/harry-potter-world-packages\/\" class=\"more-link\">Leer M\u00e1s<\/a><\/div>\n","protected":false},"author":6,"featured_media":0,"parent":5427,"menu_order":0,"comment_status":"open","ping_status":"closed","template":"template-layout-content-sidebar.php","meta":{"footnotes":""},"_links":{"self":[{"href":"https:\/\/www.westgatereservations.com\/es\/wp-json\/wp\/v2\/pages\/5444"}],"collection":[{"href":"https:\/\/www.westgatereservations.com\/es\/wp-json\/wp\/v2\/pages"}],"about":[{"href":"https:\/\/www.westgatereservations.com\/es\/wp-json\/wp\/v2\/types\/page"}],"author":[{"embeddable":true,"href":"https:\/\/www.westgatereservations.com\/es\/wp-json\/wp\/v2\/users\/6"}],"replies":[{"embeddable":true,"href":"https:\/\/www.westgatereservations.com\/es\/wp-json\/wp\/v2\/comments?post=5444"}],"version-history":[{"count":0,"href":"https:\/\/www.westgatereservations.com\/es\/wp-json\/wp\/v2\/pages\/5444\/revisions"}],"up":[{"embeddable":true,"href":"https:\/\/www.westgatereservations.com\/es\/wp-json\/wp\/v2\/pages\/5427"}],"wp:attachment":[{"href":"https:\/\/www.westgatereservations.com\/es\/wp-json\/wp\/v2\/media?parent=5444"}],"curies":[{"name":"wp","href":"https:\/\/api.w.org\/{rel}","templated":true}]}}