{"id":5440,"date":"2015-06-04T19:21:39","date_gmt":"2015-06-04T19:21:39","guid":{"rendered":"https:\/\/www.westgatereservations.com\/es\/diagon-alley\/"},"modified":"2020-12-04T14:14:24","modified_gmt":"2020-12-04T19:14:24","slug":"diagon-alley","status":"publish","type":"page","link":"https:\/\/www.westgatereservations.com\/es\/vacations\/theme-park\/universal-orlando\/harry-potter-world-packages\/diagon-alley\/","title":{"rendered":"Diagon Alley"},"content":{"rendered":"<!-- Title-->[custom_headline type=\"left\" level=\"h1\" looks_like=\"h3\" class=\"responsive-heading mtn\"]The Wizarding World of Harry Potter - Diagon Alley\u2122[\/custom_headline]\r\n[responsive_text selector=\".responsive-heading\" compression=\"1.5\" min_size=\"18px\" max_size=\"40px\"]\r\n<!-- Second line Title-->[custom_headline class=\"mtm responsive-subheading\" class=\"mts\" type=\"left\" level=\"h2\" looks_like=\"h5\"]Desde Varitas M\u00e1gicas hasta Cerveza de Mantequilla[\/custom_headline]\r\n[responsive_text selector=\".responsive-subheading\" compression=\"1.5\" min_size=\"14px\" max_size=\"30px\"]\r\n<!--Top Banner-->\r\n<img decoding=\"async\" src=\"https:\/\/westgatecdn.com\/2015\/07\/diagon_alley_860x250.jpg\" alt=\"harry potter world diagon alley\" title=\"Diagon Alley\"\/>\r\n\r\n[image class=\"mtl\" src=\"https:\/\/westgatecdn.com\/2015\/07\/diagon_alley_360x250.jpg\" type=\"none\" float=\"left\" alt=\"harry potter world diagon alley\" title=\"harry potter world diagon alley\" info=\"none\" info_place=\"top\" info_trigger=\"hover\"]\r\n\r\n<p class=\"mtl\">Basado en la popular serie de libros y pel\u00edculas por J.K. Rowling, Harry Potter, el <i>callej\u00f3n Diagon Alley<\/i> es una recreaci\u00f3n del distrito de tiendas m\u00e1gicas de Harry Potter donde podr\u00e1s comprar varitas m\u00e1gicas y otros esenciales. La expansi\u00f3n fue creada en el \u00e1rea que antes era dedicada a Jaws en Universal Studios y tiene una variedad de tiendas y restaurantes que fueron hechos famosos por Harry Potter. Los visitantes podr\u00e1n comprar todo desde varitas interactivas con efectos especiales hasta helado con sabor a cerveza de mantequilla (Butterbeer).<\/p>\r\n\r\n<p>La serie de libros y pel\u00edculas que ha cautivado al millones y ahora el Wizarding World of Harry Potter, es el \u00fanico lugar en el mundo donde de la magia y emoci\u00f3n cobra vida. \u00bfD\u00f3nde m\u00e1s podr\u00e1s pasear en un drag\u00f3n, comer dulces explosivos y conocer la magia de un mago? <\/p>\r\n\r\n<p><strong>\u00a1Sum\u00e9rgete en la experiencia!<\/strong><\/p>\r\n<p>Desde la entrada de Hogsmeade, con el silbido del tren Hogwarts Express llegando, las tiendas y atracciones, el Wizarding World of Harry Potter en Universal Studios es una experiencia \u00fanica que trae la magia de Harry Potter a la realidad. <\/p>\r\n \r\n<p>Esta \u00e1rea de 20 acres incluye el pueblo Hogsmead sus tiendas: Zonko\u2019s joke shop, Honeydukes, el Three Broomsticks, the Hog\u2019s Head pub, el correo Owlery & Owl Post, Ollivanders y Dervish & Banges. M\u00e1s all\u00e1 de Hogsmeade est\u00e1 Filch\u2019s Emporium of Confiscated Goods y tres atracciones donde los visitantes se sentir\u00e1n parte del mundo de Harry: Dragon Challenge, Fight of the Hippogriff, y Harry Potter and the Forbidden Journey. <\/p>\r\n\r\n[content-block name=\"4-3-59\"]\r\n\r\n<!-- Title-->[custom_headline class=\"mtl\" type=\"left\" level=\"h3\" looks_like=\"h5\"]Atracciones de Diagon Alley[\/custom_headline]\r\n[responsive_text selector=\".responsive-heading\" compression=\"1.5\" min_size=\"18px\" max_size=\"30px\"]\r\n\r\n<p><strong>HARRY POTTER AND THE ESCAPE FROM GRINGOTTS\u2122<\/strong> \u2013 Entra al banco Gringotts\u2122 bajo el masivo drag\u00f3n al final de Diagon Alley\u2122 y caminaras a un banco gigante en m\u00e1rmol con duendes trabajando arduamente. La aventura continua cuando viajas a trav\u00e9s de unos pasa visos cavernosos y te subes a la atracci\u00f3n \u201cEscape from Gringotts\u201d. Esta atracci\u00f3n multi-dimensional en 3D te coloca en el centro de toda la acci\u00f3n, donde navegar\u00e1s por la b\u00f3veda y su alta seguridad. Durante la aventura, encontrar\u00e1s a Harry, Ron y Hermione, adem\u00e1s de los villanos Voldemort\u2122, Bellatrix, troles y otras criaturas. <\/p>\r\n<p><strong>DIAGON ALLEY\u2122 SHOPS<\/strong> \u2013 Pasea por el pasaje abovedado y te encontrar\u00e1s en Diagon Alley\u2122, la ic\u00f3nica calle donde magos y brujas han ido a comprar por cientos de a\u00f1os. Explora algunas de las tiendas m\u00e1s famosas de este mundo m\u00e1gico como la tienda de varitas Ollivanders, Weasley\u2019s Wizard Wheezes, Borgin y Burkes, Madam Malkin\u2019s Robes Shop, Magical Menagerie, equipo de Quidditch de calidad, y m\u00e1s. <\/p>\r\n<p><strong>THE LEAKY CAULDRON\u2122<\/strong> \u2013 Diagon Alley\u2122 ofrece una variedad de comida brit\u00e1nica deliciosa como la presentada en los libros y pel\u00edculas de Harry Potter\u2122. Prueba restaurants como el Leaky Cauldron, la helader\u00eda Florean Fortescue,  y una variedad de vendedores que ofrecen cerveza de mantequilla y jugo de calabaza.<\/p>\r\n\r\n<!-- Title-->[custom_headline class=\"mtl\" type=\"left\" level=\"h3\" looks_like=\"h5\"]Todos a Bordo del Hogwarts Express[\/custom_headline]\r\n[responsive_text selector=\".responsive-heading\" compression=\"1.5\" min_size=\"18px\" max_size=\"30px\"]\r\n\r\n<p>Todo lo que necesitas para abordar el tren Hogwarts Express es un boleto de admisi\u00f3n Parque a Parque Universal (boleto con acceso a Universal Studios y Islands of Adventure). Luego, podr\u00e1s entrar a la Plataforma 9 \u00be\u2122 y abordar en la estaci\u00f3n King\u2019s Cross en Londres, ubicado dentro del parque tem\u00e1tico Universal Studios Florida y ser llevado a la estaci\u00f3n Hogsmeade en Islands of Aventure. Usted podr\u00e1 ir en el tren en cualquiera de las direcciones. <\/p>\r\n\r\n<p><strong>Hogsmeade a Londres<\/strong> - Sube al tren de Hogsmeade en Islands of Adventure, y desde las ventanas del tren Hogwarts Express podr\u00e1s disfrutar de paisaje de Londres. No olvides mantenerte alerta para ver encuentros encantadores entre algunos de los personajes de las pel\u00edculas y libros de Harry Potter. Tambi\u00e9n puede ser que conozcas algunas travesuras en tu destino final en la estaci\u00f3n King Cross en el Diagon Alley de Universal Studios.<\/p>\r\n\r\n<p><strong>Londres a Hogsmeade<\/strong> - Los \u201cMuggles\u201d que decidan abordar el Hogwarts Express de la estaci\u00f3n King\u2019s Cross en Universal Studios, entraran directo a una pared de ladrillos hacia la Plataforma 9 \u00be\u2122 donde encontraran el tren. Desde all\u00ed el prefecto estar\u00e1 esper\u00e1ndote para llevarte a tu cabina. El tren a vapor te llevara por Londres hacia el pueblito de Hogsmeade donde podr\u00e1s explorar donde Harry Potter fue al colegio y vivi\u00f3 en Hogwarts. Mantente alerta dentro del tren ya que no sabes qui\u00e9n o qu\u00e9 estar\u00e1 volando en el \u00e1rea Brit\u00e1nica. <\/p>\r\n[line]\r\n\r\n<!-- Text -->\r\n[image src=\"https:\/\/westgatecdn.com\/2015\/07\/diagon_alley_360x550.jpg\" type=\"none\" float=\"right\" alt=\"harry potter world diagon alley\" title=\"harry potter world diagon alley\" style=\"width:200px;\"]\r\n\r\n<!-- Title-->[custom_headline class=\"mtl\" type=\"left\" level=\"h3\" looks_like=\"h5\"]Dos Parques Extraordinarios \u2013 Dos Experiencias de Harry Potter Incre\u00edbles[\/custom_headline]\r\n[responsive_text selector=\".responsive-heading\" compression=\"1.5\" min_size=\"18px\" max_size=\"30px\"]\r\n\r\n<p>\u00a1Disfrute del The Wizarding World of Harry Potter en dos emocionantes parques y \u00e1reas \u00fanicas! Ahora hay dos \u00e1reas diferentes, cada una ubicada en cada uno de los dos parques tem\u00e1ticos de Universal \u2013por un paseo especial a bordo del ic\u00f3nico tren Hogwarts Express. <\/p>\r\n\r\n[custom_headline type=\"left\" level=\"h3\" looks_like=\"h5\" class=\"mts\"]Parques Tem\u00e1ticos & Atracciones de <a href=\"[home_url]vacations\/theme-park\/universal-orlando\/\">Universal Studios Orlando<\/a>[\/custom_headline]\r\n<ul>\r\n<li><a href=\"[home_url]vacations\/theme-park\/universal-orlando\/harry-potter-world-packages\/\">Wizarding World of Harry Potter<\/a><\/li>\r\n<li><a href=\"[home_url]vacations\/theme-park\/universal-orlando\/islands-of-adventure\/\">Islands of Adventure<\/a><\/li>\r\n<li><a href=\"[home_url]vacations\/theme-park\/universal-orlando\/universal-studios-orlando-florida\/\">Universal Studios Florida<\/a><\/li>\r\n<li><a href=\"[home_url]vacations\/theme-park\/universal-orlando\/citywalk\/\">Universal CityWalk<\/a><\/li>\r\n<\/ul>","protected":false},"excerpt":{"rendered":"<p>[custom_headline type=\"left\" level=\"h1\" looks_like=\"h3\" class=\"responsive-heading mtn\"]The Wizarding World of Harry Potter - Diagon Alley\u2122[\/custom_headline] [responsive_text selector=\".responsive-heading\" compression=\"1.5\" min_size=\"18px\" max_size=\"40px\"] [custom_headline class=\"mtm responsive-subheading\" class=\"mts\" type=\"left\" level=\"h2\" looks_like=\"h5\"]Desde Varitas M\u00e1gicas hasta Cerveza ... <\/p>\n<div><a href=\"https:\/\/www.westgatereservations.com\/es\/vacations\/theme-park\/universal-orlando\/harry-potter-world-packages\/diagon-alley\/\" class=\"more-link\">Leer M\u00e1s<\/a><\/div>\n","protected":false},"author":6,"featured_media":0,"parent":5444,"menu_order":0,"comment_status":"open","ping_status":"closed","template":"template-layout-content-sidebar.php","meta":{"footnotes":""},"_links":{"self":[{"href":"https:\/\/www.westgatereservations.com\/es\/wp-json\/wp\/v2\/pages\/5440"}],"collection":[{"href":"https:\/\/www.westgatereservations.com\/es\/wp-json\/wp\/v2\/pages"}],"about":[{"href":"https:\/\/www.westgatereservations.com\/es\/wp-json\/wp\/v2\/types\/page"}],"author":[{"embeddable":true,"href":"https:\/\/www.westgatereservations.com\/es\/wp-json\/wp\/v2\/users\/6"}],"replies":[{"embeddable":true,"href":"https:\/\/www.westgatereservations.com\/es\/wp-json\/wp\/v2\/comments?post=5440"}],"version-history":[{"count":0,"href":"https:\/\/www.westgatereservations.com\/es\/wp-json\/wp\/v2\/pages\/5440\/revisions"}],"up":[{"embeddable":true,"href":"https:\/\/www.westgatereservations.com\/es\/wp-json\/wp\/v2\/pages\/5444"}],"wp:attachment":[{"href":"https:\/\/www.westgatereservations.com\/es\/wp-json\/wp\/v2\/media?parent=5440"}],"curies":[{"name":"wp","href":"https:\/\/api.w.org\/{rel}","templated":true}]}}