{"id":5437,"date":"2015-06-10T18:00:04","date_gmt":"2015-06-10T18:00:04","guid":{"rendered":"https:\/\/www.westgatereservations.com\/es\/vacations\/theme-park\/universal-orlando\/citywalk\/"},"modified":"2020-01-10T11:34:38","modified_gmt":"2020-01-10T16:34:38","slug":"citywalk","status":"publish","type":"page","link":"https:\/\/www.westgatereservations.com\/es\/vacations\/theme-park\/universal-orlando\/citywalk\/","title":{"rendered":"Universal CityWalk Orlando"},"content":{"rendered":"<!-- Title-->[custom_headline class=\"mtn\" type=\"left\" level=\"h1\" looks_like=\"h3\"]Universal CityWalk[\/custom_headline]\r\n[responsive_text selector=\".responsive-heading\" compression=\"2\" min_size=\"18px\" max_size=\"40px\"]\r\n<!-- Second line Title-->[custom_headline class=\"mts\" type=\"left\" level=\"h2\" looks_like=\"h5\"]Tiendas, Restaurantes y Entretenimiento[\/custom_headline]\r\n[responsive_text selector=\".responsive-heading\" compression=\"1.5\" min_size=\"18px\" max_size=\"24px\"]\r\n<!--Top Banner-->\r\n<img decoding=\"async\" src=\"https:\/\/westgatecdn.com\/2015\/07\/city-walk-vacations-860x300.jpg\" alt=\"Citywalk Orlando\" title=\"Citywalk Orlando\" \/>\r\n<!--\/-->\r\n<p class=\"mtm\">Universal Studios Orlando Resort ofrece dos parques tem\u00e1ticos llenos de aventuras y adrenalina para toda la familia. \u00a1El \u00e1rea entre los dos parques tambi\u00e9n es incre\u00edble por la noche!<\/p>\r\n<p>Universal City Walk es igual de energ\u00e9tico que los parques y ofrece tiendas, restaurantes y una variedad de opciones de entretenimiento. Cene en el restaurante Emeril\u2019s, juegue mini golf, vea una pel\u00edcula, escucha tus cantantes favoritos en Hard Rock Live, rel\u00e1jate con una margarita en Jimmy Buffet\u2019s Margaritaville, o celebra en uno de los clubes nocturnos. \u00a1Todo te espera en City Walk cuando planificas tus vacaciones Universal!<\/p>\r\n\r\n<p>Este complejo de entretenimiento con m\u00e1s de 30 acres ofrece un destino \u00fanico para toda la familia o una noche rom\u00e1ntico para dos. Hasta puedes agarrar un desayuno r\u00e1pido antes de comenzar tu d\u00eda en los parques tem\u00e1ticos. <\/p>\r\n\r\n<!-- Packages-->\r\n[custom_headline type=\"left\" level=\"h2\" looks_like=\"h4\" class=\"mtm\"]Paquete Vacacional para Universal[\/custom_headline]\r\n[specials ids=\"5661\"]\r\n<!-- \/Packages-->\r\n\r\n<p><strong>Agarra Algo Para Comer<\/strong><\/p>\r\n<p>El Universal CityWalk tiene una variedad de opciones gastron\u00f3micas desde perros calientes y papas fritas hasta camarones y costillas. Encontraras restaurantes con temas como pel\u00edculas, deportes y m\u00fasica. Disfruta de los sabores de Italia, Centroam\u00e9rica y Sudam\u00e9rica, el Caribe, y Nueva Orleans. <\/p>\r\n\r\n<p>Restaurantes en Universal CityWalk incluyen Emeril\u2019s, Jimmy Buffet\u2019s Margaritaville, The Bubba Gump Shrimp Company, Hard Rock Caf\u00e9 Orlando, The Cowfish, NBA City, Vivo Italian Kitchen, Hot Dog Hall of Fame, Red Oven Pizza Bakery, Antojitos Authentic Mexican Food, Pat O\u2019Brien\u2019s y una variedad de opciones de comida r\u00e1pida. <\/p>\r\n\r\n<p><strong>Ir De Compras en CityWalk<\/strong><\/p>\r\n<p>Pasea por una diversidad de tiendas y boutiques que ofrecen de todo desde ropa playera, accesorios para patinar, juguetes, joyer\u00eda, carteras, y souvenirs. <\/p>\r\n\r\n<p><strong>\u00a1Vida Nocturna Incre\u00edble!\t<\/strong><\/p>\r\n<p>CityWalk ofrece la mejor vida nocturna desde m\u00fasica en vivo en Hard Rock Live hasta karaoke en Risin Star Karaoke, con una banda en vivo. Escoge entre bares y clubes como Red Coconut Club, Bob Marley \u2013 A Tribute to Freedom, o el espect\u00e1culo de Blue Man Group. <\/p>\r\n\r\n[image src=\"https:\/\/westgatecdn.com\/2015\/07\/city-walk_360x250.jpg\" type=\"none\" float=\"left\" alt=\"Citywalk Orlando\" title=\"Citywalk Orlando\"]\r\n\r\n<h4 class=\"mtn\">Conoce el Blue Man Group<\/h4>\r\n<p class=\"mts\">El Blue Man Group presenta una celebraci\u00f3n de arte, tecnolog\u00eda y m\u00fasica en vivo para crear una noche de risas y diversi\u00f3n como ninguna. Disfruta de comedia, instrumentos musicales \u00fanicos, una banda en vivo fenomenal, interacciones con el p\u00fablico y, \u00a1mucha pintura! El resultado de este ambiente de festejo es como ninguno otro en Orlando. <\/p>\r\n[clear]\r\n[custom_headline type=\"left\" level=\"h3\" looks_like=\"h5\" class=\"mtm\"]Parques Tem\u00e1ticos & Atracciones de <a href=\"https:\/\/www.westgatereservations.com\/es\/vacations\/theme-park\/universal-orlando\/\">Universal Studios Orlando<\/a>[\/custom_headline]\r\n<ul>\r\n<li><a href=\"https:\/\/www.westgatereservations.com\/es\/vacations\/theme-park\/universal-orlando\/harry-potter-world-packages\/\">Wizarding World of Harry Potter<\/a><\/li>\r\n<li><a href=\"https:\/\/www.westgatereservations.com\/es\/vacations\/theme-park\/universal-orlando\/universal-studios-orlando-florida\/\">Universal Studios Florida<\/a><\/li>\r\n<li><a href=\"https:\/\/www.westgatereservations.com\/es\/vacations\/theme-park\/universal-orlando\/islands-of-adventure\/\">Islands of Adventure<\/a><\/li>\r\n<\/ul>\r\n\r\n[content-block name=\"4-3-59\"]\r\n","protected":false},"excerpt":{"rendered":"<p>[custom_headline class=\"mtn\" type=\"left\" level=\"h1\" looks_like=\"h3\"]Universal CityWalk[\/custom_headline] [responsive_text selector=\".responsive-heading\" compression=\"2\" min_size=\"18px\" max_size=\"40px\"] [custom_headline class=\"mts\" type=\"left\" level=\"h2\" looks_like=\"h5\"]Tiendas, Restaurantes y Entretenimiento[\/custom_headline] [responsive_text selector=\".responsive-heading\" compression=\"1.5\" min_size=\"18px\" max_size=\"24px\"] Universal Studios Orlando Resort ofrece dos ... <\/p>\n<div><a href=\"https:\/\/www.westgatereservations.com\/es\/vacations\/theme-park\/universal-orlando\/citywalk\/\" class=\"more-link\">Leer M\u00e1s<\/a><\/div>\n","protected":false},"author":6,"featured_media":0,"parent":5427,"menu_order":0,"comment_status":"open","ping_status":"closed","template":"template-layout-content-sidebar.php","meta":{"footnotes":""},"_links":{"self":[{"href":"https:\/\/www.westgatereservations.com\/es\/wp-json\/wp\/v2\/pages\/5437"}],"collection":[{"href":"https:\/\/www.westgatereservations.com\/es\/wp-json\/wp\/v2\/pages"}],"about":[{"href":"https:\/\/www.westgatereservations.com\/es\/wp-json\/wp\/v2\/types\/page"}],"author":[{"embeddable":true,"href":"https:\/\/www.westgatereservations.com\/es\/wp-json\/wp\/v2\/users\/6"}],"replies":[{"embeddable":true,"href":"https:\/\/www.westgatereservations.com\/es\/wp-json\/wp\/v2\/comments?post=5437"}],"version-history":[{"count":0,"href":"https:\/\/www.westgatereservations.com\/es\/wp-json\/wp\/v2\/pages\/5437\/revisions"}],"up":[{"embeddable":true,"href":"https:\/\/www.westgatereservations.com\/es\/wp-json\/wp\/v2\/pages\/5427"}],"wp:attachment":[{"href":"https:\/\/www.westgatereservations.com\/es\/wp-json\/wp\/v2\/media?parent=5437"}],"curies":[{"name":"wp","href":"https:\/\/api.w.org\/{rel}","templated":true}]}}