{"id":5433,"date":"2015-06-03T19:11:45","date_gmt":"2015-06-03T19:11:45","guid":{"rendered":"https:\/\/www.westgatereservations.com\/es\/vacations\/theme-park\/universal-orlando\/islands-of-adventure\/"},"modified":"2020-01-10T11:32:51","modified_gmt":"2020-01-10T16:32:51","slug":"islands-of-adventure","status":"publish","type":"page","link":"https:\/\/www.westgatereservations.com\/es\/vacations\/theme-park\/universal-orlando\/islands-of-adventure\/","title":{"rendered":"Universal's Islands of Adventure"},"content":{"rendered":"<!-- Title-->[custom_headline class=\"mtn\" type=\"left\" level=\"h1\" looks_like=\"h3\"]Islands of Adventure[\/custom_headline]\r\n[responsive_text selector=\".responsive-heading\" compression=\"2\" min_size=\"18px\" max_size=\"40px\"]\r\n<!-- Second line Title-->[custom_headline class=\"mts responsive-subheading\" type=\"left\" level=\"h2\" looks_like=\"h5\"]\u00a1Muchas aventuras a trav\u00e9s de sus Islas Tem\u00e1ticas![\/custom_headline]\r\n[responsive_text selector=\".responsive-subheading\" compression=\"2\" min_size=\"14px\" max_size=\"22px\"]\r\n<!--Top Banner-->\r\n<img decoding=\"async\" src=\"https:\/\/westgatecdn.com\/2015\/07\/ioa_860x250.jpg\" alt=\"universal studios islands of adventure\" title=\"universal studios islands of adventure\"\/>\r\n\r\n<p class=\"mtm\">El parque Islands of Adventure de Universal Studios tiene algunas de las atracciones m\u00e1s innovadoras y emocionantes en varias islas tem\u00e1ticas: The Wizarding World of Harry Potter, Marvel Super Hero Island, Toon Lagoon, Jurassic Park, The Lost Continent y Seuss Landing. <\/p>\r\n\r\n<p>Con m\u00e1s de 100 acres de diversi\u00f3n, Islands of Adventure es el hogar de una variedad de atracciones.<\/p>\r\n\r\n<!-- Packages-->\r\n[custom_headline type=\"left\" level=\"h2\" looks_like=\"h4\" class=\"mtm\"]Paquete Vacacional para Universal[\/custom_headline]\r\n[specials ids=\"5661\"]\r\n<!-- \/Packages-->\r\n\r\n<p><strong>The Wizarding World of Harry Potter<\/strong><\/p>\r\n<p>El Wizarding World of Harry Potter de Islands of Adventure tiene 20 acres de historias de Harry Potter que cobran vida. El \u00e1rea incluye: el pueblito Hogsmeade, Zonko\u2019s joke shop, Honeydukes, the Three Broomsticks, the Hog\u2019s Head pub, the Owlery and Owl Post, Ollivanders y Dervish and Banges. Tambi\u00e9n encontrar\u00e1s Filch\u2019s Emporium of Confiscated Goods y tres atracciones dise\u00f1adas para colocarte en medio del mundo de Harry Potter:  : Dragon Challenge, Flight of the Hippogriff, y Harry Potter and the Forbidden Journey.<\/p>\r\n\r\n[image src=\"https:\/\/westgatecdn.com\/2015\/07\/ioa_360x250.jpg\" type=\"none\" float=\"left\" alt=\"universal studios islands of adventure\" title=\"universal studios islands of adventure\" info=\"none\" info_place=\"top\" info_trigger=\"hover\"]\r\n\r\n<p><strong>La Isla Marvel Super Hero<\/strong><\/p>\r\n<p>La isla Marvel Super Hero tiene The Amazing Adventures of Spider-Man, una sofisticada atracci\u00f3n en 3D,  con una m\u00fasica incre\u00edble y nuevos lentes 3D con visi\u00f3n de ara\u00f1a. Los fan\u00e1ticos de las monta\u00f1as rusas podr\u00e1n subirse en The Incredible Hulk Coaster. <\/p>\r\n\r\n<p><strong>Toon Lagoon<\/strong><\/p>\r\n<p>Ideal para ni\u00f1os y adultos, el Toon Lagoon de Islands of Adventure tiene tres atracciones principales: Dudley Do-Right\u2019s Ripsaw Falls log flume, el paseo en balsa Popeye and Bluto\u2019s Bilge-Rat Barges and Me Ship, y The Olive, un parque infantil inspirado en Popeye. <\/p>\r\n\r\n<p><strong>Jurassic Park<\/strong><\/p>\r\n<p>Para aventuras llenas de adrenalina en Islands of Adventure tiene Jurassic Park River Adventure, el cual tiene una ca\u00edda de 85 pies, la ca\u00edda en agua m\u00e1s larga. Otras aventuras de dinosaurios incluyen Pteranodon Flyers, el parquet de juegos Camp Jurassic, y Triceratops Discovery Trail, una atracci\u00f3n que te lleva cerca de un triceratops mec\u00e1nico.  <\/p>\r\n\r\n<p><strong>Seuss Landing<\/strong><\/p>\r\n<p>A la vez, los peque\u00f1os en Islands of Adventure apreciar\u00e1n atracciones en Seuss Landing  como Cat in the Hat, el paseo en tren The High in the Sky Seuss Trolley, One Fish Two Fish Red Fish Blue Fish, and Caro-Seuss-el. Ya que el Dr. Seuss nunca dibujo l\u00edneas rectas en sus libros ilustrados, todo en Seuss Landing esta curveado o inclinado.  <\/p>\r\n\r\n<p><strong>El Continente Perdido \u201cThe Lost Continent\u201d<\/strong><\/p>\r\n<p>El Continente Perdido, hogar de mitos y leyendas antiguas, tiene el show en vivo The Eight Voyage of Sinbad, The Mystic Fountain, y el espect\u00e1culo de efectos especiales Poseidon\u2019s Fury. <\/p>\r\n\r\n[content-block name=\"4-3-59\"]\r\n\r\n<!-- Title-->[custom_headline class=\"mtl responsive-heading2\" type=\"left\" level=\"h3\" looks_like=\"h5\"]Monta\u00f1as Rusas y Atracciones de Islands of Adventure [\/custom_headline]\r\n[responsive_text selector=\".responsive-heading2\" compression=\"1.5\" min_size=\"18px\" max_size=\"30px\"]\r\n<ul>\r\n\t<li><strong>The Incredible Hulk Coaster <\/strong> \u2013 Ponte el cintur\u00f3n y acelera de 0 a 40 mph en dos segundos antes de pasar por gravedad cero en esta monta\u00f1a rusa de alta velocidad. <\/li>\r\n\t<li><strong>Dragon Challenge\u2122 <\/strong> \u2013 escoge tu drag\u00f3n entre el agresivo \u201cChinese Fireball\u201d y el feroz (Hungarian Horntail) y luego agu\u00e1ntate a tu drag\u00f3n mientras vas en una monta\u00f1a rusa llena de curvas y vueltas.<\/li>\r\n\t<li><strong>Doctor Doom\u2019s Fearfall\u00ae<\/strong> \u2013 Cuando el conteo regresivo llega a cero, ser\u00e1s elevado m\u00e1s de 150 pies al cielo, luego bajado m\u00e1s r\u00e1pido que la fuerza de gravedad. <\/li>\r\n\t<li><strong>Harry Potter and the Forbidden Journey\u2122<\/strong> \u2013 Camina por los salones de clases y pasillos de la escuela Hogwarts\u2122 School of Witchcraft and Wizardry y luego vuela con Harry Potter y sus amigos en una aventura asombrosa llena de creaturas m\u00e1gicas. <\/li>\r\n<\/ul>\r\n<!-- Title-->\r\n[custom_headline class=\"mtl responsive-heading3\" type=\"left\" level=\"h3\" looks_like=\"h5\"]\u00a1Atracciones para Ni\u00f1os![\/custom_headline]\r\n[responsive_text selector=\".responsive-heading3\" compression=\"1.5\" min_size=\"18px\" max_size=\"30px\"]\r\n<ul>\r\n\t<li><strong>Caro-Seuss-el\u2122<\/strong> \u2013 S\u00fabete a uno de los personajes inusuales del Dr. Seuss en una carrusel loco. Tambi\u00e9n podras hasta animar los ojos, orejas o cabeza de tu personaje.  <\/li>\r\n\t<li><strong>The Cat in the Hat\u2122 <\/strong> \u2013 Pasea en un sof\u00e1 por las p\u00e1ginas de este libro del Dr. Seuss \u2013 da vueltas con el Gato en el Sombrero, Thing 1 y Thing 2. <\/li>\r\n\t<li><strong>The High in the Sky Seuss Trolley Train Ride\u2122 <\/strong> \u2013 Disfruta de una vista a\u00e9rea de Seuss Landing en esta atracci\u00f3n que te muestra varias de las historias de Seuss. <\/li>\r\n\t<li><strong>TPteranodon Flyers\u00ae<\/strong> \u2013 Desl\u00edzate por el aire en esta atracci\u00f3n para ni\u00f1os que te eleva  debajo de la ala de 10 pies de un Pteranodon.<\/li>\r\n\t<li><strong>One Fish, Two Fish, Red Fish, Blue Fish\u2122<\/strong> \u2013 Este encantador libro de ni\u00f1os cobra vida cuando los ni\u00f1os controlan los peces hacia arriba y abajo. <\/li>\r\n\t<li><strong>Camp Jurassic\u00ae<\/strong> \u2013  A los ni\u00f1os les encanta esta \u00e1rea repleta de toboganes tem\u00e1ticos, puentes suspendidos en el aire y un \u00e1rea de batallas con ca\u00f1ones de agua. <\/li>\r\n\t<li><strong>If I Ran the Zoo\u2122<\/strong> \u2013 Este parque de juegos interactivo incluye toboganes, cuevas, diversi\u00f3n en el agua y otras \u00e1reas de juego.<\/li>\r\n\t<li><strong>Me Ship, The Olive\u00ae  <\/strong> \u2013 Explora el barco de Popeye que ofrece tres pisos de pasillos, toboganes, trompas, y m\u00e1s. <\/li>\r\n\t<li><strong>The Mystic Fountain  <\/strong> \u2013 tallado en piedras antiguas, el travieso esp\u00edritu del agua vive, respire, y habla mientras roc\u00eda con agua a aquellos valientes que se atreven hablarle. <\/li>\r\n\t<li><strong>Flight of the Hippogriff\u2122<\/strong> \u2013 Pasea cerca de la casucha de Hagrid, sigue sus instrucciones de como ac\u00e9rcate a un Hipogrifo y sube a uno en esta monta\u00f1a rusa familiar y encantadora. <\/li>\r\n<\/ul>\r\n[line]\r\n\r\n<!-- Text -->[image src=\"https:\/\/westgatecdn.com\/2015\/07\/ioa_360x550.jpg\" type=\"none\" float=\"right\" alt=\"universal studios islands of adventure\" title=\"universal studios islands of adventure\" style=\"width:250px;\"]\r\n\r\n<p>Disfruta de shows en vivo y entretenimiento en el parque Islands of Adventure de Universal Studios. Entre ellos est\u00e1n el \u201cThe Eighth Voyage of Sinbad\u201d o \u201cPoseidon\u2019s Fury\u201d  donde podr\u00e1s entrar a templos misteriosos debajo del mar en batallas llenas de lasers y explosiones entre los titanes Poseidon y el villano Lord Darkenon. <\/p>\r\n\r\n<p>\r\nTambi\u00e9n podr\u00e1s echarle un vistazo a Oh! The Stories You\u2019ll Hear!, donde las aventuras del Dr. Seuss cobran vida a traves de musicales de tus historias favoritas como Sam I Am, The Cat in the Hat, Thing One and Thing Two, el Grinch y el Lorax.\r\n<\/p>\r\n\r\n[custom_headline type=\"left\" level=\"h3\" looks_like=\"h5\" class=\"mts\"]Parques Tem\u00e1ticos & Atracciones de <a href=\"https:\/\/www.westgatereservations.com\/es\/vacations\/theme-park\/universal-orlando\/\">Universal Studios Orlando<\/a>[\/custom_headline]\r\n<ul>\r\n<li><a href=\"https:\/\/www.westgatereservations.com\/es\/vacations\/theme-park\/universal-orlando\/harry-potter-world-packages\/diagon-alley\/\">Wizarding World of Harry Potter - Diagon Alley<\/a><\/li>\r\n<li><a href=\"https:\/\/www.westgatereservations.com\/es\/vacations\/theme-park\/universal-orlando\/universal-studios-orlando-florida\/\">Universal Studios<\/a><\/li>\r\n<li><a href=\"https:\/\/www.westgatereservations.com\/es\/vacations\/theme-park\/universal-orlando\/citywalk\/\">Universal CityWalk<\/a><\/li>\r\n<\/ul>","protected":false},"excerpt":{"rendered":"<p>[custom_headline class=\"mtn\" type=\"left\" level=\"h1\" looks_like=\"h3\"]Islands of Adventure[\/custom_headline] [responsive_text selector=\".responsive-heading\" compression=\"2\" min_size=\"18px\" max_size=\"40px\"] [custom_headline class=\"mts responsive-subheading\" type=\"left\" level=\"h2\" looks_like=\"h5\"]\u00a1Muchas aventuras a trav\u00e9s de sus Islas Tem\u00e1ticas![\/custom_headline] [responsive_text selector=\".responsive-subheading\" compression=\"2\" min_size=\"14px\" max_size=\"22px\"] ... <\/p>\n<div><a href=\"https:\/\/www.westgatereservations.com\/es\/vacations\/theme-park\/universal-orlando\/islands-of-adventure\/\" class=\"more-link\">Leer M\u00e1s<\/a><\/div>\n","protected":false},"author":6,"featured_media":0,"parent":5427,"menu_order":0,"comment_status":"open","ping_status":"closed","template":"template-blank-1.php","meta":{"footnotes":""},"_links":{"self":[{"href":"https:\/\/www.westgatereservations.com\/es\/wp-json\/wp\/v2\/pages\/5433"}],"collection":[{"href":"https:\/\/www.westgatereservations.com\/es\/wp-json\/wp\/v2\/pages"}],"about":[{"href":"https:\/\/www.westgatereservations.com\/es\/wp-json\/wp\/v2\/types\/page"}],"author":[{"embeddable":true,"href":"https:\/\/www.westgatereservations.com\/es\/wp-json\/wp\/v2\/users\/6"}],"replies":[{"embeddable":true,"href":"https:\/\/www.westgatereservations.com\/es\/wp-json\/wp\/v2\/comments?post=5433"}],"version-history":[{"count":0,"href":"https:\/\/www.westgatereservations.com\/es\/wp-json\/wp\/v2\/pages\/5433\/revisions"}],"up":[{"embeddable":true,"href":"https:\/\/www.westgatereservations.com\/es\/wp-json\/wp\/v2\/pages\/5427"}],"wp:attachment":[{"href":"https:\/\/www.westgatereservations.com\/es\/wp-json\/wp\/v2\/media?parent=5433"}],"curies":[{"name":"wp","href":"https:\/\/api.w.org\/{rel}","templated":true}]}}