{"id":5430,"date":"2015-06-04T18:45:53","date_gmt":"2015-06-04T18:45:53","guid":{"rendered":"https:\/\/www.westgatereservations.com\/es\/vacations\/theme-park\/universal-orlando\/universal-studios-orlando-florida\/"},"modified":"2020-01-10T11:33:32","modified_gmt":"2020-01-10T16:33:32","slug":"universal-studios-orlando-florida","status":"publish","type":"page","link":"https:\/\/www.westgatereservations.com\/es\/vacations\/theme-park\/universal-orlando\/universal-studios-orlando-florida\/","title":{"rendered":"Universal Studios Orlando Florida"},"content":{"rendered":"<!-- Title-->[custom_headline type=\"left\" class=\"mtn\" level=\"h1\" looks_like=\"h3\"]Universal Studios Orlando (Estudios Universales)[\/custom_headline]\r\n[responsive_text selector=\".responsive-heading\" compression=\"2\" min_size=\"18px\" max_size=\"40px\"]\r\n<!-- Second line Title-->[custom_headline class=\"mts responsive-subheading\" type=\"left\" level=\"h2\" looks_like=\"h5\"]\u00a1Donde las pel\u00edculas cobran vida![\/custom_headline]\r\n[responsive_text selector=\".responsive-subheading\" compression=\"1.5\" min_size=\"14px\" max_size=\"30px\"]\r\n<!--Top Banner-->\r\n<img decoding=\"async\" src=\"https:\/\/westgatecdn.com\/2015\/07\/universal-studios_860x250.jpg\" alt=\"Universal Studios Orlando Florida\" \/>\r\n\r\n[image class=\"mtm\" src=\"https:\/\/westgatecdn.com\/2015\/07\/universal-studios_360x550.jpg\" style=\"width:300px;\" type=\"none\" float=\"right\" alt=\"Universal Studios Orlando Florida\" title=\"Universal Studios Orlando Florida\" info=\"none\" info_place=\"top\" info_trigger=\"hover\"]\r\n\r\n<p class=\"mtm\"><strong>Universal Studios Orlando Florida<\/strong>, tambi\u00e9n conocido como Estudios Universales, tiene todo lo \u00faltimo en atracciones basadas en iconos del entretenimiento, y las pel\u00edculas y series m\u00e1s populares. Disfruta unas vacaciones que te transportaran a un mundo lleno de imaginaci\u00f3n donde puedes saltar a la pantalla y convertirte en la estrella. <\/p>\r\n\r\n<p><strong>The Wizarding World of Harry Potter<\/strong><\/p>\r\n<p>Aunque el parque tem\u00e1tico de 107 acres abri\u00f3 en el 1990, contin\u00faan a\u00f1adiendo atracciones nuevas y emocionantes. Comienza tus vacaciones en una de las secciones m\u00e1s nuevas \u201cThe Wizarding World of Harry Potter \u2013 Diagon Alley! Basado en la popular serie de libros y pel\u00edculas por J.K. Rowling, Harry Potter, el callej\u00f3n Diagon Alley es una recreaci\u00f3n del distrito de tiendas m\u00e1gicas de Harry Potter donde podr\u00e1s comprar varitas m\u00e1gicas y otros esenciales. <\/p>\r\n\r\n<p>La atracci\u00f3n tiene una variedad de tiendas y restaurantes reconocidos de la serie de Harry Potter. Tambi\u00e9n encontrar\u00e1s el m\u00e1gico tren, Hogwarts Express, que transporta a los visitantes desde Diagon Alley y el Wizarding World of Harry Potter dentro de Islands of Adventure. <\/p>\r\n\r\n<p><strong>Paradas y Personajes<\/strong><\/p>\r\n<p>\u00a1A toda la familia le encantar\u00e1 la parada Universal\u2019s Superstar Parade! Esta parada que sucede a diario te da la oportunidad de cantar y bailar con algunos de tus personajes favoritos incluyendo  a SpongeBob SquarePants, Dora & Diego, los minions de Despicable Me, y de la pel\u00edcula Hop.<\/p>\r\n\r\n<!-- Packages-->\r\n[custom_headline type=\"left\" level=\"h2\" looks_like=\"h4\" class=\"mtm\"]Paquete Vacacional para Universal[\/custom_headline]\r\n[specials ids=\"5661\"]\r\n<!-- \/Packages-->\r\n\r\n[custom_headline type=\"left\" level=\"h3\" looks_like=\"h5\" class=\"mts\"]Parques Tem\u00e1ticos & Atracciones de <a href=\"https:\/\/www.westgatereservations.com\/es\/vacations\/theme-park\/universal-orlando\/\">Universal Studios Orlando<\/a>[\/custom_headline]\r\n\r\n<ul>\r\n<li><a href=\"https:\/\/www.westgatereservations.com\/es\/vacations\/theme-park\/universal-orlando\/islands-of-adventure\/\">Islands of Adventure<\/a><\/li>\r\n<li><a href=\"https:\/\/www.westgatereservations.com\/es\/vacations\/theme-park\/universal-orlando\/harry-potter-world-packages\/\">Wizarding World of Harry Potter<\/a><\/li>\r\n<li><a href=\"https:\/\/www.westgatereservations.com\/es\/vacations\/theme-park\/universal-orlando\/citywalk\/\">Universal CityWalk<\/a><\/li>\r\n<\/ul>\r\n\r\n[content-block name=\"4-3-59\"]","protected":false},"excerpt":{"rendered":"<p>[custom_headline type=\"left\" class=\"mtn\" level=\"h1\" looks_like=\"h3\"]Universal Studios Orlando (Estudios Universales)[\/custom_headline] [responsive_text selector=\".responsive-heading\" compression=\"2\" min_size=\"18px\" max_size=\"40px\"] [custom_headline class=\"mts responsive-subheading\" type=\"left\" level=\"h2\" looks_like=\"h5\"]\u00a1Donde las pel\u00edculas cobran vida![\/custom_headline] [responsive_text selector=\".responsive-subheading\" compression=\"1.5\" min_size=\"14px\" max_size=\"30px\"] [image ... <\/p>\n<div><a href=\"https:\/\/www.westgatereservations.com\/es\/vacations\/theme-park\/universal-orlando\/universal-studios-orlando-florida\/\" class=\"more-link\">Leer M\u00e1s<\/a><\/div>\n","protected":false},"author":6,"featured_media":0,"parent":5427,"menu_order":0,"comment_status":"closed","ping_status":"closed","template":"template-blank-1.php","meta":{"footnotes":""},"_links":{"self":[{"href":"https:\/\/www.westgatereservations.com\/es\/wp-json\/wp\/v2\/pages\/5430"}],"collection":[{"href":"https:\/\/www.westgatereservations.com\/es\/wp-json\/wp\/v2\/pages"}],"about":[{"href":"https:\/\/www.westgatereservations.com\/es\/wp-json\/wp\/v2\/types\/page"}],"author":[{"embeddable":true,"href":"https:\/\/www.westgatereservations.com\/es\/wp-json\/wp\/v2\/users\/6"}],"replies":[{"embeddable":true,"href":"https:\/\/www.westgatereservations.com\/es\/wp-json\/wp\/v2\/comments?post=5430"}],"version-history":[{"count":0,"href":"https:\/\/www.westgatereservations.com\/es\/wp-json\/wp\/v2\/pages\/5430\/revisions"}],"up":[{"embeddable":true,"href":"https:\/\/www.westgatereservations.com\/es\/wp-json\/wp\/v2\/pages\/5427"}],"wp:attachment":[{"href":"https:\/\/www.westgatereservations.com\/es\/wp-json\/wp\/v2\/media?parent=5430"}],"curies":[{"name":"wp","href":"https:\/\/api.w.org\/{rel}","templated":true}]}}