{"id":5427,"date":"2015-06-03T18:33:25","date_gmt":"2015-06-03T18:33:25","guid":{"rendered":"https:\/\/www.westgatereservations.com\/es\/vacations\/theme-park\/universal-orlando\/"},"modified":"2024-07-08T09:19:28","modified_gmt":"2024-07-08T13:19:28","slug":"universal-orlando","status":"publish","type":"page","link":"https:\/\/www.westgatereservations.com\/es\/vacations\/theme-park\/universal-orlando\/","title":{"rendered":"Universal Vacations Orlando"},"content":{"rendered":"<div style=\"position: relative; overflow: hidden;\">\r\n    <div class=\"x-container max width\">\r\n        <div class=\"x-container max width\">\r\n        <div class=\"center-text p-2 p-md-5 m-md-5\" style=\"position:relative; z-index:10;\">\r\n            <h1 class=\"h2 mts mbn white dshadow center text\">\r\n                Universal Orlando Resort<br\/>\r\n            <\/h1>\r\n            <p class=\"h5 mts mbn white dshadow center text\">-Por Tiempo Limitado-<\/p>\r\n            <p class=\"mts mbn white dshadow center text\">\r\n                <span class=\"h5 white\">\u00a1Paquete para Universal Orlando!<\/span><br\/>\r\n                <span class=\"h4 white\">Desde: $199<\/span>\r\n            <\/p>\r\n            <p class=\"h5 mts mbn white dshadow center text\">\r\n                 <a href=\"tel:[tel]\" class=\"x-btn btn-orange\">Llame hoy [tel]<\/a>\r\n            <\/p>\r\n        <\/div>\r\n    <\/div>\r\n[slider animation=\"fade\" no_container=\"true\" slide_time=\"6500\" slide_speed=\"600\" slideshow=\"true\" random=\"false\" control_nav=\"false\" prev_next_nav=\"false\" style=\"position:absolute; top:0; left:0; right:0; bottom:0; z-index:0; background-image:linear-gradient( rgba(0, 0, 0, 0.4), rgba(0, 0, 0, 0.4) ), url(https:\/\/westgatecdn.com\/2022\/03\/banner-full-universal-orlando.jpg);background-size: cover;background-repeat: no-repeat;\"] \r\n[slide]<img decoding=\"async\" src=\"https:\/\/westgatecdn.com\/2022\/03\/banner-full-universal-orlando.jpg\" alt=\"\">[\/slide] \r\n[slide]<img decoding=\"async\" src=\"https:\/\/westgatecdn.com\/2022\/03\/banner-full-universal-orlando-hogsmede.jpg\" alt=\"\">[\/slide] \r\n[slide]<img decoding=\"async\" src=\"https:\/\/westgatecdn.com\/2022\/03\/banner-full-universal-orlando-velocicoaster.jpg\" alt=\"\">[\/slide] \r\n[slide]<img decoding=\"async\" src=\"https:\/\/westgatecdn.com\/2022\/03\/banner-full-universal-orlando-volcano-bay.jpg\" alt=\"\">[\/slide]\r\n[slide]<img decoding=\"async\" src=\"https:\/\/westgatecdn.com\/2022\/03\/banner-full-universal-orlando-citywalk-water-taxi.jpg\" alt=\"\">[\/slide]\r\n[\/slider]\r\n<\/div>\r\n<\/div>\r\n<div class=\"x-container max width\">\r\n    <div class=\"pt-1 pt-md-5 pb-5\">\r\n\t\t<h2 class=\"mt-1 h4 center-text\">Ofertas especiales de Vacaciones en Universal Orlando<\/h2>\r\n\t\t<div class=\"horiz-scrolling-wrapper\">\r\n\t\t[specials ids=\"5661,15861,19290\" show_hidden=\"true\" layout=\"cards\"]\r\n\t\t<\/div>\r\n\t\t<div class=\"x-clear pb-4 pb-md-0\"><\/div>\r\n\t\t<p>\u00bfQu\u00e9 son unas vacaciones universales? Pel\u00edculas taquilleras. Paseos emocionantes. Espect\u00e1culos impresionantes. Vida nocturna ecl\u00e9ctica. Minigolf. Desfiles deslumbrantes. Restaurantes ic\u00f3nicos. Eventos exclusivos. Magn\u00edfica m\u00fasica. Todo es parte de la emoci\u00f3n de a&nbsp;<strong> Vacaciones universales <\/strong> en Universal Orlando Resort.<\/p>\r\n\t\t<p>\r\n\t\tAnclado por la popular vida nocturna y el distrito de entretenimiento, Universal CityWalk, unas vacaciones universales en Universal Orlando Resort ofrecen el doble de diversi\u00f3n con dos extraordinarios parques tem\u00e1ticos: Universal Orlando Florida\u00ae y Universal's Islands of Adventure\u00ae.\r\n\t\t<\/p>\r\n\t<\/div>\r\n<\/div>\r\n<h2 class=\"h4 center-text\">Explora los Parques Tem\u00e1ticos de Universal Orlando<\/h2>\r\n<div class=\"row\">\r\n    <div class=\"col-12 col-lg-6 g-0 background-cover\" style=\"background-image:url(https:\/\/westgatecdn.com\/2018\/04\/universal-orlando-featured-2.jpg);\">\r\n        <div class=\"m-5 p-5 x-visible-phone\"><div class=\"p-4\"><\/div><\/div>\r\n    <\/div>\r\n    <div class=\"col-12 col-lg-6 g-0\">\r\n        <div class=\"p-5\" style=\"width: 100%; background: #efefef;\">\r\n            <div class=\"p-md-4\">\r\n                <h4>Universal Studio\u2019s Islands of Adventure<\/h4>\r\n\r\n    <p>Islands of Adventure de Universal Studio presenta algunas de las atracciones y atracciones m\u00e1s emocionantes e innovadoras jam\u00e1s realizadas en siete islas tem\u00e1ticas espectaculares: The Wizarding World of Harry Potter, Marvel Super Hero Island, Toon Lagoon, Jurassic Park, The Lost Continent, Seuss Landing y Port of Entry.<\/p>\r\n      <p>Con m\u00e1s de 100 acres de diversi\u00f3n y emoci\u00f3n, Universal Studio's Islands of Adventure es el hogar de una amplia gama de atracciones y otra opci\u00f3n perfecta de vacaciones en Universal.<\/p>\r\n\r\n  <p>El Mundo M\u00e1gico de 20 acres de Harry Potter da vida a la aventura de las pel\u00edculas de Harry Potter. El \u00e1rea incluye el pueblo de Hogsmeade con la tienda de chistes de Zonko, Honeydukes, three Broomsticks, el pub Hog's Head, Owlery y Owl Post, Ollivanders y Dervish and Banges.<\/p>\r\n\r\n<a class=\"mbs font-120\" href=\"https:\/\/www.westgatereservations.com\/es\/vacations\/theme-park\/universal-orlando\/islands-of-adventure\/\" data-options=\"thumbnail: ''\"><strong>Universal Studios Florida<\/strong> <i class=\"fas fa-arrow-circle-right\"><\/i><\/a>\r\n\r\n            <\/div>\r\n        <\/div>\r\n    <\/div>\r\n<\/div>\r\n<div class=\"row\">\r\n    <div class=\"col-12 order-md-last col-lg-6 g-0 background-cover\" style=\"background-image:url(https:\/\/westgatecdn.com\/2019\/01\/Universal_Studios_mardi_gras.jpg);\">\r\n          <div class=\"m-5 p-5 d-block d-lg-none\"><div class=\"p-4\"><\/div><\/div>\r\n    <\/div>\r\n    <div class=\"col-12 order-md-first col-lg-6 g-0\">\r\n        <div class=\"p-5\" style=\"width: 100%; background: #efefef;\">\r\n            <div class=\"p-md-4\">\r\n                <h4>Universal Studios Florida<\/h4>\r\n\r\n   <p>Universal Studios Florida ofrece atracciones y atracciones de vanguardia basadas en \u00edconos de la cultura pop, pel\u00edculas taquilleras de Hollywood y exitosos programas de televisi\u00f3n. Experimenta la diversi\u00f3n de unas vacaciones universales y transp\u00f3rtate a un mundo altamente imaginativo donde puedes saltar a trav\u00e9s de la pantalla y convertirte en la estrella.<\/p>\r\n\r\n  <p>Este parque de 107 acres <a href=\"https:\/\/www.westgatereservations.com\/es\/vacations\/theme-park\/\">theme abri\u00f3<\/a> sus puertas en 1990, pero Universal contin\u00faa agregando nuevas y emocionantes atracciones. \u00a1Comience sus <em>vacaciones en Universal<\/em> con la adici\u00f3n m\u00e1s reciente es el Mundo M\u00e1gico de Harry Potter - Callej\u00f3n Diagon! Basado en la exitosa serie de libros y pel\u00edculas de \"Harry Potter\" creada por J.K. Rowling, Diagon Alley es una recreaci\u00f3n del m\u00e1gico distrito comercial donde Harry Potter y otros \"magos\" compraron varitas m\u00e1gicas y otros elementos esenciales.<\/p>\r\n\r\n                <a class=\"mbs font-120\" href=\"https:\/\/www.westgatereservations.com\/\/esvacations\/theme-park\/universal-orlando\/islands-of-adventure\/\" data-options=\"thumbnail: ''\"><strong>Islands of Adventure<\/strong> <i class=\"fas fa-arrow-circle-right\"><\/i><\/a>\r\n            <\/div>\r\n        <\/div>\r\n    <\/div>\r\n<\/div>\r\n<div class=\"row\">\r\n    <div class=\"col-12 col-lg-6 g-0 background-cover\" style=\"background-image:url(https:\/\/westgatecdn.com\/2020\/06\/universal-orlando-resort-volcano-bay-waterslide-sl.jpg);\">\r\n        <div class=\"m-5 p-5 d-block d-lg-none\"><div class=\"p-4\"><\/div><\/div>\r\n    <\/div>\r\n    <div class=\"col-12 col-lg-6 g-0\">\r\n        <div class=\"p-5\" style=\"width: 100%; background: #efefef;\">\r\n            <div class=\"p-md-4\">\r\n\r\n                <h4>Volcano Bay<\/h4>\r\n\r\n  <p>Escondido en un exuberante oasis de para\u00edso tropical, Universal's Volcano Bay\u2122 es un parque tem\u00e1tico acu\u00e1tico completamente nuevo como ning\u00fan otro lugar en la tierra. Aqu\u00ed, el wearable TapuTapu\u2122 te permite mantener tu lugar en las l\u00edneas de conducci\u00f3n y revelar maravillosas sorpresas con solo un movimiento de tu mu\u00f1eca. Encontrar\u00e1 momentos relajantes y experiencias emocionantes que ofrecen ese ambiente de isla perfecto y relajado.<\/p>\r\n\r\n<p>Universal ha llevado el parque acu\u00e1tico cl\u00e1sico a un nivel completamente nuevo con atracciones y entretenimientos para toda la familia. Y cuando necesite recargar energ\u00edas, dir\u00edjase a uno de nuestros restaurantes para disfrutar de una deliciosa comida y un c\u00f3ctel especial. \u00a1La isla de Waturi te espera!<\/p>\r\n\r\n\r\n            <\/div>\r\n        <\/div>\r\n    <\/div>\r\n<\/div>\r\n","protected":false},"excerpt":{"rendered":"<p>Universal Orlando Resort -Por Tiempo Limitado- \u00a1Paquete para Universal Orlando! Desde: $199 Llame hoy [tel] [slider animation=\"fade\" no_container=\"true\" slide_time=\"6500\" slide_speed=\"600\" slideshow=\"true\" random=\"false\" control_nav=\"false\" prev_next_nav=\"false\" style=\"position:absolute; top:0; left:0; right:0; bottom:0; z-index:0; ... <\/p>\n<div><a href=\"https:\/\/www.westgatereservations.com\/es\/vacations\/theme-park\/universal-orlando\/\" class=\"more-link\">Leer M\u00e1s<\/a><\/div>\n","protected":false},"author":6,"featured_media":21631,"parent":5373,"menu_order":0,"comment_status":"open","ping_status":"closed","template":"template-blank-4.php","meta":{"footnotes":""},"_links":{"self":[{"href":"https:\/\/www.westgatereservations.com\/es\/wp-json\/wp\/v2\/pages\/5427"}],"collection":[{"href":"https:\/\/www.westgatereservations.com\/es\/wp-json\/wp\/v2\/pages"}],"about":[{"href":"https:\/\/www.westgatereservations.com\/es\/wp-json\/wp\/v2\/types\/page"}],"author":[{"embeddable":true,"href":"https:\/\/www.westgatereservations.com\/es\/wp-json\/wp\/v2\/users\/6"}],"replies":[{"embeddable":true,"href":"https:\/\/www.westgatereservations.com\/es\/wp-json\/wp\/v2\/comments?post=5427"}],"version-history":[{"count":0,"href":"https:\/\/www.westgatereservations.com\/es\/wp-json\/wp\/v2\/pages\/5427\/revisions"}],"up":[{"embeddable":true,"href":"https:\/\/www.westgatereservations.com\/es\/wp-json\/wp\/v2\/pages\/5373"}],"wp:featuredmedia":[{"embeddable":true,"href":"https:\/\/www.westgatereservations.com\/es\/wp-json\/wp\/v2\/media\/21631"}],"wp:attachment":[{"href":"https:\/\/www.westgatereservations.com\/es\/wp-json\/wp\/v2\/media?parent=5427"}],"curies":[{"name":"wp","href":"https:\/\/api.w.org\/{rel}","templated":true}]}}