{"id":5423,"date":"2015-06-05T18:50:25","date_gmt":"2015-06-05T18:50:25","guid":{"rendered":"https:\/\/www.westgatereservations.com\/es\/vacations\/theme-park\/walt-disney-world\/typhoon-lagoon-orlando\/"},"modified":"2023-05-31T11:15:42","modified_gmt":"2023-05-31T15:15:42","slug":"typhoon-lagoon-orlando","status":"publish","type":"page","link":"https:\/\/www.westgatereservations.com\/es\/orlando\/theme-parks\/walt-disney-world\/typhoon-lagoon-orlando\/","title":{"rendered":"Typhoon Lagoon Orlando"},"content":{"rendered":"<!-- Title-->[custom_headline type=\"left\" class=\"mtn\" level=\"h1\" looks_like=\"h3\"]Typhoon Lagoon Orlando[\/custom_headline]\r\n[responsive_text selector=\".responsive-heading\" compression=\"2\" min_size=\"18px\" max_size=\"24px\"]\r\n<!-- Second line Title-->[custom_headline class=\"mts\" responsive-subheading\" type=\"left\" level=\"h2\" looks_like=\"h5\"]\u00a1Oleaje r\u00e1pido y una marea alta![\/custom_headline]\r\n[responsive_text selector=\".responsive-subheading\" compression=\"1.5\" min_size=\"14px\" max_size=\"20px\"]\r\n<!--Top Banner-->\r\n<img decoding=\"async\" src=\"https:\/\/westgatecdn.com\/2015\/06\/typhoon-lagoon-orlando_860x250.jpg\" alt=\"Typhoon Lagoon\" title=\"Typhoon Lagoon Orlando\"\/>\r\n\r\n<p class=\"mtm\">\u00a1\u00c9chale un vistazo a lo que la tormenta trajo! De acuerdo con una leyenda de Disney, una furiosa tormenta azoto el \u00e1rea, trepando tablas de surf en \u00e1rboles, algunos botes en los techos, y un barco camaronero en la cima de un volc\u00e1n. Dentro de toda esa destrucci\u00f3n, el tif\u00f3n dejo un parque acu\u00e1tico lleno de toboganes incre\u00edbles, r\u00e1pidos y locos hasta un relajante lazy river. <\/p>\r\n\r\n<p>Visitantes podr\u00e1n disfrutar de un estacionamiento gratuito y una caminata corta hacia el parque. Con el sol y calor de Florida, te sentir\u00e1s como en un oasis tropical. Veras unos caminos que te llevar\u00e1n de una atracci\u00f3n a la otra con suficiente sombra y regaderas para mantener tus pies frescos.\r\n\r\n<p>Visitantes podr\u00e1n disfrutar de un estacionamiento gratuito y una caminata corta hacia el parque. Con el sol y calor de Florida, te sentir\u00e1s como en un oasis tropical. Veras unos caminos que te llevar\u00e1n de una atracci\u00f3n a la otra con suficiente sombra y regaderas para mantener tus pies frescos.<\/p>\r\n\r\n<!-- Packages-->\r\n[custom_headline type=\"left\" level=\"h2\" looks_like=\"h4\" class=\"mtm\"]Paquetes Vacacionales a Disney[\/custom_headline]\r\n[specials ids=\"11201,5658\"]\r\n<!-- \/Packages-->\r\n\r\n[image src=\"https:\/\/westgatecdn.com\/2015\/06\/typhoon-lagoon-waterpark_660x500.jpg\" type=\"none\" float=\"left\" alt=\"Typhoon Lagoon\" title=\"Typhoon Lagoon\" style=\"width:460px;\"]\r\n\r\n<p><strong>Castaway Creek<\/strong> \u2013 M\u00f3ntate en uno de los toboganes y desciende 2,100 pies de bosques, cuevas, cascadas y m\u00e1s.<\/p>\r\n\r\n<p><strong>Gangplank Falls<\/strong> \u2013 La familia completa podr\u00e1 pasear en un tobog\u00e1n con unos efectos de agua que har\u00e1n que todos se mojen. <\/p>\r\n\r\n<p><strong>Humunga Kowabunga<\/strong> \u2013 Prep\u00e1rate para una atracci\u00f3n asombrosa que alcanza hasta las 30 mph mientras baja 214 pies en tres toboganes bajo techo y a trav\u00e9s de unas cuevas. <\/p>\r\n\r\n<p><strong>Crush \u201cN\u201d Gusher<\/strong> \u2013 Camina por un centro de procesamiento de alimentos abandonados, s\u00fabete a una balsa y escoge entre tres toboganes. En cualquier de ellos te encontraras con curvas, giros y adrenalina hasta llegar al Hideaway Bay. <\/p>\r\n\r\n<p><strong>Mayday Falls<\/strong> \u2013 Viaja por unos toboganes que te permitir\u00e1n disfrutar del paisaje de Typhoon Lagoon. <\/p>\r\n\r\n<p><strong>Shark Reef<\/strong> \u2013 Este arrecife de coral tiene un \u00e1rea de observaci\u00f3n, bajo y fuera del agua. Esta es tu oportunidad de bucear con tiburones y peces tropicales.  <\/p>\r\n\r\n<p><strong>Storm Slides<\/strong> \u2013 Son una serie de toboganes que te llevan por cavernas y cascadas m\u00e1s tiene una ca\u00edda de 36 pies hacia una piscina. <\/p>\r\n\r\n<p><strong>Piscinas de Olas<\/strong> \u2013 Haz surf en una piscina de olas que pueden subir hasta seis pies de altura. Un ciclo de dos horas contiene comienza cuando el parque abre y tiene 90 minutos de olas de surf, 5 minutos calmados, 10 minutos de olas meci\u00e9ndose, 5 minutos calmados, 10 minutos de olas meci\u00e9ndose y finalmente 10 minutos calmados. <\/p>\r\n\r\n<p><strong>Ketchakiddee Creek<\/strong> \u2013 Esta \u00e1rea para ni\u00f1os en el Typhoon Lagoon (debe tener menos de 48 pulgadas de altura) tiene 10 diferentes actividades desde toboganes, botes flotantes, m\u00fasica, una fuente, cascadas y animales. <\/p>\r\n\r\n[custom_headline type=\"left\" level=\"h3\" looks_like=\"h5\" class=\"mts\"]Parques Tem\u00e1ticos & Atracciones de <a href=\"\/es\/orlando\/theme-parks\/walt-disney-world\/\">Walt Disney World<\/a>[\/custom_headline]\r\n[columnize]\r\n<ul>\r\n<li><a href=\"\/es\/orlando\/theme-parks\/walt-disney-world\/\">Walt Disney World<\/a><\/li>\r\n<li><a href=\"\/es\/orlando\/theme-parks\/walt-disney-world\/epcot-orlando\/\">Epcot Orlando<\/a><\/li>\r\n<li><a href=\"\/es\/orlando\/theme-parks\/walt-disney-world\/animal-kingdom-orlando\/\">Disney's Animal Kingdom Orlando<\/a><\/li>\r\n<li><a href=\"\/es\/orlando\/theme-parks\/walt-disney-world\/disney-hollywood-studios\/\">Disney's Hollywood Studios<\/a><\/li>\r\n<li><a href=\"\/es\/orlando\/theme-parks\/walt-disney-world\/blizzard-beach-orlando\/\">Blizzard Beach<\/a><\/li>\r\n<li><a href=\"\/es\/orlando\/theme-parks\/walt-disney-world\/disney-springs\/\">Disney Springs<\/a><\/li>\r\n<li><a href=\"\/es\/orlando\/theme-parks\/walt-disney-world\/discount-disney-tickets\/\">Entradas a Disney con Descuento<\/a><\/li>\r\n<li><a href=\"\/es\/orlando\/theme-parks\/walt-disney-world\/magic-kingdom-orlando\/magic-kingdom-discount-tickets\/\">Entradas a Magic Kingdom con Descuento<\/a><\/li>\r\n<li><a href=\"\/es\/orlando\/theme-parks\/walt-disney-world\/animal-kingdom-orlando\/animal-kingdom-discount-tickets\/\">Entradas a Animal Kingdom con Descuento<\/a><\/li>\r\n<li><a href=\"\/es\/orlando\/theme-parks\/walt-disney-world\/epcot-orlando\/epcot-discount-tickets\/\">Entradas a Epcot con Descuento<\/a><\/li>\r\n<li><a href=\"\/es\/orlando\/theme-parks\/walt-disney-world\/disney-hollywood-studios\/hollywood-studios-discount-tickets\/\">Entradas a Hollywood Studios con Descuento<\/a><\/li>\r\n<li><a href=\"\/es\/orlando\/theme-parks\/walt-disney-world\/visit-disney-at-christmas\/\">Navidades en Disney<\/a><\/li>\r\n<\/ul>\r\n[\/columnize]\r\n[clear]\r\n[content-block name=\"disney-special\"]\r\n","protected":false},"excerpt":{"rendered":"<p>[custom_headline type=\"left\" class=\"mtn\" level=\"h1\" looks_like=\"h3\"]Typhoon Lagoon Orlando[\/custom_headline] [responsive_text selector=\".responsive-heading\" compression=\"2\" min_size=\"18px\" max_size=\"24px\"] [custom_headline class=\"mts\" responsive-subheading\" type=\"left\" level=\"h2\" looks_like=\"h5\"]\u00a1Oleaje r\u00e1pido y una marea alta![\/custom_headline] [responsive_text selector=\".responsive-subheading\" compression=\"1.5\" min_size=\"14px\" max_size=\"20px\"] \u00a1\u00c9chale un ... <\/p>\n<div><a href=\"https:\/\/www.westgatereservations.com\/es\/orlando\/theme-parks\/walt-disney-world\/typhoon-lagoon-orlando\/\" class=\"more-link\">Leer M\u00e1s<\/a><\/div>\n","protected":false},"author":6,"featured_media":0,"parent":23868,"menu_order":0,"comment_status":"open","ping_status":"closed","template":"template-layout-content-sidebar.php","meta":{"footnotes":""},"_links":{"self":[{"href":"https:\/\/www.westgatereservations.com\/es\/wp-json\/wp\/v2\/pages\/5423"}],"collection":[{"href":"https:\/\/www.westgatereservations.com\/es\/wp-json\/wp\/v2\/pages"}],"about":[{"href":"https:\/\/www.westgatereservations.com\/es\/wp-json\/wp\/v2\/types\/page"}],"author":[{"embeddable":true,"href":"https:\/\/www.westgatereservations.com\/es\/wp-json\/wp\/v2\/users\/6"}],"replies":[{"embeddable":true,"href":"https:\/\/www.westgatereservations.com\/es\/wp-json\/wp\/v2\/comments?post=5423"}],"version-history":[{"count":0,"href":"https:\/\/www.westgatereservations.com\/es\/wp-json\/wp\/v2\/pages\/5423\/revisions"}],"up":[{"embeddable":true,"href":"https:\/\/www.westgatereservations.com\/es\/wp-json\/wp\/v2\/pages\/23868"}],"wp:attachment":[{"href":"https:\/\/www.westgatereservations.com\/es\/wp-json\/wp\/v2\/media?parent=5423"}],"curies":[{"name":"wp","href":"https:\/\/api.w.org\/{rel}","templated":true}]}}