{"id":5419,"date":"2015-06-05T18:47:20","date_gmt":"2015-06-05T18:47:20","guid":{"rendered":"https:\/\/www.westgatereservations.com\/es\/vacations\/theme-park\/walt-disney-world\/blizzard-beach-orlando\/"},"modified":"2023-12-06T13:52:42","modified_gmt":"2023-12-06T18:52:42","slug":"blizzard-beach-orlando","status":"publish","type":"page","link":"https:\/\/www.westgatereservations.com\/es\/orlando\/theme-parks\/walt-disney-world\/blizzard-beach-orlando\/","title":{"rendered":"Blizzard Beach Orlando"},"content":{"rendered":"<img decoding=\"async\" class=\"x-visible-phone\" src=\"https:\/\/westgatecdn.com\/2023\/08\/banner-full-blizzard-beach.webp\" alt=\"Disney Springs\" \/>\r\n<div class=\"x-container max width\">\r\n[gap size=\"15em\" class=\"x-hidden-phone\"]\r\n<div class=\"full-banner-bg x-hidden-phone\" style=\"height: 400px; background-image: url('https:\/\/westgatecdn.com\/2023\/08\/banner-full-blizzard-beach.webp'); background-position: center;\"><\/div>\r\n<div>\r\n<div class=\"search-regular mt-3 mt-md-0\">[search-availability layout=\"horizontal\" destination=\"Orlando\" title=\"Encuentre Resorts cerca del parque acu\u00e1tico Disney's Blizzard Beach\"]<\/div>\r\n<\/div>\r\n[clear]\r\n[gap size=\"1em\" class=\"x-hidden-phone\"]\r\n<\/div>\r\n\r\n<div class=\"center-text fw-wrapper x-hidden-phone\">\r\n    <div class=\"d-flex justify-content-center font-120 mt-1\">\r\n        <wf-scroll hash=\"packages\" class=\"mx-2\">Paquetes Vacacionales<\/wf-scroll>\r\n        <wf-scroll hash=\"resorts\" class=\"mx-2\">Resorts Cercanos<\/wf-scroll>\r\n        <wf-scroll hash=\"faq\" class=\"mx-2\">Preguntas Frecuentes<\/wf-scroll>\r\n    <\/div>\r\n<\/div>\r\n\r\n<div class=\"x-container max width mt-3 mt-md-5\">\r\n    <div class=\"row\">\r\n        <div class=\"col-12 col-md-9\">\r\n            <h1 class=\"h3 mt-0\">Disney's Blizzard Beach Water Park Orlando<\/h1>\r\n            <h4>\u00a1Refr\u00e9scate en la playa m\u00e1s caliente de Orlando, Florida!<\/h4>\r\n\r\n            <p class=\"mtm\">Al dar ese corto y encantador paseo por este para\u00edso m\u00e1gico dentro de <a href=\"https:\/\/www.westgatereservations.com\/orlando\/theme-parks\/walt-disney-world\/\">Walt Disney World Resort<\/a>, \u00a1prep\u00e1rate para ser transportado a un mundo completamente nuevo! Contempla como se despliega ante tus ojos un paisaje fascinante, adornado con fant\u00e1sticos bancos de nieve artificiales y un majestuoso salto de esqu\u00ed que se acerca al cielo.<\/p>\r\n\r\n            <img decoding=\"async\" src=\"https:\/\/westgatecdn.com\/2023\/08\/banner-disney-blizzard-beach.webp\" alt=\"Blizzard Beach Water park\" \/>\r\n\r\n\t\t\t<p class=\"mt-3\">En la parte superior del salto, encontrar\u00e1s la pieza central de Blizzard Beach; Summit plummet, un tobog\u00e1n vertical de ca\u00edda libre y tambi\u00e9n uno de los m\u00e1s altos y r\u00e1pidos del mundo. Se puede llegar a \u00e9l por escaleras o el telesqu\u00ed, y dirigirse a la cima del monte Gushmore para disfrutar de una zambullida de 12 pisos con la velocidad registrada por un cron\u00f3metro digital.<\/p>\r\n\r\n\t\t\t[blockquote type=\"center\"]Necesitas Tickets? Obten<a target=\"_blank\" rel=\"noreferrer noopener\" href=\"https:\/\/kgstix.com\/westgate\/walt-disney-world\/\"> Tickets para Disney Hoy<\/a>[\/blockquote]\r\n\r\n\t\t\t<!-- Packages-->\r\n\t\t\t<h2 class=\"h3 mb-2\" id=\"packages\">Paquetes Magicos para Disney<\/h2>\r\n\t\t\t[specials ids=\"5658,5584,12623,12740,13354,15840,12725,12766,15569\"]\r\n\t\t\t<!-- \/Packages-->\r\n\r\n\t\t\t[blockquote type=\"center\"]Paquetes para Disney disponibles Ahora!\r\n            Call [phone_link][tel][\/phone_link][\/blockquote]  \r\n\r\n\t\r\n        <\/div>\r\n        <!--sidebar-->\r\n        <div class=\"col-12 col-md-3\">\r\n            [content-block name=\"sidebar-default-silo\"]\r\n            [recent_posts count=\"1\" no_image=\"false\" orientation=\"vertical\" category=\"disney world\"]\r\n            [recent_posts count=\"2\" no_image=\"true\" orientation=\"vertical\" offset=\"1\" category=\"disney world\" ]\r\n        <\/div>\r\n        <!--\/sidebar-->\r\n    <\/div>\r\n    <!---->\r\n<\/div>\r\n<div style=\"background: #efefef;\">\r\n    <div class=\"x-container max width my-5 py-4\">\r\n        <div class=\"row\">\r\n            <div class=\"col\">\r\n                <h2 class=\"h3 mt-3\" id=\"resorts\">\u00bfBusca Resorts cerca de Disney's Blizzard Beach?<\/h2>\r\n                <p>\u00bfQu\u00e9 podr\u00eda ser mejor que quedarse a pocos minutos de la magia de los Parques Disney? Lo tenemos cubierto con nuestros resorts cerca de Disney World que lo ubicar\u00e1n justo en el coraz\u00f3n de todo.<\/p>\r\n                [resorts ids=\"5810, 5917, 5945\"]\r\n            <\/div>\r\n        <\/div>\r\n    <\/div>\r\n<\/div>\r\n<!---->\r\n<div class=\"x-container max width\">\r\n\r\n    <div class=\"row\">\r\n        <div class=\"col\">\r\n\r\n\t\t\t<h3>Descubra las atracciones del parque acu\u00e1tico Disney's Beach en Orlando<\/h3>\r\n\r\n\t\t\t<p><strong>Downhill Double Dipper<\/strong> \u2013 \u00a1L\u00e1nzate al tubo y desciende por pendientes paralelas de 230 pies de largo a 25 mph! Estas rutas paralelas te enviar\u00e1n por una colina de doble ca\u00edda en un flotador antes de desaparecer en un t\u00fanel y volver a emerger justo antes de un chapuz\u00f3n final.<\/p>\r\n\r\n\t\t\t<p><strong>Wave Pool<\/strong>- Ad\u00e9ntrate a un mundo de maravillas acu\u00e1ticas en la piscina de olas de Blizzard Beach. Siente la emoci\u00f3n al montar las olas, imitando el suave flujo y reflujo del oc\u00e9ano. Tanto si decides relajarte en una balsa o sumergirte de lleno, esta piscina de olas de seguro que har\u00e1 chapotear. <\/p>\r\n\r\n\t\t\t  <p><strong>Cross Country Creek<\/strong>- Emb\u00e1rcate en un pintoresco viaje por el serpenteante r\u00edo Cross Country. S\u00fabete en un flotador y d\u00e9jate llevar por la corriente a trav\u00e9s de exuberantes paisajes y grutas escondidas por todo el parque. Contempla las impresionantes vistas mientras flotas, sinti\u00e9ndote completamente inmerso en la belleza de la naturaleza. <\/p>\r\n\r\n        <p><strong>Ski Patrol Training Camp<\/strong>- \u00a1Llamando a todos los aspirantes a entusiastas de la nieve! \u00c1brete paso al coraz\u00f3n de Blizzard Beach y \u00fanete al Ski Patrol Training Camp (Campo de Entrenamiento de la Patrulla de Esqu\u00ed). Esta zona de juegos interactiva es perfecta para j\u00f3venes aventureros (de 5 a 11 a\u00f1os) que quieran perfeccionar sus habilidades invernales. Pon a prueba tu agilidad en el salto T-Bar, navega por las desafiantes corrientes de hielo y conquista las resbaladizas laderas de la tirolina. Con cada obst\u00e1culo que superes, sentir\u00e1s un sentimiento de triunfo mientras entrenas junto a los personajes de Disney y abrazas el esp\u00edritu de la aventura.  <\/p>\r\n\r\n        <p><strong>Blizzard Beach Chair Lift Gondola<\/strong>- Sobrevuela el parque en el emblem\u00e1tico telesilla en Blizzard Beach. Contempla las impresionantes vistas de los toboganes, la piscina de olas y el r\u00edo lento mientras te deslizas por el aire. Siente el viento en tu cabello y la emoci\u00f3n mientras obtienes una vista de p\u00e1jaro de toda la diversi\u00f3n que ocurre abajo. Es una experiencia inigualable y una gran manera de capturar recuerdos inolvidables de tu visita a el Parque Acu\u00e1tico Blizzard Beach de Disney en Orlando.<\/p>\r\n\r\n        <p><strong>Slush Gusher<\/strong> \u2013 \u00bfTienes una necesidad de velocidad? Prueba descender del monte Gushmore, de 90 pies de altura, en donde dos cuestas crean energ\u00e9ticas subidas y bajadas llenas de diversi\u00f3n en tu viaje hacia el pie de la monta\u00f1a que est\u00e1 cubierta de nieve en polvo.<\/p>\r\n\r\n        <p><strong>Summit Plummet<\/strong> \u2013S\u00f3lo los m\u00e1s valientes se atreven a desafiar esta ca\u00edda vertical desde lo alto del tobog\u00e1n de ca\u00edda libre m\u00e1s alto y r\u00e1pido del mundo. Este imponente y emocionante salto de esqu\u00ed de 120 pies de altura te lanza a toda velocidad por las laderas del Monte Gushmore a 55 millas por hora a lo largo de la pista de 360 pies de largo.<\/p>\r\n\r\n        <p><strong>Tobaggan Racers<\/strong> \u2013 Compite en una de las ocho pistas de tobog\u00e1n en paralelo que te lanzan a toda velocidad por un terreno monta\u00f1oso nevado. Ag\u00e1rrate a la colchoneta y navega por las divertidas bajadas mientras llegas a la l\u00ednea de meta. <\/p>\r\n\r\n        <p><strong>Snow Stormers<\/strong> \u2013 S\u00fabete a una resbaladiza colchoneta y echa una carrera con tus amigos y familiares por las laderas y a trav\u00e9s de un camino lleno de curvas marcado por las puertas de slalom de estilo esqu\u00ed. Elige uno de los tres recorridos de descenso diferentes, pero ten por seguro que todos terminan con un refrescante chapuz\u00f3n en una piscina al fondo. <\/p>\r\n\r\n        <p><strong>Tike\u2019s Peak<\/strong> \u2013 Los m\u00e1s peque\u00f1os en Blizzard Beach amar\u00e1n esta zona de juegos de tem\u00e1tica polar con toboganes para ni\u00f1os peque\u00f1os, un mini tobog\u00e1n con flotador y otras actividades acu\u00e1ticas y divertidas para aquellos que midan menos de 48 pulgadas.<\/p>\r\n\r\n        <p><strong>Cross Country Creek<\/strong> - Este tranquilo r\u00edo lento rodea todo el parque acu\u00e1tico, ofreciendo a los visitantes una oportunidad para relajarse y disfrutar de los pintorescos alrededores.<\/p>\r\n\r\n        <p><strong>Runoff Rapids<\/strong>- \u00a1Prep\u00e1rate para una emocionante aventura acu\u00e1tica en el Parque Acu\u00e1tico Blizzard Beach de Disney en Orlando! Mientras te embarcas en tu emocionante viaje, s\u00fabete a tu flotador y experimenta el entusiasmo de descender por una colina antes de desaparecer en un t\u00fanel, s\u00f3lo para volver a emerger justo a tiempo para un chapuz\u00f3n final. <\/p>\r\n\r\n        <p><strong>Toboggan Racers<\/strong>- - Experimenta la adrenalina mientras compites contra tus amigos y familiares en el emocionante Toboggan Racers del Parque Acu\u00e1tico Blizzard Beach de Disney en Orlando. Toma tu posici\u00f3n en una de las ocho pistas paralelas y l\u00e1nzate por un terreno monta\u00f1oso nevado. Siente el viento en tu cabello mientras aceleras a trav\u00e9s de bajadas y curvas, agarrando tu colchoneta con determinaci\u00f3n. Esfu\u00e9rzate para llegar de primero a la l\u00ednea de meta y canta victoria en esta emocionante carrera. <\/p>\r\n\r\n        <p><strong>Snow-Castle Fountain Play Area<\/strong>- At <strong>Disney's Blizzard Beach Water Park in Orlando<\/strong>, The Snow Castle Fountain es un reino m\u00e1gico para los m\u00e1s peque\u00f1os. Quedar\u00e1n cautivados por el imponente castillo de nieve con sus cascadas y fuentes interactivas. Observa como su imaginaci\u00f3n vuela mientras chapotean y juegan en este fant\u00e1stico pa\u00eds de las maravillas. <\/p>\r\n\r\n        <p><strong>Melt-Away Bay<\/strong>-Sum\u00e9rgete en la relajaci\u00f3n en Melt-Away Bay, un oasis de tranquilidad en medio de la emoci\u00f3n en el Parque Acu\u00e1tico Blizzard Beach de Disney en Orlando. Flota de una forma lenta en un flotador o vadea por las aguas cristalinas mientras se agitan las suaves olas. <\/p>\r\n\r\nLeer :<a href=\"https:\/\/www.westgatereservations.com\/blog\/the-ultimate-packing-guide-visiting-water-parks-with-family\/\">La gu\u00eda definitiva para empacar para visitar parques acu\u00e1ticos en familia<\/a>\r\n\r\n        <\/div>\r\n    <\/div>\r\n    \r\n<\/div>\r\n<!---->\r\n<div style=\"background: #efefef;\">\r\n    <div class=\"x-container max width my-5 py-4\">\r\n    \t<div class=\"row mb-3\">\r\n\t        <div class=\"col\">\r\n\t\t\t    <h2 class=\"h3 mb-3\" id=\"faq\">Preguntas Frecuentes<\/h2>\r\n\t\t\t    <div class=\"row\">\r\n\t\t\t    \t<div class=\"col\">\r\n\t\t\t\t\t\t<h2 class=\"h5 mt-1\"><i class=\"far fa-question-circle\"><\/i>\u00bfHay personajes en Blizzard Beach?<\/h2>\r\n\t\t\t\t\t\t<h3 class=\"h5 font-smaller mt-0\">S\u00ed, \u00a1hay personajes a  <a href=\"https:\/\/www.westgatereservations.com\/orlando\/theme-parks\/walt-disney-world\/blizzard-beach-orlando\/?preview=true\">Disney's Blizzard Beach Water Park!<\/a> Prep\u00e1rate para conocer a algunos de tus amigos Disney favoritos en sus apariciones especiales en el parque acu\u00e1tico. Desde Mickey y Minnie Mouse hasta Goofy y el pato Donald, nunca sabes con qui\u00e9n te puedes encontrar mientras chapoteas en el m\u00e1gico mundo de Blizzard Beach.<\/h3>\r\n\r\n\t\t\t\t\t\t<h2 class=\"h5\"><i class=\"far fa-question-circle\"><\/i> \u00bfBlizzard Beach proporciona toallas?<\/h2>\r\n\t\t\t\t\t\t<h3 class=\"h5 font-smaller mt-0\">S\u00ed, Blizzard Beach proporciona toallas a los hu\u00e9spedes por una peque\u00f1a tarifa. As\u00ed que no tienes que preocuparte por si se te olvid\u00f3 meter toallas de m\u00e1s en la maleta para tu aventura en el parque acu\u00e1tico. Simplemente toma una toalla a tu llegada y disfruta de tu d\u00eda de diversi\u00f3n bajo el sol en el  <a href=\"https:\/\/www.westgatereservations.com\/orlando\/theme-parks\/walt-disney-world\/blizzard-beach-orlando\/\"> Disney's Blizzard Beach Water Park in Orlando<\/a>.<\/h3>\r\n\r\n\t\t\t\t\t\t<h2 class=\"h5\"><i class=\"far fa-question-circle\"><\/i> \u00bfCu\u00e1ntos toboganes hay en Blizzard Beach?<\/h2>\r\n\t\t\t\t\t\t<h3 class=\"h5 font-smaller mt-0\"> El Parque  <a href=\"https:\/\/www.westgatereservations.com\/orlando\/theme-parks\/walt-disney-world\/blizzard-beach-orlando\/\">Disney's Blizzard Beach Water Park in Orlando<\/a> tiene un total de 12 toboganes.<\/h3>\r\n\r\n\t\t\t\t\t\t<h2 class=\"h5\"><i class=\"far fa-question-circle\"><\/i> \u00bfBlizzard Beach est\u00e1 incluido en un pase Park Hopper?<\/h2>\r\n\t\t\t\t\t\t<h3 class=\"h5 font-smaller mt-0\">Los tiquetes para los parques tem\u00e1ticos de Disney con la opci\u00f3n Park Hopper no dan acceso a los parques acu\u00e1ticos de Disney, a los que corresponden los parques acu\u00e1ticos <a href=\"https:\/\/www.westgatereservations.com\/orlando\/theme-parks\/walt-disney-world\/blizzard-beach-orlando\/\">Disney's Blizzard Beach Water Park<\/a> and<a href=\"https:\/\/www.westgatereservations.com\/orlando\/theme-parks\/walt-disney-world\/typhoon-lagoon-orlando\/\"> Disney's Typhoon Lagoon Water Park.<\/a><\/h3>\r\n\r\n\t\t\t\t\t\t<h2 class=\"h5\"><i class=\"far fa-question-circle\"><\/i>\u00bfC\u00f3mo puedo llegar a Blizzard Beach desde Universal Studios?<\/h2>\r\n\t\t\t\t\t\t<h3 class=\"h5 font-smaller mt-0\">Para llegar a  <a href=\"https:\/\/www.westgatereservations.com\/orlando\/theme-parks\/walt-disney-world\/blizzard-beach-orlando\/\">Disney's Blizzard Beach Water Park Orlando<\/a> desde Universal Studios, puedes tomar un taxi, utilizar un servicio de transporte compartido como Uber o Lyft, o aprovechar las diversas opciones de transporte que ofrece Disney World, como autobuses o el Disney Skyliner.<\/h3>\r\n\t\t\t    \t<\/div>\r\n\t\t\t    <\/div>\r\n\t\t\t<\/div>\r\n\t    <\/div>\r\n\t<\/div>\r\n<\/div>\r\n    \r\n<div class=\"x-container max width\">\r\n    <div class=\"row pb-5\">\r\n        <h3 class=\"h5 mt-0\">Helpful Links<\/h3>\r\n        [columnize]\r\n        <ul>\r\n            <li><a href=\"\/orlando\/theme-parks\/walt-disney-world\/epcot-orlando\/\">Epcot Orlando<\/a><\/li>\r\n            <li><a href=\"\/orlando\/theme-parks\/walt-disney-world\/animal-kingdom-orlando\/\">Disney's Animal Kingdom in Orlando<\/a><\/li>\r\n            <li><a href=\"\/orlando\/theme-parks\/walt-disney-world\/disney-hollywood-studios\/\">Disney's Hollywood Studios in Orlando<\/a><\/li>\r\n            <li><a href=\"\/orlando\/theme-parks\/walt-disney-world\/typhoon-lagoon-orlando\/\">Disney World Typhoon Lagoon Water Park<\/a><\/li>\r\n            <li><a href=\"\/orlando\/theme-parks\/walt-disney-world\/blizzard-beach-orlando\/\":>Blizzard Beach Orlando<\/a><\/li> \r\n            <li><a href=\"\/orlando\/theme-parks\/walt-disney-world\/disney-springs\/\">Disney Springs<\/a><\/li>\r\n            <li><a href=\"\/orlando\/theme-parks\/walt-disney-world\/discount-disney-tickets\/\">Disney Discount Tickets<\/a><\/li>\r\n            <li><a href=\"\/orlando\/theme-parks\/walt-disney-world\/magic-kingdom-orlando\/magic-kingdom-discount-tickets\/\">Magic Kingdom Discount Tickets<\/a><\/li>\r\n            <li><a href=\"\/orlando\/theme-parks\/walt-disney-world\/animal-kingdom-orlando\/animal-kingdom-discount-tickets\/\">Animal Kingdom Discount Tickets<\/a><\/li>\r\n            <li><a href=\"\/orlando\/theme-parks\/walt-disney-world\/epcot-orlando\/epcot-discount-tickets\/\">Epcot Discount Tickets<\/a><\/li>\r\n            <li><a href=\"\/orlando\/theme-parks\/walt-disney-world\/disney-hollywood-studios\/hollywood-studios-discount-tickets\/\">Hollywood Studios Discount Tickets<\/a><\/li>\r\n            <li><a href=\"\/orlando\/theme-parks\/walt-disney-world\/visit-disney-at-christmas\/\">Disney Christmas<\/a><\/li>\r\n            <li><a href=\"https:\/\/www.westgatereservations.com\/blog\/mardi-gras-universal-orlando\/\">Disney Mardi Gras<\/a><\/li>\r\n        <\/ul>\r\n        [\/columnize]\r\n\t[clear]\r\n\t[content-block name=\"disney-special\"]\r\n\r\n    <\/div>\r\n<\/div>\r\n\r\n\r\n\r\n\r\n\r\n          ","protected":false},"excerpt":{"rendered":"<p>[gap size=\"15em\" class=\"x-hidden-phone\"] [search-availability layout=\"horizontal\" destination=\"Orlando\" title=\"Encuentre Resorts cerca del parque acu\u00e1tico Disney's Blizzard Beach\"] [clear] [gap size=\"1em\" class=\"x-hidden-phone\"] Paquetes Vacacionales Resorts Cercanos Preguntas Frecuentes Disney's Blizzard Beach Water Park ... <\/p>\n<div><a href=\"https:\/\/www.westgatereservations.com\/es\/orlando\/theme-parks\/walt-disney-world\/blizzard-beach-orlando\/\" class=\"more-link\">Leer M\u00e1s<\/a><\/div>\n","protected":false},"author":6,"featured_media":20856,"parent":23868,"menu_order":0,"comment_status":"open","ping_status":"closed","template":"template-blank-4.php","meta":{"footnotes":""},"_links":{"self":[{"href":"https:\/\/www.westgatereservations.com\/es\/wp-json\/wp\/v2\/pages\/5419"}],"collection":[{"href":"https:\/\/www.westgatereservations.com\/es\/wp-json\/wp\/v2\/pages"}],"about":[{"href":"https:\/\/www.westgatereservations.com\/es\/wp-json\/wp\/v2\/types\/page"}],"author":[{"embeddable":true,"href":"https:\/\/www.westgatereservations.com\/es\/wp-json\/wp\/v2\/users\/6"}],"replies":[{"embeddable":true,"href":"https:\/\/www.westgatereservations.com\/es\/wp-json\/wp\/v2\/comments?post=5419"}],"version-history":[{"count":0,"href":"https:\/\/www.westgatereservations.com\/es\/wp-json\/wp\/v2\/pages\/5419\/revisions"}],"up":[{"embeddable":true,"href":"https:\/\/www.westgatereservations.com\/es\/wp-json\/wp\/v2\/pages\/23868"}],"wp:featuredmedia":[{"embeddable":true,"href":"https:\/\/www.westgatereservations.com\/es\/wp-json\/wp\/v2\/media\/20856"}],"wp:attachment":[{"href":"https:\/\/www.westgatereservations.com\/es\/wp-json\/wp\/v2\/media?parent=5419"}],"curies":[{"name":"wp","href":"https:\/\/api.w.org\/{rel}","templated":true}]}}