{"id":5373,"date":"2015-06-02T20:59:21","date_gmt":"2015-06-02T20:59:21","guid":{"rendered":"https:\/\/www.westgatereservations.com\/es\/vacations\/theme-park\/"},"modified":"2025-04-10T15:02:44","modified_gmt":"2025-04-10T19:02:44","slug":"theme-park","status":"publish","type":"page","link":"https:\/\/www.westgatereservations.com\/es\/vacations\/theme-park\/","title":{"rendered":"Vacaciones con Parques Tem\u00e1ticos"},"content":{"rendered":"<h1 class=\"h3 mtn\">\u00a1Vacaciones con Parques Tem\u00e1ticos!<\/h1>\r\n<h2 class=\"h5 mtn\">Ahorra hasta un 77% en nuestros Paquetes de Vacaciones de Parques Tem\u00e1ticos.<\/h2>\r\n\r\n<div class=\"x-visibility x-visible-phone\">\r\n<img decoding=\"async\" src=\"https:\/\/westgatecdn.com\/2018\/09\/theme-park-vacations-disney.jpg\">\r\n\r\n<hr class=\"x-gap\" style=\"margin: 2em 0 0 0;\">\r\n<a class=\"x-btn x-btn-square x-btn-regular x-btn-block btn-gray x-btn-transparent\" href=\"\/es\/orlando\/theme-parks\/walt-disney-world\/\" title=\"Disney World Vacations\">Disney World Vacations<\/a>\r\n<hr class=\"x-gap\" style=\"margin: 1em 0 0 0;\">\r\n<a class=\"x-btn x-btn-square x-btn-regular x-btn-block btn-gray x-btn-transparent\" href=\"[home_url]orlando\/vacation-packages\/universal\/\" title=\"Universal Orlando Vacation\">Universal Orlando Vacation<\/a>\r\n<hr class=\"x-gap\" style=\"margin: 1em 0 0 0;\">\r\n<a class=\"x-btn x-btn-square x-btn-regular x-btn-block btn-gray x-btn-transparent\" href=\"[home_url]orlando\/vacation-packages\/seaworld\/\r\n\" title=\"Seaworld Vacations\">Seaworld Vacations<\/a>\r\n<hr class=\"x-gap\" style=\"margin: 1em 0 0 0;\">\r\n<a class=\"x-btn x-btn-square x-btn-regular x-btn-block btn-gray x-btn-transparent\" href=\"[home_url]vacations\/theme-park\/dollywood-theme-park\/\" title=\"Dollywood Vacation Packages\">Dollywood Vacation Packages<\/a>\r\n<hr class=\"x-gap\" style=\"margin: 1em 0 0 0;\">\r\n<hr class=\"x-clear\">\r\n<div class=\"phone-sidebar mtm mbm center-text\">\r\n    <p class=\"mbn mtn font-lighter heading pas\">Book Today, Contact Us!<\/p>\r\n    <div class=\"pas\">\r\n        <h4 class=\"man pan\">[phone]<\/h4>\r\n        <p class=\"mbn\">Mon - Fri:8AM - 10PM EST<\/p>\r\n        <p class=\"mbn\">Sat:10AM - 6PM EST<\/p>\r\n        <p class=\"mbn\">Sun:11AM - 6PM EST<\/p>\r\n    <\/div>\r\n<\/div>\r\n<!--\/\/-->\r\n<\/div>\r\n\r\n<div class=\"center-text x-hidden-phone\">\r\n<div class=\"x-column x-sm x-1-2 x-promo\">\r\n<a href=\"\/es\/orlando\/theme-parks\/walt-disney-world\/\">\r\n<img decoding=\"async\" src=\"https:\/\/westgatecdn.com\/2018\/09\/theme-park-vacations-disney.jpg\" \/>\r\n<h6 class=\"mtm mbm\">Paquetes de Vacaciones de Disney<\/h6>\r\n<\/a>\r\n<\/div>\r\n<div class=\"x-column x-sm x-1-2 x-promo last\">\r\n<a href=\"[home_url]orlando\/vacation-packages\/universal\/\" alt=\"Universal Orlando\"><img decoding=\"async\" src=\"https:\/\/westgatecdn.com\/2018\/09\/theme-park-vacations-universal.jpg\" alt=\"Universal Orlando Vacation\" \/>\r\n<h6 class=\"mtm mbm\">Paquetes de Universal Orlando Resort<\/h6>\r\n<\/a>\r\n<\/div>\r\n<\/div>\r\n<div class=\"center-text x-hidden-phone\">\r\n<div class=\"x-column x-sm x-1-2 x-promo\">\r\n<a href=\"[home_url]orlando\/vacation-packages\/seaworld\/\"><img decoding=\"async\" src=\"https:\/\/westgatecdn.com\/2018\/09\/theme-park-vacations-seaworld.jpg\" alt=\"Seaworld Vacations\" title=\"\">\r\n<h6 class=\"mtm mbm\">Paquetes de Vacaciones de SeaWorld<\/h6>\r\n<\/a>\r\n<\/div>\r\n<div class=\"x-column x-sm x-1-2 x-promo last\">\r\n<a href=\"[home_url]vacations\/theme-park\/dollywood-theme-park\/\"><img decoding=\"async\" src=\"https:\/\/westgatecdn.com\/2018\/09\/theme-park-vacations-dollywood.jpg\" alt=\"Dollywood Vacation Packages\" \/>\r\n<h6 class=\"mtm mbm\">Paquetes de Vacaciones de Dollywood<\/h6>\r\n<\/a>\r\n<\/div>\r\n<\/div>\r\n[clear]\r\n[gap size=\"2em\"]\r\n[column type=\"one-half\"]\r\n<!-- Title-->[custom_headline class=\"mtn\" type=\"left\" level=\"h1\" looks_like=\"h3\"]\u00a1Vacaciones en los Parques Tem\u00e1ticos![\/custom_headline]\r\n[responsive_text selector=\".responsive-heading\" compression=\"1.5\" min_size=\"18px\" max_size=\"30px\"]\r\n<!-- Second line Title-->[custom_headline class=\"mts\" type=\"left\" level=\"h2\" looks_like=\"h5\"]Disfruta de unas vacaciones en familia con Westgate Resorts y tus Parques Tem\u00e1ticos Favoritos[\/custom_headline]\r\n[responsive_text selector=\".responsive-heading\" compression=\"1.5\" min_size=\"18px\" max_size=\"30px\"]\r\n\r\n<p>Cuando se trata de diversi\u00f3n en familia, \u00a1no hay nada mejor que unas <strong>vacaciones en los parques tem\u00e1ticos<\/strong>! Westgate Resort te coloca en el medio de toda la acci\u00f3n en resorts cercanos a tus parques favoritos en Orlando, Gatlinburg, Branson, y otros. Hemos dise\u00f1ado <strong><a href=\"[home_url]specials\/\">paquetes de vacaciones<\/a><\/strong> exclusivos que te llevar\u00e1n a toda la emoci\u00f3n y aventura de los parques tem\u00e1ticos.<\/p>\r\n\r\n<p>Con d\u00edas soleados, temperaturas subtropicales, y parques tem\u00e1ticos de clase mundial, Orlando permanece como la capital de los parques tem\u00e1ticos en el mundo. Walt Disney World\u00ae consiste de cuatro parques principales: Magic Kingdom\u00ae, Epcot\u00ae, Disney\u2019s Hollywood Studios\u00ae y Disney\u2019s Animal Kingdom\u00ae, dos parques acu\u00e1ticos, tiendas y vida nocturna.<\/p>\r\n\r\n<p>Disfruta de atracciones \u00e9picas y legendarias en <strong>Islands of Adventure\u00ae<\/strong> o tus pel\u00edculas favoritas en  <strong>Universal Studios\u00ae Florida<\/strong>. Ambos parques tem\u00e1ticos incluyen lo \u00faltimo en atracciones incluyendo el asombroso <strong>Wizarding World of Harry Potter.<\/strong><\/p>\r\n[\/column]\r\n[visibility type=\"visible-phone\"]\r\n[gap size=\"1em\"]\r\n[\/visibility]\r\n[column type=\"one-half\" last=\"true\"]\r\n<div class=\"tint-blue\"><img decoding=\"async\" src=\"https:\/\/westgatecdn.com\/2015\/06\/theme-park-vacation_660x800.jpg\" alt=\"Theme Park Vacations\" \/><\/div>\r\n[\/column]\r\n[clear]\r\n[visibility type=\"visible-phone\"]\r\n[gap size=\"2em\"]\r\n[button shape=\"square\" size=\"regular\" float=\"none\" block=\"true\" href=\"[home_url]orlando\/theme-parks\/walt-disney-world\/\" title=\"World Disney Vacations\" info=\"none\" info_place=\"top\" info_trigger=\"hover\"]Vacaciones World Disney[\/button]\r\n[gap size=\"1em\"]\r\n[button shape=\"square\" size=\"regular\" float=\"none\" block=\"true\" href=\"[home_url]vacations\/theme-park\/universal-orlando\/\" title=\"Universal Orlando Vacation\" info=\"none\" info_place=\"top\" info_trigger=\"hover\"]Vacaciones Universal Orlando[\/button]\r\n[gap size=\"1em\"]\r\n[button shape=\"square\" size=\"regular\" float=\"none\" block=\"true\" href=\"[home_url]vacations\/theme-park\/seaworld\/\" title=\"Seaworld Vacations\" info=\"none\" info_place=\"top\" info_trigger=\"hover\"]Vacaciones Seaworld[\/button]\r\n[gap size=\"1em\"]\r\n[button shape=\"square\" size=\"regular\" float=\"none\" block=\"true\" href=\"[home_url]vacations\/theme-park\/dollywood-theme-park\/\" title=\"Dollywood Vacation Packages\" info=\"none\" info_place=\"top\" info_trigger=\"hover\"]Vacaciones Dollywood[\/button]\r\n[gap size=\"1em\"]\r\n[clear]\r\n[\/visibility]\r\n[visibility type=\"visible-phone\"]\r\n[gap size=\"1em\"]\r\n[\/visibility]\r\n[gap size=\"1em\"]\r\n<p>El Parque Tem\u00e1tico marino, <strong>SeaWorld\u00ae Orlando<\/strong> tiene 200 acres de espect\u00e1culos de clase mundial, atracciones y encuentros con animales inolvidables. Tambi\u00e9n podr\u00e1s disfrutar del nuevo parque tem\u00e1tico de Florida, <strong>Legoland\u00ae Florida<\/strong>.Este ofrece m\u00e1s de 50 atracciones y espect\u00e1culos en vivo para toda la familia enfoc\u00e1ndose en ni\u00f1os de 2-12 a\u00f1os de edad. <\/p>\r\n\r\n<p>Si prefieres unas  <em>vacaciones en parques tem\u00e1ticos<\/em> en el \u00e1rea de Smoky Mountain, \u00e9chale un vistazo a <strong>Dollywood <\/strong>o justo al lado, el parque acu\u00e1tico <strong>Splash Country<\/strong>. Goza de monta\u00f1as rusas, espect\u00e1culos en vivo, y atracciones \u00fanicas en el ambiente espectacular y monta\u00f1oso de Tennessee. \r\n\r\nTambi\u00e9n encontrar\u00e1s un ambiente hermoso en los Montes Ozark en Branson, MO con <strong>Silver Dollar City<\/strong>. Este parque tem\u00e1tico inspirado por los 1800s ofrece m\u00e1s de 30 atracciones, shows en vivo y festivales anuales incre\u00edbles. <\/p>\r\n\r\n<p>Si buscas las mejores vacaciones cerca de los parques tem\u00e1ticos, Westgate Reservations es el lugar perfecto para ti. <\/p>\r\n\r\n[gap size=\"1em\"]\r\n<div class=\"mtm mbl\" style=\"border:5px dashed #ccc; padding:2em;\">\r\n<h3 class=\"h5 center-text mtn\">Compra y Ahorra con Westgate Resorts<\/h3>\r\n<p class=\"mbn\">\r\nComo vendedor #1 autorizado de tickets para Walt Disney World Resort, somos tu opci\u00f3n de ahorro y comodidad. Tanto si buscas tickets para los galardonados parques tem\u00e1ticos y acu\u00e1ticos de Disney, como tickets para cualquiera de los otros parques tem\u00e1ticos y atracciones de Orlando. Te podemos ahorrar tiempo, dinero y molestias. Por qu\u00e9 confiar el dinero de tus vacaciones a cualquier otro sitio de tickets en l\u00ednea cuando puedes asegurar tus tickets de Disney con descuento en la fuenta m\u00e1s confiable de Orlando: <a href=\"https:\/\/www.westgatereservations.com\/es\/\"><strong>Westgate Resorts<\/strong><\/a>. <\/p>\r\n<\/div>\r\n\r\n[gap size=\"1em\"]\r\n[share title=\"Compartir Este Post\" facebook=\"true\" twitter=\"true\" google_plus=\"true\" pinterest=\"true\" email=\"true\"]\r\n[gap size=\"1em\"]","protected":false},"excerpt":{"rendered":"<p>\u00a1Vacaciones con Parques Tem\u00e1ticos! Ahorra hasta un 77% en nuestros Paquetes de Vacaciones de Parques Tem\u00e1ticos. Disney World Vacations Universal Orlando Vacation Seaworld Vacations Dollywood Vacation Packages Book Today, Contact ... <\/p>\n<div><a href=\"https:\/\/www.westgatereservations.com\/es\/vacations\/theme-park\/\" class=\"more-link\">Leer M\u00e1s<\/a><\/div>\n","protected":false},"author":6,"featured_media":0,"parent":5364,"menu_order":0,"comment_status":"open","ping_status":"closed","template":"template-layout-content-sidebar.php","meta":{"footnotes":""},"_links":{"self":[{"href":"https:\/\/www.westgatereservations.com\/es\/wp-json\/wp\/v2\/pages\/5373"}],"collection":[{"href":"https:\/\/www.westgatereservations.com\/es\/wp-json\/wp\/v2\/pages"}],"about":[{"href":"https:\/\/www.westgatereservations.com\/es\/wp-json\/wp\/v2\/types\/page"}],"author":[{"embeddable":true,"href":"https:\/\/www.westgatereservations.com\/es\/wp-json\/wp\/v2\/users\/6"}],"replies":[{"embeddable":true,"href":"https:\/\/www.westgatereservations.com\/es\/wp-json\/wp\/v2\/comments?post=5373"}],"version-history":[{"count":0,"href":"https:\/\/www.westgatereservations.com\/es\/wp-json\/wp\/v2\/pages\/5373\/revisions"}],"up":[{"embeddable":true,"href":"https:\/\/www.westgatereservations.com\/es\/wp-json\/wp\/v2\/pages\/5364"}],"wp:attachment":[{"href":"https:\/\/www.westgatereservations.com\/es\/wp-json\/wp\/v2\/media?parent=5373"}],"curies":[{"name":"wp","href":"https:\/\/api.w.org\/{rel}","templated":true}]}}