{"id":5364,"date":"2015-05-11T20:34:31","date_gmt":"2015-05-11T20:34:31","guid":{"rendered":"https:\/\/www.westgatereservations.com\/es\/vacations\/"},"modified":"2023-05-31T11:47:56","modified_gmt":"2023-05-31T15:47:56","slug":"vacations","status":"publish","type":"page","link":"https:\/\/www.westgatereservations.com\/es\/vacations\/","title":{"rendered":"Ideas de Vacaciones"},"content":{"rendered":"[custom_headline type=\"left\" level=\"h1\" looks_like=\"h3\" class=\" mtn\"]Vacaciones de Resorts para Toda Ocasi\u00f3n y Estaci\u00f3n[\/custom_headline]\r\n[custom_headline type=\"left\" level=\"h2\" looks_like=\"h5\" class=\" mtn\"]Ideas de Vacaciones Westgate[\/custom_headline]\r\n[responsive_text selector=\".responsive-heading\" compression=\"1.5\" min_size=\"18px\" max_size=\"30px\"]\r\n\r\n\u00bfPrefieres la adrenalina detr\u00e1s de los parques tem\u00e1ticos y espect\u00e1culos en vivo? \u00bfQu\u00e9 tal relajarte en una hermosa playa o en una  piscina espectacular? \u00bfVivir una aventura en una caminata por las monta\u00f1as o esquiar? Cualesquiera que sean las vacaciones de tus sue\u00f1os, Westgate Resorts las har\u00e1 realidad.  \r\n\r\nSiendo uno de los l\u00edderes en vacaciones a nivel mundial, Westgate Resorts ofrece una variedad de lujos en sus resorts de 5 estrellas y en los destinos m\u00e1s populares de los Estados Unidos. Entre ellos est\u00e1n: Orlando, Las Vegas, Myrtle Beach, Gatlinburg, Park City, Branson y Williamsburg. Nuestros resorts tienen la combinaci\u00f3n perfecta entre comodidad y espacio, actividades y servicios, y proximidad a las atracciones populares del \u00e1rea. [gap size=\"2em\"]\r\n[column type=\"one-half\"]\r\n<img decoding=\"async\" src=\"https:\/\/westgatecdn.com\/2015\/05\/home_660x450-disney-3.jpg\" alt=\"Theme Park Vacations\" title=\"Theme Park Vacations\" \/>\r\n[custom_headline type=\"left\" level=\"h3\" looks_like=\"h3\" class=\" mts mbs responsive-heading\"]Paquetes Vacacionales en los Parques Tem\u00e1ticos[\/custom_headline]\r\n\r\n<p>\u00a1Prep\u00e1rate para llevar tu adrenalina a otro nivel con monta\u00f1as rusas incre\u00edbles, espect\u00e1culos en vivo, y aventuras inolvidables! Westgate Resorts ofrece una variedad de opciones vacacionales que incluyen parques tem\u00e1ticos para entretener a toda la familia.<\/p>\r\n\r\n[button href=\"\/es\/vacations\/theme-park\/\" class=\"mbs\" shape=\"rounded\" size=\"regular\" float=\"left\"]Conoce M\u00e1s[\/button]\r\n[clear]\r\n[visibility type=\"visible-phone\"]\r\n[gap size=\"2em\"]\r\n[\/visibility]\r\n[\/column]\r\n[column type=\"one-half\" last=\"true\"]\r\n<img decoding=\"async\" src=\"https:\/\/westgatecdn.com\/2015\/05\/660x450-beach.jpg\" alt=\"Beach Vacations\"  title=\"Beach Vacations\"\/>\r\n[custom_headline type=\"left\" level=\"h2\" looks_like=\"h3\" class=\" mts mbs responsive-heading\"]Paquetes de Vacaciones en la Playa[\/custom_headline]\r\n[responsive_text selector=\".responsive-heading\" compression=\"1.5\" min_size=\"18px\" max_size=\"30px\"]\r\n\r\n<p>Desde diversi\u00f3n en la arena hasta hacer surf. \u00a1Tampoco olvides las tiendas, restaurantes y atracciones! Los Westgate Resorts frente al mar te colocar\u00e1n a solo pasos de las olas y la emoci\u00f3n.  <\/p>\r\n\r\n[button shape=\"rounded\" size=\"regular\" float=\"left\" href=\"\/es\/vacations\/beach-vacations\/\" ]Conoce M\u00e1s[\/button]\r\n[\/column]\r\n[clear]\r\n[visibility type=\"hidden-phone\"]\r\n[gap size=\"4em\"]\r\n[column type=\"one-fourth\"]\r\n<a href=\"[home_url]vacations\/family-vacations\/pet-friendly-vacations\/\" rel=\"nofollow\"><img decoding=\"async\" src=\"https:\/\/westgatecdn.com\/2015\/05\/660x660-boy-dog.jpg\" alt=\"Pet Friendly Vacations\" title=\"Pet Friendly Vacations\"\/>\r\n[custom_headline type=\"left\" level=\"h3\" looks_like=\"h4\" class=\" mts responsive-heading\"]Vacaciones con Mascotas [\/custom_headline]<\/a>\r\n[\/column]\r\n[column type=\"one-fourth\"]\r\n<a href=\"[home_url]vacations\/family-vacations\/\"><img decoding=\"async\" src=\"https:\/\/westgatecdn.com\/2015\/05\/660x660-family-bubbles.jpg\" alt=\"Family Vacations\" title=\"Family Vacations\" \/>\r\n[custom_headline type=\"left\" level=\"h3\" looks_like=\"h4\" class=\" mts responsive-heading\"]Vacaciones Familiares[\/custom_headline]<\/a>\r\n[\/column]\r\n\r\n[column type=\"one-fourth\"]\r\n<a href=\"[home_url]vacations\/nightlife-vacation\/\"><img decoding=\"async\" src=\"https:\/\/westgatecdn.com\/2015\/05\/660x660-nightlife.jpg\" alt=\"Nightlife Vacations\" title=\"Nightlife Vacations\" \/>\r\n[custom_headline type=\"left\" level=\"h3\" looks_like=\"h4\" class=\" mts responsive-heading\"]Vacaciones con Vida Nocturna[\/custom_headline]<\/a>\r\n[\/column]\r\n[column type=\"one-fourth\" last=\"true\"]\r\n<a href=\"[home_url]vacations\/adventure-vacation\/\"><img decoding=\"async\" src=\"https:\/\/westgatecdn.com\/2015\/05\/660x660-ski.jpg\" alt=\"Adventure Vacations\" title=\"Adventure Vacations\" \/>\r\n[custom_headline type=\"left\" level=\"h3\" looks_like=\"h4\" class=\" mts responsive-heading\"]Vacaciones con Aventura[\/custom_headline]<\/a>\r\n[\/column]\r\n[clear]\r\n[gap size=\"4em\"]\r\n[\/visibility]\r\n[column type=\"one-half\"]\r\n[custom_headline type=\"left\" level=\"h3\" looks_like=\"h5\" class=\"mtn mbs responsive-heading\"]Vacaciones Westgate Para Todos[\/custom_headline]\r\n[responsive_text selector=\".responsive-heading\" compression=\"1.5\" min_size=\"16px\" max_size=\"24px\"]\r\n\r\nNo importa el destino que escojas, siempre estaremos listos para traerte todas las comodidades del hogar en nuestras villas, incluyendo: muebles en piel, televisores de pantalla plana, cocinas equipadas, patios o balcones privados, lavander\u00eda y m\u00e1s. Dentro del resort tendr\u00e1s comodidades y servicios como restaurantes, spa de clase mundial, club para ni\u00f1os, barras, canchas de deportes, alquiler de bicicletas y mini golf. Siempre tendr\u00e1s la opci\u00f3n de personalizar tu paquete vacacional Westgate para que cumpla con todas tus necesidades y las vacaciones de tus sue\u00f1os. Desde una estad\u00eda de un fin de semana, una escapada con tu pareja, o un viaje con toda la familia, podr\u00e1s encontrar el paquete perfecto para ti. \r\n\r\n[\/column]\r\n[column type=\"one-half\" last=\"true\"]\r\n<div class=\"tint-blue\"><img decoding=\"async\" src=\"https:\/\/westgatecdn.com\/2015\/05\/660x660-food-wine-couple.jpg\" alt=\"Couple enjoying wine\" \/><\/div>\r\n[\/column]\r\n[clear]\r\n[gap size=\"2em\"]\r\n<p>Dos de los resorts de Westgate m\u00e1s populares de Orlando, el Westgate Lakes Resort & Spa y Westgate Town Center Resort, ofrecen acceso r\u00e1pido a los parques tem\u00e1ticos y atracciones populares como Disney World, Universal Studios y SeaWorld. Los resorts tambi\u00e9n tienen transportaci\u00f3n gratuita a los parques.<\/p>\r\n\r\n<p>Si est\u00e1s buscando disfrutar una escapada con la familia en la playa, considera el <a rel=\"nofollow\" title=\"Westgate Myrtle Beach\" href=\"[home_url]resorts\/westgate-myrtle-beach\/\">Westgate Myrtle Beach Oceanfront Resort<\/a>. Este resort est\u00e1 ubicado en la costa del Oc\u00e9ano Atl\u00e1ntico y el espectacular Grand Strand de Carolina del Sur. Estar\u00e1s rodeado de piscinas cerca de la playa, un lazy river, un parque acu\u00e1tico para ni\u00f1os, restaurantes, y, \u00a1m\u00e1s de 100 campos de golf profesional!<\/p>\r\n\r\n<p>Ahora, si est\u00e1s buscando estar en una de las \u00e1reas m\u00e1s modernas y ecl\u00e9cticas, South Beach en Miami, visita nuestro <a rel=\"nofollow\" title=\"Westgate South Beach\" href=\"[home_url]resorts\/westgate-south-beach-resort\/\">Westgate\u2019s South Beach Resort<\/a>.<\/p>\r\n\r\n<p>Otro destino popular para un paquete vacacional Westgate es <a rel=\"nofollow\" title=\"Westgate Gatlinburg\" href=\"\/es\/resorts\/westgate-smoky-mountain-resort-and-water-park\/\">Westgate Smoky Mountain Resort & Water Park<\/a> en Gatlinburg, Tennessee. Esta ser\u00e1 tu entrada al parque nacional Great Smoky Mountains donde podr\u00e1s hacer senderismo, pasear en bicicleta o manejar por el parque nacional m\u00e1s visitado de los Estados Unidos. <\/p>\r\n\r\n<p>Westgate Smoky Mountain Resort & Water Park ofrece vistas excepcionales y una variedad de atracciones, incluyendo el Wild Bear Falls, nuestro parque acu\u00e1tico bajo techo y al aire libre. <\/p>\r\n\r\n<p>All\u00ed en el pueblo de Gatlinburg estar\u00e1s cerca de Pigeon Forge, un \u00e1rea llena de atracciones, aventuras, restaurantes, tiendas, arte &amp; y m\u00e1s.<\/p>\r\n\r\n<p>Cuando de entretenimiento en vivo se trata, el paquete vacacional ideal ser\u00e1 en <a rel=\"nofollow\" title=\"Westgate Branson \" href=\"[home_url]resorts\/westgate-branson-woods-resort\/\">Westgate Branson Woods Resort<\/a> en los Montes Ozark de Branson, Missouri.  Esta famosa \u00e1rea tiene tres lagos hermosos y perfecto para pescar, pasear en bote, y otras actividades acu\u00e1ticas. Tambi\u00e9n podr\u00e1s disfrutar de Silver Dollar City, el parque tem\u00e1tico de clase mundial inspirado en los 1800s. La realidad es que muchas familias son atra\u00eddas a Branson por su variedad en entretenimiento en vivo. M\u00e1s de 100 espect\u00e1culos son presentados a diario incluyendo conciertos musicales, espect\u00e1culos de magia y comedia, entre otros.<\/p>\r\n\r\n<p>Descubre qu\u00e9 realmente sucede en Las Vegas (y se queda all\u00e1), con uno de nuestros paquetes vacacionales.  <a rel=\"nofollow\" title=\"Westgate Las Vegas\" href=\"[home_url]resorts\/westgate-flamingo-bay\/\">Westgate Flamingo Bay Resort<\/a>, una propiedad lujosa y relajante, ofrece un lugar tranquilo para cuando quieras escapar de la acci\u00f3n de Las Vegas.  A solo 3 millas del famoso Las Vegas Strip, estar\u00e1s a solo minutos de los mejores casinos del mundo y las luces de ne\u00f3n. <\/p>\r\n\r\n<p>Una variedad de aventuras al aire libre te esperan en el <a rel=\"nofollow\" title=\"Westgate Park City Resort\" href=\"[home_url]resorts\/westgate-park-city-resort-spa\/\">Westgate Park City Resort &amp; Spa<\/a>.  Este es el hogar de algunas de las mejores \u00e1reas para esquiar y hacer snowboarding.<\/p>\r\n\r\n<p>No olvidemos el hist\u00f3rico y hermoso <a rel=\"nofollow\" title=\"Westgate Williamsburg\" href=\"[home_url]resorts\/westgate-historic-williamsburg-resort\/\">Colonial Williamsburg<\/a>, el lugar de nacimiento de los Estados Unidos y uno de los museos vivientes m\u00e1s grandes de la naci\u00f3n.  Tambi\u00e9n encontrar\u00e1s aventuras modernas como el Busch Gardens Williamsburg, ubicado a solo minutos del Westgate Historic Williamsburg Resort.<\/p>\r\n\r\n[gap size=\"2em\"]","protected":false},"excerpt":{"rendered":"<p>[custom_headline type=\"left\" level=\"h1\" looks_like=\"h3\" class=\" mtn\"]Vacaciones de Resorts para Toda Ocasi\u00f3n y Estaci\u00f3n[\/custom_headline] [custom_headline type=\"left\" level=\"h2\" looks_like=\"h5\" class=\" mtn\"]Ideas de Vacaciones Westgate[\/custom_headline] [responsive_text selector=\".responsive-heading\" compression=\"1.5\" min_size=\"18px\" max_size=\"30px\"] \u00bfPrefieres la adrenalina ... <\/p>\n<div><a href=\"https:\/\/www.westgatereservations.com\/es\/vacations\/\" class=\"more-link\">Leer M\u00e1s<\/a><\/div>\n","protected":false},"author":2,"featured_media":0,"parent":0,"menu_order":0,"comment_status":"open","ping_status":"closed","template":"template-layout-content-sidebar.php","meta":{"footnotes":""},"_links":{"self":[{"href":"https:\/\/www.westgatereservations.com\/es\/wp-json\/wp\/v2\/pages\/5364"}],"collection":[{"href":"https:\/\/www.westgatereservations.com\/es\/wp-json\/wp\/v2\/pages"}],"about":[{"href":"https:\/\/www.westgatereservations.com\/es\/wp-json\/wp\/v2\/types\/page"}],"author":[{"embeddable":true,"href":"https:\/\/www.westgatereservations.com\/es\/wp-json\/wp\/v2\/users\/2"}],"replies":[{"embeddable":true,"href":"https:\/\/www.westgatereservations.com\/es\/wp-json\/wp\/v2\/comments?post=5364"}],"version-history":[{"count":0,"href":"https:\/\/www.westgatereservations.com\/es\/wp-json\/wp\/v2\/pages\/5364\/revisions"}],"wp:attachment":[{"href":"https:\/\/www.westgatereservations.com\/es\/wp-json\/wp\/v2\/media?parent=5364"}],"curies":[{"name":"wp","href":"https:\/\/api.w.org\/{rel}","templated":true}]}}