{"id":5356,"date":"2015-07-29T19:53:06","date_gmt":"2015-07-29T19:53:06","guid":{"rendered":"https:\/\/www.westgatereservations.com\/es\/about\/best-price-guarantee\/"},"modified":"2016-03-02T10:06:52","modified_gmt":"2016-03-02T15:06:52","slug":"best-price-guarantee","status":"publish","type":"page","link":"https:\/\/www.westgatereservations.com\/es\/about\/best-price-guarantee\/","title":{"rendered":"Mejor Precio Garantizado"},"content":{"rendered":"[container]\r\n[visibility type=\"hidden-phone\"] \r\n[gap size=\"2em\"]\r\n<!--banner-->\r\n<div>\r\n[column type=\"one-fourth\"]\r\n<img decoding=\"async\" src=\"https:\/\/westgatecdn.com\/2015\/10\/best-price-badge-small.png\" alt=\"mejor precio garantizado\" style=\"display:block; margin:0px auto;\"\/>\r\n<hr class=\"darker-hr\"\/>\r\n<h1 class=\"h-custom-headline h4 mts\" style=\"text-align:center; float:left;\"><span>Los Precios en Vacaciones Westgate m\u00e1s bajos en L\u00ednea<\/span><br\/>[phone_link][tel][\/phone_link]<\/h1>\r\n[\/column]\r\n[column type=\"three-fourths\" last=\"true\"]\r\n<img decoding=\"async\" src=\"https:\/\/westgatecdn.com\/2015\/07\/best-price-banner1.jpg\" alt=\"best price\" class=\"\" style=\"width:100%;\" \/>\r\n[\/column]\r\n[clear]\r\n<\/div>\r\n[\/visibility]\r\n\r\n<!--\/banner--> \r\n[responsive_text selector=\".responsive-text\" compression=\"3.5\" min_size=\"13px\" max_size=\"26px\"]\r\n[clear]\r\n<h6 class=\"mtl\">\r\nNuestro mejor precio garantizado te permite reservar tu paquete de vacaciones en Westgate con toda la confianza. Como la p\u00e1gina vacacional oficial de Westgate Resorts, te podemos proveer los precios bajos que no podr\u00e1s encontrar en ning\u00fan otro lugar, \u00a1garantizado!<\/h6>\r\n<h2 class=\"h-custom-headline h5 accent mtm\"><span><\/span><\/h2>\r\n[gap size=\"2em\"]\r\n[\/container]\r\n[container]\r\n[column type=\"one-third\" fade_animation=\"in\"]\r\n<div class=\"x-promo\">\r\n<table class=\"icon-table\">\r\n<tr>\r\n<td style=\"background:#f5f8fb;\">[icon type=\"question-circle\"]<\/td>\r\n<td>\r\n<h5 class=\"mtn mbn\">\u00bfEncontraste un precio m\u00e1s bajo?<\/h5>\r\n<p style=\"min-height:60px;\">\u00bfEst\u00e1s preocupado de que alguien tenga un precio m\u00e1s bajo? Si encuentras alguno, \u00a1Ll\u00e1manos! <\/p>\r\n<\/td>\r\n<\/tr>\r\n<\/table>\r\n<\/div>\r\n[\/column]\r\n[column type=\"one-third\" fade_animation=\"in\"]\r\n<div class=\"x-promo\">\r\n<table class=\"icon-table\">\r\n<tr>\r\n<td style=\"background:#f5f8fb;\">[icon type=\"phone\"]<\/td>\r\n<td>\r\n<h5 class=\"mtn mbn\">Llama para Verificar<\/h5>\r\n<p style=\"min-height:60px;\">Verifica el precio m\u00e1s bajo con uno de nuestros especialistas expertos en vacaciones. <br\/>[phone_link][tel][\/phone_link]<\/p>\r\n<\/td>\r\n<\/tr>\r\n<\/table>\r\n<\/div>\r\n[\/column]\r\n[column type=\"one-third\" fade_animation=\"in\" last=\"true\"]\r\n<div class=\"x-promo\">\r\n<table class=\"icon-table\">\r\n<tr>\r\n<td style=\"background:#f5f8fb;\">[icon type=\"smile-o\"]<\/td>\r\n<td>\r\n<h5 class=\"mtn mbn\">\u00a1Disfruta tu viaje!<\/h5>\r\n<p style=\"min-height:60px;\">\u00a1Listo! Recibe y disfruta de unas vacaciones a un precio m\u00e1s bajo. Es as\u00ed de f\u00e1cil. <\/p>\r\n<\/td>\r\n<\/tr>\r\n<\/table>\r\n<\/div>\r\n[\/column]\r\n[\/container]\r\n[container]\r\n[clear]\r\n<hr class=\"darker-hr mtl mbl\"\/>\r\n[column type=\"one-half\"]\r\n<h5 class=\"mts\">La Sede Oficial de Vacaciones<\/h5>\r\n<p>Como la p\u00e1gina vacacional oficial de Westgate Resorts, te podemos proveer los precios bajos que no podr\u00e1s encontrar en ning\u00fan otro lugar, \u00a1garantizado!<\/p>\r\n[\/column]\r\n[column type=\"one-half\" last=\"true\"]\r\n<h5 class=\"mts\">Ahorre Haciendo un Tour del Resort<\/h5>\r\n<p>Si tomas un divertido y entretenido tour de nuestras propiedades, sin compromiso alguno, podr\u00edas ahorrar a\u00fan m\u00e1s en tu paquete de vacaciones Westgate. Incluso eliminaremos las tarifas diarias del resort.<\/p>\r\n[\/column]\r\n[clear]\r\n<hr class=\"darker-hr mtl mbl\"\/>\r\n[column type=\"one-half\"]\r\n<h5 class=\"mts\">Igualamos Cualquier Oferta<\/h5>\r\n<p>Si encuentras un precio m\u00e1s bajo en l\u00ednea del mismo Westgate Resort o paquete vacacional Westgate, estaremos m\u00e1s que contentos de igualar el precio. <\/p>\r\n[\/column]\r\n[column type=\"one-half\" last=\"true\"]\r\n<h5 class=\"mts\">Reserve Ahora y Ahorre<\/h5>\r\n<p>Escoge tu paquete vacacional y te permitimos asegurar tu precio y escoger las fechas del viaje m\u00e1s tarde. <\/p>\r\n[\/column]\r\n[clear]\r\n<hr class=\"darker-hr mtl mbl\"\/>\r\n<p>\r\nCon Resorts en una variedad de destinos de viaje emocionantes, tenemos una larga lista de socios deseosos de vender nuestros paquetes de vacaciones m\u00e1s populares. Solo Westgate Reservations le puede ofrecer un inventario actualizado de villas disponibles en todas nuestras propiedades a los mejores precios.\r\n<\/p>\r\n<div class=\"x-callout center-text\">\r\n<h2 class=\"h-callout\">4 D\u00edas \/ 3 Noches desde $99 en cualquiera de nuestros destinos populares<\/h2>\r\n<p class=\"p-callout\">Disfruta de un sinn\u00famero de posibilidades con Westgate Resorts<\/p>\r\n[phone_link class=\"x-btn\" title=\"Call Today\"]<i class=\"x-icon-phone\"><\/i>Ll\u00e1manos hoy  [tel][\/phone_link]\r\n<\/div>\r\n[gap size=\"2em\"]\r\n[\/container]","protected":false},"excerpt":{"rendered":"<p>[container] [visibility type=\"hidden-phone\"] [gap size=\"2em\"] [column type=\"one-fourth\"] Los Precios en Vacaciones Westgate m\u00e1s bajos en L\u00ednea[phone_link][tel][\/phone_link] [\/column] [column type=\"three-fourths\" last=\"true\"] [\/column] [clear] [\/visibility] [responsive_text selector=\".responsive-text\" compression=\"3.5\" min_size=\"13px\" max_size=\"26px\"] [clear] Nuestro ... <\/p>\n<div><a href=\"https:\/\/www.westgatereservations.com\/es\/about\/best-price-guarantee\/\" class=\"more-link\">Leer M\u00e1s<\/a><\/div>\n","protected":false},"author":2,"featured_media":0,"parent":5324,"menu_order":0,"comment_status":"open","ping_status":"closed","template":"template-blank-4.php","meta":{"footnotes":""},"_links":{"self":[{"href":"https:\/\/www.westgatereservations.com\/es\/wp-json\/wp\/v2\/pages\/5356"}],"collection":[{"href":"https:\/\/www.westgatereservations.com\/es\/wp-json\/wp\/v2\/pages"}],"about":[{"href":"https:\/\/www.westgatereservations.com\/es\/wp-json\/wp\/v2\/types\/page"}],"author":[{"embeddable":true,"href":"https:\/\/www.westgatereservations.com\/es\/wp-json\/wp\/v2\/users\/2"}],"replies":[{"embeddable":true,"href":"https:\/\/www.westgatereservations.com\/es\/wp-json\/wp\/v2\/comments?post=5356"}],"version-history":[{"count":0,"href":"https:\/\/www.westgatereservations.com\/es\/wp-json\/wp\/v2\/pages\/5356\/revisions"}],"up":[{"embeddable":true,"href":"https:\/\/www.westgatereservations.com\/es\/wp-json\/wp\/v2\/pages\/5324"}],"wp:attachment":[{"href":"https:\/\/www.westgatereservations.com\/es\/wp-json\/wp\/v2\/media?parent=5356"}],"curies":[{"name":"wp","href":"https:\/\/api.w.org\/{rel}","templated":true}]}}