{"id":5324,"date":"2016-01-15T14:48:16","date_gmt":"2016-01-15T19:48:16","guid":{"rendered":"https:\/\/www.westgatereservations.com\/es\/?page_id=5324"},"modified":"2022-07-15T14:48:52","modified_gmt":"2022-07-15T18:48:52","slug":"about","status":"publish","type":"page","link":"https:\/\/www.westgatereservations.com\/es\/about\/","title":{"rendered":"About"},"content":{"rendered":"[container]\r\n<div class=\"px-0 px-md-5 mb-3\">\r\n\r\n<h1 class=\"h4 mt-4\">Acerca de Westgate Resorts<\/h1>\r\n\r\n<h4>Disfruta de la Diferencia<\/h4>\r\n<p class=\"mb-2 mb-md-4\">Cuando se trata de vacaciones familiares inolvidables, m\u00e1s es siempre mejor. Solo preg\u00fantale a todos los que han disfrutado de todo el espacio y comodidades que diferencian a Westgate. Gozar\u00e1s de suficiente espacio en nuestras habitaciones, como nuestra villa de dos habitaciones, dise\u00f1adas para toda la familia.<\/p>\r\n\r\n<img decoding=\"async\" src=\"https:\/\/westgatecdn.com\/2022\/07\/banner-about-get-more.jpg\" alt=\"Get More With Westgate\">\r\n\r\n<p class=\"mt-2 mt-md-4\">Las vacaciones est\u00e1n hechas para relajarte, y a diferencia de un cuarto de hotel normal, Westgate ofrece espacio para ti y tus ni\u00f1os. Al tener m\u00faltiples habitaciones, tambi\u00e9n podr\u00e1s tener la privacidad que tanto mereces.\r\n<\/p>\r\n<p>\r\nFundado en el 1982, Westgate Resorts opera como una compa\u00f1\u00eda subsidiaria de Central Florida Investments Inc. (CFI), la cual emplea 6,500 personas y ha evolucionado a ser una de las corporaciones privadas m\u00e1s grandes de la Florida Central.\r\n<\/p>\r\n[columnize]\r\n<p>\r\nComenzando con el resort que originalmente ten\u00eda 16 unidades, Westgate Vacation Villas, Westgate Resorts ahora abarca m\u00e1s de 10,000 habitaciones en 28 resorts en los mejores destinos de los Estados Unidos, como Orlando, Florida; Las Vegas, Nevada; Gatlinburg, Tennessee; Myrtle Beach, Carolina del Sur; Park City, Utah; Williamsburg, Virginia; Miami, Florida; Branson, Missouri; Mesa, Arizona; y Tunica, Mississippi. Westgate Resorts ha establecido un nivel de experiencia en ventas de resort, mercadeo y operaciones como ninguno en la industria de la hospitalaria.\r\n<\/p>\r\n\r\n<p>\r\nEn las propiedades Westgate Resort se pueden encontrar una amplia gama de lugares de vacaciones, ya sea que t\u00fa y tu familia prefieren explorar los parques tem\u00e1ticos de clase mundial, relajarse en playas, en excursiones en las monta\u00f1as, jugando golf, esquiando en rampas incre\u00edbles, disfrutando de juegos de casino sin parar, visitando sitios hist\u00f3ricos famosos, viendo espect\u00e1culos de Broadway o incluso montado a caballo en un rancho.\r\n<\/p>\r\n\r\n<p>\r\nUno de los desarrolladores de resorts m\u00e1s grandes del mundo, Westgate Resorts provee vacaciones lujosas a precios econ\u00f3micos y con comodidades y servicio al cliente de primera. Nuestros resorts familiares tienen una variedad de villas y habitaciones para cualquier presupuesto, desde habitaciones est\u00e1ndares y acogedores Studios, hasta espaciosas villas de cuatro habitaciones. Todas las comodidades de las villas de Westgate Resorts incluyen cocinas equipadas o kitchenettes, la mayor\u00eda incluyen salas con sof\u00e1 camas, muebles de piel, jacuzzis, balcones o patios privados.\r\n<\/p>\r\n[\/columnize]\r\n<hr>\r\n\r\n<\/div>\r\n[\/container]\r\n\r\n<div class=\"py-5\" style=\"background: #f8f8f8;\">\r\n\t[container]\r\n\t<div class=\"px-0 px-md-5 mb-3\">\r\n\r\n\t\t<div class=\"row\">\r\n\t\t\t<div class=\"col col-12 col-md-5\">\r\n\t\t\t\t<img decoding=\"async\" src=\"https:\/\/westgatecdn.com\/2022\/07\/david-siegel-about-us.jpg\" alt=\"david siegel\">\r\n\t\t\t<\/div>\r\n\t\t\t<div class=\"col col-12 col-md-7\">\r\n\t\t\t\t<h4 class=\"mtn\">Owner and Founder: David <span style=\"color:#999;\">Siegel<\/span><\/h4>\r\n\t\t\t\t<hr>\r\n\t\t\t\t<p>David estudi\u00f3 Mercadeo y Gerencia en la Universidad de Miami. David tambi\u00e9n tiene un doctorado honorario de la Universidad de Florida A&M por su servicio comunitario, al igual que el premio \u201cNational Community Service Award\u201d de la Asociaci\u00f3n Americana del Desarrollo de Resorts (ARDA).<\/p>\r\n\t\t\t<\/div>\r\n\t\t<\/div>\r\n\r\n\r\n\t\t<h5 class=\"mtm\">Servicio Comunitario<\/h5>\r\n\r\n\t\t<p>Como Presidente de la Sociedad David A. Siegel (el nivel m\u00e1s alto de contribuyentes de la Fundaci\u00f3n Westgate), David se ha ganado el reconocimiento como miembro destacado y comprometido de la comunidad empresarial de la Florida Central. David est\u00e1 involucrado en los consejos de muchas organizaciones c\u00edvicas, incluyendo la Junta Directiva el Comit\u00e9 de las Olimpiadas 2012 de Florida. Tambi\u00e9n ha ganado el Premio Nacional de Servicio Comunitario de la Asociaci\u00f3n Americana del Desarrollo de Resorts (ARDA).<\/p>\r\n\t\t<p>Jacquelines Siegel, esposa del fundador de Westgate Resorts y CEO David Siegel, desempe\u00f1a muchas funciones, entre ellas la madre de sus ocho hijos, modelo y fil\u00e1ntropa. Ella est\u00e1 en el Consejo de Administraci\u00f3n de la Fundaci\u00f3n Westgate Resorts, dirige un centro comercial de caridad y participa en numerosas actividades de caridad.<\/p>\r\n\r\n\t\t<h5>Empresario y Visionario<\/h5>\r\n\t\t<p>\r\n\tComo uno de los pioneros en la industria del turismo, David ha pasado los \u00faltimos treinta a\u00f1os desarrollando CFI\/Westgate Resorts en la compa\u00f1\u00eda de propiedad privada m\u00e1s grande en la Florida Central. El imperio de David incluye \u201ctime-shares\u201d, bienes ra\u00edces, construcci\u00f3n, administraci\u00f3n de hoteles y apartamentos, servicios de viaje, las telecomunicaciones, los c\u00edtricos, los seguros, el transporte, el comercio minorista, y mucho m\u00e1s.\r\n\t\t<\/p>\r\n\t\t<p>\r\n\tEl \u00e9xito de David comenz\u00f3 en la d\u00e9cada de los setenta cuando compr\u00f3 una excelente pieza de bienes ra\u00edces que m\u00e1s tarde se convirti\u00f3 en la propiedad vacacional m\u00e1s grande en el mundo - Westgate Vacation Villas. David ha sido distinguido como el Empresario del A\u00f1o por su construcci\u00f3n y bienes ra\u00edces en la Florida Central y termin\u00f3 segundo en el Empresario del A\u00f1o en una competencia nacional.\r\n\t\t<\/p>\r\n\r\n\t<\/div>\r\n\t[\/container]\r\n<\/div>\r\n[container]\r\n<div class=\"px-0 px-md-5 mb-3\">\r\n\r\n\t<div class=\"text-center mt-3 mb-2\">\r\n\t\t<img decoding=\"async\" src=\"https:\/\/westgatecdn.com\/2022\/07\/logo-westgate-foundation.png\" title=\"westgate-resorts-foundation\" alt=\"westgate-resorts-foundation\">\r\n\t<\/div>\r\n\t<img decoding=\"async\" src=\"https:\/\/westgatecdn.com\/2022\/07\/banner-about-wg-foundation.jpg\" alt=\"Get More With Westgate\">\r\n\t\t<p class=\"mt-2 mt-md-4\">\r\n\t\t\tCreada en el 2001, la Fundaci\u00f3n Westgate Resorts recauda fondos para luego donarlos a entidades ben\u00e9ficas en comunidades donde los empleados de Westgate viven y trabajan, incluyendo Orlando, Miami, Gatlinburg, Park City, Las Vegas, Myrtle Beach, Williamsburg y Branson.\r\n\t\t<\/p>\r\n\t\t<div class=\"x-promo p-4 mt-4\">\r\n\t\t\t<p>\r\n\t\t\t\tM\u00e1s de $2 millones de d\u00f3lares son distribuidos a m\u00e1s de 100 grupos que est\u00e1n mejorando la calidad de vida de la gente que verdaderamente lo necesita. Cien por ciento de los fondos donados a la fundaci\u00f3n son distribuidos a las organizaciones ben\u00e9ficas que la fundaci\u00f3n fue creada para ayudar.\r\n\t\t\t<\/p>\r\n\t\t<\/div>\r\n\t<!--\/container-->\r\n<\/div>\r\n[\/container]\r\n<div class=\"mb-5\"><\/div>\r\n\r\n\r\n","protected":false},"excerpt":{"rendered":"<p>[container] Acerca de Westgate Resorts Disfruta de la Diferencia Cuando se trata de vacaciones familiares inolvidables, m\u00e1s es siempre mejor. Solo preg\u00fantale a todos los que han disfrutado de todo ... <\/p>\n<div><a href=\"https:\/\/www.westgatereservations.com\/es\/about\/\" class=\"more-link\">Leer M\u00e1s<\/a><\/div>\n","protected":false},"author":6,"featured_media":0,"parent":0,"menu_order":0,"comment_status":"open","ping_status":"closed","template":"template-blank-4.php","meta":{"footnotes":""},"_links":{"self":[{"href":"https:\/\/www.westgatereservations.com\/es\/wp-json\/wp\/v2\/pages\/5324"}],"collection":[{"href":"https:\/\/www.westgatereservations.com\/es\/wp-json\/wp\/v2\/pages"}],"about":[{"href":"https:\/\/www.westgatereservations.com\/es\/wp-json\/wp\/v2\/types\/page"}],"author":[{"embeddable":true,"href":"https:\/\/www.westgatereservations.com\/es\/wp-json\/wp\/v2\/users\/6"}],"replies":[{"embeddable":true,"href":"https:\/\/www.westgatereservations.com\/es\/wp-json\/wp\/v2\/comments?post=5324"}],"version-history":[{"count":0,"href":"https:\/\/www.westgatereservations.com\/es\/wp-json\/wp\/v2\/pages\/5324\/revisions"}],"wp:attachment":[{"href":"https:\/\/www.westgatereservations.com\/es\/wp-json\/wp\/v2\/media?parent=5324"}],"curies":[{"name":"wp","href":"https:\/\/api.w.org\/{rel}","templated":true}]}}