{"id":5321,"date":"2025-03-22T18:59:48","date_gmt":"2025-03-22T22:59:48","guid":{"rendered":"https:\/\/www.westgatereservations.com\/es\/resorts\/"},"modified":"2025-03-24T10:58:24","modified_gmt":"2025-03-24T14:58:24","slug":"resorts","status":"publish","type":"page","link":"https:\/\/www.westgatereservations.com\/es\/resorts\/","title":{"rendered":"Resorts"},"content":{"rendered":"[custom_headline level=\"h1\" looks_like=\"h3\"]Destinos Westgate Resorts[\/custom_headline]\r\n                \r\n                <p>No importa cuales sean las vacaciones de tus sue\u00f1os, puedes escoger entre una variedad de destinos con Westgate Resorts. Tenemos <strong>Westgate Resorts <\/strong> en Florida, Tennessee, Missouri, Carolina del Sur, Nevada, Utah y Virginia. Ofrecemos todo desde playas hermosas y monta\u00f1as llenas de nieve hasta los mejores parques tem\u00e1tios del mundo.<\/p> \r\n\r\n                <p>Nuestros destinos Westgate ofrecen una variedad de comodidades exclusivas al igual que habitaciones espaciosas y lujosas desde villas studio hasta villas de dos, tres, y cuatro habitaciones donde pueden dormir hasta 16 hu\u00e9spedes.<\/p>\r\n                \r\n                [custom_headline level=\"h2\" looks_like=\"h5\"]Disfruta de nuestros Westgate Resorts en South Beach o hasta Park City[\/custom_headline]\r\n\r\n                <p>Puedes escoger entre cinco <strong>Westgate Resorts<\/strong> diferentes en Orlando. Westgate Palace te coloca cerca de la famosa International Drive de Orlando y todos sus restaurantes, tiendas y atracciones. Por otro lado Westgate Town Center Resort &amp; Spa y Westgate Vacation Villas te llevan a solo pasos del Walt Disney World Resort, a una milla de la entrada principal. De igual manera puedes escoger el Westgate Lakes Resort &amp; Spa donde estar\u00e1s convenientemente cerca de Disney, SeaWorld Orlando y Universal Orlando Resort.<\/p>\r\n\r\n                <p>Westgate Resorts te coloca en el centro de toda la acci\u00f3n de muchos de los destinos vacacionales m\u00e1s populares de los Estados Unidos. Rel\u00e1jate en la playa en el soleado Miami o Myrtle Beach. Disfruta de la mejor nieve en el planeta en las Monta\u00f1as Wasatch en Park City. Conoce la historia de los Estados Unidos en el Williamsburg Colonial. Explora las Great Smoky Mountains en Gaitlinburg o los Montes Ozark en Branson. Otra opci\u00f3n es quedarte en uno de los Westgate Resorts de Orlando y visitar los m\u00e1gicos parques tem\u00e1ticos de la Florida Central. <\/p>\r\n\r\n[custom_headline level=\"h3\" looks_like=\"h5\"]Explore su propiedad favorita de Westgate Resorts hoy:[\/custom_headline]\r\n\r\n[columnize]\r\n<ul>\r\n<li><a href=\"\/es\/resorts\/westgate-lakes-resort-and-spa\/\">Westgate Lakes Resort and Spa<\/a><\/li>\r\n<li><a href=\"\/es\/resorts\/westgate-vacation-villas-resort\/\">Westgate Vacation Villas Resort<\/a><\/li>\r\n<li><a href=\"\/es\/resorts\/westgate-town-center\/\">Westgate Town Center Resort<\/a><\/li>\r\n<li><a href=\"\/es\/resorts\/westgate-palace\/\">Westgate Palace Resort<\/a><\/li>\r\n<li><a href=\"\/es\/resorts\/westgate-towers\/\">Westgate Towers Resort<\/a><\/li>\r\n<li><a href=\"\/es\/resorts\/westgate-las-vegas-hotel-casino\/\">Westgate Las Vegas Resort & Casino<\/a><\/li>\r\n<li><a href=\"\/es\/resorts\/westgate-flamingo-bay\/\">Westgate Flamingo Bay Resort<\/a><\/li>\r\n<li><a href=\"\/es\/resorts\/westgate-smoky-mountain-resort-and-water-park\/\">Westgate Smoky Mountain Resort & Water Park<\/a><\/li>\r\n<li><a href=\"\/es\/resorts\/westgate-river-terrace\/\">River Terrace Resort and Convention Center<\/a><\/li>\r\n<li><a href=\"\/es\/resorts\/wild-bear-inn\/\">Wild Bear Inn<\/a><\/li>\r\n<li><a href=\"\/es\/resorts\/westgate-cocoa-beach-resort\/\">Westgate Cocoa Beach Resort<\/a><\/li>\r\n<li><a href=\"\/es\/resorts\/westgate-historic-williamsburg-resort\/\">Westgate Historic Williamsburg Resort<\/a><\/li>\r\n<li><a href=\"\/es\/resorts\/westgate-myrtle-beach\/\">Westgate Myrtle Beach Oceanfront Resort<\/a><\/li>\r\n<\/ul>\r\n[\/columnize]","protected":false},"excerpt":{"rendered":"<p>[custom_headline level=\"h1\" looks_like=\"h3\"]Destinos Westgate Resorts[\/custom_headline] No importa cuales sean las vacaciones de tus sue\u00f1os, puedes escoger entre una variedad de destinos con Westgate Resorts. Tenemos Westgate Resorts en Florida, Tennessee, ... <\/p>\n<div><a href=\"https:\/\/www.westgatereservations.com\/es\/resorts\/\" class=\"more-link\">Leer M\u00e1s<\/a><\/div>\n","protected":false},"author":1,"featured_media":15930,"parent":0,"menu_order":0,"comment_status":"closed","ping_status":"closed","template":"page-resorts.php","meta":{"footnotes":""},"_links":{"self":[{"href":"https:\/\/www.westgatereservations.com\/es\/wp-json\/wp\/v2\/pages\/5321"}],"collection":[{"href":"https:\/\/www.westgatereservations.com\/es\/wp-json\/wp\/v2\/pages"}],"about":[{"href":"https:\/\/www.westgatereservations.com\/es\/wp-json\/wp\/v2\/types\/page"}],"author":[{"embeddable":true,"href":"https:\/\/www.westgatereservations.com\/es\/wp-json\/wp\/v2\/users\/1"}],"replies":[{"embeddable":true,"href":"https:\/\/www.westgatereservations.com\/es\/wp-json\/wp\/v2\/comments?post=5321"}],"version-history":[{"count":0,"href":"https:\/\/www.westgatereservations.com\/es\/wp-json\/wp\/v2\/pages\/5321\/revisions"}],"wp:featuredmedia":[{"embeddable":true,"href":"https:\/\/www.westgatereservations.com\/es\/wp-json\/wp\/v2\/media\/15930"}],"wp:attachment":[{"href":"https:\/\/www.westgatereservations.com\/es\/wp-json\/wp\/v2\/media?parent=5321"}],"curies":[{"name":"wp","href":"https:\/\/api.w.org\/{rel}","templated":true}]}}