{"id":5314,"date":"2015-05-08T20:04:31","date_gmt":"2015-05-09T00:04:31","guid":{"rendered":"https:\/\/www.westgatereservations.com\/es\/home\/"},"modified":"2026-02-06T11:34:20","modified_gmt":"2026-02-06T16:34:20","slug":"home-es","status":"publish","type":"page","link":"https:\/\/www.westgatereservations.com\/es\/","title":{"rendered":"Front Page"},"content":{"rendered":"<!--quicklinks-->\r\n[container]\r\n<div class=\"quicklinks pt-2 pt-lg-4\">\r\n\t\t<div class=\"x-column x-sm x-1-3\">\r\n<a class=\"ql\" href=\"\/es\/vacation-deals\/spring\/\">\r\n<img decoding=\"async\" title=\"Spring Vacations from $99\" src=\"https:\/\/www.westgatereservations.com\/app\/uploads\/2024\/02\/spring-vacation-in-orlando-florida.jpg\" alt=\"Spring Vacation Deals\" \/>\r\n<p class=\"mtm\">\r\n<b>Ofertas de Vacaciones para la Primavera<\/b><br\/>\r\nDescuento inicial de hasta un 65%<\/p>\r\n<p class=\"link-text mbm\"> Ver Vacaciones ><\/p>\r\n<\/p>\r\n<\/a>\r\n <\/div>\r\n[column type=\"one-third\"]\r\n<a class=\"ql\" href=\"\/es\/specials\/multi-destination-99\/\">\r\n<img decoding=\"async\" src=\"https:\/\/www.westgatereservations.com\/app\/uploads\/2025\/09\/ql-summer-river-ranch.jpg\" alt=\"Multi Destination getaway for only $99\" \/>\r\n<p class=\"mtm\">\r\n<b>Elige Tu Destino<\/b><br\/>\r\nVacaciones de 3 noches: \u00a1desde solo $99!\r\n<\/p>\r\n<p class=\"link-text mbm\">Ver paquete \u2192<\/p>\r\n<\/a>\r\n\r\n[\/column]\r\n\t\t[column type=\"one-third\" last=\"true\"]\r\n<a class=\"ql\" href=\"\/es\/vacation-deals\/couples\/\">\r\n\t\t\t<img decoding=\"async\" title=\"Christmas at Westgate Vegas\" src=\"https:\/\/www.westgatereservations.com\/app\/uploads\/2023\/01\/Getaways-for-Couples-Homepage-Image.jpg\" alt=\"Couples Vacation Packages\" \/>\r\n\t\t\t<p class=\"mtm\">\r\n\t\t\t<b>Paquetes de Vacaciones para Parejas<\/b><br\/>\r\n\t\t\tDisfruta con tu ser amado<\/p>\r\n\t\t\t<p class=\"link-text mbm\"> Ver Vacaciones \u2192<\/p>\r\n\t\t<\/a>\r\n[\/column]\r\n\t<\/div>\r\n\t[clear]\r\n\t[\/container]\r\n<!--\/quicklinks-->\r\n<div class=\"x-container max pt-4\">\r\n    <h2 class=\"center-text m-0\" style=\"line-height: 1.3em;\">Ve de vacaciones a nuestros destinos m\u00e1s populares<\/h2>\r\n    <p class=\"center-text font-120\">Disfruta m\u00e1s por menos en tus pr\u00f3ximas vacaciones con nuestras ofertas exclusivas. Elige tu destino para ver nuestros paquetes.<\/p>\r\n    <div class=\"horiz-scrolling-wrapper d-md-inline-flex bd-highlight mb-3 destiGrid\" style=\"width:100%;\">\r\n        <div class=\"p-2 item-listing flex-fill\">\r\n            <a data-position=\"1\" href=\"\/specials\/orlando\/\">\r\n            <figure class=\"effect-ramies\" style=\"min-height: 330px;\">\r\n                <img decoding=\"async\" src=\"https:\/\/westgatecdn.com\/2024\/05\/home-tile-destination-orlando.webp\" class=\"\" alt=\"Westgate Lakes Resort in Orlando, FL\"\/>   \r\n                <figcaption>\r\n                <a data-position=\"1\" href=\"\/es\/specials\/orlando\/\"><h2 style=\"font-size:1.4em;\">Orlando, FL<\/h2><\/a>\r\n                <\/figcaption>     \r\n            <\/figure>\r\n            <\/a>\r\n        <\/div>\r\n        <div class=\"p-2 item-listing flex-fill\">\r\n            <a data-position=\"1\" href=\"\/specials\/gatlinburg\/\">\r\n            <figure class=\"effect-ramies\" style=\"min-height: 330px;\">\r\n                <img decoding=\"async\" src=\"https:\/\/westgatecdn.com\/2024\/05\/homepage-destinations-gatlinburg.webp\" class=\"\" alt=\"Scenic Patio in Gatlinburg TN\"\/>  \r\n                <figcaption>\r\n                <a data-position=\"1\" href=\"\/es\/specials\/gatlinburg\/\"><h2 style=\"font-size:1.4em;\">Gatlinburg, TN<\/h2><\/a>\r\n                <\/figcaption>     \r\n            <\/figure>\r\n            <\/a>\r\n        <\/div>\r\n        <div class=\"p-2 item-listing flex-fill\">\r\n            <a data-position=\"1\" href=\"\/specials\/las-vegas\/\">\r\n            <figure class=\"effect-ramies\" style=\"min-height: 330px;\">\r\n                <img decoding=\"async\" src=\"https:\/\/westgatecdn.com\/2024\/05\/home-tile-destination-vegas.webp\" class=\"\" alt=\"Westgate Las Vegas\"\/>    \r\n                <figcaption>\r\n                <a data-position=\"1\" href=\"\/es\/specials\/las-vegas\/\"><h2 style=\"font-size:1.4em;\">Las Vegas, NV<\/h2><\/a>\r\n                <\/figcaption>     \r\n            <\/figure>\r\n            <\/a>\r\n        <\/div>\r\n        <div class=\"p-2 item-listing flex-fill d-lg-block d-md-none\">\r\n            <a data-position=\"1\" href=\"\/specials\/branson\/\">\r\n            <figure class=\"effect-ramies\" style=\"min-height: 330px;\">\r\n                <img decoding=\"async\" src=\"https:\/\/westgatecdn.com\/2024\/05\/home-tile-destination-branson.webp\" class=\"\" alt=\"Westgate Branson Ozarks\"\/>  \r\n                <figcaption>\r\n                <a data-position=\"1\" href=\"\/es\/specials\/branson\/\"><h2 style=\"font-size:1.4em;\">Branson, MO<\/h2><\/a>\r\n                <\/figcaption>     \r\n            <\/figure>\r\n            <\/a>\r\n        <\/div>\r\n    <\/div>\r\n<\/div>\r\n<!-- Phone CTA -->\r\n[blockquote type=\"center\" style=\"background:#efefef;\" class=\"my-3\"]\r\n<img loading=\"lazy\" decoding=\"async\" class=\"wp-image-189\" src=\"https:\/\/westgatecdn.com\/2015\/05\/best-price.png\" alt=\"Westgate Resorts best price guarantee\" width=\"197\" height=\"140\" srcset=\"https:\/\/www.westgatereservations.com\/app\/uploads\/2015\/05\/best-price.png 197w, https:\/\/www.westgatereservations.com\/app\/uploads\/2015\/05\/best-price-100x71.png 100w\" sizes=\"(max-width: 197px) 100vw, 197px\" \/><br\/>\r\n\u00a1Las mejores ofertas online para vacaciones las tiene Westgate! <br>Sede oficial de vacaciones de Westgate Resorts <br\/>\r\n<a id=\"home-specials-overlay-link\" class=\"x-btn btn-orange x-btn-flat x-btn-rounded x-btn-large my-3\" href=\"\/es\/specials\/\" data-options=\"thumbnail: ''\">Ver ofertas<\/a>\r\n<br\/> o ll\u00e1manos al:  <strong>[phone_link][tel][\/phone_link]<\/strong> [\/blockquote]\r\n[gap size=\"3em\"]\r\n<!-- End Phone CTA -->\r\n[container]\r\n<h2 class=\"center-text h3 mt-1\">Vacaciones  Westgate para toda la familia<\/h2>\r\n<p class=\"center-text\" style=\"font-size:1.5em;\">Paquetes de vacaciones y resorts en destinos populares para familias<\/p>\r\n[column type=\"one-half\"]\r\n<div class=\"tint-blue\"><img decoding=\"async\" src=\"https:\/\/westgatecdn.com\/2015\/05\/beach-vacations-south-beach_660x390.jpg\" alt=\"Westgate Resorts in South Beach\" \/><\/div>\r\n[\/column]\r\n[column type=\"one-half\" last=\"true\"]\r\n<p class=\"mtn\">\r\n\u00a1Si\u00e9ntete como en casa! <strong>Westgate Resorts<\/strong> te ofrece habitaciones amplias, lujosas y perfectas para toda la familia en los destinos m\u00e1s populares de EE.UU. Desde hermosas suites estudio frente al mar hasta villas de varios dormitorios con acceso directo a las pistas de esqu\u00ed, nuestros resorts cuentan con un sinf\u00edn de comodidades: restaurantes exclusivos, spas de primera clase, clubes infantiles y actividades diarias. Westgate te proporcionar\u00e1 un sinn\u00famero de recuerdos para toda la familia y te pondr\u00e1 a solo unos pasos de los parques y atracciones m\u00e1s queridos de EE.UU.. En Westgate Resorts, \u00a1disfrutar\u00e1s m\u00e1s por menos!\r\n<\/p>\r\n<a class=\"x-btn btn-orange x-btn-medium\" href=\"\/es\/vacation-ownership\/\">Propiedad de vacaciones<\/a>\r\n[\/column]\r\n[clear]\r\n[\/container]\r\n[container]\r\n<h1 class=\"center-text h3 mb-3\">Westgate Resorts<\/h1>\r\n[column type=\"one-half\"]\r\n<p class=\"mtm\">\r\n\r\nNo todos los paquetes de familia son iguales. \u00a1Ya te dar\u00e1s cuenta cuando eliges Westgate Resorts para tus vacaciones so\u00f1adas!\r\n<\/p>\r\n<p>\r\n\r\n\r\n<strong>Westgate Resorts<\/strong> cuenta con m\u00e1s de dos docenas de resorts en los destinos m\u00e1s populares de EE.UU. Descubre nuestros <a href=\"https:\/\/www.westgatereservations.com\/es\/resorts\/\">resorts<\/a> en Orlando, Myrtle Beach, Gatlinburg, Branson, Las Vegas, Park City y Williamsburg. Playa, monta\u00f1as o monta\u00f1a rusa\u2013Westgate Resorts convierte tu sue\u00f1o en realidad.\r\n<\/p>\r\n<p>\u00bfC\u00f3mo marca la diferencia Westgate Resorts? Empecemos por las habitaciones amplias y lujosas como las Westgate Resort Villas que van desde hermosas suites estudio hasta villas de varios dormitorios. Todas incluyen un sinf\u00edn de comodidades para que te sientas como en casa y tu estancia sea especial. Olv\u00eddate de aquellas habitaciones peque\u00f1as e inc\u00f3modas y explora el mundo de Westgate Resorts, donde disfrutar\u00e1s de muebles de piel, cocinas completamente equipadas, televisores de pantalla gigante, ba\u00f1aderas de m\u00e1rmol, lavadora y secadora dentro de tu misma habitaci\u00f3n y hasta tu propio balc\u00f3n privado o patio. <\/p>\r\n<a class=\"x-btn btn-orange x-btn-medium\" href=\"\/es\/specials\/\">Ver ofertas de vacacionales<\/a>\r\n[\/column]\r\n[column type=\"one-half\" last=\"true\"]\r\n<div style=\"width: 100%;\r\n  height: 500px; background-image: url(https:\/\/westgatecdn.com\/2015\/05\/660x660-food-wine-couple.jpg);\r\n  background-position: center center;\r\n  background-repeat: no-repeat;\"><\/div>\r\n[\/column]\r\n[clear]\r\n[gap size=\"3em\"]\r\n<!-- Phone CTA -->\r\n[blockquote type=\"center\"]S\u00ed, \u00a1puedes personalizar tu paquete de vacaciones! Ll\u00e1manos al <strong> [phone_link][tel][\/phone_link]<\/strong> [\/blockquote]\r\n[gap size=\"3em\"]\r\n<!-- End Phone CTA -->\r\n[\/container]\r\n[gap size=\"3em\"]","protected":false},"excerpt":{"rendered":"<p>[container] Ofertas de Vacaciones para la Primavera Descuento inicial de hasta un 65% Ver Vacaciones > [column type=\"one-third\"] Elige Tu Destino Vacaciones de 3 noches: \u00a1desde solo $99! Ver paquete ... <\/p>\n<div><a href=\"https:\/\/www.westgatereservations.com\/es\/\" class=\"more-link\">Leer M\u00e1s<\/a><\/div>\n","protected":false},"author":1,"featured_media":18328,"parent":0,"menu_order":0,"comment_status":"open","ping_status":"closed","template":"","meta":{"footnotes":""},"_links":{"self":[{"href":"https:\/\/www.westgatereservations.com\/es\/wp-json\/wp\/v2\/pages\/5314"}],"collection":[{"href":"https:\/\/www.westgatereservations.com\/es\/wp-json\/wp\/v2\/pages"}],"about":[{"href":"https:\/\/www.westgatereservations.com\/es\/wp-json\/wp\/v2\/types\/page"}],"author":[{"embeddable":true,"href":"https:\/\/www.westgatereservations.com\/es\/wp-json\/wp\/v2\/users\/1"}],"replies":[{"embeddable":true,"href":"https:\/\/www.westgatereservations.com\/es\/wp-json\/wp\/v2\/comments?post=5314"}],"version-history":[{"count":0,"href":"https:\/\/www.westgatereservations.com\/es\/wp-json\/wp\/v2\/pages\/5314\/revisions"}],"wp:featuredmedia":[{"embeddable":true,"href":"https:\/\/www.westgatereservations.com\/es\/wp-json\/wp\/v2\/media\/18328"}],"wp:attachment":[{"href":"https:\/\/www.westgatereservations.com\/es\/wp-json\/wp\/v2\/media?parent=5314"}],"curies":[{"name":"wp","href":"https:\/\/api.w.org\/{rel}","templated":true}]}}