{"id":30206,"date":"2026-02-18T14:36:01","date_gmt":"2026-02-18T19:36:01","guid":{"rendered":"https:\/\/www.westgatereservations.com\/vacations\/spring-break-travel-deals\/cocoa-beach\/"},"modified":"2026-03-16T12:26:00","modified_gmt":"2026-03-16T16:26:00","slug":"cocoa-beach","status":"publish","type":"page","link":"https:\/\/www.westgatereservations.com\/es\/vacations\/spring-break-travel-deals\/cocoa-beach\/","title":{"rendered":"Ofertas de Vacaciones de Primavera en Cocoa Beach"},"content":{"rendered":"<div class=\"py-2 py-md-5 background-cover\" style=\"background-image:url('https:\/\/westgatecdn.com\/2025\/03\/banner-full-spring-break.jpg');\">\r\n    <div class=\"x-container max width my-5 py-1 py-md-5\">\r\n        <div class=\"row\">\r\n            <div class=\"col-12 col-sm-11 col-md-10 mx-auto\">\r\n                <h1 class=\"h2 m-0 pb-3 pb-md-3 white center-text dshadow\">Ofertas de Vacaciones de Primavera en Cocoa Beach<\/h1>\r\n                <div class=\"p-3 pb-md-4 px-md-5\" style=\"background-color: rgba(255, 255, 255, .9); border-radius: 10px;\">\r\n                    <div class=\"center-text\">\r\n                        <p class=\"h5 m-0 dark-blue center-text\">\u00a1A partir de: $149<\/p>\r\n                        <b class=\"h6 m-0 p-0 dark-blue center-text\">por estad\u00eda!<\/b>\r\n                    <\/div>\r\n                    [search-availability layout=\"horizontal\" destination=\"Cocoa Beach\" hide_title=\"true\" class=\"no-bg dark-label p-0\"]\r\n                <\/div>\r\n                <div class=\"row\">\r\n                    <div class=\"col-12 col-md-8 mx-auto\">\r\n                        <div class=\"mt-4 mt-md-0\">\r\n                            <div class=\"p-1 mt-md-n3\" style=\"border-radius: 10px; background-color: rgba(255, 255, 255, 1);\">\r\n                                <!-- call text chat-->\r\n                                [content-block name=\"quicklink-bar-call-chat\"]\r\n                                <!-- \/call text chat-->\r\n                            <\/div>\r\n                        <\/div>\r\n                    <\/div>\r\n                <\/div>\r\n            <\/div>\r\n        <\/div>\r\n    <\/div>\r\n<\/div>\r\n<!----->\r\n\r\n[container class=\"py-5\"]\r\n<h3>Ofertas de Spring Break en Cocoa Beach<\/h3>\r\n<p>\r\nCielos azules. Arena salada. Olas espectaculares. Cocoa Beach es la ciudad emblem\u00e1tica de la Costa Espacial y uno de los detinos m\u00e1s populares de Florida para disfrutar de las vacaciones de Spring Break. Disfruta de brisas c\u00e1lidas, d\u00edas de playa en familia y un f\u00e1cil acceso a las atracciones m\u00e1s populares de Orlando.<br\/><br\/>\r\n\r\nReserva tu escapada de Spring Break a Cocoa Beach y disfruta de un alojamiento c\u00f3modo cerca de la costa, del entretenimiento local y de todas las aventuras familiares costeras que hacen que este destino sea popular.\r\n<\/p>\r\n\r\n[\/container]\r\n\r\n<div style=\"background: #efefef;\">\r\n    [container class=\"py-5\"]\r\n    <h3 class=\"\" id=\"specials\">Ofertas de Spring Break en Cocoa Beach<\/h3>\r\n    [specials ids=\"12882, 22871\"]  \r\n    [\/container]\r\n<\/div>\r\n\r\n[container class=\"py-5\"]\r\n\r\n<h3>Hosp\u00e9date cerca de las mejores atracciones de Cocoa Beach:<\/h3>\r\n<ul>\r\n    <li>Complejo de Visitantes del Centro Espacial Kennedy<\/li>\r\n    <li>Tienda Ron Jon Surf Shop<\/li>\r\n    <li>Westgate Cocoa Beach Pier<\/li>\r\n    <li>Escuela de Surf de Cocoa Beach<\/li>\r\n    <li>Tiendas locales, caf\u00e9s y entretenimiento frente al mar<\/li>\r\n<\/ul>\r\n\r\n<p class=\"mbn\">\r\n<h3 class=\"mb-0 pb-0\">Llama hoy para personalizar tu paquete de Cocoa Beach<\/h3>\r\n<h5 class=\"p-0 m-0\">[phone_link]<\/h5><br\/>\r\n\r\n<ul>\r\n<li>A\u00f1ade noches extra<\/li>\r\n<li>A\u00f1ade tickets para atracciones<\/li>\r\n<li>Mejora tu habitaci\u00f3n<\/li>\r\n<li>Elige habitaciones con vista a la playa o al mar.<\/li>\r\n<\/ul>\r\n<br>\r\n<p>Disfruta de unas soleadas vacaciones de Spring Break en la costa de Florida m\u00e1s ic\u00f3nica.\r\n<\/p>\r\n[\/container]\r\n","protected":false},"excerpt":{"rendered":"<p>Ofertas de Vacaciones de Primavera en Cocoa Beach \u00a1A partir de: $149 por estad\u00eda! [search-availability layout=\"horizontal\" destination=\"Cocoa Beach\" hide_title=\"true\" class=\"no-bg dark-label p-0\"] [content-block name=\"quicklink-bar-call-chat\"] [container class=\"py-5\"] Ofertas de Spring Break ... <\/p>\n<div><a href=\"https:\/\/www.westgatereservations.com\/es\/vacations\/spring-break-travel-deals\/cocoa-beach\/\" class=\"more-link\">Leer M\u00e1s<\/a><\/div>\n","protected":false},"author":2,"featured_media":27647,"parent":18204,"menu_order":0,"comment_status":"closed","ping_status":"closed","template":"template-blank-4.php","meta":{"footnotes":""},"_links":{"self":[{"href":"https:\/\/www.westgatereservations.com\/es\/wp-json\/wp\/v2\/pages\/30206"}],"collection":[{"href":"https:\/\/www.westgatereservations.com\/es\/wp-json\/wp\/v2\/pages"}],"about":[{"href":"https:\/\/www.westgatereservations.com\/es\/wp-json\/wp\/v2\/types\/page"}],"author":[{"embeddable":true,"href":"https:\/\/www.westgatereservations.com\/es\/wp-json\/wp\/v2\/users\/2"}],"replies":[{"embeddable":true,"href":"https:\/\/www.westgatereservations.com\/es\/wp-json\/wp\/v2\/comments?post=30206"}],"version-history":[{"count":0,"href":"https:\/\/www.westgatereservations.com\/es\/wp-json\/wp\/v2\/pages\/30206\/revisions"}],"up":[{"embeddable":true,"href":"https:\/\/www.westgatereservations.com\/es\/wp-json\/wp\/v2\/pages\/18204"}],"wp:featuredmedia":[{"embeddable":true,"href":"https:\/\/www.westgatereservations.com\/es\/wp-json\/wp\/v2\/media\/27647"}],"wp:attachment":[{"href":"https:\/\/www.westgatereservations.com\/es\/wp-json\/wp\/v2\/media?parent=30206"}],"curies":[{"name":"wp","href":"https:\/\/api.w.org\/{rel}","templated":true}]}}