{"id":28887,"date":"2025-08-27T16:09:34","date_gmt":"2025-08-27T20:09:34","guid":{"rendered":"https:\/\/www.westgatereservations.com\/vacation-deals\/timeshare\/myrtle-beach\/"},"modified":"2025-09-16T14:13:50","modified_gmt":"2025-09-16T18:13:50","slug":"myrtle-beach","status":"publish","type":"page","link":"https:\/\/www.westgatereservations.com\/es\/vacation-deals\/timeshare\/myrtle-beach\/","title":{"rendered":"Oferta Vacacional de Tiempo Compartido en Myrtle Beach"},"content":{"rendered":"<div class=\"fw-absolute ptm\">\r\n<div class=\"fw-container\">\r\n    <img class=\"banner\" ng-cloak ng-src=\"{{app.data.is_mobile && 'https:\/\/www.westgatereservations.com\/app\/uploads\/2025\/09\/banner-full-myrtle-beach-lazy-river-2.jpg' || 'https:\/\/www.westgatereservations.com\/app\/uploads\/2025\/09\/banner-full-myrtle-beach-lazy-river-2.jpg'}}\" alt=\"Ofertas de Tiempo Compartido\">\r\n<\/div>\r\n    <div class=\"x-container max width dshadow x-hidden-phone\" style=\"position: relative;\">\r\n        <h1 class=\"man ptm white center-text\">Ofertas de Tiempo Compartido en Myrtle Beach\r\n<\/h1>\r\n        <div class=\"h5 man ptm white center-text\">\u00a1Encuentra Tu Aventura Vacacional Favorita!\r\n<\/div>\r\n        <div class=\"center-text white mbl mts\">\r\n        <span>DESDE: <\/span><span class=\"h1 white\">$99<\/span> \/PAQUETE<\/span>\r\n        <\/div>\r\n    <\/div>\r\n    [gap size=\"1em\" class=\"x-hidden-phone\"]\r\n    <div class=\"x-container max width search-ow-resort availability-search\">\r\n        <div class=\"x-visible-phone\">\r\n            <h1 class=\"dshadow man pts white center-text\">Ofertas de Tiempo Compartido en Myrtle Beach\r\n<\/h1>\r\n            <div class=\"dshadow h5 man pts white center-text\">\u00a1Encuentra Tu Aventura Vacacional Favorita!\r\n<\/div>\r\n            <div class=\"availability-horizontal center-text\">\r\n                <span class=\"no-break\"><span class=\"white\">DESDE: <\/span><span class=\"price white\"><b>$99<\/b><\/span> <span class=\"white\">\/PAQUETE<\/span><\/span>\r\n            <\/div>\r\n        <\/div>\r\n        <div class=\"x-content-band marginless-columns mbn ptn pbn\">\r\n            <div class=\"x-container\">\r\n                [gap size=\"1em\"]\r\n            [search-availability layout=\"horizontal\" hide_title=\"true\" class=\"no-bg pan\"]\r\n                [gap size=\"1em\" class=\"x-hidden-phone\"]\r\n            <\/div>\r\n        <\/div>\r\n    <\/div>\r\n    [gap size=\"1em\" class=\"x-visible-phone\"]\r\n<\/div>\r\n\r\n<div class=\"center-text x-breadcrumb-wrap x-visible-phone\">\r\n [subscribe modal=\"true\" trigger=\"link\" show_name=\"true\" trigger_content=\"<i class='fas fa-envelope ' aria-hidden='true'><\/i>Suscr\u00edbete para recibir las <b>\u00faltimas<\/b> ofertas\"]\r\n<\/div>\r\n<div class=\"x-container max width mtl\">\r\n    [gap size=\"1em\"]\r\n    <div class=\"x-column x-sm x-1-4\">\r\n        <div class=\"email-sidebar mbl x-hidden-phone\">\r\n            [subscribe headline=\"Suscr\u00edbete para recibir ofertas especiales y cupones\" show_name=\"true\" class=\"pan man\" confirm_content=\"<div class='pam' style='background:#a3d2b4; color:#fff;'><h6 class='mts'>\u00a1Gracias por registrarte! <br\/> \u00a1Revisa tu correo para m\u00e1s ahorros!<\/h6> <\/div>\"]\r\n        <\/div>\r\n        [content-block name=\"call-hours\"]\r\n    <\/div>\r\n    <div class=\"x-column x-sm x-3-4 last\">\r\n<!-- Myrtle Beach destination -->\r\n<div id=\"myrtle\"><\/div>\r\n    <h2>Ofertas de Tiempo Compartido en Myrtle Beach<\/h2>\r\n        <p>Imagina despertar con el sonido de las olas rompiendo y pisar la arena a solo unos pasos de tu puerta. Con las ofertas de tiempo compartido en Myrtle Beach, disfrutar\u00e1s de la combinaci\u00f3n perfecta de comodidad y conveniencia: habitaciones amplias con cocinas totalmente equipadas, ideales para relajarte despu\u00e9s de un d\u00eda de sol y surf. El resort ofrece un \u00e1rea de juegos acu\u00e1ticos para ni\u00f1os, un r\u00edo lento climatizado, una piscina frente a la playa y una cafeter\u00eda costera para mantener a todos entretenidos y refrescados. Adem\u00e1s, estar\u00e1s cerca de las muchas atracciones populares que hacen de Myrtle Beach un destino vacacional de primera.<\/p>\r\n    [specials ids=\"5654\"] \r\n\r\n<h3>\u00bfPor Qu\u00e9 Elegir las Ofertas de Tiempo Compartido de Westgate en Myrtle Beach?<\/h3>\r\n\r\n<p>Cuando reservas una de nuestras ofertas de presentaci\u00f3n de tiempo compartido en Myrtle Beach, no solo obtienes una excelente tarifa. Est\u00e1s entrando en un mundo de comodidad y conveniencia. Disfruta de:<\/p>\r\n\r\n<p>\r\n<li><b>Acceso directo a la playa<\/b> para disfrutar del sol y el mar sin esfuerzo<\/li>\r\n<li>Comodidades familiares que incluyen <b>\u00e1reas de juegos acu\u00e1ticos y piscinas<\/b><\/li>\r\n<li>Acceso f\u00e1cil a <b>los mejores espect\u00e1culos, campos de golf y tiendas de Myrtle Beach<\/b><\/li>\r\n<li>Ahorros que te permiten <b>disfrutar m\u00e1s<\/b> de lo que Myrtle Beach tiene para ofrecer<\/li>\r\n<\/p>\r\n\r\n<p>\u00bfNecesitas ayuda para planificar tu escapada? Nuestros especialistas en vacaciones est\u00e1n aqu\u00ed para ayudarte en cada paso, desde elegir el paquete perfecto hasta responder cualquier pregunta que tengas. Ya sea que busques relajarte en la playa o divertirte en las atracciones cercanas, Westgate Resorts hace que planificar tus vacaciones sea simple, sin estr\u00e9s y lleno de momentos incre\u00edbles.<\/p>\r\n\r\n<hr>\r\n<div class=\"row py-3 highlights d-flex justify-content-between\">\r\n    <div class=\"col col-6 d-flex justify-content-center\">\r\n        <div class=\"icon-item pl-5\">\r\n            <a href=\"tel:[tel]\" class=\"inheritcolor\">\r\n                <i class=\"fas fa-headset fa-2x\"><\/i>\r\n                <strong>Reservar Por Tel\u00e9fono<\/strong><br\/>\r\n                <span>[phone]<\/span>\r\n            <\/a>\r\n        <\/div>\r\n    <\/div>\r\n    <div class=\"col col-6 d-flex justify-content-center\">\r\n        <div class=\"icon-item pl-5\">\r\n            <a href=\"#\" onclick=\"SnapEngage.startLink();\" class=\"inheritcolor\">\r\n                <i class=\"far fa-comments fa-2x\"><\/i>\r\n                <strong>Soporte en Vivo<\/strong><br\/>\r\n                <span>Chatea con un agente<\/span>\r\n            <\/a>\r\n        <\/div>\r\n    <\/div>\r\n<\/div>\r\n<hr>\r\n\r\n<div class=\"x-container max width\">\r\n    <div class=\"row pb-5\">\r\n        \r\n        <h3 class=\"h5 mt-0\">Explora M\u00e1s Ofertas<\/h3>\r\n        [columnize]\r\n        <ul>\r\n            <li><a href=\"https:\/\/www.westgatereservations.com\/es\/vacation-deals\/timeshare\/gatlinburg\/\">Ofertas de Tiempo Compartido en Gatlinburg<\/a><\/li>\r\n            <li><a href=\"https:\/\/www.westgatereservations.com\/es\/vacation-deals\/timeshare\/branson\/\">Ofertas de Tiempo Compartido en Branson<\/a><\/li>\r\n            <li><a href=\"https:\/\/www.westgatereservations.com\/vacation-deals\/timeshare\/las-vegas\/\">Ofertas de Tiempo Compartido en Las Vegas<\/a><\/li>\r\n            <li><a href=\"https:\/\/www.westgatereservations.com\/vacation-deals\/timeshare\/orlando\/\">Ofertas de Tiempo Compartido en Orlando<\/a><\/li>\r\n            <li><a href=\"https:\/\/www.westgatereservations.com\/es\/vacation-deals\/timeshare\/williamsburg\/\">Ofertas de Tiempo Compartido en Williamsburg<\/a><\/li> \r\n            <li><a href=\"https:\/\/www.westgatereservations.com\/es\/vacation-deals\/timeshare\/cocoa-beach\/\">Ofertas de Tiempo Compartido en Cocoa Beach<\/a><\/li>\r\n        <\/ul>\r\n        [\/columnize]\r\n        [line]\r\n\r\n    <\/div>\r\n<\/div>\r\n\r\n<!--\/-->\r\n<\/div>","protected":false},"excerpt":{"rendered":"<p>Ofertas de Tiempo Compartido en Myrtle Beach \u00a1Encuentra Tu Aventura Vacacional Favorita! DESDE: $99 \/PAQUETE [gap size=\"1em\" class=\"x-hidden-phone\"] Ofertas de Tiempo Compartido en Myrtle Beach \u00a1Encuentra Tu Aventura Vacacional Favorita! ... <\/p>\n<div><a href=\"https:\/\/www.westgatereservations.com\/es\/vacation-deals\/timeshare\/myrtle-beach\/\" class=\"more-link\">Leer M\u00e1s<\/a><\/div>\n","protected":false},"author":244,"featured_media":0,"parent":17512,"menu_order":0,"comment_status":"closed","ping_status":"closed","template":"template-blank-4.php","meta":{"footnotes":""},"_links":{"self":[{"href":"https:\/\/www.westgatereservations.com\/es\/wp-json\/wp\/v2\/pages\/28887"}],"collection":[{"href":"https:\/\/www.westgatereservations.com\/es\/wp-json\/wp\/v2\/pages"}],"about":[{"href":"https:\/\/www.westgatereservations.com\/es\/wp-json\/wp\/v2\/types\/page"}],"author":[{"embeddable":true,"href":"https:\/\/www.westgatereservations.com\/es\/wp-json\/wp\/v2\/users\/244"}],"replies":[{"embeddable":true,"href":"https:\/\/www.westgatereservations.com\/es\/wp-json\/wp\/v2\/comments?post=28887"}],"version-history":[{"count":0,"href":"https:\/\/www.westgatereservations.com\/es\/wp-json\/wp\/v2\/pages\/28887\/revisions"}],"up":[{"embeddable":true,"href":"https:\/\/www.westgatereservations.com\/es\/wp-json\/wp\/v2\/pages\/17512"}],"wp:attachment":[{"href":"https:\/\/www.westgatereservations.com\/es\/wp-json\/wp\/v2\/media?parent=28887"}],"curies":[{"name":"wp","href":"https:\/\/api.w.org\/{rel}","templated":true}]}}