{"id":28885,"date":"2025-08-27T16:10:18","date_gmt":"2025-08-27T20:10:18","guid":{"rendered":"https:\/\/www.westgatereservations.com\/vacation-deals\/timeshare\/gatlinburg\/"},"modified":"2025-09-19T10:30:36","modified_gmt":"2025-09-19T14:30:36","slug":"gatlinburg","status":"publish","type":"page","link":"https:\/\/www.westgatereservations.com\/es\/vacation-deals\/timeshare\/gatlinburg\/","title":{"rendered":"Oferta Vacacional de Tiempo Compartido en Gatlinburg"},"content":{"rendered":"<div class=\"fw-absolute ptm\">\r\n<div class=\"fw-container\">\r\n    <img class=\"banner\" ng-cloak ng-src=\"{{app.data.is_mobile && 'https:\/\/www.westgatereservations.com\/app\/uploads\/2025\/08\/Timeshare-Lander-Gatlinburg-Banner.png' || 'https:\/\/www.westgatereservations.com\/app\/uploads\/2025\/08\/Timeshare-Lander-Gatlinburg-Banner.png'}}\" alt=\"Ofertas de Vacaciones en Tiempo Compartido\">\r\n<\/div>\r\n    <div class=\"x-container max width dshadow x-hidden-phone\" style=\"position: relative;\">\r\n        <h1 class=\"man ptm white center-text\">Ofertas de Tiempo Compartido en Gatlinburg\r\n<\/h1>\r\n        <div class=\"h5 man ptm white center-text\">\u00a1Encuentra tu Aventura de Vacaciones Favorita!\r\n<\/div>\r\n        <div class=\"center-text white mbl mts\">\r\n        <span>DESDE: <\/span><span class=\"h1 white\">$99<\/span> \/PAQUETE<\/span>\r\n        <\/div>\r\n    <\/div>\r\n    [gap size=\"1em\" class=\"x-hidden-phone\"]\r\n    <div class=\"x-container max width search-ow-resort availability-search\">\r\n        <div class=\"x-visible-phone\">\r\n            <h1 class=\"dshadow man pts white center-text\">Ofertas de Tiempo Compartido en Gatlinburg\r\n<\/h1>\r\n            <div class=\"dshadow h5 man pts white center-text\">\u00a1Encuentra tu Aventura de Vacaciones Favorita!\r\n<\/div>\r\n            <div class=\"availability-horizontal center-text\">\r\n                <span class=\"no-break\"><span class=\"white\">DESDE: <\/span><span class=\"price white\"><b>$99<\/b><\/span> <span class=\"white\">\/PAQUETE<\/span><\/span>\r\n            <\/div>\r\n        <\/div>\r\n        <div class=\"x-content-band marginless-columns mbn ptn pbn\">\r\n            <div class=\"x-container\">\r\n                [gap size=\"1em\"]\r\n            [search-availability layout=\"horizontal\" hide_title=\"true\" class=\"no-bg pan\"]\r\n                [gap size=\"1em\" class=\"x-hidden-phone\"]\r\n            <\/div>\r\n        <\/div>\r\n    <\/div>\r\n    [gap size=\"1em\" class=\"x-visible-phone\"]\r\n<\/div>\r\n\r\n<div class=\"center-text x-breadcrumb-wrap x-visible-phone\">\r\n [subscribe modal=\"true\" trigger=\"link\" show_name=\"true\" trigger_content=\"<i class='fas fa-envelope' aria-hidden='true'><\/i>Reg\u00edstrate para recibir las <b>\u00faltimas<\/b> alertas de ofertas\"]\r\n<\/div>\r\n<div class=\"x-container max width mtl\">\r\n    [gap size=\"1em\"]\r\n    <div class=\"x-column x-sm x-1-4\">\r\n        <div class=\"email-sidebar mbl x-hidden-phone\">\r\n            [subscribe headline=\"Reg\u00edstrate para recibir ofertas especiales y c\u00f3digos de descuento\" show_name=\"true\" class=\"pan man\" confirm_content=\"<div class='pam' style='background:#a3d2b4; color:#fff;'><h6 class='mts'>\u00a1Gracias por registrarte! <br\/> \u00a1Aseg\u00farate de revisar tu correo electr\u00f3nico para m\u00e1s ahorros!<\/h6> <\/div>\"]\r\n        <\/div>\r\n        [content-block name=\"call-hours\"]\r\n    <\/div>\r\n    <div class=\"x-column x-sm x-3-4 last\">\r\n<!-- Destino Gatlinburg -->\r\n<div id=\"gat\"><\/div>\r\n    <h2>Ofertas de Tiempo Compartido en Gatlinburg<\/h2>\r\n        <p>Descubre la magia de las Grandes Monta\u00f1as Humeantes con una estad\u00eda en tiempo compartido en Westgate Smoky Mountain Resort & Water Park. Ubicadas en plena naturaleza, nuestras acogedoras villas estilo caba\u00f1a ofrecen impresionantes vistas a las monta\u00f1as, acceso directo al Wild Bear Falls Indoor Water Park y est\u00e1n a solo minutos de las vibrantes tiendas, restaurantes y atracciones del centro de Gatlinburg. Es la combinaci\u00f3n perfecta de aventura, relajaci\u00f3n y valor. Sin duda, tu inolvidable escapada a la monta\u00f1a deber\u00eda comenzar aqu\u00ed.<\/p>\r\n    [specials ids=\"11431,18428\"] \r\n\r\n<h3>\u00bfPor Qu\u00e9 Elegir las Ofertas de Tiempo Compartido de Westgate en Gatlinburg?<\/h3>\r\n\r\n<p>Al reservar una de nuestras ofertas de presentaci\u00f3n de tiempo compartido en Gatlinburg, no solo est\u00e1s ahorrando dinero. Est\u00e1s entrando en un mundo de comodidad y conveniencia. Disfruta de:<\/p>\r\n\r\n<p>\r\n<li>Amplias villas con la <b>comodidad<\/b> de un hogar y el lujo de un resort<\/li>\r\n<li>Amenidades en el lugar, incluyendo <b>Wild Bear Falls Water Park<\/b> y <b>Serenity Spa<\/b><\/li>\r\n<li>Una ubicaci\u00f3n privilegiada a <b>minutos del Parque Nacional Great Smoky Mountains<\/b><\/li>\r\n<li>Ahorros incre\u00edbles que <b>hacen tu viaje accesible<\/b> sin compromisos<\/b><\/li>\r\n<\/p>\r\n\r\n<p>\u00bfNecesitas ayuda para planificar tu escapada? Nuestros especialistas en vacaciones est\u00e1n aqu\u00ed para ayudarte en cada paso, desde elegir el paquete perfecto hasta responder cualquier pregunta que tengas. Ya sea que busques explorar las colinas y valles de los Smokies o relajarte en un lujoso resort rodeado de naturaleza, Westgate Resorts hace que la planificaci\u00f3n de tus vacaciones sea sencilla, sin estr\u00e9s y llena de momentos inolvidables.<\/p>\r\n\r\n<hr>\r\n<div class=\"row py-3 highlights d-flex justify-content-between\">\r\n    <div class=\"col col-6 d-flex justify-content-center\">\r\n        <div class=\"icon-item pl-5\">\r\n            <a href=\"tel:[tel]\" class=\"inheritcolor\">\r\n                <i class=\"fas fa-headset fa-2x\"><\/i>\r\n                <strong>Reservar por Tel\u00e9fono<\/strong><br\/>\r\n                <span>[phone]<\/span>\r\n            <\/a>\r\n        <\/div>\r\n    <\/div>\r\n    <div class=\"col col-6 d-flex justify-content-center\">\r\n        <div class=\"icon-item pl-5\">\r\n            <a href=\"#\" onclick=\"SnapEngage.startLink();\" class=\"inheritcolor\">\r\n                <i class=\"far fa-comments fa-2x\"><\/i>\r\n                <strong>Soporte en Vivo<\/strong><br\/>\r\n                <span>Chatea con un agente<\/span>\r\n            <\/a>\r\n        <\/div>\r\n    <\/div>\r\n<\/div>\r\n<hr>\r\n\r\n<div class=\"x-container max width\">\r\n    <div class=\"row pb-5\">\r\n        \r\n        <h3 class=\"h5 mt-0\">Explora M\u00e1s Ofertas<\/h3>\r\n        [columnize]\r\n        <ul>\r\n            <li><a href=\"https:\/\/www.westgatereservations.com\/vacation-deals\/timeshare\/orlando\/\">Ofertas de Tiempo Compartido en Orlando<\/a><\/li>\r\n            <li><a href=\"https:\/\/www.westgatereservations.com\/vacation-deals\/timeshare\/branson\/\">Ofertas de Tiempo Compartido en Branson<\/a><\/li>\r\n            <li><a href=\"https:\/\/www.westgatereservations.com\/vacation-deals\/timeshare\/las-vegas\/\">Ofertas de Tiempo Compartido en Las Vegas<\/a><\/li>\r\n            <li><a href=\"https:\/\/www.westgatereservations.com\/vacation-deals\/timeshare\/myrtle-beach\/\">Ofertas de Tiempo Compartido en Myrtle Beach<\/a><\/li>\r\n            <li><a href=\"https:\/\/www.westgatereservations.com\/vacation-deals\/timeshare\/williamsburg\/\">Ofertas de Tiempo Compartido en Williamsburg<\/a><\/li> \r\n            <li><a href=\"https:\/\/www.westgatereservations.com\/vacation-deals\/timeshare\/cocoa-beach\/\">Ofertas de Tiempo Compartido en Cocoa Beach<\/a><\/li>\r\n        <\/ul>\r\n        [\/columnize]\r\n        [line]\r\n\r\n    <\/div>\r\n<\/div>\r\n\r\n<!--\/-->\r\n<\/div>","protected":false},"excerpt":{"rendered":"<p>Ofertas de Tiempo Compartido en Gatlinburg \u00a1Encuentra tu Aventura de Vacaciones Favorita! DESDE: $99 \/PAQUETE [gap size=\"1em\" class=\"x-hidden-phone\"] Ofertas de Tiempo Compartido en Gatlinburg \u00a1Encuentra tu Aventura de Vacaciones Favorita! ... <\/p>\n<div><a href=\"https:\/\/www.westgatereservations.com\/es\/vacation-deals\/timeshare\/gatlinburg\/\" class=\"more-link\">Leer M\u00e1s<\/a><\/div>\n","protected":false},"author":244,"featured_media":28618,"parent":17512,"menu_order":0,"comment_status":"closed","ping_status":"closed","template":"template-blank-4.php","meta":{"footnotes":""},"_links":{"self":[{"href":"https:\/\/www.westgatereservations.com\/es\/wp-json\/wp\/v2\/pages\/28885"}],"collection":[{"href":"https:\/\/www.westgatereservations.com\/es\/wp-json\/wp\/v2\/pages"}],"about":[{"href":"https:\/\/www.westgatereservations.com\/es\/wp-json\/wp\/v2\/types\/page"}],"author":[{"embeddable":true,"href":"https:\/\/www.westgatereservations.com\/es\/wp-json\/wp\/v2\/users\/244"}],"replies":[{"embeddable":true,"href":"https:\/\/www.westgatereservations.com\/es\/wp-json\/wp\/v2\/comments?post=28885"}],"version-history":[{"count":0,"href":"https:\/\/www.westgatereservations.com\/es\/wp-json\/wp\/v2\/pages\/28885\/revisions"}],"up":[{"embeddable":true,"href":"https:\/\/www.westgatereservations.com\/es\/wp-json\/wp\/v2\/pages\/17512"}],"wp:featuredmedia":[{"embeddable":true,"href":"https:\/\/www.westgatereservations.com\/es\/wp-json\/wp\/v2\/media\/28618"}],"wp:attachment":[{"href":"https:\/\/www.westgatereservations.com\/es\/wp-json\/wp\/v2\/media?parent=28885"}],"curies":[{"name":"wp","href":"https:\/\/api.w.org\/{rel}","templated":true}]}}