{"id":28881,"date":"2025-08-27T16:10:04","date_gmt":"2025-08-27T20:10:04","guid":{"rendered":"https:\/\/www.westgatereservations.com\/vacation-deals\/timeshare\/williamsburg\/"},"modified":"2025-09-16T12:45:30","modified_gmt":"2025-09-16T16:45:30","slug":"williamsburg","status":"publish","type":"page","link":"https:\/\/www.westgatereservations.com\/es\/vacation-deals\/timeshare\/williamsburg\/","title":{"rendered":"Oferta Vacacional de Tiempo Compartido en Williamsburg"},"content":{"rendered":"<div class=\"fw-absolute ptm\">\r\n<div class=\"fw-container\">\r\n    <img class=\"banner\" ng-cloak ng-src=\"{{app.data.is_mobile && 'https:\/\/www.westgatereservations.com\/app\/uploads\/2025\/09\/banner-full-williamsburg-pool.jpg' || 'https:\/\/www.westgatereservations.com\/app\/uploads\/2025\/09\/banner-full-williamsburg-pool.jpg'}}\" alt=\"Ofertas de Vacaciones Tiempo Compartido\">\r\n<\/div>\r\n    <div class=\"x-container max width dshadow x-hidden-phone\" style=\"position: relative;\">\r\n        <h1 class=\"man ptm white center-text\">Ofertas de Tiempo Compartido en Williamsburg\r\n<\/h1>\r\n        <div class=\"h5 man ptm white center-text\">\u00a1Encuentra tu Aventura Vacacional Favorita!\r\n<\/div>\r\n        <div class=\"center-text white mbl mts\">\r\n        <span>DESDE: <\/span><span class=\"h1 white\">$99<\/span> \/PAQUETE<\/span>\r\n        <\/div>\r\n    <\/div>\r\n    [gap size=\"1em\" class=\"x-hidden-phone\"]\r\n    <div class=\"x-container max width search-ow-resort availability-search\">\r\n        <div class=\"x-visible-phone\">\r\n            <h1 class=\"dshadow man pts white center-text\">Ofertas de Tiempo Compartido en Williamsburg\r\n<\/h1>\r\n            <div class=\"dshadow h5 man pts white center-text\">\u00a1Encuentra tu Aventura Vacacional Favorita!\r\n<\/div>\r\n            <div class=\"availability-horizontal center-text\">\r\n                <span class=\"no-break\"><span class=\"white\">DESDE: <\/span><span class=\"price white\"><b>$99<\/b><\/span> <span class=\"white\">\/PAQUETE<\/span><\/span>\r\n            <\/div>\r\n        <\/div>\r\n        <div class=\"x-content-band marginless-columns mbn ptn pbn\">\r\n            <div class=\"x-container\">\r\n                [gap size=\"1em\"]\r\n            [search-availability layout=\"horizontal\" hide_title=\"true\" class=\"no-bg pan\"]\r\n                [gap size=\"1em\" class=\"x-hidden-phone\"]\r\n            <\/div>\r\n        <\/div>\r\n    <\/div>\r\n    [gap size=\"1em\" class=\"x-visible-phone\"]\r\n<\/div>\r\n\r\n<div class=\"center-text x-breadcrumb-wrap x-visible-phone\">\r\n [subscribe modal=\"true\" trigger=\"link\" show_name=\"true\" trigger_content=\"<i class='fas fa-envelope ' aria-hidden='true'><\/i>Suscr\u00edbete para recibir las <b>\u00faltimas<\/b> alertas de ofertas\"]\r\n<\/div>\r\n<div class=\"x-container max width mtl\">\r\n    [gap size=\"1em\"]\r\n    <div class=\"x-column x-sm x-1-4\">\r\n        <div class=\"email-sidebar mbl x-hidden-phone\">\r\n            [subscribe headline=\"Suscr\u00edbete para recibir ofertas especiales y c\u00f3digos de cup\u00f3n\" show_name=\"true\" class=\"pan man\" confirm_content=\"<div class='pam' style='background:#a3d2b4; color:#fff;'><h6 class='mts'>\u00a1Gracias por suscribirte! <br\/>\u00a1Revisa tu correo para m\u00e1s ahorros!<\/h6> <\/div>\"]\r\n        <\/div>\r\n        [content-block name=\"call-hours\"]\r\n    <\/div>\r\n    <div class=\"x-column x-sm x-3-4 last\">\r\n<!-- Destino Williamsburg -->\r\n<div id=\"will\"><\/div>\r\n    <h2>Ofertas de Tiempo Compartido en Williamsburg<\/h2>\r\n        <p>Ad\u00e9ntrate en el coraz\u00f3n de la historia estadounidense con irresistibles ofertas de <b>tiempo compartido en Williamsburg<\/b>. Ubicado cerca del ic\u00f3nico distrito hist\u00f3rico Colonial Williamsburg, este encantador resort ofrece la combinaci\u00f3n perfecta de elegancia de \u00e9poca y comodidad moderna. Ya sea que pasees por calles empedradas o disfrutes de emocionantes atracciones en Busch Gardens Williamsburg, tus vacaciones estar\u00e1n llenas de momentos inolvidables.<\/p>\r\n    [specials ids=\"5666\"] \r\n\r\n<h3>\u00bfPor qu\u00e9 elegir las Ofertas de Tiempo Compartido de Westgate en Williamsburg?<\/h3>\r\n\r\n<p>Reservar una presentaci\u00f3n de tiempo compartido en Williamsburg significa mucho m\u00e1s que ahorrar dinero: es sumergirte en un destino rico en cultura, aventura y relajaci\u00f3n. Disfruta de:<\/p>\r\n\r\n<ul>\r\n  <li><strong>Alojamientos espaciosos<\/strong> dise\u00f1ados para familias, parejas y amantes de la historia<\/li>\r\n  <li>Comodidades estilo resort que incluyen <strong>piscinas y actividades para toda la familia<\/strong><\/li>\r\n  <li><strong>Ubicaci\u00f3n privilegiada<\/strong> cerca de Colonial Williamsburg, Busch Gardens, Water Country USA y Jamestown Settlement<\/li>\r\n  <li>Ahorros exclusivos que hacen que <strong>tus vacaciones so\u00f1adas sean m\u00e1s accesibles<\/strong> que nunca<\/li>\r\n<\/ul>\r\n\r\n<p>\u00bfNecesitas ayuda para planificar tu escapada? Nuestros especialistas en vacaciones est\u00e1n aqu\u00ed para ayudarte en cada paso, desde elegir el paquete ideal hasta responder cualquier pregunta que tengas. Ya sea que explores monumentos centenarios o te relajes en una lujosa suite, Westgate Resorts hace que tus vacaciones en Williamsburg sean simples, sin estr\u00e9s y realmente memorables.<\/p>\r\n\r\n<hr>\r\n<div class=\"row py-3 highlights d-flex justify-content-between\">\r\n    <div class=\"col col-6 d-flex justify-content-center\">\r\n        <div class=\"icon-item pl-5\">","protected":false},"excerpt":{"rendered":"<p>Ofertas de Tiempo Compartido en Williamsburg \u00a1Encuentra tu Aventura Vacacional Favorita! DESDE: $99 \/PAQUETE [gap size=\"1em\" class=\"x-hidden-phone\"] Ofertas de Tiempo Compartido en Williamsburg \u00a1Encuentra tu Aventura Vacacional Favorita! DESDE: $99 ... <\/p>\n<div><a href=\"https:\/\/www.westgatereservations.com\/es\/vacation-deals\/timeshare\/williamsburg\/\" class=\"more-link\">Leer M\u00e1s<\/a><\/div>\n","protected":false},"author":244,"featured_media":0,"parent":17512,"menu_order":0,"comment_status":"closed","ping_status":"closed","template":"template-blank-4.php","meta":{"footnotes":""},"_links":{"self":[{"href":"https:\/\/www.westgatereservations.com\/es\/wp-json\/wp\/v2\/pages\/28881"}],"collection":[{"href":"https:\/\/www.westgatereservations.com\/es\/wp-json\/wp\/v2\/pages"}],"about":[{"href":"https:\/\/www.westgatereservations.com\/es\/wp-json\/wp\/v2\/types\/page"}],"author":[{"embeddable":true,"href":"https:\/\/www.westgatereservations.com\/es\/wp-json\/wp\/v2\/users\/244"}],"replies":[{"embeddable":true,"href":"https:\/\/www.westgatereservations.com\/es\/wp-json\/wp\/v2\/comments?post=28881"}],"version-history":[{"count":0,"href":"https:\/\/www.westgatereservations.com\/es\/wp-json\/wp\/v2\/pages\/28881\/revisions"}],"up":[{"embeddable":true,"href":"https:\/\/www.westgatereservations.com\/es\/wp-json\/wp\/v2\/pages\/17512"}],"wp:attachment":[{"href":"https:\/\/www.westgatereservations.com\/es\/wp-json\/wp\/v2\/media?parent=28881"}],"curies":[{"name":"wp","href":"https:\/\/api.w.org\/{rel}","templated":true}]}}