{"id":28876,"date":"2025-08-27T16:08:44","date_gmt":"2025-08-27T20:08:44","guid":{"rendered":"https:\/\/www.westgatereservations.com\/vacation-deals\/timeshare\/branson\/"},"modified":"2025-09-16T11:51:29","modified_gmt":"2025-09-16T15:51:29","slug":"branson","status":"publish","type":"page","link":"https:\/\/www.westgatereservations.com\/es\/vacation-deals\/timeshare\/branson\/","title":{"rendered":"Oferta Vacacional en Tiempo Compartido en Branson"},"content":{"rendered":"<div class=\"fw-absolute ptm\">\r\n<div class=\"fw-container\">\r\n    <img class=\"banner\" ng-cloak ng-src=\"{{app.data.is_mobile && 'https:\/\/www.westgatereservations.com\/app\/uploads\/2025\/09\/banner-full-branson-resort.jpg' || 'https:\/\/www.westgatereservations.com\/app\/uploads\/2025\/09\/banner-full-branson-resort.jpg'}}\" alt=\"Oferta Vacacional en Tiempo Compartido en Branson\">\r\n<\/div>\r\n    <div class=\"x-container max width dshadow x-hidden-phone\" style=\"position: relative;\">\r\n        <h1 class=\"man ptm white center-text\">Ofertas de Tiempo Compartido en Branson\r\n<\/h1>\r\n        <div class=\"h5 man ptm white center-text\">\u00a1Encuentra Tu Aventura Vacacional Favorita!\r\n<\/div>\r\n        <div class=\"center-text white mbl mts\">\r\n        <span>DESDE: <\/span><span class=\"h1 white\">$99<\/span> \/PAQUETE<\/span>\r\n        <\/div>\r\n    <\/div>\r\n    [gap size=\"1em\" class=\"x-hidden-phone\"]\r\n    <div class=\"x-container max width search-ow-resort availability-search\">\r\n        <div class=\"x-visible-phone\">\r\n            <h1 class=\"dshadow man pts white center-text\">Ofertas de Tiempo Compartido en Branson\r\n<\/h1>\r\n            <div class=\"dshadow h5 man pts white center-text\">\u00a1Encuentra Tu Aventura Vacacional Favorita!\r\n<\/div>\r\n            <div class=\"availability-horizontal center-text\">\r\n                <span class=\"no-break\"><span class=\"white\">DESDE: <\/span><span class=\"price white\"><b>$99<\/b><\/span> <span class=\"white\">\/PAQUETE<\/span><\/span>\r\n            <\/div>\r\n        <\/div>\r\n        <div class=\"x-content-band marginless-columns mbn ptn pbn\">\r\n            <div class=\"x-container\">\r\n                [gap size=\"1em\"]\r\n            [search-availability layout=\"horizontal\" hide_title=\"true\" class=\"no-bg pan\"]\r\n                [gap size=\"1em\" class=\"x-hidden-phone\"]\r\n            <\/div>\r\n        <\/div>\r\n    <\/div>\r\n    [gap size=\"1em\" class=\"x-visible-phone\"]\r\n<\/div>\r\n\r\n\r\n\r\n<div class=\"center-text x-breadcrumb-wrap x-visible-phone\">\r\n [subscribe modal=\"true\" trigger=\"link\" show_name=\"true\" trigger_content=\"<i class='fas fa-envelope ' aria-hidden='true'><\/i>Suscr\u00edbete para recibir las <b>\u00faltimas<\/b> alertas de ofertas\"]\r\n<\/div>\r\n<div class=\"x-container max width mtl\">\r\n    [gap size=\"1em\"]\r\n    <div class=\"x-column x-sm x-1-4\">\r\n        <div class=\"email-sidebar mbl x-hidden-phone\">\r\n            [subscribe headline=\"Suscr\u00edbete para recibir ofertas especiales y c\u00f3digos de cup\u00f3n\" show_name=\"true\" class=\"pan man\" confirm_content=\"<div class='pam' style='background:#a3d2b4; color:#fff;'><h6 class='mts'>\u00a1Gracias por suscribirte! <br\/> \u00a1Aseg\u00farate de revisar tu correo para m\u00e1s ahorros!<\/h6> <\/div>\"]\r\n        <\/div>\r\n        [content-block name=\"call-hours\"]\r\n    <\/div>\r\n    <div class=\"x-column x-sm x-3-4 last\">\r\n<!-- Destino Branson -->\r\n<div id=\"bran\"><\/div>\r\n    <h2>Ofertas de Tiempo Compartido en Branson<\/h2>\r\n        <p>\u00bfListo para experimentar Branson como nunca antes? Ubicadas en el coraz\u00f3n de los pintorescos Ozarks de Missouri, nuestras exclusivas ofertas de tiempo compartido en Branson te ponen a solo minutos de todo lo que hace de este destino algo inolvidable: desde los brillantes Lagos de Branson hasta el fant\u00e1stico entretenimiento en vivo, museos y las emocionantes atracciones de Silver Dollar City.<\/p>\r\n     [specials ids=\"5644,5641\"] \r\n\r\n<h3>\u00bfPor Qu\u00e9 Elegir las Ofertas de Tiempo Compartido de Westgate en Branson?<\/h3>\r\n\r\n<p>Reservar una de nuestras ofertas de presentaci\u00f3n de tiempo compartido en Branson significa m\u00e1s que solo ahorrar dinero. Se trata de mejorar por completo tu experiencia vacacional. Disfruta de:<\/p>\r\n\r\n<p>\r\n<li>Villas espaciosas que ofrecen las <b>comodidades del hogar<\/b> con el lujo de un resort<\/li>\r\n<li>Amenidades en el lugar que incluyen <b>piscina climatizada interior<\/b>, sala de juegos y canchas deportivas<\/li>\r\n<li>Una hermosa ubicaci\u00f3n cerca de <b>senderos para caminatas<\/b>, <b>cascadas<\/b> y lugares favoritos locales<\/li>\r\n<li>Ahorros incre\u00edbles que <b>hacen tu vacaci\u00f3n asequible<\/b> sin comprometer la calidad<\/li>\r\n<\/p>\r\n<p>\u00bfNecesitas ayuda para planificar tu escapada? Nuestros dedicados especialistas en vacaciones est\u00e1n aqu\u00ed para asistirte en cada paso del camino, desde elegir la oferta vacacional perfecta hasta responder cualquier pregunta que puedas tener. Ya sea que quieras explorar \"La Capital Mundial del Espect\u00e1culo en Vivo\" o relajarte en nuestro resort enclavado en 145 hermosas hect\u00e1reas boscosas en el coraz\u00f3n de las Monta\u00f1as Ozark, Westgate Resorts hace que la planificaci\u00f3n de tus vacaciones sea simple, sin estr\u00e9s y llena de momentos espectaculares.<\/p>\r\n\r\n<hr>\r\n<div class=\"row py-3 highlights d-flex justify-content-between\">\r\n    <div class=\"col col-6 d-flex justify-content-center\">\r\n        <div class=\"icon-item pl-5\">\r\n            <a href=\"tel:[tel]\" class=\"inheritcolor\">\r\n                <i class=\"fas fa-headset fa-2x\"><\/i>\r\n                <strong>Reserva por Tel\u00e9fono<\/strong><br\/>\r\n                <span>[phone]<\/span>\r\n            <\/a>\r\n        <\/div>\r\n    <\/div>\r\n    <div class=\"col col-6 d-flex justify-content-center\">\r\n        <div class=\"icon-item pl-5\">\r\n            <a href=\"#\"; onclick=\"SnapEngage.startLink();\" class=\"inheritcolor\">\r\n                <i class=\"far fa-comments fa-2x\"><\/i>\r\n                <strong>Soporte en Vivo<\/strong><br\/>\r\n                <span>Chatea con un agente<\/span>\r\n            <\/a>\r\n        <\/div>\r\n    <\/div>\r\n<\/div>\r\n<hr>\r\n\r\n<div class=\"x-container max width\">\r\n    <div class=\"row pb-5\">\r\n        \r\n        <h3 class=\"h5 mt-0\">Explora M\u00e1s Ofertas<\/h3>\r\n        [columnize]\r\n        <ul>\r\n            <li><a href=\"https:\/\/www.westgatereservations.com\/vacation-deals\/timeshare\/orlando\/\">Ofertas de Tiempo Compartido en Orlando<\/a><\/li>\r\n            <li><a href=\"https:\/\/www.westgatereservations.com\/vacation-deals\/timeshare\/gatlinburg\/\">Ofertas de Tiempo Compartido en Gatlinburg<\/a><\/li>\r\n            <li><a href=\"https:\/\/www.westgatereservations.com\/vacation-deals\/timeshare\/las-vegas\/\">Ofertas de Tiempo Compartido en Las Vegas<\/a><\/li>\r\n            <li><a href=\"https:\/\/www.westgatereservations.com\/vacation-deals\/timeshare\/myrtle-beach\/\">Ofertas de Tiempo Compartido en Myrtle Beach<\/a><\/li>\r\n            <li><a href=\"https:\/\/www.westgatereservations.com\/vacation-deals\/timeshare\/williamsburg\/\">Ofertas de Tiempo Compartido en Williamsburg<\/a><\/li> \r\n            <li><a href=\"https:\/\/www.westgatereservations.com\/es\/vacation-deals\/timeshare\/cocoa-beach\/\">Ofertas de Tiempo Compartido en Cocoa Beach<\/a><\/li>\r\n        <\/ul>\r\n        [\/columnize]\r\n        [line]\r\n\r\n    <\/div>\r\n<\/div>\r\n\r\n<!--\/-->\r\n<\/div>","protected":false},"excerpt":{"rendered":"<p>Ofertas de Tiempo Compartido en Branson \u00a1Encuentra Tu Aventura Vacacional Favorita! DESDE: $99 \/PAQUETE [gap size=\"1em\" class=\"x-hidden-phone\"] Ofertas de Tiempo Compartido en Branson \u00a1Encuentra Tu Aventura Vacacional Favorita! DESDE: $99 ... <\/p>\n<div><a href=\"https:\/\/www.westgatereservations.com\/es\/vacation-deals\/timeshare\/branson\/\" class=\"more-link\">Leer M\u00e1s<\/a><\/div>\n","protected":false},"author":244,"featured_media":28710,"parent":17512,"menu_order":0,"comment_status":"closed","ping_status":"closed","template":"template-blank-4.php","meta":{"footnotes":""},"_links":{"self":[{"href":"https:\/\/www.westgatereservations.com\/es\/wp-json\/wp\/v2\/pages\/28876"}],"collection":[{"href":"https:\/\/www.westgatereservations.com\/es\/wp-json\/wp\/v2\/pages"}],"about":[{"href":"https:\/\/www.westgatereservations.com\/es\/wp-json\/wp\/v2\/types\/page"}],"author":[{"embeddable":true,"href":"https:\/\/www.westgatereservations.com\/es\/wp-json\/wp\/v2\/users\/244"}],"replies":[{"embeddable":true,"href":"https:\/\/www.westgatereservations.com\/es\/wp-json\/wp\/v2\/comments?post=28876"}],"version-history":[{"count":0,"href":"https:\/\/www.westgatereservations.com\/es\/wp-json\/wp\/v2\/pages\/28876\/revisions"}],"up":[{"embeddable":true,"href":"https:\/\/www.westgatereservations.com\/es\/wp-json\/wp\/v2\/pages\/17512"}],"wp:featuredmedia":[{"embeddable":true,"href":"https:\/\/www.westgatereservations.com\/es\/wp-json\/wp\/v2\/media\/28710"}],"wp:attachment":[{"href":"https:\/\/www.westgatereservations.com\/es\/wp-json\/wp\/v2\/media?parent=28876"}],"curies":[{"name":"wp","href":"https:\/\/api.w.org\/{rel}","templated":true}]}}