{"id":28873,"date":"2025-08-27T16:10:44","date_gmt":"2025-08-27T20:10:44","guid":{"rendered":"https:\/\/www.westgatereservations.com\/vacation-deals\/timeshare\/cocoa-beach\/"},"modified":"2025-09-16T12:13:30","modified_gmt":"2025-09-16T16:13:30","slug":"cocoa-beach","status":"publish","type":"page","link":"https:\/\/www.westgatereservations.com\/es\/vacation-deals\/timeshare\/cocoa-beach\/","title":{"rendered":"Oferta Vacacional en Tiempo Compartido en Cocoa Beach"},"content":{"rendered":"<div class=\"fw-absolute ptm\">\r\n<div class=\"fw-container\">\r\n    <img class=\"banner\" ng-cloak ng-src=\"{{app.data.is_mobile && 'https:\/\/www.westgatereservations.com\/app\/uploads\/2025\/09\/banner-full-cocoa-beach-pier.jpg' || 'https:\/\/www.westgatereservations.com\/app\/uploads\/2025\/09\/banner-full-cocoa-beach-pier.jpg'}}\" alt=\"Ofertas de Vacaciones Tiempo Compartido\">\r\n<\/div>\r\n    <div class=\"x-container max width dshadow x-hidden-phone\" style=\"position: relative;\">\r\n        <h1 class=\"man ptm white center-text\">Ofertas de Tiempo Compartido en Cocoa Beach\r\n<\/h1>\r\n        <div class=\"h5 man ptm white center-text\">\u00a1Encuentra tu Aventura Vacacional Favorita!\r\n<\/div>\r\n        <div class=\"center-text white mbl mts\">\r\n        <span>DESDE: <\/span><span class=\"h1 white\">$149<\/span> \/PAQUETE<\/span>\r\n        <\/div>\r\n    <\/div>\r\n    [gap size=\"1em\" class=\"x-hidden-phone\"]\r\n    <div class=\"x-container max width search-ow-resort availability-search\">\r\n        <div class=\"x-visible-phone\">\r\n            <h1 class=\"dshadow man pts white center-text\">Ofertas de Tiempo Compartido en Cocoa Beach\r\n<\/h1>\r\n            <div class=\"dshadow h5 man pts white center-text\">\u00a1Encuentra tu Aventura Vacacional Favorita!\r\n<\/div>\r\n            <div class=\"availability-horizontal center-text\">\r\n                <span class=\"no-break\"><span class=\"white\">DESDE: <\/span><span class=\"price white\"><b>$149<\/b><\/span> <span class=\"white\">\/PAQUETE<\/span><\/span>\r\n            <\/div>\r\n        <\/div>\r\n        <div class=\"x-content-band marginless-columns mbn ptn pbn\">\r\n            <div class=\"x-container\">\r\n                [gap size=\"1em\"]\r\n            [search-availability layout=\"horizontal\" hide_title=\"true\" class=\"no-bg pan\"]\r\n                [gap size=\"1em\" class=\"x-hidden-phone\"]\r\n            <\/div>\r\n        <\/div>\r\n    <\/div>\r\n    [gap size=\"1em\" class=\"x-visible-phone\"]\r\n<\/div>\r\n\r\n<div class=\"center-text x-breadcrumb-wrap x-visible-phone\">\r\n [subscribe modal=\"true\" trigger=\"link\" show_name=\"true\" trigger_content=\"<i class='fas fa-envelope ' aria-hidden='true'><\/i>Suscr\u00edbete para recibir las <b>\u00faltimas<\/b> alertas de ofertas\"]\r\n<\/div>\r\n<div class=\"x-container max width mtl\">\r\n    [gap size=\"1em\"]\r\n    <div class=\"x-column x-sm x-1-4\">\r\n        <div class=\"email-sidebar mbl x-hidden-phone\">\r\n            [subscribe headline=\"Suscr\u00edbete para recibir ofertas especiales y c\u00f3digos de cup\u00f3n\" show_name=\"true\" class=\"pan man\" confirm_content=\"<div class='pam' style='background:#a3d2b4; color:#fff;'><h6 class='mts'>\u00a1Gracias por suscribirte! <br\/> \u00a1Aseg\u00farate de revisar tu correo para m\u00e1s ahorros!<\/h6> <\/div>\"]\r\n        <\/div>\r\n        [content-block name=\"call-hours\"]\r\n    <\/div>\r\n    <div class=\"x-column x-sm x-3-4 last\">\r\n<!-- Destino Cocoa Beach -->\r\n    <h2>Ofertas de Tiempo Compartido en Cocoa Beach<\/h2>\r\n        <p>Esc\u00e1pate al encanto relajado de la Space Coast de Florida con irresistibles ofertas de <b>tiempo compartido en Cocoa Beach<\/b>. Situada a lo largo de seis millas de costa pr\u00edstina, Cocoa Beach es el destino perfecto para buscadores de sol, surfistas y familias que desean relajarse en un para\u00edso tropical. Ya sea que est\u00e9s surfeando en la \u201cCapital del Surf de la Costa Este\u201d o paseando por el ic\u00f3nico <b>Westgate Cocoa Beach Pier<\/b>, tus vacaciones so\u00f1adas en la playa comienzan aqu\u00ed.<\/p>\r\n    [specials ids=\"12882,22871\"] \r\n\r\n<h3>\u00bfPor qu\u00e9 elegir las ofertas de Tiempo Compartido de Westgate en Cocoa Beach?<\/h3>\r\n\r\n<p>Al reservar una presentaci\u00f3n de tiempo compartido en Cocoa Beach, no solo ahorras, tambi\u00e9n mejoras toda tu experiencia vacacional. Disfruta de:<\/p>\r\n\r\n<ul>\r\n  <li><strong>Alojamientos frente al mar y espaciosos<\/strong>, ideales para parejas y familias<\/li>\r\n  <li>Comodidades estilo resort que incluyen <strong>piscina tropical al aire libre, zona de juegos acu\u00e1ticos y bar tiki<\/strong><\/li>\r\n  <li><strong>Servicio de transporte gratuito<\/strong> al Westgate Cocoa Beach Pier<\/li>\r\n  <li>Acceso f\u00e1cil a atracciones locales como el <strong>Kennedy Space Center<\/strong> y Port Canaveral<\/li>\r\n<\/ul>\r\n\r\n<p>\u00bfNecesitas ayuda para planificar tu escapada? Nuestros especialistas en vacaciones est\u00e1n listos para asistirte en cada paso, desde elegir el paquete perfecto hasta resolver cualquier duda. Ya sea que busques relajaci\u00f3n o aventura, las ofertas de <b>tiempo compartido de Westgate en Cocoa Beach<\/b> te ofrecen comodidad, conveniencia y recuerdos costeros inolvidables.<\/p>\r\n\r\n<hr>\r\n<div class=\"row py-3 highlights d-flex justify-content-between\">\r\n    <div class=\"col col-6 d-flex justify-content-center\">\r\n        <div class=\"icon-item pl-5\">\r\n            <a href=\"tel:[tel]\" class=\"inheritcolor\">\r\n                <i class=\"fas fa-headset fa-2x\"><\/i>\r\n                <strong>Reserva por Tel\u00e9fono<\/strong><br\/>\r\n                <span>[phone]<\/span>\r\n            <\/a>\r\n        <\/div>\r\n    <\/div>\r\n    <div class=\"col col-6 d-flex justify-content-center\">\r\n        <div class=\"icon-item pl-5\">\r\n            <a href=\"#\"; onclick=\"SnapEngage.startLink();\" class=\"inheritcolor\">\r\n                <i class=\"far fa-comments fa-2x\"><\/i>\r\n                <strong>Soporte en Vivo<\/strong><br\/>\r\n                <span>Chatea con un agente<\/span>\r\n            <\/a>\r\n        <\/div>\r\n    <\/div>\r\n<\/div>\r\n<hr>\r\n\r\n<div class=\"x-container max width\">\r\n    <div class=\"row pb-5\">\r\n        \r\n        <h3 class=\"h5 mt-0\">Explora M\u00e1s Ofertas<\/h3>\r\n        [columnize]\r\n        <ul>\r\n            <li><a href=\"https:\/\/www.westgatereservations.com\/vacation-deals\/timeshare\/gatlinburg\/\">Ofertas de Tiempo Compartido en Gatlinburg<\/a><\/li>\r\n            <li><a href=\"https:\/\/www.westgatereservations.com\/vacation-deals\/timeshare\/branson\/\">Ofertas de Tiempo Compartido en Branson<\/a><\/li>\r\n            <li><a href=\"https:\/\/www.westgatereservations.com\/vacation-deals\/timeshare\/las-vegas\/\">Ofertas de Tiempo Compartido en Las Vegas<\/a><\/li>\r\n            <li><a href=\"https:\/\/www.westgatereservations.com\/vacation-deals\/timeshare\/myrtle-beach\/\">Ofertas de Tiempo Compartido en Myrtle Beach<\/a><\/li>\r\n            <li><a href=\"https:\/\/www.westgatereservations.com\/vacation-deals\/timeshare\/williamsburg\/\">Ofertas de Tiempo Compartido en Williamsburg<\/a><\/li> \r\n            <li><a href=\"https:\/\/www.westgatereservations.com\/vacation-deals\/timeshare\/orlando\/\">Ofertas de Tiempo Compartido en Orlando<\/a><\/li>\r\n        <\/ul>\r\n        [\/columnize]\r\n        [line]\r\n\r\n    <\/div>\r\n<\/div>\r\n\r\n<!--\/-->\r\n<\/div>","protected":false},"excerpt":{"rendered":"<p>Ofertas de Tiempo Compartido en Cocoa Beach \u00a1Encuentra tu Aventura Vacacional Favorita! DESDE: $149 \/PAQUETE [gap size=\"1em\" class=\"x-hidden-phone\"] Ofertas de Tiempo Compartido en Cocoa Beach \u00a1Encuentra tu Aventura Vacacional Favorita! ... <\/p>\n<div><a href=\"https:\/\/www.westgatereservations.com\/es\/vacation-deals\/timeshare\/cocoa-beach\/\" class=\"more-link\">Leer M\u00e1s<\/a><\/div>\n","protected":false},"author":244,"featured_media":0,"parent":17512,"menu_order":0,"comment_status":"closed","ping_status":"closed","template":"template-blank-4.php","meta":{"footnotes":""},"_links":{"self":[{"href":"https:\/\/www.westgatereservations.com\/es\/wp-json\/wp\/v2\/pages\/28873"}],"collection":[{"href":"https:\/\/www.westgatereservations.com\/es\/wp-json\/wp\/v2\/pages"}],"about":[{"href":"https:\/\/www.westgatereservations.com\/es\/wp-json\/wp\/v2\/types\/page"}],"author":[{"embeddable":true,"href":"https:\/\/www.westgatereservations.com\/es\/wp-json\/wp\/v2\/users\/244"}],"replies":[{"embeddable":true,"href":"https:\/\/www.westgatereservations.com\/es\/wp-json\/wp\/v2\/comments?post=28873"}],"version-history":[{"count":0,"href":"https:\/\/www.westgatereservations.com\/es\/wp-json\/wp\/v2\/pages\/28873\/revisions"}],"up":[{"embeddable":true,"href":"https:\/\/www.westgatereservations.com\/es\/wp-json\/wp\/v2\/pages\/17512"}],"wp:attachment":[{"href":"https:\/\/www.westgatereservations.com\/es\/wp-json\/wp\/v2\/media?parent=28873"}],"curies":[{"name":"wp","href":"https:\/\/api.w.org\/{rel}","templated":true}]}}