{"id":27200,"date":"2025-02-17T14:22:20","date_gmt":"2025-02-17T19:22:20","guid":{"rendered":"https:\/\/www.westgatereservations.com\/tickets\/seaworld-orlando-tickets\/"},"modified":"2025-02-19T14:39:05","modified_gmt":"2025-02-19T19:39:05","slug":"seaworld-orlando-tickets","status":"publish","type":"page","link":"https:\/\/www.westgatereservations.com\/es\/tickets\/seaworld-orlando-tickets\/","title":{"rendered":"Seaworld Orlando Paga 1 Lleva 2"},"content":{"rendered":"<div class=\"background-cover\" ng-style=\"{'background-image': 'url(' + (app.data.is_mobile ? 'https:\/\/westgatecdn.com\/2025\/02\/seaworld-bg-full.jpg' : 'https:\/\/westgatecdn.com\/2025\/02\/seaworld-bg-full.jpg') + ')'}\">\r\n    <div class=\"pt-4 pt-md-3 pb-4 pb-md-0\" style=\"background-color: rgba(0, 0, 0, 0.2);\">\r\n        <h1 class=\"h2 font-lighter py-3 white center-text\">SeaWorld Orlando <br\/> Boletos con Descuento<\/h1>\r\n        <div>\r\n            <p class=\"h5 my-2 white center-text d-none d-lg-block\">\u00a1La Oferta Termina Pronto!<\/p>\r\n            <div class=\"d-flex justify-content-center\">\r\n                <div style=\"background: #fff; border-radius: 10px;\" class=\"px-4 py-3\">\r\n                    [timer] \r\n                <\/div>\r\n            <\/div>\r\n        <\/div>\r\n       \r\n        <div class=\"x-container max width pb-0 pb-md-4 pt-4\">\r\n\r\n            <div class=\"row py-2 px-1 px-md-5\">\r\n                <div class=\"col-12 col-lg-6\">\r\n                    <div class=\"card p-1 mb-5 mb-lg-0 center-text\" style=\"background: #fff;\">\r\n                        <div class=\"py-3\">\r\n                        <img decoding=\"async\" src=\"https:\/\/westgatecdn.com\/2023\/04\/seaworld-orlando-logo-200.jpg\" style=\"height:50px;\">\r\n                        <\/div>\r\n                        <div class=\"white p-2\" style=\"background:#0e3865;\"><b>2 BOLETOS DE 1 D\u00cdA<\/b> PARA SeaWorld Orlando<\/div>\r\n                        <div class=\"rs-img-crop\">\r\n                            <img decoding=\"async\" src=\"https:\/\/westgatecdn.com\/2019\/03\/seaworld-vacations.jpg\">\r\n                        <\/div>\r\n                        <p class=\"mt-3 px-3 font-120\"><b>2 Boletos para SeaWorld Orlando<\/b><\/p>\r\n                        <h3 class=\"h1 m-0\">$49<\/h3><span style=\"color:#555; font-size:1em;\">Dos Boletos de 1 D\u00eda<\/span>\r\n                        <p class=\"h6 mtn mb-1 mb-md-2 \">PRECIO NORMAL: $286 | <span style=\"color:green;\">AHORRA: $237<\/span><\/p>\r\n                        <div class=\"row no-gutters\">\r\n                            <div class=\"col p-3\">\r\n                                <a ng-click=\"app.toggleWGModal( 'call-only' )\" class=\"x-btn x-btn-large btn-orange x-btn-block\"><i class=\"fa-solid fa-phone\"><\/i> Comprar Boletos<\/a>\r\n                            <\/div>\r\n                        <\/div>\r\n                    <\/div>\r\n                <\/div>\r\n                <div class=\"col-12 col-lg-6\">\r\n                    <div class=\"card p-1 mb-5 mb-lg-0 center-text\" style=\"background: #fff;\">\r\n                        <div class=\"d-flex justify-content-center py-3\">\r\n                            <img decoding=\"async\" class=\"ml-3\" src=\"https:\/\/westgatecdn.com\/2016\/02\/aquatica-seaworld-logo.jpg\" style=\"height:50px;\">\r\n                        <\/div>\r\n                        <div class=\"white p-2\" style=\"background:#0e3865;\"><b>2 BOLETOS DE 1 D\u00cdA<\/b> PARA Aquatica Orlando<\/div>\r\n                        <div class=\"rs-img-crop\">\r\n                            <img decoding=\"async\" src=\"https:\/\/westgatecdn.com\/2015\/07\/Westgate_Palace_Resort_Nearby_Attractions.jpg\">\r\n                        <\/div>\r\n                        <p class=\"mt-3 px-3 font-120\"><b style=\"text-wrap: nowrap;\">2 Boletos para Aquatica Orlando<\/b><\/p>\r\n                        <h3 class=\"h1 m-0\">$59<\/h3><span style=\"color:#555; font-size:1em;\">Dos Boletos de 1 d\u00eda | Ingreso a 2 Parques<\/span>\r\n                        <p class=\"h6 mtn mb-1 mb-md-2 \">PRECIO NORMAL: $220 | <span style=\"color:green;\">AHORRA: $161<\/span><\/p>\r\n                        <div class=\"row no-gutters\">\r\n                            <div class=\"col p-3\">\r\n                                <a ng-click=\"app.toggleWGModal( 'call-only' )\" class=\"x-btn x-btn-large btn-orange x-btn-block\"><i class=\"fa-solid fa-phone\"><\/i> Comprar Boletos<\/a>\r\n                            <\/div>\r\n                        <\/div>\r\n                    <\/div>\r\n                <\/div>\r\n            <\/div>\r\n            <div class=\"py-1 py-lg-5 center-text\">\r\n        <\/div>\r\n           \r\n        <\/div> \r\n    <\/div>\r\n<\/div>\r\n\r\n\r\n[container]\r\n<h2 class=\"mt-3\">SeaWorld Orlando Paga 1, Lleva 2 - \u00a1Ahora por Solo $49!<\/h2>\r\n<h4 class=\"subheading mtm mbm\">Compra un boleto para el parque tem\u00e1tico SeaWorld Orlando por $49 y recibe otro m\u00e1s sin costo adicional.<\/h4>\r\n[columnize]\r\n<p>\u00a1Excelentes noticias para los fan\u00e1ticos de los parques tem\u00e1ticos! Westgate Resorts est\u00e1 ofreciendo una promoci\u00f3n asombrosa de boletos: paga uno, lleva dos. Por solo $49, puedes comprar un solo boleto para el parque tem\u00e1tico SeaWorld Orlando, y como bonus, recibir\u00e1s un segundo boleto sin ning\u00fan costo. \u00a1Esta es una oportunidad fant\u00e1stica para experimentar la diversi\u00f3n, las atracciones y la emoci\u00f3n de SeaWorld con un amigo, un familiar o un ser querido a un precio inigualable!<\/p>\r\n\r\n<p>SeaWorld, ubicado en Orlando, Florida, es un parque de diversiones popular cuya tem\u00e1tica es la vida marina y combina emocionantes atracciones, exhibiciones de animales y experiencias interactivas. Este parque se ha convertido en una de las principales atracciones del \u00e1rea, donde podr\u00e1s ver una gran variedad de criaturas marinas, explorar juegos llenos de adrenalina, experiencias interactivas, eventos de temporada y esfuerzos de conservaci\u00f3n permanentes.<\/p>\r\n\r\n<p>Esta oferta de paga uno lleva dos de Westgate Resorts hace m\u00e1s f\u00e1cil que nunca planear una escapada divertida a SeaWorld sin romper tu bolsillo. Independientemente que sea tu primera vez en SeaWorld o que seas un fan\u00e1tico experimentado, el parque ofrece algo para todos. Es una excelente manera de pasar el d\u00eda con tus seres queridos, todo mientras aprovechas esta oferta incre\u00edble.<\/p>\r\n\r\n<p>\u00a1No te tomes mucho tiempo! Con dos boletos por solo el precio de $49, puedes duplicar la emoci\u00f3n por la mitad del precio. Tambi\u00e9n puedes comprar boletos adicionales. Ya sea que est\u00e9s viajando localmente o planeando un viaje especial con la familia, esta oferta por tiempo limitado hace que tu visita a SeaWorld Orlando sea tanto econ\u00f3mica como emocionante. As\u00ed que, \u00a1consigue tus boletos al llamar hoy y prep\u00e1rate para una aventura inolvidable!<\/p>\r\n \r\n[\/columnize]\r\n[clear]\r\n[blockquote type=\"center\"]\u00bfNo encuentras un paquete de vacaciones que se adapte a las necesidades de tu viaje? <br>Ll\u00e1manos al [phone_link][tel][\/phone_link] [\/blockquote]\r\n<h4 class=\"mts mbs\">Atracciones emocionantes y aventuras en SeaWorld en Orlando, Florida<\/h4>\r\n[column type=\"2\/3\" last=\"true\"]\r\n<p>SeaWorld Orlando est\u00e1 repleto de aventuras que te aceleran el coraz\u00f3n y prometen una experiencia inolvidable. S\u00fabete en Mako, la monta\u00f1a rusa m\u00e1s grande, r\u00e1pida y larga de Florida, donde ir\u00e1s a gran velocidad y estar\u00e1s un tiempo en el aire, simulando la velocidad de un tibur\u00f3n en la naturaleza. Para un toque m\u00e1s salvaje, Kraken es una atracci\u00f3n llena de adrenalina que no tiene suelo y ofrece altas velocidades junto con descensos que desaf\u00edan la gravedad y te hacen sentir como si no pesaras nada. Sum\u00e9rgete en Infinity Falls, el descenso en un r\u00e1pido de r\u00edo m\u00e1s alto del mundo, o experimenta la emoci\u00f3n de Journey to Atlantis, una combinaci\u00f3n de monta\u00f1a rusa con un descenso acu\u00e1tico. Ya sea que est\u00e9s buscando que se te aceler\u00e9 el coraz\u00f3n o un chapuz\u00f3n de emoci\u00f3n, \u00a1SeaWorld Orlando ofrece algo para todos los aventureros que busquen diversi\u00f3n!<\/p>\r\n\r\n<p>Adem\u00e1s de las atracciones, SeaWorld Orlando es una experiencia inmersiva que celebra la maravilla de la vida marina. Los visitantes pueden explorar exhibiciones de animales cautivadoras, tales como Antarctica: Empire of the Penguin, donde estar\u00e1s cerca de una colonia de ping\u00fcinos en su fr\u00edo h\u00e1bitat, o Shark Encounter, donde puedes caminar por un t\u00fanel rodeado de tiburones, unas criaturas magn\u00edficas. El parque tambi\u00e9n se dedica a la conservaci\u00f3n y a la educaci\u00f3n, ofreciendo a los visitantes la oportunidad de aprender acerca de los esfuerzos para la protecci\u00f3n de la vida marina y presenciar el rescate y rehabilitaci\u00f3n de animales a trav\u00e9s de recorridos privados.<\/p> \r\n\r\n[\/column]\r\n[column type=\"1\/3\" last=\"true\"]\r\n<img loading=\"lazy\" decoding=\"async\" src=\"https:\/\/westgatecdn.com\/2025\/02\/seaworld-pipeline-roller-coaster.jpg\" alt=\"seaworld orlando pipeline roller coaster\" width=\"600\" height=\"457\" class=\"alignnone size-full wp-image-11575\" \/>\r\n[\/column]\r\n[clear]\r\n\r\n[line]\r\n<h6 class=\"left mtn mbn\">Paquetes de SeaWorld<\/h6><p class=\"right h6 mtn mbn\"> <a href=\"https:\/\/www.westgatereservations.com\/es\/orlando\/vacation-packages\/seaworld\/\"> <br class=\"x-visible-phone\"> descubre m\u00e1s &nbsp;<i class=\"fas fa-lg fa-chevron-circle-right\"><\/i><\/a><\/p>\r\n[clear]\r\n[line style=\"border: 1px solid #64b4e0;\"]\r\n\r\n<h4 class=\"mts mbm\">Eventos de Temporada Emocionantes en SeaWorld Orlando<\/h4>\r\n[column type=\"1\/3\"]\r\n<img loading=\"lazy\" decoding=\"async\" src=\"https:\/\/westgatecdn.com\/2025\/02\/seaworld-orlando-seven-seas-food-festival.jpg\" alt=\"seaworld orlando seven seas food festival\" width=\"660\" height=\"400\" class=\"alignnone size-full wp-image-11575\" \/>\r\n[\/column]\r\n[column type=\"2\/3\" last=\"true\"] \r\n[tab_nav type=\"two-up\"]\r\n[tab_nav_item title=\"Seven Seas Food Festival\"]\r\n[tab_nav_item title=\"Howl-O-Scream\"]\r\n[\/tab_nav]\r\n[tabs]\r\n[tab active=\"true\"]The Seven Seas Food Festival en SeaWorld Orlando es un evento anual animado que celebra los sabores y culturas mundiales a trav\u00e9s de la comida, bebidas y entretenimiento en vivo. Este festival da comienzo al a\u00f1o y ofrece una experiencia fant\u00e1stica para los fan\u00e1ticos de la buena comida y los amantes a los festivales.<\/p>\r\n\r\n<p>Los visitantes pueden deleitarse con la cocina internacional de varias regiones, con m\u00e1s de 200 platos y bebidas, incluyendo comida de mar, barbecue, platos vegetarianos y postres \u00fanicos. Encontrar\u00e1s tambi\u00e9n c\u00f3cteles especiales, cervezas artesanales y vinos de todo el mundo para acompa\u00f1ar tus comidas, a\u00f1adiendo un toque refrescante a tu experiencia.<\/p>\r\n\r\n<p>Adem\u00e1s de las delicias culinarias, el Seven Seas Food Festival cuenta con presentaciones en vivo de m\u00fasicos talentosos de diferentes g\u00e9neros, incluyendo rock, country y m\u00fasica latina, que aportan un ambiente emocionante al evento. Con una combinaci\u00f3n de comida deliciosa, m\u00fasica animada y ambiente alegre, el Seven Seas Food Festival ofrece una forma \u00fanica y sabrosa de experimentar SeaWorld Orlando, convirti\u00e9ndolo en un evento imprescindible tanto para la gente local como para los visitantes.<\/p>[\/tab]\r\n\r\n[tab]\r\n<p>Howl-O-Scream en SeaWorld Orlando es un evento anual de Halloween que transforma el parque en una experiencia emocionante, perfecta para aquellos que buscan una aventura llena de terror. Celebrado en oto\u00f1o, este evento nocturno cuenta con una combinaci\u00f3n de casas embrujadas, zonas de sustos, atracciones emocionantes y entretenimiento en vivo, convirti\u00e9ndolo en uno de los eventos de Halloween m\u00e1s emocionantes de Orlando.<\/p>\r\n\r\n<p>Los visitantes pueden explorar laberintos embrujados, cada uno con su tem\u00e1tica misteriosa, donde encontrar\u00e1n monstruos aterradores, criaturas espeluznantes y escalofriantes sorpresas en cada esquina. Las zonas de sustos repartidas por todo el parque aumentan a\u00fan m\u00e1s el ambiente espeluznante, con personajes que salen de las sombras para darte un susto, todo ello ambientado con una banda sonora escalofriante. Para aquellos que son fan\u00e1ticos de la adrenalina, las principales monta\u00f1as rusas de SeaWorld como Mako, Kraken y Manta estar\u00e1n en funcionamiento durante el evento, brindando una experiencia llena de adrenalina en la oscuridad.<\/p>\r\n\r\n<p>El evento tambi\u00e9n cuenta con shows en vivo que aumentan la emoci\u00f3n de Halloween, incluyendo actuaciones espeluznantes y fiestas de baile para mantener la energ\u00eda a tope durante toda la noche. Howl-O-Scream es una gran forma de celebrar la temporada embrujada, ya que ofrece sustos que te aceleran el coraz\u00f3n y una experiencia divertida y envolvente para adultos y adolescentes que busquen una celebraci\u00f3n de Halloween que vaya m\u00e1s all\u00e1 de los t\u00edpicos eventos familiares.<\/p>\r\n[\/tab]\r\n[\/tabs]\r\n[\/column]\r\n[clear]\r\n<h4 class=\"mts mbs\">\u00a1Disfruta de la Ultimate Penguins On Ice Experience!<\/h4>\r\n<p>\u00a1La Ultimate Penguin on Ice Experience en SeaWorld Orlando le ofrece a los visitantes una aventura inmersiva en el mundo de los ping\u00fcinos! En esta experiencia, que se obtiene por separado, los visitantes se adentrar\u00e1n en un h\u00e1bitat fr\u00edo junto a una colonia de ping\u00fcinos y podr\u00e1n ver de cerca a estas fascinantes aves. Guiada por un avicultor, esta experiencia profundiza en el cuidado y el comportamiento de los ping\u00fcinos, ofreciendo una visi\u00f3n de sus personalidades \u00fanicas. Para garantizar la salud y la seguridad de los ping\u00fcinos, esta experiencia proh\u00edbe las fotograf\u00edas con flash y la iluminaci\u00f3n suplementaria. Debido a la naturaleza especializada de este programa, los cupos son limitados, \u00a1por lo que se recomienda reservar con antelaci\u00f3n!<\/p>\r\n\r\n[blockquote type=\"center\"]\u00bfNo encuentras un paquete de vacaciones que se adapte a las necesidades de tu viaje? <br>Ll\u00e1manos al [phone_link][tel][\/phone_link] [\/blockquote]\r\n\r\n<h4 class=\"mts mbs\">Vacaciones en Westgate Lakes Resort & Spa<\/h4>\r\n\r\n<p>\u00a1El incre\u00edble <a href=\"[home_url]resorts\/westgate-lakes-resort-and-spa\/\">Westgate Lakes Resort & Spa<\/a> en Orlando es el lugar perfecto para una escapada familiar, ofreciendo la mezcla perfecta de comodidad, diversi\u00f3n y conveniencia para ir a SeaWorld! Este resort espacioso est\u00e1 repleto de servicios fant\u00e1sticos, incluyendo m\u00faltiples piscinas, el Parque Acu\u00e1tico Treasure Cove, mini-golf y opciones gastron\u00f3micas, para que todos puedan disfrutar despu\u00e9s de un d\u00eda emocionante en el parque. Ya sea que te hospedes en una acogedora suite tipo estudio o una villa completamente equipada con cocina y sala de estar, <a href=\"https:\/\/www.westgateresorts.com\/\">Westgate Resorts<\/a> ofrece la base ideal para tu aventura en Florida. La proximidad de este resort a <a href=\"[home_url]orlando\/vacation-packages\/seaworld\/\">SeaWorld<\/a> hace que sea muy f\u00e1cil desplazarse, adem\u00e1s de ser tambi\u00e9n un lugar perfecto para explorar atracciones cercanas como Disney World y Universal Studios. \u00a1Con tanto que ofrecer, Westgate Lakes Resort & Spa es una mezcla perfecta de relajaci\u00f3n y emoci\u00f3n para las familias que buscan aprovechar al m\u00e1ximo sus <a href=\"[home_url]orlando\/\">vacaciones en Orlando, Florida<\/a>!<\/p>\r\n\r\n[line]\r\n<h6 class=\"left mtn mbn\">Divi\u00e9rtete con las Mejores Atracciones en SeaWorld Orlando (Con Gu\u00eda Imprimible)<\/h6><p class=\"right h6 mtn mbn\"> <a href=\"https:\/\/www.westgatereservations.com\/es\/blog\/dive-into-fun-with-the-best-rides-at-seaworld-in-orlando-with-printable-guide\/\"> <br class=\"x-visible-phone\"> read more &nbsp;<i class=\"fas fa-lg fa-chevron-circle-right\"><\/i><\/a><\/p>\r\n[clear]\r\n[line style=\"border: 1px solid #64b4e0;\"]\r\n\r\n\r\n[gap size=\"3em\" class=\"x-hidden-phone\"]\r\n[\/container]\r\n<wg-modal name=\"call-only\">\r\n    <div class=\"item-info-container text-left\">\r\n        [content-block name=\"call-only\"]\r\n    <\/div>\r\n<\/wg-modal>","protected":false},"excerpt":{"rendered":"<p>SeaWorld Orlando Boletos con Descuento \u00a1La Oferta Termina Pronto! [timer] 2 BOLETOS DE 1 D\u00cdA PARA SeaWorld Orlando 2 Boletos para SeaWorld Orlando $49Dos Boletos de 1 D\u00eda PRECIO NORMAL: ... <\/p>\n<div><a href=\"https:\/\/www.westgatereservations.com\/es\/tickets\/seaworld-orlando-tickets\/\" class=\"more-link\">Leer M\u00e1s<\/a><\/div>\n","protected":false},"author":2,"featured_media":0,"parent":24269,"menu_order":0,"comment_status":"closed","ping_status":"closed","template":"template-blank-4.php","meta":{"footnotes":""},"_links":{"self":[{"href":"https:\/\/www.westgatereservations.com\/es\/wp-json\/wp\/v2\/pages\/27200"}],"collection":[{"href":"https:\/\/www.westgatereservations.com\/es\/wp-json\/wp\/v2\/pages"}],"about":[{"href":"https:\/\/www.westgatereservations.com\/es\/wp-json\/wp\/v2\/types\/page"}],"author":[{"embeddable":true,"href":"https:\/\/www.westgatereservations.com\/es\/wp-json\/wp\/v2\/users\/2"}],"replies":[{"embeddable":true,"href":"https:\/\/www.westgatereservations.com\/es\/wp-json\/wp\/v2\/comments?post=27200"}],"version-history":[{"count":0,"href":"https:\/\/www.westgatereservations.com\/es\/wp-json\/wp\/v2\/pages\/27200\/revisions"}],"up":[{"embeddable":true,"href":"https:\/\/www.westgatereservations.com\/es\/wp-json\/wp\/v2\/pages\/24269"}],"wp:attachment":[{"href":"https:\/\/www.westgatereservations.com\/es\/wp-json\/wp\/v2\/media?parent=27200"}],"curies":[{"name":"wp","href":"https:\/\/api.w.org\/{rel}","templated":true}]}}