{"id":27170,"date":"2025-01-28T14:01:51","date_gmt":"2025-01-28T19:01:51","guid":{"rendered":"https:\/\/www.westgatereservations.com\/tickets\/legoland-florida-tickets\/"},"modified":"2025-10-17T10:16:42","modified_gmt":"2025-10-17T14:16:42","slug":"legoland-florida-tickets","status":"publish","type":"page","link":"https:\/\/www.westgatereservations.com\/es\/tickets\/legoland-florida-tickets\/","title":{"rendered":"Legoland Florida Paga 1 Lleva 2"},"content":{"rendered":"<style>\r\n    .mt-n5 { margin-top: -5rem; }\r\n    @media (min-width: 992px) {\r\n      .mt-n5{\r\n         margin-top: 0rem;\r\n      }\r\n   }\r\n<\/style>\r\n<div>\r\n    <div class=\"image-wrap background-cover ptl position-relative\" \r\n     style=\"background-image: url(\/app\/uploads\/2025\/09\/bg-full-legoland-entrance.jpg);\r\n         position: relative;\">\r\n         <div class=\"my-5 py-5\"><\/div>\r\n         <div class=\"my-5 py-5\"><\/div>\r\n         <div class=\"my-0 py-0 my-md-2 py-md-5\"><\/div>\r\n         <div class=\"my-0 py-0 my-md-2 py-md-5\"><\/div>\r\n     <\/div>\r\n\r\n        <div class=\"x-container max width position-relative\">\r\n            <div class=\"row justify-content-center\">\r\n                 <div class=\"col-12 col-md-7 p-4 center-text mt-n5 mt-n5 mx-3 rounded bg-white\">\r\n                  <a ng-click=\"app.toggleWGModal( 'call-only' )\"><img decoding=\"async\" src=\"\/app\/uploads\/2025\/10\/39-tickets-bogo.png\" style=\"width:300px;\"><\/a>\r\n                    \r\n                    [custom_headline type=\"center\" level=\"h5\" looks_like=\"h5\" class=\"my-3\" accent=\"true\"]COMPRA[\/custom_headline]\r\n                    <h2 class=\"h2 my-1\">1 Boleto de LEGOLAND\u00ae<\/h2>\r\n                    [custom_headline type=\"center\" level=\"h5\" looks_like=\"h5\" class=\"my-3\" accent=\"true\"]Obt\u00e9n[\/custom_headline]\r\n                    <h2 class=\"h2 my-1\">1 Boleto GRATIS<\/h2>\r\n                        <div class=\"col p-3\">\r\n                            <a ng-click=\"app.toggleWGModal( 'call-only' )\" class=\"x-btn x-btn-large btn-orange\"><i class=\"fa-solid fa-phone\"><\/i> Comprar Boletos<\/a>\r\n                        <\/div>\r\n                   \r\n                <\/div>\r\n            <\/div>\r\n        <\/div>\r\n        <!----->\r\n    \r\n<\/div>\r\n<div class=\"mb-5 py-4 availability-search\" style=\"width: 100%;\">\r\n    <p class=\"h5 my-2 white center-text d-none d-lg-block\">\u00a1La Oferta Termina Pronto!<\/p>\r\n    <div class=\"d-flex justify-content-center\">\r\n        <div style=\"background: #fff; border-radius: 10px; font-size:1.3rem;\" class=\"px-4 py-3 mb-3\">\r\n            [timer] \r\n        <\/div>\r\n    <\/div>\r\n<\/div>\r\n[container]\r\n\r\n<h2 class=\"mt-3\">Legoland Florida Paga 1 Lleva 2 - \u00a1Ahora por Solo $39!<\/h2>\r\n<h4 class=\"subheading mtm mbm\">Compra un boleto para el parque tem\u00e1tico Legoland Florida por $39 y recibe otro m\u00e1s sin costo adicional.<\/h4>\r\n[columnize]\r\n<p>\u00a1Excelentes noticias para los fan\u00e1ticos de los parques tem\u00e1ticos! Westgate Resorts est\u00e1 ofreciendo promociones asombrosas de boletos: paga uno lleva dos. Por solo $39, puedes comprar un solo boleto para el parque tem\u00e1tico Legoland Florida, y como bonus, recibir\u00e1s un segundo boleto sin ning\u00fan costo. \u00a1Esta es una oportunidad fant\u00e1stica para experimentar la diversi\u00f3n, las atracciones y la emoci\u00f3n de Legoland con un amigo, un familiar o un ser querido a un precio inigualable!<\/p>\r\n\r\n<p>Legoland Florida es el hogar de una variedad de juegos emocionantes, exposiciones interactivas y atracciones \u00e9picas con tem\u00e1tica de LEGO que de seguro van a entretener a visitantes de todas las edades. Ya sea que explores el mundo de LEGO en Miniland USA, vayas de aventura en Lego Kingdoms o disfrutes de las atracciones acu\u00e1ticas en el parque acu\u00e1tico de Legoland, \u00a1hay algo para todos! Con esta oferta especial de paga uno lleva dos, ahora es el momento perfecto para ir y crear recuerdos inolvidables. \u00a1No te pierdas esta oferta por tiempo limitado y consigue tus boletos antes que se acaben!<\/p>\r\n\r\n<p>Esta oferta de paga uno lleva dos de Westgate Resorts hace m\u00e1s f\u00e1cil que nunca planear una escapada divertida a Legoland Florida sin romper tu bolsillo. Independientemente que sea tu primera vez en LEGO o que seas un fan\u00e1tico experimentado, el parque ofrece algo para todos. Desde monta\u00f1as rusas emocionantes y zonas interactivas de juegos  hasta experiencias creativas de construcci\u00f3n, la gran variedad de atracciones del parque se adapta tanto a ni\u00f1os como a adultos. Es una excelente manera de pasar el d\u00eda con tus seres queridos, todo mientras aprovechas esta oferta incre\u00edble.<\/p>\r\n\r\n<p>\u00a1No te tomes mucho tiempo! Con dos boletos por el precio de $39, puedes duplicar la emoci\u00f3n por la mitad del precio. Tambi\u00e9n puedes comprar boletos adicionales. Ya sea que est\u00e9s viajando localmente o planeando un viaje especial con la familia, esta oferta por tiempo limitado hace que tu visita a Legoland Florida sea tanto econ\u00f3mica como emocionante. As\u00ed que, \u00a1consigue tus boletos al llamar hoy y prep\u00e1rate para una aventura inolvidable!<\/p>\r\n \r\n[\/columnize]\r\n[clear]\r\n[blockquote type=\"center\"]\u00bfNo encuentras un paquete de vacaciones que se adapte a las necesidades de tu viaje? <br>Ll\u00e1manos al [phone_link][tel][\/phone_link] [\/blockquote]\r\n<h4 class=\"mts mbs\">Atracciones emocionantes y aventuras en el Parque Tem\u00e1tico Legoland en Winter Haven, Florida<\/h4>\r\n[column type=\"2\/3\" last=\"true\"]\r\n<p>Legoland en Winter Haven, Florida, ofrece una variedad emocionante de juegos y aventuras que de seguro alegrar\u00e1n a visitantes de todas las edades. El parque cuenta con muchas atracciones interactivas, incluyendo monta\u00f1as rusas para ni\u00f1os, juegos acu\u00e1ticos y actividades interactivas que sumerge a las personas en el animado mundo de LEGO. Las familias pueden disfrutar de juegos emblem\u00e1ticos como la monta\u00f1a rusa \"The Dragon\" coaster o la \"Coastersaurus\", la cual lleva a los invitados en un viaje lleno de diversi\u00f3n por los paisajes con tem\u00e1tica de Lego. Para los ni\u00f1os peque\u00f1os, hay juegos m\u00e1s suaves en LEGO Kingdoms dise\u00f1ados para encender su imaginaci\u00f3n y admiraci\u00f3n mientras disfrutan de una experiencia segura y entretenida.<\/p>\r\n\r\n<p>Adem\u00e1s de las atracciones y juegos, Legoland Florida tambi\u00e9n cuenta con zonas tem\u00e1ticas interactivas como la famosa Miniland USA, donde los visitantes pueden admirar r\u00e9plicas LEGO de lugares emblem\u00e1ticos de los Estados Unidos. Los shows y las experiencias interactivas del parque como el LEGO Ninjago World, tambi\u00e9n ofrece desaf\u00edos divertidos para toda la familia, permitiendo a los ni\u00f1os canalizar su ninja interior mientras aprenden del trabajo en equipo y la agilidad. Ya sea explorando las atracciones acu\u00e1ticas en Pirates' Cove o embarc\u00e1ndose en una misi\u00f3n llena de aventura por LEGO City. Legoland en Winter Haven promete diversi\u00f3n inolvidable para todos, lo que lo hace un destino perfecto tanto para los fan\u00e1ticos de la adrenalina como para las familias que buscan aventuras.<\/p> \r\n\r\n[\/column]\r\n[column type=\"1\/3\" last=\"true\"]\r\n<img loading=\"lazy\" decoding=\"async\" src=\"https:\/\/westgatecdn.com\/2025\/01\/Legoland-Ride.jpg\" alt=\"legoland florida ride\" width=\"600\" height=\"457\" class=\"alignnone size-full wp-image-11575\" \/>\r\n[\/column]\r\n[clear]\r\n\r\n[line]\r\n<h6 class=\"left mtn mbn\">Paquetes de Legoland Florida<\/h6><p class=\"right h6 mtn mbn\"> <a href=\"https:\/\/www.westgatereservations.com\/es\/orlando\/vacation-packages\/legoland\/\"> <br class=\"x-visible-phone\"> descubre m\u00e1s &nbsp;<i class=\"fas fa-lg fa-chevron-circle-right\"><\/i><\/a><\/p>\r\n[clear]\r\n[line style=\"border: 1px solid #64b4e0;\"]\r\n\r\n<h4 class=\"mts mbm\">Eventos de Temporada Emocionantes en Legoland Florida<\/h4>\r\n[column type=\"1\/3\"]\r\n<img loading=\"lazy\" decoding=\"async\" src=\"https:\/\/westgatecdn.com\/2025\/01\/Legoland-Florida-Entrance.jpg\" alt=\"Special Seasonal Events at Legoland Florida\" width=\"660\" height=\"400\" class=\"alignnone size-full wp-image-11575\" \/>\r\n[\/column]\r\n[column type=\"2\/3\" last=\"true\"] \r\n[tab_nav type=\"two-up\"]\r\n[tab_nav_item title=\"Red, White & BOOM!\"]\r\n[tab_nav_item title=\"Brick-or-Treat\"]\r\n[\/tab_nav]\r\n[tabs]\r\n[tab active=\"true\"]Red, White & BOOM! en Legoland Florida es un evento anual emocionante que celebra el D\u00eda de la  Independencia en un ambiente familiar lleno de diversi\u00f3n. Celebrado el Cuatro de Julio, este evento especial cuenta con fuegos artificiales, una fiesta con DJ y actividades interactivas para visitantes de todas las edades. Uno de los aspectos destacados es el espect\u00e1culo de fuegos artificiales que ilumina el cielo del parque.<\/p>\r\n\r\n<p>Adem\u00e1s de los fuegos artificiales, Red, White & BOOM! cuenta con actividades tem\u00e1ticas a lo largo del d\u00eda. Con un horario extendido, los invitados pueden disfrutar de varios shows de entretenimiento, del meet-and-greet con los personajes y deleitarse con un Red, White & Blueberry Sundae. Para los m\u00e1s peque\u00f1os, hay eventos especiales y manualidades para celebrar el d\u00eda festivo y todo el parque estar\u00e1 decorado en rojo, blanco y azul. \u00a1El evento es una gran oportunidad para que las familias celebren el Cuatro de Julio en un ambiente animado que combina la magia de Legoland con la alegr\u00eda de este d\u00eda festivo![\/tab]\r\n\r\n[tab]\r\n<p>Brick-or-Treat en Legoland Florida es una celebraci\u00f3n anual de Halloween que trae toda la diversi\u00f3n escalofriante al parque de una forma familiar. Este evento, que se celebra durante todo el mes de octubre, es perfecto para los ni\u00f1os peque\u00f1os y las familias que buscan una forma no tan terror\u00edfica de disfrutar de la fiesta. El parque es transformado con decoraciones de Halloween, incluyendo calabazas LEGO, criaturas escalofriantes y colores de oto\u00f1o, creando un ambiente festivo e interactivo. Los visitantes pueden pasear por las distintas zonas tem\u00e1ticas del parque, descubrir golosinas especiales de Halloween y participar en actividades tem\u00e1ticas.<\/p>\r\n\r\n<p>Uno de los aspectos de Brick-or-Treat es la experiencia interactiva trick-or-treating, donde los ni\u00f1os pueden coleccionar golosinas en varias estaciones a lo largo del parque, todo ello mientras se encuentran con divertidos personajes disfrazados del mundo de LEGO. Tambi\u00e9n hay shows especiales de Halloween y entretenimiento, como la V.I.M. Dance Party presentada por Lord Vampyre, tambi\u00e9n como actividades de construcci\u00f3n LEGO donde los ni\u00f1os pueden construir sus propias creaciones escalofriantes. Con actividades seguras, divertidas y aptas para todas las edades, \u00a1Brick-or-Treat es un evento imprescindible para familias que buscan aprovechar al m\u00e1ximo el Halloween en Legoland Florida!<\/p>\r\n[\/tab]\r\n[\/tabs]\r\n[\/column]\r\n[clear]\r\n<h4 class=\"mts mbs\">\u00a1Juega todo el D\u00eda en el Parque Tem\u00e1tico de Peppa Pig Florida!<\/h4>\r\n<p>El Parque Tem\u00e1tico de Peppa Pig en Winter Haven, Florida, es un encantador pa\u00eds de las maravillas para ni\u00f1os peque\u00f1os y sus familias. \u00a1Es un lugar lleno de diversi\u00f3n, color y aventura! Abierto en 2022, es el primer parque de Peppa Pig en los Estados Unidos y ofrece una experiencia m\u00e1gica inspirada en el tan querido show de TV. Los m\u00e1s peque\u00f1os pueden disfrutar de juegos suaves como \"Peppa's Balloon Ride\" y \"George\u2019s Dinosaur Adventure,\" o chapotea en la zona acu\u00e1tica de juegos que est\u00e1 llena de fuentes y chorros de agua. El parque est\u00e1 repleto de atracciones interactivas donde los ni\u00f1os pueden conocer a Peppa y a sus amigos, tomarse fotos y crear recuerdos inolvidables. Con zonas de juego tem\u00e1ticas, juegos divertidos y entretenimiento en vivo, \u00a1el Parque Tem\u00e1tico de Peppa Pig es el destino perfecto para que las familias experimenten el mundo de Peppa de una manera divertida, segura y en un ambiente emocionante!<\/p>\r\n\r\n[blockquote type=\"center\"]\u00bfNo encuentras un paquete de vacaciones que se adapte a las necesidades de tu viaje? <br>Ll\u00e1manos al [phone_link][tel][\/phone_link] [\/blockquote]\r\n\r\n<h4 class=\"mts mbs\">Vacaciones en Westgate Town Center Resort<\/h4>\r\n\r\n<p>El incre\u00edble <a href=\"[home_url]resorts\/westgate-town-center\/\">Westgate Town Center Resort<\/a> en Kissimmee es el lugar definitivo para una escapada familiar, \u00a1ya que ofrece la mezcla perfecta de comodidad, diversi\u00f3n y conveniencia para disfrutar de Legoland Florida! Este espacioso resort est\u00e1 repleto de servicios fant\u00e1sticos, incluyendo numerosas piscinas, el Parque Acu\u00e1tico Treasure Cove, mini-golf y una variedad de restaurantes, para que todos puedan disfrutar luego de un emocionante d\u00eda en el parque. Ya sea que te est\u00e9s hospedando en una acogedora habitaci\u00f3n de hotel o una villa completamente equipada con cocina y sala de estar, <a href=\"https:\/\/www.westgateresorts.com\/\">Westgate Resorts<\/a> es la base ideal para tu aventura en Florida. Su proximidad a <a href=\"[home_url]vacations\/theme-park\/legoland-florida\/\">Legoland<\/a> hace que desplazarse sea muy f\u00e1cil, adem\u00e1s de ser un lugar excelente para explorar otras atracciones cercanas como Disney World y Universal Studios. Con tanto que ofrecer, \u00a1Westgate Town Center es una mezcla perfecta de relajaci\u00f3n y emoci\u00f3n para las familias que buscan aprovechar al m\u00e1ximo sus <a href=\"[home_url]orlando\/\">vacaciones en Orlando, Florida<\/a>!<\/p>\r\n\r\n[line]\r\n<h6 class=\"left mtn mbn\">LEGOLAND Florida y el Parque Tem\u00e1tico Peppa Pig: La Gu\u00eda Definitiva<\/h6><p class=\"right h6 mtn mbn\"> <a href=\"https:\/\/www.westgatereservations.com\/es\/blog\/legoland-florida-and-peppa-pig-theme-park-the-ultimate-guide\/\"> <br class=\"x-visible-phone\"> leer m\u00e1s &nbsp;<i class=\"fas fa-lg fa-chevron-circle-right\"><\/i><\/a><\/p>\r\n[clear]\r\n[line style=\"border: 1px solid #64b4e0;\"]\r\n\r\n\r\n[gap size=\"3em\" class=\"x-hidden-phone\"]\r\n[\/container]\r\n\r\n<wg-modal name=\"call-only\">\r\n    <div class=\"item-info-container\">\r\n        <div class=\"bg-light p-3 px-5 center-text\">\r\n            <h5 class=\"m-0\">Llama ahora para asegurar tu promoci\u00f3n<\/h5>\r\n            <h3 class=\"m-0\">[phone_link][tel][\/phone_link]<\/h3>\r\n        <\/div>\r\n        <div class=\"pt-3 d-flex justify-content-between\">\r\n            <span>2 Boletos de un d\u00eda para Legoland Florida &nbsp;&nbsp;&nbsp;<\/span>\r\n            <span>$248<\/span>\r\n        <\/div>\r\n        <div class=\"d-flex justify-content-between\">\r\n            <span>Descuento<\/span>\r\n            <b class=\"green\">$209<\/b>\r\n        <\/div>\r\n        <hr>\r\n        <div class=\"d-flex justify-content-between fw-bold h5 m-0\">\r\n          <b>Pagas<\/b>\r\n          <b>$39<\/b>\r\n        <\/div>\r\n<div class=\"bg-light p-3 mt-3\">\r\n    <p class=\"m-0\"><b>Reserva ahora mismo por tel\u00e9fono. <br\/>\u00a1Asegura la promoci\u00f3n sin necesidad de fechas!<\/b><\/p>\r\n<\/div>\r\n    <\/div>\r\n<\/wg-modal>\r\n","protected":false},"excerpt":{"rendered":"<p>[custom_headline type=\"center\" level=\"h5\" looks_like=\"h5\" class=\"my-3\" accent=\"true\"]COMPRA[\/custom_headline] 1 Boleto de LEGOLAND\u00ae [custom_headline type=\"center\" level=\"h5\" looks_like=\"h5\" class=\"my-3\" accent=\"true\"]Obt\u00e9n[\/custom_headline] 1 Boleto GRATIS Comprar Boletos \u00a1La Oferta Termina Pronto! [timer] [container] Legoland Florida Paga ... <\/p>\n<div><a href=\"https:\/\/www.westgatereservations.com\/es\/tickets\/legoland-florida-tickets\/\" class=\"more-link\">Leer M\u00e1s<\/a><\/div>\n","protected":false},"author":137,"featured_media":15520,"parent":24269,"menu_order":0,"comment_status":"closed","ping_status":"closed","template":"template-blank-4.php","meta":{"footnotes":""},"_links":{"self":[{"href":"https:\/\/www.westgatereservations.com\/es\/wp-json\/wp\/v2\/pages\/27170"}],"collection":[{"href":"https:\/\/www.westgatereservations.com\/es\/wp-json\/wp\/v2\/pages"}],"about":[{"href":"https:\/\/www.westgatereservations.com\/es\/wp-json\/wp\/v2\/types\/page"}],"author":[{"embeddable":true,"href":"https:\/\/www.westgatereservations.com\/es\/wp-json\/wp\/v2\/users\/137"}],"replies":[{"embeddable":true,"href":"https:\/\/www.westgatereservations.com\/es\/wp-json\/wp\/v2\/comments?post=27170"}],"version-history":[{"count":0,"href":"https:\/\/www.westgatereservations.com\/es\/wp-json\/wp\/v2\/pages\/27170\/revisions"}],"up":[{"embeddable":true,"href":"https:\/\/www.westgatereservations.com\/es\/wp-json\/wp\/v2\/pages\/24269"}],"wp:featuredmedia":[{"embeddable":true,"href":"https:\/\/www.westgatereservations.com\/es\/wp-json\/wp\/v2\/media\/15520"}],"wp:attachment":[{"href":"https:\/\/www.westgatereservations.com\/es\/wp-json\/wp\/v2\/media?parent=27170"}],"curies":[{"name":"wp","href":"https:\/\/api.w.org\/{rel}","templated":true}]}}