{"id":27118,"date":"2025-01-28T10:45:45","date_gmt":"2025-01-28T15:45:45","guid":{"rendered":"https:\/\/www.westgatereservations.com\/?page_id=27118"},"modified":"2025-04-15T16:47:53","modified_gmt":"2025-04-15T20:47:53","slug":"myrtle-beach","status":"publish","type":"page","link":"https:\/\/www.westgatereservations.com\/es\/myrtle-beach\/","title":{"rendered":"Myrtle Beach Vacations"},"content":{"rendered":"<div class=\"py-2 py-md-5 background-cover\" style=\"background-image:url('https:\/\/westgatecdn.com\/2025\/01\/banner-full-myrtle-beach-1.jpg');\">\r\n    <div class=\"x-container max width my-5\">\r\n        <div class=\"row\">\r\n            <div class=\"col-12 col-sm-11 col-md-10 mx-auto\">\r\n                <h1 class=\"h2 m-0 pb-3 pb-md-3 white center-text dshadow\">Vacaciones en Myrtle Beach<\/h1>\r\n                <div class=\"p-3 pb-md-4 px-md-5\" style=\"background-color: rgba(255, 255, 255, .9); border-radius: 10px;\">\r\n                    <div class=\"center-text\">\r\n                          <p class=\"h5 m-0 dark-blue center-text\">\u00a1desde: $99<\/p>\r\n                          <b class=\"h6 m-0 p-0 dark-blue center-text\">por estad\u00eda!<\/b>\r\n                    <\/div>\r\n                    [search-availability layout=\"horizontal\" destination=\"Myrtle Beach\" hide_title=\"true\" class=\"no-bg dark-label p-0\"]\r\n                <\/div>\r\n                <div class=\"row\">\r\n                <div class=\"col-12 col-md-8 mx-auto\">\r\n                    <div class=\"mt-4 mt-md-0\">\r\n                    <div class=\"p-1 mt-md-n3\" style=\"border-radius: 10px; background-color: rgba(255, 255, 255, 1);\">\r\n                        <!-- call text chat-->\r\n                        <div class=\"row py-3 px-2 px-md-1 highlights d-flex justify-content-between\">\r\n                            <div class=\"col-6 col-lg-4 d-flex justify-content-center\">\r\n                                <div class=\"icon-item pl-5\">\r\n                                    <a href=\"tel:[tel]\" class=\"inheritcolor\">\r\n                                        <i class=\"fas fa-headset fa-2x\"><\/i>\r\n                                        <strong>Llama Hoy<\/strong><br\/>\r\n                                        <span><a href=\"tel:[tel]\">[phone]<\/a><\/span>\r\n                                    <\/a>\r\n                                <\/div>\r\n                            <\/div>\r\n                            <div class=\"col-6 col-lg-4 d-flex justify-content-center\">\r\n                                <div class=\"icon-item pl-5\">\r\n                                    <i class=\"fa-solid fa-mobile-screen-button fa-2x\"><\/i>\r\n                                    <b>Env\u00eda VACATION al:<\/b><br\/>\r\n                                    <a href=\"sms:+18777161160\" style=\"color:;\" cm_dontconvertlink> 1-877-716-1160<\/a>\r\n                                <\/div>\r\n                            <\/div>\r\n                            <div class=\"col-6 col-lg-4 d-flex justify-content-center d-none d-lg-block\">\r\n                                <div class=\"icon-item pl-5\">\r\n                                    <a href=\"#\"; onclick=\"SnapEngage.startLink();\" class=\"inheritcolor\">\r\n                                        <i class=\"far fa-comments fa-2x\"><\/i>\r\n                                        <strong>Chat en Vivo<\/strong><br\/>\r\n                                        <span>Chatea con un agente<\/span>\r\n                                    <\/a>\r\n                                <\/div>\r\n                            <\/div>\r\n                        <\/div>\r\n                        <!-- \/call text chat-->\r\n                    <\/div>\r\n                    <\/div>\r\n                <\/div>\r\n                <\/div>\r\n            <\/div>\r\n        <\/div>\r\n    <\/div>\r\n<\/div>\r\n<!----->\r\n\r\n<div class=\"x-container max width\">\r\n    <div class=\"px-0 px-md-5\">\r\n        <h2 id=\"specials\" class=\"h3 mb-3\">\u00a1Ahorra en Grande con los Paquetes de Vacaciones de Myrtle Beach!<\/h2>\r\n        [specials ids=\"5654\"]\r\n        <p class=\"mt-4\">\u00bfBuscas la escapada costera definitiva sin romper tu bolsillo? Nuestros paquetes de vacaciones en Myrtle Beach est\u00e1n dise\u00f1ados para ofrecerte la mejor relaci\u00f3n calidad-precio y experiencias inolvidables. Combinando alojamiento y actividades, disfrutar\u00e1s de descuentos y ventajas exclusivas que har\u00e1n que las vacaciones de tus sue\u00f1os sean m\u00e1s econ\u00f3micas que nunca.\r\n\r\n<br\/><br\/>\r\n\r\nNuestros paquetes incluyen acceso a impresionantes resorts que est\u00e1n frente al mar, campos de golf de campeonato, atracciones para toda la familia y entretenimiento de primera categor\u00eda. Tanto si est\u00e1s planeando una escapada rom\u00e1ntica, un viaje familiar o una aventura en grupo, nuestros paquetes seleccionados te ofrecen todo lo que necesitas para aprovechar al m\u00e1ximo tu estad\u00eda en Myrtle Beach.\r\n\r\n<br\/><br\/>\r\n\r\n\u00bfPor qu\u00e9 pagar m\u00e1s si puedes ahorrar? Reserva hoy mismo uno de nuestros paquetes de vacaciones en Myrtle Beach y disfruta de ofertas insuperables, recuerdos inolvidables y la mejor relaci\u00f3n calidad-precio. \u00a1Es hora de experimentar todo lo que este para\u00edso costero tiene para ofrecer sin comprometer tu presupuesto!\r\n\r\n<\/p>\r\n    <\/div>\r\n    [gap size=\"2em\"]\r\n<\/div>\r\n\r\n<div class=\"x-container max width mb-5\">\r\n    <div class=\"px-0 px-md-5\">\r\n        <h2 class=\"h3 mbs x-hidden-phone\">Disfruta las Mejores Vacaciones de Myrtle Beach<\/h2>\r\n\r\n        <div class=\"x-column x-sm x-1-4\"><!-- table of contents -->\r\n            <!-- subscribe-->\r\n            <div class=\"email-sidebar mbl\">[subscribe headline=\"S\u00fascribete y obt\u00e9n ofertas especiales y ahorros\" show_name=\"true\" class=\"pan man\" confirm_content=\"\r\n            <div class=\"pam\" style=\"background: #a3d2b4; color: #fff;\">\r\n            <h6 class=\"mts\">Thanks for signing up!\r\n            Be sure to check your email for more savings!<\/h6>\r\n            <\/div>\r\n            \"]\r\n\r\n            <\/div>\r\n            <!-- \/subscribe-->\r\n        <\/div>\r\n        <div class=\"x-column x-sm x-3-4 last\">\r\n            <img decoding=\"async\" class=\"mbm\" style=\"width: 100%;\" src=\"https:\/\/westgatecdn.com\/2025\/04\/Westgate-Myrtle-Beach-Imagery.jpg\" alt=\"Myrtle Beach Vacations\" \/>\r\n            <h2 class=\"h3 mbs x-hidden-phone\">\u00a1Descubre la Magia de unas Vacaciones de Myrtle Beach!<\/h2>\r\n            <div class=\"read-more\" ng-class=\"{expand: show}\">\r\n                <p>\r\n                \u00a1No hay nada como unas vacaciones en Myrtle Beach! Aunque las impresionantes playas siguen siendo una de sus mayores atracciones, encontrar\u00e1s muchas alternativas para divertirte, como campos de golf de campeonato, emocionantes deportes acu\u00e1ticos, vida nocturna animada, atracciones para toda la familia y espect\u00e1culos de categor\u00eda mundial. Myrtle Beach tambi\u00e9n cuenta con encantadoras tiendas costeras, restaurantes de marisco fresco e impresionante belleza natural, lo que la convierte en el lugar para una escapada perfecta para viajeros de todo tipo.\r\n                <br\/><br\/>\r\n\r\nTanto si buscas una escapada rom\u00e1ntica, una aventura familiar o un fin de semana de puro relax, Myrtle Beach tiene algo para todos los gustos. Un simple paseo por el emblem\u00e1tico paseo mar\u00edtimo de Myrtle Beach es una gran experiencia en s\u00ed misma. Explora la SkyWheel para disfrutar de vistas panor\u00e1micas del oc\u00e9ano, disfruta de actuaciones en directo en el Carolina Opry o el Alabama Theatre, o visita Broadway at the Beach para cenar, ir de compras y disfrutar de un entretenimiento inolvidable. Desde minigolf y parques de atracciones hasta tranquilas reservas naturales y millas de arena dorada, Myrtle Beach es un para\u00edso a la espera de ser explorado.\r\n\r\n                <br\/><br\/>\r\n                <b>Haz que tu estad\u00eda sea a\u00fan m\u00e1s especial en <a target=\"_blank\" href=\"https:\/\/www.westgatereservations.com\/es\/resorts\/westgate-myrtle-beach\/\" rel=\"noopener\">Westgate Myrtle Beach Oceanfront Resort<\/a>, donde el lujo y la comodidad se encuentran con la belleza costera.<\/b>\r\n                <br\/><br\/>\r\n                Planea las vacaciones en Myrtle Beach de tus sue\u00f1os hoy, \u00a1donde los recuerdos que crees durar\u00e1n para siempre!\r\n                <\/p>\r\n            <div ng-if=\"!show\" class=\"fade-bottom\"><\/div>\r\n            <\/div>\r\n            <button class=\"x-visible-phone read-m\" ng-init=\"show = false\" ng-hide=\"show\" ng-click=\"show = !show\">Read More<\/button>\r\n        <\/div>\r\n    <\/div>\r\n<\/div>\r\n\r\n\r\n\r\n\r\n\r\n\r\n\r\n\r\n\r\n","protected":false},"excerpt":{"rendered":"<p>Vacaciones en Myrtle Beach \u00a1desde: $99 por estad\u00eda! [search-availability layout=\"horizontal\" destination=\"Myrtle Beach\" hide_title=\"true\" class=\"no-bg dark-label p-0\"] Llama Hoy [phone] Env\u00eda VACATION al: 1-877-716-1160 Chat en Vivo Chatea con un agente ... <\/p>\n<div><a href=\"https:\/\/www.westgatereservations.com\/es\/myrtle-beach\/\" class=\"more-link\">Leer M\u00e1s<\/a><\/div>\n","protected":false},"author":2,"featured_media":0,"parent":0,"menu_order":0,"comment_status":"closed","ping_status":"closed","template":"template-blank-4.php","meta":{"footnotes":""},"_links":{"self":[{"href":"https:\/\/www.westgatereservations.com\/es\/wp-json\/wp\/v2\/pages\/27118"}],"collection":[{"href":"https:\/\/www.westgatereservations.com\/es\/wp-json\/wp\/v2\/pages"}],"about":[{"href":"https:\/\/www.westgatereservations.com\/es\/wp-json\/wp\/v2\/types\/page"}],"author":[{"embeddable":true,"href":"https:\/\/www.westgatereservations.com\/es\/wp-json\/wp\/v2\/users\/2"}],"replies":[{"embeddable":true,"href":"https:\/\/www.westgatereservations.com\/es\/wp-json\/wp\/v2\/comments?post=27118"}],"version-history":[{"count":0,"href":"https:\/\/www.westgatereservations.com\/es\/wp-json\/wp\/v2\/pages\/27118\/revisions"}],"wp:attachment":[{"href":"https:\/\/www.westgatereservations.com\/es\/wp-json\/wp\/v2\/media?parent=27118"}],"curies":[{"name":"wp","href":"https:\/\/api.w.org\/{rel}","templated":true}]}}