{"id":26997,"date":"2024-12-10T10:23:47","date_gmt":"2024-12-10T15:23:47","guid":{"rendered":"https:\/\/www.westgatereservations.com\/vacation-deals\/winter\/"},"modified":"2024-12-13T09:25:11","modified_gmt":"2024-12-13T14:25:11","slug":"winter","status":"publish","type":"page","link":"https:\/\/www.westgatereservations.com\/es\/vacation-deals\/winter\/","title":{"rendered":"Winter Vacation Deals"},"content":{"rendered":"<div class=\"fw-absolute ptm\">\r\n<div class=\"fw-container\">\r\n    <img class=\"banner\" ng-cloak ng-src=\"{{app.data.is_mobile && 'https:\/\/westgatecdn.com\/2024\/12\/Winter-Deals.jpg' || 'https:\/\/westgatecdn.com\/2024\/12\/Winter-Deals.jpg'}}\" alt=\"Winter Vacation Deals\">\r\n<\/div>\r\n    <div class=\"x-container max width dshadow x-hidden-phone\" style=\"position: relative;\">\r\n        <h1 class=\"man ptm white center-text\">Ofertas de Vacaciones de Invierno\r\n<\/h1>\r\n        <div class=\"h5 man ptm white center-text\">\u00a1Encuentra tu Aventura de Inverno Favorita!\r\n<\/div>\r\n        <div class=\"center-text white mbl mts\">\r\n        <span>DESDE: <\/span><span class=\"h1 white\">$99<\/span> \/PAQUETE<\/span>\r\n        <\/div>\r\n    <\/div>\r\n    [gap size=\"1em\" class=\"x-hidden-phone\"]\r\n    <div class=\"x-container max width search-ow-resort availability-search\">\r\n        <div class=\"x-visible-phone\">\r\n            <h1 class=\"dshadow man pts white center-text\">Ofertas de Vacaciones de Invierno\r\n<\/h1>\r\n            <div class=\"dshadow h5 man pts white center-text\">\u00a1Encuentra tu Aventura de Invierno Favorita!\r\n<\/div>\r\n            <div class=\"availability-horizontal center-text\">\r\n                <span class=\"no-break\"><span class=\"white\">DESDE: <\/span><span class=\"price white\"><b>$99<\/b><\/span> <span class=\"white\">\/PAQUETE<\/span><\/span>\r\n            <\/div>\r\n        <\/div>\r\n        <div class=\"x-content-band marginless-columns mbn ptn pbn\">\r\n            <div class=\"x-container\">\r\n                [gap size=\"1em\"]\r\n            [search-availability layout=\"horizontal\" hide_title=\"true\" class=\"no-bg pan\"]\r\n                [gap size=\"1em\" class=\"x-hidden-phone\"]\r\n            <\/div>\r\n        <\/div>\r\n    <\/div>\r\n    [gap size=\"1em\" class=\"x-visible-phone\"]\r\n<\/div>\r\n\r\n<div class=\"center-text x-breadcrumb-wrap x-visible-phone\">\r\n [subscribe modal=\"true\" trigger=\"link\" show_name=\"true\" trigger_content=\"<i class=\"fas fa-envelope \" aria-hidden=\"true\"><\/i>Sign up for the <b>latest<\/b> deal alerts\"]\r\n<\/div>\r\n<div class=\"x-container max width mtl\">\r\n    [gap size=\"1em\"]\r\n    <div class=\"x-column x-sm x-1-4\">\r\n        <div class=\"email-sidebar mbl x-hidden-phone\">\r\n            [subscribe headline=\"Sign up for special offers and coupon codes\" show_name=\"true\" class=\"pan man\" confirm_content=\"<div class='pam' style='background:#a3d2b4; color:#fff;'><h6 class='mts'>Thanks for signing up! <br\/> Be sure to check your email for more savings!<\/h6> <\/div>\"]\r\n        <\/div>\r\n        [content-block name=\"call-hours\"]\r\n    <\/div>\r\n    <div class=\"x-column x-sm x-3-4 last\">\r\n\r\n<!-- Intro -->\r\n    <h2 class=\"h3 mtn mbs stack-center-m\">Ofertas y Paquetes de Vacaciones de Invierno<\/h2>\r\n    <div class=\"row\">\r\n        <div class=\"col col-12 col-md-4 mb-3\">\r\n            <wf-scroll hash=\"orl\" class=\"x-btn x-btn-block btn-gray x-btn-transparent\">Vacaciones en Orlando<\/wf-scroll>\r\n        <\/div>\r\n        <div class=\"col col-12 col-md-4 mb-3\">\r\n            <wf-scroll hash=\"gat\" class=\"x-btn x-btn-block btn-gray x-btn-transparent\">Vacaciones en Gatlinburg<\/wf-scroll>\r\n        <\/div>\r\n        <div class=\"col col-12 col-md-4 mb-3\">\r\n            <wf-scroll hash=\"bran\" class=\"x-btn x-btn-block btn-gray x-btn-transparent\">Vacaciones en Branson<\/wf-scroll>\r\n        <\/div>\r\n        [clear] \r\n       <div class=\"col col-12 col-md-4 mb-3\">\r\n            <wf-scroll hash=\"lv\" class=\"x-btn x-btn-block btn-gray x-btn-transparent\">Vacaciones en Las Vegas<\/wf-scroll>\r\n        <\/div>\r\n            <div class=\"col col-12 col-md-4\">\r\n                <wf-scroll hash=\"will\" class=\"x-btn x-btn-block btn-gray x-btn-transparent\">Vacaciones en Williamsburg<\/wf-scroll>\r\n            <\/div>\r\n            <div class=\"col col-12 col-md-4\">\r\n                <wf-scroll hash=\"myrtle\" class=\"x-btn x-btn-block btn-gray x-btn-transparent\">Vacaciones en Myrtle Beach<\/wf-scroll>\r\n            <\/div>\r\n        <\/div>\r\n\r\n        <p class=\"mtm\">Los meses de invierno ofrecen un momento ideal para explorar nuevos destinos y conseguir ofertas. Ya sea que te sientas atra\u00eddo por tradiciones acogedoras o eventos \u00fanicos de temporada, tenemos los paquetes de invierno en resort para calentar tu esp\u00edritu. Aprovecha las ofertas de viajes de invierno y las festividades emocionantes en Disney World, Universal Orlando y otros parques tem\u00e1ticos en Florida Central. Explora el encanto de un invierno colonial en Williamsburg, Virginia. Disfruta de un retiro tranquilo en las monta\u00f1as en las Great Smoky Mountains de Tennessee. Experimenta un show festivo en Branson, Missouri, o refr\u00e9scate con un escape costero a Cocoa Beach, Florida, lejos del fr\u00edo. O, \u00a1reserva ahora y planea tus vacaciones con hasta 6 meses de antelaci\u00f3n para evitar el fr\u00edo invernal!<\/p>\r\n[line]\r\n<!--\/-->\r\n\r\n    <h2 class=\"h3 mtl mbs stack-center-m\">La Principal Oferta de Vacaciones:<\/h3>\r\n    [specials ids=\"9189\" show_hidden=\"true\"] \r\n[line]\r\n\r\n<!-- Orlando destination -->\r\n<div id=\"orl\"><\/div>\r\n    <h2 class=\"h3 mtl mbs stack-center-m\">Ofertas de Vacaciones de Invierno en Orlando:<\/h3>\r\n        <p>Los parques tem\u00e1ticos ic\u00f3nicos de Orlando siguen llenos de magia, ofreciendo una variedad de eventos de temporada y celebraciones. Lo mejor de todo es que puedes disfrutar de las suaves y placenteras temperaturas de Florida Central, lo que la hace un destino perfecto para escaparse del fr\u00edo.\r\n<\/p>\r\n<div class=\"horiz-scrolling-wrapper\">\r\n    [specials ids=\"20706\" show_hidden=\"true\"] \r\n<\/div>\r\n<!--\/-->\r\n[line]\r\n\r\n<div id=\"gat\"><\/div>\r\n    <h3 class=\"h3 mtl mbm stack-center-m\" >Ofertas de Vacaciones de Invierno en Gatlinburg:<\/h3>\r\n        <p>Gatlinburg adquiere un ambiente fresco y \u00fanico con la llegada del a\u00f1o nuevo. Con las multitudes del verano march\u00e1ndose y los colores llamativos de la temporada desvaneci\u00e9ndose, la ciudad se transforma en un pintoresco pueblo invernal, ofreciendo un encanto agradable y sereno. Las laderas de las monta\u00f1as est\u00e1n cubiertas de nieve y la ciudad ofrece una belleza tranquila y encantadora.<\/p>\r\n<div class=\"horiz-scrolling-wrapper\">\r\n    [specials ids=\"11431\" show_hidden=\"true\"] \r\n<\/div>\r\n<!--\/-->\r\n[line]\r\n\r\n<!-- Branson destination -->\r\n<div id=\"bran\"><\/div>\r\n    <h3 class=\"h3 mtl mbm stack-center-m\">Ofertas de Vacaciones de Invierno en Branson:<\/h3>\r\n        <p>Durante la temporada de invierno, Branson a\u00fan rebosa de energ\u00eda. Las presentaciones festivas y las actividades de invierno contin\u00faan, trayendo alegr\u00eda y emoci\u00f3n a los visitantes de todas las edades. \u00a1El ambiente animado y los shows festivos la hacen un gran destino para la diversi\u00f3n familiar!<\/p>\r\n<div class=\"horiz-scrolling-wrapper\">\r\n    [specials ids=\"5644\" show_hidden=\"true\"] \r\n<\/div>\r\n<!--\/-->\r\n[line]\r\n<!-- Las Vegas destination -->\r\n<div id=\"lv\"><\/div>\r\n    <h3 class=\"h3 mtl mbm stack-center-m\">Ofertas de Vacaciones de Invierno en Las Vegas:<\/h3>\r\n        <p>Las Vegas en los meses de invierno ofrece un toque \u00fanico y emocionante respecto a la habitual energ\u00eda vibrante de la ciudad. Con temperaturas m\u00e1s frescas y menos multitudes, \u00a1es el momento perfecto para experimentar todo el entretenimiento, comida y vida nocturna sin la prisa del verano!\r\n<\/p>\r\n<div class=\"horiz-scrolling-wrapper\">\r\n    [specials ids=\"22581\" show_hidden=\"true\"] \r\n<\/div>\r\n<!--\/-->\r\n<!-- Williamsburg destination -->\r\n<div id=\"will\"><\/div>\r\n    <h2 class=\"h3 mtl mbs stack-center-m\">Ofertas de Vacaciones de Invierno en Williamsburg:<\/h3>\r\n        <p>El invierno en Williamsburg, Virginia, es verdaderamente un momento encantador para ir, ofreciendo una mezcla de encanto hist\u00f3rico, esp\u00edritu festivo y experiencias acogedoras. Los visitantes pueden disfrutar de c\u00e1lidas y sustanciosas comidas en tabernas encantadoras y comodidades agradables, lo que lo hace el momento perfecto para relajarse y sumergirse en la belleza del invierno.<\/p>\r\n<div class=\"horiz-scrolling-wrapper\">\r\n    [specials ids=\"5666\" show_hidden=\"true\"] \r\n<\/div>\r\n<!--\/-->\r\n[line]\r\n<!-- Myrtle Beach destination -->\r\n<div id=\"myrtle\"><\/div>\r\n    <h2 class=\"h3 mtl mbs stack-center-m\">Ofertas de Vacaciones de Invierno en Myrtle Beach:<\/h3>\r\n        <p>Al ser una de las playas m\u00e1s populares de Estados Unidos, Myrtle Beach puede llenarse de multitud durante la \u00e9poca alta de verano. Pero encontrar\u00e1s mucha emoci\u00f3n y actividades a lo largo del a\u00f1o, incluyendo la temporada de invierno. Disfruta de la m\u00fasica en vivo y los shows, haz tus compras en destinos llenos de entretenimiento como Broadway at the Beach, o solo da un paseo largo por la tranquila playa.<\/p>\r\n    [specials ids=\"5654\" show_hidden=\"true\"] \r\n<!--\/-->\r\n[line]\r\n<\/div>\r\n\r\n    <\/div>\r\n    [clear]\r\n    [gap size=\"2em\"]\r\n<\/div>\r\n<!----->\r\n<div style=\"background: #efefef;\">\r\n    <div class=\"x-container max width ptl pbl center-text\">\r\n<h3>Comienza a Planear tus Vacaciones de Invierno<\/h3>\r\n<p>\u00a1Consulta nuestros \u00faltimos blogs y ve los mejores lugares para ir de vacaciones durante la temporada de invierno!<\/p>\r\n[recent_posts count=\"3\" orientation=\"horizontal\" category=\"Christmas\"]\r\n\r\n[gap size=\"2em\"]\r\n      \r\n    <\/div>\r\n<\/div>\r\n<!-- call banner-->\r\n<div style=\"background: #232c35;\">\r\n    <div class=\"x-container max width\">\r\n        [gap size=\"1em\"]\r\n        <div class=\"x-column x-sm x-2-3 white stack-center-m pas\">\r\n            <h5 class=\"font-lighter white man\">Reserva Tus Vacaciones de Invierno Hoy<\/h5>\r\n            <p>\u00a1Llama ahora para conseguir los \u00faltimos descuentos en tu elecci\u00f3n de paquetes de vacaciones de invierno!<\/p>\r\n        <\/div>\r\n        <div class=\"x-column x-sm x-1-3 pam last\">\r\n            [phone_link class=\"x-btn x-btn-block btn-orange\"]Llama al [tel][\/phone_link]\r\n            [gap size=\"1em\" class=\"x-visible-phone\"]\r\n        <\/div>\r\n    <\/div>\r\n<\/div>\r\n<!--\/call banner-->\r\n<!-- Recommended Vacation Destinations -->\r\n[container]\r\n<div class=\"x-container max width\">\r\n    [gap size=\"3em\"]\r\n[line]\r\n<div style=\"background: #efefef; padding: 10px 20px 10px 20px;\">\r\n<h5 class=\"mbs mtn h4\">Promociones Populares de Vacaciones para Ti:<\/h5>\r\n                <div class=\"x-column x-sm x-1-4\">\r\n<h6 class=\"mbs mtn\"><i class=\"far fa-compass\"><\/i> Destinos Cerca de Ti<\/h6>\r\n<ul style=\"list-style-type:none;\" >\r\n<li><a href=\"https:\/\/www.westgatereservations.com\/es\/vacation-deals\/myrtle-beach\/\" class=\"inheritcolor\"><i class=\"fas fa-angle-right\"><\/i> Ofertas de Vacaciones en Myrtle Beach<\/a><\/li>\r\n<li><a href=\"https:\/\/www.westgatereservations.com\/es\/vacation-deals\/vegas\/\" class=\"inheritcolor\"><i class=\"fas fa-angle-right\"><\/i> Ofertas de Vacaciones en Las Vegas<\/a><\/li>\r\n<li><a href=\"https:\/\/www.westgatereservations.com\/es\/vacation-deals\/orlando\/\" class=\"inheritcolor\"><i class=\"fas fa-angle-right\"><\/i> Ofertas de Vacaciones en Orlando<\/a><\/li>\r\n<li><a href=\"https:\/\/www.westgatereservations.com\/es\/vacation-deals\/florida\/\" class=\"inheritcolor\"><i class=\"fas fa-angle-right\"><\/i> Ofertas de Vacaciones en Florida<\/a><\/li>\r\n<li><a href=\"https:\/\/www.westgatereservations.com\/es\/vacation-deals\/gatlinburg\/\" class=\"inheritcolor\"><i class=\"fas fa-angle-right\"><\/i> Ofertas de Vacaciones en Gatlinburg<\/a><\/li>\r\n<li><a href=\"https:\/\/www.westgatereservations.com\/es\/vacation-deals\/usa\/\" class=\"inheritcolor\"><i class=\"fas fa-angle-right\"><\/i> Ofertas de Vacaciones en EE.UU.<\/a><\/li>\r\n<\/ul>\r\n        <\/div>\r\n        <div class=\"x-column x-sm x-1-4\">\r\n<h6 class=\"mbs mtn\"><i class=\"fas fa-chart-line\"><\/i> Consulta Qu\u00e9 Est\u00e1 en Tendencia<\/h6>\r\n<ul style=\"list-style-type:none;\">\r\n<li><a href=\"https:\/\/www.westgatereservations.com\/es\/vacation-deals\/beach\/\" class=\"inheritcolor\"><i class=\"fas fa-angle-right\"><\/i> Ofertas de Vacaciones en la Playa<\/a><\/li>\r\n<li><a href=\"https:\/\/www.westgatereservations.com\/es\/vacation-deals\/couples\/\" class=\"inheritcolor\"><i class=\"fas fa-angle-right\"><\/i> Ofertas de Vacaciones para Parejas<\/a><\/li>\r\n<li><a href=\"https:\/\/www.westgatereservations.com\/es\/vacation-deals\/family\/\" class=\"inheritcolor\"><i class=\"fas fa-angle-right\"><\/i> Ofertas de Vacaciones en Familia<\/a><\/li>\r\n<li><a href=\"https:\/\/www.westgatereservations.com\/es\/vacation-deals\/summer\/\" class=\"inheritcolor\"><i class=\"fas fa-angle-right\"><\/i> Ofertas de Vacaciones de Verano<\/a><\/li>\r\n<li><a href=\"https:\/\/www.westgatereservations.com\/es\/vacation-deals\/spring\/\" class=\"inheritcolor\"><i class=\"fas fa-angle-right\"><\/i> Ofertas de Vacaciones de Primavera<\/a><\/li>\r\n<li><a href=\"https:\/\/www.westgatereservations.com\/es\/vacation-deals\/fall\/\" class=\"inheritcolor\"><i class=\"fas fa-angle-right\"><\/i> Ofertas de Vacaciones de Oto\u00f1o<\/a><\/li>\r\n<\/ul>\r\n        <\/div>\r\n        <div class=\"x-column x-sm x-1-4\">\r\n<h6 class=\"mbs mtn\"><i class=\"fas fa-dollar-sign\"><\/i> Obt\u00e9n las \u00daltimas Ofertas<\/h6>\r\n<ul style=\"list-style-type:none;\">\r\n<li><a href=\"https:\/\/www.westgatereservations.com\/es\/vacation-deals\/best\/\" class=\"inheritcolor\"><i class=\"fas fa-angle-right\"><\/i> las Mejores Ofertas de Vacaciones<\/a><\/li>\r\n<li><a href=\"https:\/\/www.westgatereservations.com\/es\/vacation-deals\/cheap\/\" class=\"inheritcolor\"><i class=\"fas fa-angle-right\"><\/i> Ofertas Vacacionales Econ\u00f3micas<\/a><\/li>\r\n<li><a href=\"https:\/\/www.westgatereservations.com\/es\/vacation-deals\/timeshare\/\" class=\"inheritcolor\"><i class=\"fas fa-angle-right\"><\/i> Ofertas de Vacaciones en Tiempos Compartidos<\/a><\/li>\r\n<li><a href=\"https:\/\/www.westgatereservations.com\/es\/vacation-deals\/weekend\/\" class=\"inheritcolor\"><i class=\"fas fa-angle-right\"><\/i> Ofertas de Vacaciones de Fin de Semana<\/a><\/li>\r\n<li><a href=\"https:\/\/www.westgatereservations.com\/es\/vacation-deals\/last-minute\/\" class=\"inheritcolor\"><i class=\"fas fa-angle-right\"><\/i> Ofertas de Vacaciones de \u00daltima Hora<\/a><\/li>\r\n<li><a href=\"https:\/\/www.westgatereservations.com\/es\/vacation-deals\/hot\/\" class=\"inheritcolor\"><i class=\"fas fa-angle-right\"><\/i> Grandes Ofertas de Vacaciones<\/a><\/li>\r\n<\/ul>\r\n        <\/div>\r\n\r\n        <div class=\"x-column x-sm x-1-4 last\">\r\n<h6 class=\"mbs mtn\"><i class=\"fas fa-clipboard-list\"><\/i> Planea tu Viaje<\/h6>\r\n<ul style=\"list-style-type:none;\">\r\n<li><a href=\"https:\/\/www.westgatereservations.com\/es\/vacation-deals\/june\/\" class=\"inheritcolor\"><i class=\"fas fa-angle-right\"><\/i> Ofertas de Vacaciones en el Mes de Junio<\/a><\/li>\r\n<li><a href=\"https:\/\/www.westgatereservations.com\/es\/vacation-deals\/july\/\" class=\"inheritcolor\"><i class=\"fas fa-angle-right\"><\/i> Ofertas de Vacaciones en el Mes de Julio<\/a><\/li>\r\n<li><a href=\"https:\/\/www.westgatereservations.com\/es\/vacation-deals\/october\/\" class=\"inheritcolor\"><i class=\"fas fa-angle-right\"><\/i> Ofertas de Vacaciones en Octubre<\/a><\/li>\r\n<li><a href=\"https:\/\/www.westgatereservations.com\/es\/vacation-deals\/september\/\" class=\"inheritcolor\"><i class=\"fas fa-angle-right\"><\/i> Ofertas de Vacaciones en Septiembre<\/a><\/li>\r\n<\/ul>\r\n         <\/div>\r\n         [clear]\r\n         <div style=\"text-align: center;\" class=\"mtm\">\r\n         <a href=\"https:\/\/www.westgatereservations.com\/es\/vacation-deals\/\">CONSULTA TODAS LAS OFERTAS DE VACACIONES<\/a>\r\n        <\/div>\r\n<\/div>\r\n[line]\r\n<\/div>\r\n    [gap size=\"3em\"]\r\n[\/container]","protected":false},"excerpt":{"rendered":"<p>Ofertas de Vacaciones de Invierno \u00a1Encuentra tu Aventura de Inverno Favorita! DESDE: $99 \/PAQUETE [gap size=\"1em\" class=\"x-hidden-phone\"] Ofertas de Vacaciones de Invierno \u00a1Encuentra tu Aventura de Invierno Favorita! DESDE: $99 ... <\/p>\n<div><a href=\"https:\/\/www.westgatereservations.com\/es\/vacation-deals\/winter\/\" class=\"more-link\">Leer M\u00e1s<\/a><\/div>\n","protected":false},"author":2,"featured_media":0,"parent":16484,"menu_order":0,"comment_status":"closed","ping_status":"closed","template":"template-blank-4.php","meta":{"footnotes":""},"_links":{"self":[{"href":"https:\/\/www.westgatereservations.com\/es\/wp-json\/wp\/v2\/pages\/26997"}],"collection":[{"href":"https:\/\/www.westgatereservations.com\/es\/wp-json\/wp\/v2\/pages"}],"about":[{"href":"https:\/\/www.westgatereservations.com\/es\/wp-json\/wp\/v2\/types\/page"}],"author":[{"embeddable":true,"href":"https:\/\/www.westgatereservations.com\/es\/wp-json\/wp\/v2\/users\/2"}],"replies":[{"embeddable":true,"href":"https:\/\/www.westgatereservations.com\/es\/wp-json\/wp\/v2\/comments?post=26997"}],"version-history":[{"count":0,"href":"https:\/\/www.westgatereservations.com\/es\/wp-json\/wp\/v2\/pages\/26997\/revisions"}],"up":[{"embeddable":true,"href":"https:\/\/www.westgatereservations.com\/es\/wp-json\/wp\/v2\/pages\/16484"}],"wp:attachment":[{"href":"https:\/\/www.westgatereservations.com\/es\/wp-json\/wp\/v2\/media?parent=26997"}],"curies":[{"name":"wp","href":"https:\/\/api.w.org\/{rel}","templated":true}]}}