{"id":26885,"date":"2024-11-11T16:26:46","date_gmt":"2024-11-11T21:26:46","guid":{"rendered":"https:\/\/www.westgatereservations.com\/vacations\/williamsburg-black-friday-deals\/"},"modified":"2025-10-22T16:18:02","modified_gmt":"2025-10-22T20:18:02","slug":"williamsburg-black-friday-deals","status":"publish","type":"page","link":"https:\/\/www.westgatereservations.com\/es\/vacations\/williamsburg-black-friday-deals\/","title":{"rendered":"Ofertas de Black Friday en Williamsburg"},"content":{"rendered":"<section role=\"contentinfo\">\r\n\t<div class=\"text-center\">\r\n    \t<h1 class=\"text-center\">OFERTAS DE BLACK FRIDAY EN WILLIAMSBURG<\/h1>\r\n    \t<img decoding=\"async\" src=\"https:\/\/www.westgatereservations.com\/app\/uploads\/2025\/10\/BlackFri_WGReservations_980x305_BlackFri80Off.jpg\" alt=\"Black Friday 80% de descuento\">\r\n\t<\/div>\r\n<\/section>\r\n\r\n<div class=\"my-5 px-0 px-md-5\">\r\n\t<!----->\r\n\t<div class=\"my-5 px-0 px-md-5 d-none d-sm-block\">\r\n\t\t<hr>\r\n\t\t<div class=\"row py-3 highlights d-flex justify-content-between\">\r\n\t\t    <div class=\"col col-4 d-flex justify-content-center\">\r\n\t\t        <div class=\"icon-item pl-5\">\r\n\t\t            <a href=\"tel:[tel]\" class=\"inheritcolor\">\r\n\t\t                <i class=\"fas fa-headset fa-2x\"><\/i>\r\n\t\t                <strong>Reserva por Tel\u00e9fono<\/strong><br\/>\r\n\t\t                <span>[phone]<\/span>\r\n\t\t            <\/a>\r\n\t\t        <\/div>\r\n\t\t    <\/div>\r\n\t\t    <div class=\"col col-4 d-flex justify-content-center\">\r\n\t\t        [subscribe modal=\"true\" trigger=\"link\" show_name=\"true\" trigger_class=\"inheritcolor\"]\r\n\t\t\t\t  <div class=\"icon-item pl-5\"><i class=\"fa-regular fa-envelope fa-2x\"><\/i><strong>\u00a1Reg\u00edstrate para recibir ofertas!<\/strong><br\/><span>Recibe nuestras \u00faltimas ofertas en tu correo<\/span><\/div>\r\n\t\t\t\t[\/subscribe]\r\n\t\t    <\/div>\r\n\t\t    <div class=\"col col-4 d-flex justify-content-center\">\r\n\t\t        <div class=\"icon-item pl-5\">\r\n\t\t            <a href=\"#\"; onclick=\"SnapEngage.startLink();\" class=\"inheritcolor\">\r\n\t\t                <i class=\"far fa-comments fa-2x\"><\/i>\r\n\t\t                <strong>Soporte en Vivo<\/strong><br\/>\r\n\t\t                <span>Chatea con un agente<\/span>\r\n\t\t            <\/a>\r\n\t\t        <\/div>\r\n\t\t    <\/div>\r\n\t\t<\/div>\r\n\t\t<hr>\r\n\t<\/div>\r\n<!----->\r\n\t<div class=\"row my-4\">\r\n\t\t<div class=\"col-12 col-md-9\">\r\n\t\t\t<div class=\"mb-4\">\r\n\t\t\t\t[specials ids=\"18368\"]\r\n\t\t\t<\/div>\r\n\t\t\t<h2 class=\"h3 mt-0 mb-3\">Ofertas de Black Friday en Williamsburg<\/h2>\r\n\t\t\t<p>Este Black Friday, Westgate Resorts en Williamsburg ofrece \u00a1ahorros incre\u00edbles! Ahora es el momento perfecto para reservar una escapada a uno de los destinos m\u00e1s hist\u00f3ricos y encantadores de Virginia. \u00bfQuieres sumergirte en la rica historia del Colonial Williamsburg, explorar Busch Gardens y disfrutar de la belleza del campo que lo rodea? Westgate Resorts te ofrece la base ideal para tus aventuras. Con ofertas exclusivas de Black Friday en amplios alojamientos y comodidades destacadas, podr\u00e1s disfrutar todo lo que Williamsburg tiene para ofrecer sin gastar de m\u00e1s.<\/p>\r\n\r\n<p>Por tiempo limitado, Westgate Resorts ofrece hasta un 80% de descuento en escapadas populares. Las habitaciones en el <a href=\"[home_url]resorts\/westgate-historic-williamsburg-resort\/\">Westgate Historic Williamsburg Resort<\/a> cuentan con comodidades acogedoras, desde cocinetas hasta cocinas completas, \u00e1reas de estar y balcones privados, lo que facilita relajarse y descansar despu\u00e9s de un d\u00eda de exploraci\u00f3n. Ya sea que visites con tu familia o planees una escapada rom\u00e1ntica, hay una habitaci\u00f3n que se adapta a tus necesidades, \u00a1todo a un precio que no encontrar\u00e1s fuera de nuestra promoci\u00f3n de Black Friday!<\/p>\r\n\r\n<h3>Ofertas de Boletos y Promociones Especiales<\/h3>\r\n\r\n<p>Adem\u00e1s de los descuentos en alojamiento, Westgate Resorts en Williamsburg tambi\u00e9n ofrece paquetes especiales que incluyen beneficios adicionales, como boletos con descuento para atracciones locales y tarjetas de regalo para usar como prefieras. Con tanto por hacer en Williamsburg \u2014desde recorrer sitios hist\u00f3ricos y disfrutar espect\u00e1culos en vivo hasta visitar parques acu\u00e1ticos cercanos\u2014 estas ofertas te permiten aprovechar al m\u00e1ximo tu viaje mientras ahorras dinero. Ya sea que planees visitar el famoso Colonial Williamsburg, vivir la emoci\u00f3n de Busch Gardens o relajarte en el tranquilo entorno del resort, <a href=\"[home_url]\">Westgate Resorts<\/a> hace que sea f\u00e1cil planear unas vacaciones memorables.<\/p>\r\n\r\n<p>\u00a1No te pierdas estos descuentos de Black Friday en Westgate Resorts en Williamsburg! Ya sea que est\u00e9s planeando una escapada para las fiestas o pensando en tus vacaciones de primavera, ahora es el momento perfecto para asegurar tu estad\u00eda con descuento. Reserva tu escapada hoy y disfruta la combinaci\u00f3n perfecta de historia, entretenimiento y relajaci\u00f3n, \u00a1todo a un precio incre\u00edble!<\/p>\r\n\t\t\t<\/p>\r\n\t\t<\/div>\r\n\t\t<div class=\"col-12 col-md-3\">\r\n\t\t\t<!-- topnav -->\r\n<div class=\"x-toc mbl mt-0\" style=\"width:100%;\">\r\n    <h4 class=\"h-toc\" data-uw-rm-heading=\"level\" role=\"heading\" aria-level=\"3\">Ofertas por Destino<\/h4>\r\n    <ul class=\"unstyled cf\">\r\n        <li class=\"x-toc-item\"><a href=\"\/vacations\/orlando-black-friday-deals\/\">Orlando<\/a><\/li>\r\n        <li class=\"x-toc-item\"><a href=\"\/vacations\/gatlinburg-black-friday-deals\/\">Gatlinburg<\/a><\/li>\r\n        <li class=\"x-toc-item\"><a href=\"\/vacations\/las-vegas-black-friday-deals\/\">Las Vegas<\/a><\/li>\r\n        <li class=\"x-toc-item\"><a href=\"\/vacations\/branson-black-friday-deals\/\">Branson<\/a><\/li>\r\n        <li class=\"x-toc-item\"><a href=\"\/vacations\/myrtle-beach-black-friday-deals\/\">Myrtle Beach<\/a><\/li>\r\n        <li class=\"x-toc-item\"><a href=\"\/vacations\/williamsburg-black-friday-deals\/\">Williamsburg<\/a><\/li>\r\n\t<\/ul>\r\n<\/div>\r\n<!--\/topnav-->\r\n\t            [content-block name=\"call-hours\"]\r\n\t\t<\/div>\r\n\t<\/div>\r\n<\/div>","protected":false},"excerpt":{"rendered":"<p>OFERTAS DE BLACK FRIDAY EN WILLIAMSBURG Reserva por Tel\u00e9fono [phone] [subscribe modal=\"true\" trigger=\"link\" show_name=\"true\" trigger_class=\"inheritcolor\"] \u00a1Reg\u00edstrate para recibir ofertas!Recibe nuestras \u00faltimas ofertas en tu correo [\/subscribe] Soporte en Vivo Chatea ... <\/p>\n<div><a href=\"https:\/\/www.westgatereservations.com\/es\/vacations\/williamsburg-black-friday-deals\/\" class=\"more-link\">Leer M\u00e1s<\/a><\/div>\n","protected":false},"author":2,"featured_media":29034,"parent":5364,"menu_order":0,"comment_status":"closed","ping_status":"closed","template":"template-blank-1.php","meta":{"footnotes":""},"_links":{"self":[{"href":"https:\/\/www.westgatereservations.com\/es\/wp-json\/wp\/v2\/pages\/26885"}],"collection":[{"href":"https:\/\/www.westgatereservations.com\/es\/wp-json\/wp\/v2\/pages"}],"about":[{"href":"https:\/\/www.westgatereservations.com\/es\/wp-json\/wp\/v2\/types\/page"}],"author":[{"embeddable":true,"href":"https:\/\/www.westgatereservations.com\/es\/wp-json\/wp\/v2\/users\/2"}],"replies":[{"embeddable":true,"href":"https:\/\/www.westgatereservations.com\/es\/wp-json\/wp\/v2\/comments?post=26885"}],"version-history":[{"count":0,"href":"https:\/\/www.westgatereservations.com\/es\/wp-json\/wp\/v2\/pages\/26885\/revisions"}],"up":[{"embeddable":true,"href":"https:\/\/www.westgatereservations.com\/es\/wp-json\/wp\/v2\/pages\/5364"}],"wp:featuredmedia":[{"embeddable":true,"href":"https:\/\/www.westgatereservations.com\/es\/wp-json\/wp\/v2\/media\/29034"}],"wp:attachment":[{"href":"https:\/\/www.westgatereservations.com\/es\/wp-json\/wp\/v2\/media?parent=26885"}],"curies":[{"name":"wp","href":"https:\/\/api.w.org\/{rel}","templated":true}]}}