{"id":26881,"date":"2024-11-11T15:02:56","date_gmt":"2024-11-11T20:02:56","guid":{"rendered":"https:\/\/www.westgatereservations.com\/vacations\/las-vegas-black-friday-deals\/"},"modified":"2025-10-22T16:21:09","modified_gmt":"2025-10-22T20:21:09","slug":"las-vegas-black-friday-deals","status":"publish","type":"page","link":"https:\/\/www.westgatereservations.com\/es\/vacations\/las-vegas-black-friday-deals\/","title":{"rendered":"Ofertas de Black Friday en Las Vegas"},"content":{"rendered":"<section role=\"contentinfo\">\r\n\t<div class=\"text-center\">\r\n    \t<h1 class=\"text-center\">OFERTAS DE BLACK FRIDAY EN LAS VEGAS<\/h1>\r\n    \t<img decoding=\"async\" src=\"https:\/\/www.westgatereservations.com\/app\/uploads\/2025\/10\/BlackFri_WGReservations_980x305_BlackFri80Off.jpg\" alt=\"Black Friday 80% de descuento\">\r\n\t<\/div>\r\n<\/section>\r\n\r\n<div class=\"my-5 px-0 px-md-5\">\r\n\t<!----->\r\n\t<div class=\"my-5 px-0 px-md-5 d-none d-sm-block\">\r\n\t\t<hr>\r\n\t\t<div class=\"row py-3 highlights d-flex justify-content-between\">\r\n\t\t    <div class=\"col col-4 d-flex justify-content-center\">\r\n\t\t        <div class=\"icon-item pl-5\">\r\n\t\t            <a href=\"tel:[tel]\" class=\"inheritcolor\">\r\n\t\t                <i class=\"fas fa-headset fa-2x\"><\/i>\r\n\t\t                <strong>Reserva por Tel\u00e9fono<\/strong><br\/>\r\n\t\t                <span>[phone]<\/span>\r\n\t\t            <\/a>\r\n\t\t        <\/div>\r\n\t\t    <\/div>\r\n\t\t    <div class=\"col col-4 d-flex justify-content-center\">\r\n\t\t        [subscribe modal=\"true\" trigger=\"link\" show_name=\"true\" trigger_class=\"inheritcolor\"]\r\n\t\t\t\t  <div class=\"icon-item pl-5\"><i class=\"fa-regular fa-envelope fa-2x\"><\/i><strong>\u00a1Suscr\u00edbete para recibir ofertas!<\/strong><br\/><span>Recibe nuestras \u00faltimas ofertas en tu correo<\/span><\/div>\r\n\t\t\t\t[\/subscribe]\r\n\t\t    <\/div>\r\n\t\t    <div class=\"col col-4 d-flex justify-content-center\">\r\n\t\t        <div class=\"icon-item pl-5\">\r\n\t\t            <a href=\"#\"; onclick=\"SnapEngage.startLink();\" class=\"inheritcolor\">\r\n\t\t                <i class=\"far fa-comments fa-2x\"><\/i>\r\n\t\t                <strong>Soporte en Vivo<\/strong><br\/>\r\n\t\t                <span>Chatea con un agente<\/span>\r\n\t\t            <\/a>\r\n\t\t        <\/div>\r\n\t\t    <\/div>\r\n\t\t<\/div>\r\n\t\t<hr>\r\n\t<\/div>\r\n<!----->\r\n\t<div class=\"row my-4\">\r\n\t\t<div class=\"col-12 col-md-9\">\r\n\t\t\t<div class=\"mb-4\">\r\n\t\t\t\t[specials ids=\"18368\"]\r\n\t\t\t<\/div>\r\n\t\t\t<h2 class=\"h3 mt-0 mb-3\">Ofertas de Black Friday en Las Vegas<\/h2>\r\n\t\t\t<p>Este Black Friday, Westgate Resorts en Las Vegas presenta incre\u00edbles descuentos que te permitir\u00e1n disfrutar de toda la emoci\u00f3n del Strip de Las Vegas a precios inmejorables. Ya sea que planees disfrutar de entretenimiento de clase mundial, probar tu suerte en el casino o relajarte junto a la piscina, las ofertas exclusivas de Black Friday de Westgate Resorts hacen que sea m\u00e1s f\u00e1cil que nunca disfrutar de las deslumbrantes luces y la emocionante atm\u00f3sfera de Las Vegas. Desde alojamientos de lujo hasta amenidades excepcionales, Westgate Resorts ofrece todo lo que necesitas para una escapada inolvidable a la Ciudad del Pecado.<\/p>\r\n\r\n<p>Por tiempo limitado, <a href=\"[home_url]\">Westgate Resorts<\/a> ofrece hasta un 80% de descuento en suites y alojamientos seleccionados, incluyendo opciones con vistas panor\u00e1micas al Strip y habitaciones espaciosas dise\u00f1adas para brindar comodidad y estilo. Cada habitaci\u00f3n ofrece diferentes comodidades, como cortinas opacas, cocinas totalmente equipadas y acogedoras \u00e1reas de descanso, brind\u00e1ndote el lugar perfecto para relajarte despu\u00e9s de un d\u00eda explorando Las Vegas. Ya sea que viajes en familia o con alguien especial, hay una habitaci\u00f3n para cada necesidad, \u00a1todas a una fracci\u00f3n del precio habitual durante este evento de Black Friday!<\/p>\r\n\r\n<h3>Ofertas de Entradas y Promociones Especiales<\/h3>\r\n\r\n<p>Adem\u00e1s de los descuentos en alojamiento, Westgate Resorts ofrece ofertas exclusivas de Black Friday que incluyen acceso a emocionantes amenidades del resort y beneficios como tarjetas de regalo para compras y cenas de lujo. <a href=\"[home_url]resorts\/westgate-las-vegas-hotel-casino\/\">Westgate Las Vegas Resort & Casino<\/a> alberga uno de los casinos m\u00e1s grandes de la ciudad, adem\u00e1s de restaurantes de primer nivel, un lujoso spa y una amplia variedad de opciones de entretenimiento. Ya sea que desees disfrutar de un espect\u00e1culo, relajarte en la piscina o participar en alguno de los eventos exclusivos del resort, estos descuentos te ayudar\u00e1n a aprovechar al m\u00e1ximo tus vacaciones en Las Vegas sin gastar de m\u00e1s.<\/p>\r\n\r\n<p>No te pierdas esta incre\u00edble oportunidad de disfrutar lo mejor de Las Vegas por menos. Con los descuentos de Black Friday en Westgate Resorts, podr\u00e1s planear las vacaciones que mereces y vivir todo lo que la capital mundial del entretenimiento tiene para ofrecer, mientras disfrutas de comodidad y estilo. \u00a1Reserva tu estancia ahora antes de que estas ofertas desaparezcan y prep\u00e1rate para una experiencia en Las Vegas como ninguna otra!<\/p>\r\n\t\t<\/div>\r\n\t\t<div class=\"col-12 col-md-3\">\r\n\t\t\t<!-- topnav -->\r\n<div class=\"x-toc mbl mt-0\" style=\"width:100%;\">\r\n    <h4 class=\"h-toc\" data-uw-rm-heading=\"level\" role=\"heading\" aria-level=\"3\">Ofertas por Destino<\/h4>\r\n    <ul class=\"unstyled cf\">\r\n        <li class=\"x-toc-item\"><a href=\"\/vacations\/orlando-black-friday-deals\/\">Orlando<\/a><\/li>\r\n        <li class=\"x-toc-item\"><a href=\"\/vacations\/gatlinburg-black-friday-deals\/\">Gatlinburg<\/a><\/li>\r\n        <li class=\"x-toc-item\"><a href=\"\/vacations\/las-vegas-black-friday-deals\/\">Las Vegas<\/a><\/li>\r\n        <li class=\"x-toc-item\"><a href=\"\/vacations\/branson-black-friday-deals\/\">Branson<\/a><\/li>\r\n        <li class=\"x-toc-item\"><a href=\"\/vacations\/myrtle-beach-black-friday-deals\/\">Myrtle Beach<\/a><\/li>\r\n        <li class=\"x-toc-item\"><a href=\"\/vacations\/williamsburg-black-friday-deals\/\">Williamsburg<\/a><\/li>\r\n\t<\/ul>\r\n<\/div>\r\n<!--\/topnav-->\r\n\t            [content-block name=\"call-hours\"]\r\n\t\t<\/div>\r\n\t<\/div>\r\n<\/div>","protected":false},"excerpt":{"rendered":"<p>OFERTAS DE BLACK FRIDAY EN LAS VEGAS Reserva por Tel\u00e9fono [phone] [subscribe modal=\"true\" trigger=\"link\" show_name=\"true\" trigger_class=\"inheritcolor\"] \u00a1Suscr\u00edbete para recibir ofertas!Recibe nuestras \u00faltimas ofertas en tu correo [\/subscribe] Soporte en Vivo ... <\/p>\n<div><a href=\"https:\/\/www.westgatereservations.com\/es\/vacations\/las-vegas-black-friday-deals\/\" class=\"more-link\">Leer M\u00e1s<\/a><\/div>\n","protected":false},"author":2,"featured_media":29034,"parent":5364,"menu_order":0,"comment_status":"closed","ping_status":"closed","template":"template-blank-1.php","meta":{"footnotes":""},"_links":{"self":[{"href":"https:\/\/www.westgatereservations.com\/es\/wp-json\/wp\/v2\/pages\/26881"}],"collection":[{"href":"https:\/\/www.westgatereservations.com\/es\/wp-json\/wp\/v2\/pages"}],"about":[{"href":"https:\/\/www.westgatereservations.com\/es\/wp-json\/wp\/v2\/types\/page"}],"author":[{"embeddable":true,"href":"https:\/\/www.westgatereservations.com\/es\/wp-json\/wp\/v2\/users\/2"}],"replies":[{"embeddable":true,"href":"https:\/\/www.westgatereservations.com\/es\/wp-json\/wp\/v2\/comments?post=26881"}],"version-history":[{"count":0,"href":"https:\/\/www.westgatereservations.com\/es\/wp-json\/wp\/v2\/pages\/26881\/revisions"}],"up":[{"embeddable":true,"href":"https:\/\/www.westgatereservations.com\/es\/wp-json\/wp\/v2\/pages\/5364"}],"wp:featuredmedia":[{"embeddable":true,"href":"https:\/\/www.westgatereservations.com\/es\/wp-json\/wp\/v2\/media\/29034"}],"wp:attachment":[{"href":"https:\/\/www.westgatereservations.com\/es\/wp-json\/wp\/v2\/media?parent=26881"}],"curies":[{"name":"wp","href":"https:\/\/api.w.org\/{rel}","templated":true}]}}