{"id":26879,"date":"2024-11-11T15:00:45","date_gmt":"2024-11-11T20:00:45","guid":{"rendered":"https:\/\/www.westgatereservations.com\/vacations\/gatlinburg-black-friday-deals\/"},"modified":"2025-10-22T16:15:19","modified_gmt":"2025-10-22T20:15:19","slug":"gatlinburg-black-friday-deals","status":"publish","type":"page","link":"https:\/\/www.westgatereservations.com\/es\/vacations\/gatlinburg-black-friday-deals\/","title":{"rendered":"Ofertas de Black Friday en Gatlinburg"},"content":{"rendered":"<section role=\"contentinfo\">\r\n\t<div class=\"text-center\">\r\n    \t<h1 class=\"text-center\">OFERTAS DE BLACK FRIDAY EN GATLINBURG<\/h1>\r\n    \t<img decoding=\"async\" src=\"https:\/\/www.westgatereservations.com\/app\/uploads\/2025\/10\/BlackFri_WGReservations_980x305_BlackFri80Off.jpg\" alt=\"Black Friday 80% de descuento\">\r\n\t<\/div>\r\n<\/section>\r\n\r\n<div class=\"my-5 px-0 px-md-5\">\r\n\t<!----->\r\n\t<div class=\"my-5 px-0 px-md-5 d-none d-sm-block\">\r\n\t\t<hr>\r\n\t\t<div class=\"row py-3 highlights d-flex justify-content-between\">\r\n\t\t    <div class=\"col col-4 d-flex justify-content-center\">\r\n\t\t        <div class=\"icon-item pl-5\">\r\n\t\t            <a href=\"tel:[tel]\" class=\"inheritcolor\">\r\n\t\t                <i class=\"fas fa-headset fa-2x\"><\/i>\r\n\t\t                <strong>Reserva por tel\u00e9fono<\/strong><br\/>\r\n\t\t                <span>[phone]<\/span>\r\n\t\t            <\/a>\r\n\t\t        <\/div>\r\n\t\t    <\/div>\r\n\t\t    <div class=\"col col-4 d-flex justify-content-center\">\r\n\t\t        [subscribe modal=\"true\" trigger=\"link\" show_name=\"true\" trigger_class=\"inheritcolor\"]\r\n\t\t\t\t  <div class=\"icon-item pl-5\"><i class=\"fa-regular fa-envelope fa-2x\"><\/i><strong>\u00a1Suscr\u00edbete para recibir ofertas!<\/strong><br\/><span>Recibe nuestras \u00faltimas promociones en tu correo<\/span><\/div>\r\n\t\t\t\t[\/subscribe]\r\n\t\t    <\/div>\r\n\t\t    <div class=\"col col-4 d-flex justify-content-center\">\r\n\t\t        <div class=\"icon-item pl-5\">\r\n\t\t            <a href=\"#\"; onclick=\"SnapEngage.startLink();\" class=\"inheritcolor\">\r\n\t\t                <i class=\"far fa-comments fa-2x\"><\/i>\r\n\t\t                <strong>Soporte en vivo<\/strong><br\/>\r\n\t\t                <span>Chatea con un agente<\/span>\r\n\t\t            <\/a>\r\n\t\t        <\/div>\r\n\t\t    <\/div>\r\n\t\t<\/div>\r\n\t\t<hr>\r\n\t<\/div>\r\n<!----->\r\n\t<div class=\"row my-4\">\r\n\t\t<div class=\"col-12 col-md-9\">\r\n\t\t\t<div class=\"mb-4\">\r\n\t\t\t\t[specials ids=\"18368\"]\r\n\t\t\t<\/div>\r\n\t\t\t<h2 class=\"h3\">Ofertas de Black Friday en Gatlinburg<\/h2>\r\n\t\t\t<p>Este Black Friday, \u00a1Westgate Resorts en Gatlinburg ofrece incre\u00edbles descuentos! Es el momento perfecto para escapar a las impresionantes Monta\u00f1as Smoky. Ya sea que planees una acogedora escapada en la naturaleza o unas vacaciones familiares llenas de aventuras, tenemos la opci\u00f3n ideal para ti. Nuestras ofertas especiales de Black Friday ofrecen precios inigualables en amplias caba\u00f1as y alojamientos ubicados en el coraz\u00f3n de Gatlinburg. Con las mejores vistas de las monta\u00f1as, acceso a senderos cercanos y una ubicaci\u00f3n junto a la entrada del Parque Nacional Great Smoky Mountains, <a href=\"[home_url]\">Westgate Resorts<\/a> es el destino perfecto para quienes buscan relajarse o explorar la belleza natural del este de Tennessee.<\/p>\r\n\r\n<p>Westgate Resorts ofrece hasta un 80% de descuento en paquetes seleccionados, que incluyen exclusivas habitaciones estilo caba\u00f1a dise\u00f1adas para brindar comodidad y descanso. Las unidades var\u00edan e incluyen acogedoras comodidades como chimeneas, balcones privados, cocinas completas y ba\u00f1eras de hidromasaje, ofreci\u00e9ndote la base perfecta para una escapada de temporada. Ya sea que quieras acurrucarte junto al fuego o disfrutar del aire fresco de la monta\u00f1a, estos descuentos te permitir\u00e1n disfrutar de una experiencia de lujo sin pagar de m\u00e1s.<\/p>\r\n\r\n<h3>Ofertas y descuentos en entradas<\/h3>\r\n\r\n<p>Adem\u00e1s de las estad\u00edas con descuento, presentamos paquetes especiales de Black Friday que incluyen beneficios adicionales como tarjetas de regalo, entradas para el mejor <a href=\"[home_url]gatlinburg\/wild-bear-falls-indoor-waterpark\/\">parque acu\u00e1tico cubierto de Gatlinburg<\/a> \u2014Wild Bear Falls Water Park\u2014 y mucho m\u00e1s. Entre las principales atracciones de Gatlinburg se encuentran el Ober Gatlinburg Ski Resort, el acuario Ripley\u2019s Aquarium of the Smokies y la ic\u00f3nica Space Needle, por lo que nunca faltan cosas por hacer. Ya sea que te interesen las actividades al aire libre como tirolesa y esqu\u00ed, o prefieras disfrutar del encantador ambiente del pueblo, nuestras ofertas de Black Friday en Westgate Resorts te ayudar\u00e1n a aprovechar al m\u00e1ximo tu viaje.<\/p>\r\n\r\n<p>Aprovecha estos descuentos de Black Friday por tiempo limitado y planea tu escapada a Gatlinburg antes de que estas ofertas desaparezcan. Ya sea que busques aventura o simplemente un refugio tranquilo en las monta\u00f1as, Westgate Resorts te ofrece la combinaci\u00f3n perfecta de comodidad, conveniencia y valor. \u00a1Reserva tu estad\u00eda pronto y disfruta de toda la magia de las Monta\u00f1as Smoky a un precio irresistible!<\/p>\r\n\t\t<\/div>\r\n\t\t<div class=\"col-12 col-md-3\">\r\n\t\t\t<!-- topnav -->\r\n<div class=\"x-toc mbl mt-0\" style=\"width:100%;\">\r\n    <h4 class=\"h-toc\" data-uw-rm-heading=\"level\" role=\"heading\" aria-level=\"3\">Ofertas por destino<\/h4>\r\n    <ul class=\"unstyled cf\">\r\n        <li class=\"x-toc-item\"><a href=\"\/vacations\/orlando-black-friday-deals\/\">Orlando<\/a><\/li>\r\n        <li class=\"x-toc-item\"><a href=\"\/vacations\/gatlinburg-black-friday-deals\/\">Gatlinburg<\/a><\/li>\r\n        <li class=\"x-toc-item\"><a href=\"\/vacations\/las-vegas-black-friday-deals\/\">Las Vegas<\/a><\/li>\r\n        <li class=\"x-toc-item\"><a href=\"\/vacations\/branson-black-friday-deals\/\">Branson<\/a><\/li>\r\n        <li class=\"x-toc-item\"><a href=\"\/vacations\/myrtle-beach-black-friday-deals\/\">Myrtle Beach<\/a><\/li>\r\n        <li class=\"x-toc-item\"><a href=\"\/vacations\/williamsburg-black-friday-deals\/\">Williamsburg<\/a><\/li>\r\n\t<\/ul>\r\n<\/div>\r\n<!--\/topnav-->\r\n\t            [content-block name=\"call-hours\"]\r\n\t\t<\/div>\r\n\t<\/div>\r\n<\/div>","protected":false},"excerpt":{"rendered":"<p>OFERTAS DE BLACK FRIDAY EN GATLINBURG Reserva por tel\u00e9fono [phone] [subscribe modal=\"true\" trigger=\"link\" show_name=\"true\" trigger_class=\"inheritcolor\"] \u00a1Suscr\u00edbete para recibir ofertas!Recibe nuestras \u00faltimas promociones en tu correo [\/subscribe] Soporte en vivo Chatea ... <\/p>\n<div><a href=\"https:\/\/www.westgatereservations.com\/es\/vacations\/gatlinburg-black-friday-deals\/\" class=\"more-link\">Leer M\u00e1s<\/a><\/div>\n","protected":false},"author":2,"featured_media":29034,"parent":5364,"menu_order":0,"comment_status":"closed","ping_status":"closed","template":"template-blank-1.php","meta":{"footnotes":""},"_links":{"self":[{"href":"https:\/\/www.westgatereservations.com\/es\/wp-json\/wp\/v2\/pages\/26879"}],"collection":[{"href":"https:\/\/www.westgatereservations.com\/es\/wp-json\/wp\/v2\/pages"}],"about":[{"href":"https:\/\/www.westgatereservations.com\/es\/wp-json\/wp\/v2\/types\/page"}],"author":[{"embeddable":true,"href":"https:\/\/www.westgatereservations.com\/es\/wp-json\/wp\/v2\/users\/2"}],"replies":[{"embeddable":true,"href":"https:\/\/www.westgatereservations.com\/es\/wp-json\/wp\/v2\/comments?post=26879"}],"version-history":[{"count":0,"href":"https:\/\/www.westgatereservations.com\/es\/wp-json\/wp\/v2\/pages\/26879\/revisions"}],"up":[{"embeddable":true,"href":"https:\/\/www.westgatereservations.com\/es\/wp-json\/wp\/v2\/pages\/5364"}],"wp:featuredmedia":[{"embeddable":true,"href":"https:\/\/www.westgatereservations.com\/es\/wp-json\/wp\/v2\/media\/29034"}],"wp:attachment":[{"href":"https:\/\/www.westgatereservations.com\/es\/wp-json\/wp\/v2\/media?parent=26879"}],"curies":[{"name":"wp","href":"https:\/\/api.w.org\/{rel}","templated":true}]}}