{"id":26871,"date":"2024-11-08T15:36:49","date_gmt":"2024-11-08T20:36:49","guid":{"rendered":"https:\/\/www.westgatereservations.com\/vacations\/orlando-black-friday-deals\/"},"modified":"2025-10-22T16:12:40","modified_gmt":"2025-10-22T20:12:40","slug":"orlando-black-friday-deals","status":"publish","type":"page","link":"https:\/\/www.westgatereservations.com\/es\/vacations\/orlando-black-friday-deals\/","title":{"rendered":"Ofertas de Black Friday en Orlando"},"content":{"rendered":"<section role=\"contentinfo\">\r\n\t<div class=\"text-center\">\r\n    \t<h1 class=\"text-center\">OFERTAS DE BLACK FRIDAY EN ORLANDO<\/h1>\r\n    \t<img decoding=\"async\" src=\"https:\/\/www.westgatereservations.com\/app\/uploads\/2025\/10\/BlackFri_WGReservations_980x305_BlackFri80Off.jpg\" alt=\"Black Friday 80% de descuento\">\r\n\t<\/div>\r\n<\/section>\r\n\r\n<div class=\"my-5 px-0 px-md-5\">\r\n\t<!----->\r\n\t<div class=\"my-5 px-0 px-md-5 d-none d-sm-block\">\r\n\t\t<hr>\r\n\t\t<div class=\"row py-3 highlights d-flex justify-content-between\">\r\n\t\t    <div class=\"col col-4 d-flex justify-content-center\">\r\n\t\t        <div class=\"icon-item pl-5\">\r\n\t\t            <a href=\"tel:[tel]\" class=\"inheritcolor\">\r\n\t\t                <i class=\"fas fa-headset fa-2x\"><\/i>\r\n\t\t                <strong>Reserva por tel\u00e9fono<\/strong><br\/>\r\n\t\t                <span>[phone]<\/span>\r\n\t\t            <\/a>\r\n\t\t        <\/div>\r\n\t\t    <\/div>\r\n\t\t    <div class=\"col col-4 d-flex justify-content-center\">\r\n\t\t        [subscribe modal=\"true\" trigger=\"link\" show_name=\"true\" trigger_class=\"inheritcolor\"]\r\n\t\t\t\t  <div class=\"icon-item pl-5\"><i class=\"fa-regular fa-envelope fa-2x\"><\/i><strong>\u00a1Suscr\u00edbete para recibir ofertas!<\/strong><br\/><span>Recibe nuestras \u00faltimas promociones en tu correo<\/span><\/div>\r\n\t\t\t\t[\/subscribe]\r\n\t\t    <\/div>\r\n\t\t    <div class=\"col col-4 d-flex justify-content-center\">\r\n\t\t        <div class=\"icon-item pl-5\">\r\n\t\t            <a href=\"#\"; onclick=\"SnapEngage.startLink();\" class=\"inheritcolor\">\r\n\t\t                <i class=\"far fa-comments fa-2x\"><\/i>\r\n\t\t                <strong>Soporte en vivo<\/strong><br\/>\r\n\t\t                <span>Chatea con un agente<\/span>\r\n\t\t            <\/a>\r\n\t\t        <\/div>\r\n\t\t    <\/div>\r\n\t\t<\/div>\r\n\t\t<hr>\r\n\t<\/div>\r\n<!----->\r\n\t<div class=\"row my-4\">\r\n\t\t<div class=\"col-12 col-md-9\">\r\n\t\t\t<div class=\"mb-4\">\r\n\t\t\t\t[specials ids=\"18368\"]\r\n\t\t\t<\/div>\r\n\t\t\t<h2 class=\"h3\">Ofertas de Black Friday en Orlando<\/h2>\r\n\t\t\t<p>Este Black Friday, \u00a1Westgate Resorts ofrece algunos de los mejores descuentos del a\u00f1o en paquetes vacacionales! Es el momento perfecto para planificar tu pr\u00f3xima escapada al coraz\u00f3n de Florida. Disfruta de descuentos inigualables en amplios alojamientos, fant\u00e1sticas comodidades y una ubicaci\u00f3n cercana a las principales atracciones de Orlando, como Walt Disney World, Universal Studios y SeaWorld. Por tiempo limitado, Westgate Resorts en Orlando promete una experiencia vacacional inolvidable tanto para familias como para parejas. Ya sea que busques un acogedor estudio o un alojamiento de varias habitaciones, hay una oferta para cada grupo y presupuesto.<\/p>\r\n\r\n<p>Por tiempo limitado, <a href=\"[home_url]\">Westgate Resorts<\/a> ofrece promociones exclusivas de Black Friday que te permiten ahorrar hasta un 80% en tu estad\u00eda. Esto incluye tarifas especiales en lujosas villas tipo resort con cocinas completas, salas de estar y balcones privados, ideales para disfrutar de unas vacaciones m\u00e1s relajadas y c\u00f3modas. Los hu\u00e9spedes pueden disfrutar de todo, desde amplias piscinas al aire libre y parques acu\u00e1ticos hasta restaurantes dentro del resort, spa y actividades organizadas para ni\u00f1os. Con estos ahorros, podr\u00e1s regalarle a tus seres queridos unas incre\u00edbles vacaciones en Orlando sin gastar de m\u00e1s.<\/p>\r\n\r\n<h3>Ofertas y descuentos en entradas<\/h3>\r\n\r\n<p>Adem\u00e1s de los descuentos en alojamiento, Westgate Resorts en Orlando tambi\u00e9n ofrece paquetes especiales que incluyen beneficios adicionales como entradas a parques tem\u00e1ticos cercanos, cr\u00e9ditos para comidas, tarjetas de regalo y m\u00e1s. Estas ofertas por tiempo limitado est\u00e1n dise\u00f1adas para que disfrutes a\u00fan m\u00e1s de tus vacaciones, maximizando la diversi\u00f3n y reduciendo los costos. Ya sea que est\u00e9s planeando unas vacaciones familiares llenas de diversi\u00f3n o una escapada rom\u00e1ntica, Westgate Resorts tiene opciones que combinan de manera inigualable econom\u00eda y lujo, garantizando que tu estad\u00eda sea relajante y emocionante al mismo tiempo.<\/p>\r\n\r\n<p>No te pierdas estas ofertas de Black Friday en Orlando con Westgate Resorts. Con la temporada navide\u00f1a acerc\u00e1ndose, ahora es el momento ideal para reservar tu estad\u00eda en uno de los principales destinos vacacionales de Orlando. Aprovecha estas ofertas exclusivas antes de que se agoten y asegura las vacaciones de tus sue\u00f1os a un precio que se ajuste a tu presupuesto. Explora nuestros <a href=\"[home_url]orlando\/vacation-packages\/\">paquetes vacacionales en Orlando con entradas a parques<\/a> y m\u00e1s, para comenzar a planificar una escapada inolvidable este Black Friday.<\/p>\r\n\t\t<\/div>\r\n\t\t<div class=\"col-12 col-md-3\">\r\n\t\t\t<!-- topnav -->\r\n<div class=\"x-toc mbl mt-0\" style=\"width:100%;\">\r\n    <h4 class=\"h-toc\" data-uw-rm-heading=\"level\" role=\"heading\" aria-level=\"3\">Ofertas por destino<\/h4>\r\n    <ul class=\"unstyled cf\">\r\n        <li class=\"x-toc-item\"><a href=\"\/vacations\/orlando-black-friday-deals\/\">Orlando<\/a><\/li>\r\n        <li class=\"x-toc-item\"><a href=\"\/vacations\/gatlinburg-black-friday-deals\/\">Gatlinburg<\/a><\/li>\r\n        <li class=\"x-toc-item\"><a href=\"\/vacations\/las-vegas-black-friday-deals\/\">Las Vegas<\/a><\/li>\r\n        <li class=\"x-toc-item\"><a href=\"\/vacations\/branson-black-friday-deals\/\">Branson<\/a><\/li>\r\n        <li class=\"x-toc-item\"><a href=\"\/vacations\/myrtle-beach-black-friday-deals\/\">Myrtle Beach<\/a><\/li>\r\n        <li class=\"x-toc-item\"><a href=\"\/vacations\/williamsburg-black-friday-deals\/\">Williamsburg<\/a><\/li>\r\n\t<\/ul>\r\n<\/div>\r\n<!--\/topnav-->\r\n\t            [content-block name=\"call-hours\"]\r\n\t\t<\/div>\r\n\t<\/div>\r\n<\/div>","protected":false},"excerpt":{"rendered":"<p>OFERTAS DE BLACK FRIDAY EN ORLANDO Reserva por tel\u00e9fono [phone] [subscribe modal=\"true\" trigger=\"link\" show_name=\"true\" trigger_class=\"inheritcolor\"] \u00a1Suscr\u00edbete para recibir ofertas!Recibe nuestras \u00faltimas promociones en tu correo [\/subscribe] Soporte en vivo Chatea ... <\/p>\n<div><a href=\"https:\/\/www.westgatereservations.com\/es\/vacations\/orlando-black-friday-deals\/\" class=\"more-link\">Leer M\u00e1s<\/a><\/div>\n","protected":false},"author":2,"featured_media":0,"parent":5364,"menu_order":0,"comment_status":"closed","ping_status":"closed","template":"template-blank-1.php","meta":{"footnotes":""},"_links":{"self":[{"href":"https:\/\/www.westgatereservations.com\/es\/wp-json\/wp\/v2\/pages\/26871"}],"collection":[{"href":"https:\/\/www.westgatereservations.com\/es\/wp-json\/wp\/v2\/pages"}],"about":[{"href":"https:\/\/www.westgatereservations.com\/es\/wp-json\/wp\/v2\/types\/page"}],"author":[{"embeddable":true,"href":"https:\/\/www.westgatereservations.com\/es\/wp-json\/wp\/v2\/users\/2"}],"replies":[{"embeddable":true,"href":"https:\/\/www.westgatereservations.com\/es\/wp-json\/wp\/v2\/comments?post=26871"}],"version-history":[{"count":0,"href":"https:\/\/www.westgatereservations.com\/es\/wp-json\/wp\/v2\/pages\/26871\/revisions"}],"up":[{"embeddable":true,"href":"https:\/\/www.westgatereservations.com\/es\/wp-json\/wp\/v2\/pages\/5364"}],"wp:attachment":[{"href":"https:\/\/www.westgatereservations.com\/es\/wp-json\/wp\/v2\/media?parent=26871"}],"curies":[{"name":"wp","href":"https:\/\/api.w.org\/{rel}","templated":true}]}}