{"id":26853,"date":"2024-11-11T16:05:45","date_gmt":"2024-11-11T21:05:45","guid":{"rendered":"https:\/\/www.westgatereservations.com\/vacations\/branson-black-friday-deals\/"},"modified":"2025-10-22T16:16:53","modified_gmt":"2025-10-22T20:16:53","slug":"branson-black-friday-deals","status":"publish","type":"page","link":"https:\/\/www.westgatereservations.com\/es\/vacations\/branson-black-friday-deals\/","title":{"rendered":"Ofertas de Black Friday en Branson"},"content":{"rendered":"<section role=\"contentinfo\">\r\n\t<div class=\"text-center\">\r\n    \t<h1 class=\"text-center\">OFERTAS DE BLACK FRIDAY EN BRANSON<\/h1>\r\n    \t<img decoding=\"async\" src=\"https:\/\/www.westgatereservations.com\/app\/uploads\/2025\/10\/BlackFri_WGReservations_980x305_BlackFri80Off.jpg\" alt=\"Black Friday 80% de descuento\">\r\n\t<\/div>\r\n<\/section>\r\n\r\n<div class=\"my-5 px-0 px-md-5\">\r\n\t<!----->\r\n\t<div class=\"my-5 px-0 px-md-5 d-none d-sm-block\">\r\n\t\t<hr>\r\n\t\t<div class=\"row py-3 highlights d-flex justify-content-between\">\r\n\t\t    <div class=\"col col-4 d-flex justify-content-center\">\r\n\t\t        <div class=\"icon-item pl-5\">\r\n\t\t            <a href=\"tel:[tel]\" class=\"inheritcolor\">\r\n\t\t                <i class=\"fas fa-headset fa-2x\"><\/i>\r\n\t\t                <strong>Reserva por Tel\u00e9fono<\/strong><br\/>\r\n\t\t                <span>[phone]<\/span>\r\n\t\t            <\/a>\r\n\t\t        <\/div>\r\n\t\t    <\/div>\r\n\t\t    <div class=\"col col-4 d-flex justify-content-center\">\r\n\t\t        [subscribe modal=\"true\" trigger=\"link\" show_name=\"true\" trigger_class=\"inheritcolor\"]\r\n\t\t\t\t  <div class=\"icon-item pl-5\"><i class=\"fa-regular fa-envelope fa-2x\"><\/i><strong>\u00a1Suscr\u00edbete para recibir ofertas!<\/strong><br\/><span>Recibe nuestras \u00faltimas ofertas en tu correo<\/span><\/div>\r\n\t\t\t\t[\/subscribe]\r\n\t\t    <\/div>\r\n\t\t    <div class=\"col col-4 d-flex justify-content-center\">\r\n\t\t        <div class=\"icon-item pl-5\">\r\n\t\t            <a href=\"#\"; onclick=\"SnapEngage.startLink();\" class=\"inheritcolor\">\r\n\t\t                <i class=\"far fa-comments fa-2x\"><\/i>\r\n\t\t                <strong>Soporte en Vivo<\/strong><br\/>\r\n\t\t                <span>Chatea con un agente<\/span>\r\n\t\t            <\/a>\r\n\t\t        <\/div>\r\n\t\t    <\/div>\r\n\t\t<\/div>\r\n\t\t<hr>\r\n\t<\/div>\r\n<!----->\r\n\t<div class=\"row my-4\">\r\n\t\t<div class=\"col-12 col-md-9\">\r\n\t\t\t<div class=\"mb-4\">\r\n\t\t\t\t[specials ids=\"18368\"]\r\n\t\t\t<\/div>\r\n\t\t\t<h2 class=\"h3 mt-0 mb-3\">Ofertas de Black Friday en Branson<\/h2>\r\n\t\t\t<p>Este Black Friday, Westgate Resorts en Branson ofrece incre\u00edbles descuentos, lo que lo convierte en el momento perfecto para planear unas vacaciones memorables en los Ozarks. \u00bfBuscas diversi\u00f3n para toda la familia, vistas relajantes al lago y un fin de semana lleno de entretenimiento? <a href=\"[home_url]\">Westgate Resorts<\/a> tiene ofertas exclusivas de Black Friday que te dan acceso a todo lo que Branson tiene para ofrecer. Con sus vibrantes espect\u00e1culos en vivo, aventuras al aire libre y su cercan\u00eda al lago Table Rock, Branson es un destino ideal para una escapada. Ahora, es m\u00e1s asequible que nunca.<\/p>\r\n\r\n<p>Por tiempo limitado, Westgate Resorts ofrece hasta un 80% de descuento en amplios alojamientos con diferentes caracter\u00edsticas, como cocinas totalmente equipadas, lavadoras y secadoras, comedores y m\u00e1s. Estas unidades elegantes y c\u00f3modas son perfectas tanto para grupos peque\u00f1os como grandes, brindando un refugio acogedor despu\u00e9s de un d\u00eda explorando la zona. Disfruta de las fant\u00e1sticas amenidades del resort, que incluyen minigolf, shuffleboard y piscinas interiores y exteriores. Con estos descuentos de Black Friday, podr\u00e1s disfrutar de una estancia hermosa sin gastar una fortuna.<\/p>\r\n\r\n<h3>Ofertas de Entradas y Promociones Especiales<\/h3>\r\n\r\n<p>Adem\u00e1s de las tarifas con descuento en alojamiento, Westgate Resorts en Branson ofrece paquetes y promociones especiales que incluyen beneficios adicionales como entradas con descuento a atracciones locales y tarjetas de regalo. Branson es conocido por su entretenimiento en vivo de clase mundial, as\u00ed que aprovecha estas ofertas para asistir a un espect\u00e1culo en el famoso Silver Dollar City, explorar las hermosas monta\u00f1as Ozark o navegar por el lago Table Rock. Ya sea que busques aventuras al aire libre o una experiencia m\u00e1s relajada, Westgate Resorts te ofrece la base perfecta para tu escapada a Branson.<\/p>\r\n\r\n<p>\u00a1No te pierdas estos incre\u00edbles descuentos de Black Friday en Westgate Resorts en Branson! Con ofertas por tiempo limitado en alojamiento, amenidades del resort y atracciones locales, ahora es el momento ideal para planear tus pr\u00f3ximas vacaciones. Ya sea que reserves unas <a href=\"[home_url]vacations\/family-vacations\/branson-family-fun\/\">vacaciones familiares en Branson<\/a> o una escapada rom\u00e1ntica, nuestras ofertas exclusivas garantizan que tu experiencia en Branson sea asequible e inolvidable. \u00a1Explora los paquetes de temporada hoy mismo para asegurar tu lugar y comenzar a planear tu aventura en los Ozarks!<\/p>\r\n\t\t<\/div>\r\n\t\t<div class=\"col-12 col-md-3\">\r\n\t\t\t<!-- topnav -->\r\n<div class=\"x-toc mbl mt-0\" style=\"width:100%;\">\r\n    <h4 class=\"h-toc\" data-uw-rm-heading=\"level\" role=\"heading\" aria-level=\"3\">Ofertas por Destino<\/h4>\r\n    <ul class=\"unstyled cf\">\r\n        <li class=\"x-toc-item\"><a href=\"\/vacations\/orlando-black-friday-deals\/\">Orlando<\/a><\/li>\r\n        <li class=\"x-toc-item\"><a href=\"\/vacations\/gatlinburg-black-friday-deals\/\">Gatlinburg<\/a><\/li>\r\n        <li class=\"x-toc-item\"><a href=\"\/vacations\/las-vegas-black-friday-deals\/\">Las Vegas<\/a><\/li>\r\n        <li class=\"x-toc-item\"><a href=\"\/vacations\/branson-black-friday-deals\/\">Branson<\/a><\/li>\r\n        <li class=\"x-toc-item\"><a href=\"\/vacations\/myrtle-beach-black-friday-deals\/\">Myrtle Beach<\/a><\/li>\r\n        <li class=\"x-toc-item\"><a href=\"\/vacations\/williamsburg-black-friday-deals\/\">Williamsburg<\/a><\/li>\r\n\t<\/ul>\r\n<\/div>\r\n<!--\/topnav-->\r\n\t            [content-block name=\"call-hours\"]\r\n\t\t<\/div>\r\n\t<\/div>\r\n<\/div>\r\n","protected":false},"excerpt":{"rendered":"<p>OFERTAS DE BLACK FRIDAY EN BRANSON Reserva por Tel\u00e9fono [phone] [subscribe modal=\"true\" trigger=\"link\" show_name=\"true\" trigger_class=\"inheritcolor\"] \u00a1Suscr\u00edbete para recibir ofertas!Recibe nuestras \u00faltimas ofertas en tu correo [\/subscribe] Soporte en Vivo Chatea ... <\/p>\n<div><a href=\"https:\/\/www.westgatereservations.com\/es\/vacations\/branson-black-friday-deals\/\" class=\"more-link\">Leer M\u00e1s<\/a><\/div>\n","protected":false},"author":2,"featured_media":0,"parent":5364,"menu_order":0,"comment_status":"closed","ping_status":"closed","template":"template-blank-1.php","meta":{"footnotes":""},"_links":{"self":[{"href":"https:\/\/www.westgatereservations.com\/es\/wp-json\/wp\/v2\/pages\/26853"}],"collection":[{"href":"https:\/\/www.westgatereservations.com\/es\/wp-json\/wp\/v2\/pages"}],"about":[{"href":"https:\/\/www.westgatereservations.com\/es\/wp-json\/wp\/v2\/types\/page"}],"author":[{"embeddable":true,"href":"https:\/\/www.westgatereservations.com\/es\/wp-json\/wp\/v2\/users\/2"}],"replies":[{"embeddable":true,"href":"https:\/\/www.westgatereservations.com\/es\/wp-json\/wp\/v2\/comments?post=26853"}],"version-history":[{"count":0,"href":"https:\/\/www.westgatereservations.com\/es\/wp-json\/wp\/v2\/pages\/26853\/revisions"}],"up":[{"embeddable":true,"href":"https:\/\/www.westgatereservations.com\/es\/wp-json\/wp\/v2\/pages\/5364"}],"wp:attachment":[{"href":"https:\/\/www.westgatereservations.com\/es\/wp-json\/wp\/v2\/media?parent=26853"}],"curies":[{"name":"wp","href":"https:\/\/api.w.org\/{rel}","templated":true}]}}