{"id":24027,"date":"2023-04-26T11:27:54","date_gmt":"2023-04-26T15:27:54","guid":{"rendered":"https:\/\/www.westgatereservations.com\/orlando\/theme-parks\/discount-theme-park-tickets\/"},"modified":"2023-06-23T12:52:33","modified_gmt":"2023-06-23T16:52:33","slug":"discount-theme-park-tickets","status":"publish","type":"page","link":"https:\/\/www.westgatereservations.com\/es\/orlando\/theme-parks\/discount-theme-park-tickets\/","title":{"rendered":"Descuentos para Parques Tem\u00e1ticos en Orlando"},"content":{"rendered":"<div class=\"x-container max width py-4 my-4\">\r\n\t<h2 class=\"h4 mt-1 mb-0\" id=\"disneytix\">Boletos de descuento para parques tem\u00e1ticos en Orlando<\/h2>\r\n<p class=\"h5 mt-1 mb-4\">Walt Disney World, Universal Orlando Resort, SeaWorld Orlando<\/p>\r\n\r\n<p>\u00bfC\u00f3mo ser\u00eda un d\u00eda en Orlando para ti? \u00bfIncluye un viaje a los parques tem\u00e1ticos con tu familia y seres queridos? Si es as\u00ed, has llegado al lugar correcto. \u00a1Ll\u00e1manos para planear tus vacaciones para SeaWorld, Disney y Universal! Como fuente oficial de boletos de descuento para parques tem\u00e1ticos en Orlando, ofrecemos las mejores ofertas en las principales atracciones de Orlando, garantizado.<\/p>\r\n\r\n\r\n\t<div class=\"row\">\r\n\t\t<div class=\"col-12 col-lg-4\">\r\n\t\t\t<div class=\"x-promo p-3 text-center\"> \r\n\t\t\t\t<img decoding=\"async\" src=\"https:\/\/westgatecdn.com\/2023\/05\/logo-walt-disney-world-2023-2.jpg\" style=\"width:220px;\" alt=\"Disney Logo\">\r\n\t\t\t\t<img decoding=\"async\" src=\"https:\/\/westgatecdn.com\/2023\/05\/disney-castle-600x600-1.jpg\" alt=\"Disney\">\r\n\t\t\t\t<a target=\"_blank\" href=\"https:\/\/kgstix.com\/westgate\/walt-disney-world\/?refid=WGRticketsLP\" class=\"x-btn btn-orange px-5\" rel=\"noopener\" style=\"margin-top:-20px;\">Comprar<\/a>\r\n\t\t\t<\/div>\r\n\t\t<\/div>\r\n\t\t<div class=\"col-12 col-lg-4\">\r\n\t\t\t<div class=\"x-promo p-3 text-center\"> \r\n\t\t\t\t<img decoding=\"async\" class=\"mb-3\" src=\"https:\/\/westgatecdn.com\/2023\/04\/universal-orlando-logo.jpg\" style=\"width:180px;\" alt=\"Universal Logo\">\r\n\t\t\t\t<img decoding=\"async\" src=\"https:\/\/westgatecdn.com\/2023\/05\/universal-parks-600x600-1.jpg\" alt=\"Universal\">\r\n\t\t\t\t<a target=\"_blank\" href=\"https:\/\/kgstix.com\/westgate\/universal-orlando\/?refid=WGRticketsLP\" class=\"x-btn btn-orange px-5\" rel=\"noopener\" style=\"margin-top:-20px;\">Comprar<\/a>\r\n\t\t\t<\/div>\r\n\t\t<\/div>\r\n\t\t<div class=\"col-12 col-lg-4\">\r\n\t\t\t<div class=\"x-promo p-3 text-center\"> \r\n\t\t\t\t<img decoding=\"async\" class=\"mb-3\" src=\"https:\/\/westgatecdn.com\/2023\/04\/seaworld-orlando-logo-200.jpg\" style=\"width:150px;\" alt=\"seaworld Logo\">\r\n\t\t\t\t<img decoding=\"async\" src=\"https:\/\/westgatecdn.com\/2023\/05\/seaworld-icebreaker-600x600-1.jpg\" alt=\"seaworld\">\r\n\t\t\t\t<a target=\"_blank\" href=\"https:\/\/kgstix.com\/westgate\/seaworld-busch-gardens\/?refid=WGRticketsLP\" class=\"x-btn btn-orange px-5\" rel=\"noopener\" style=\"margin-top:-20px;\">Comprar<\/a>\r\n\t\t\t<\/div>\r\n\t\t<\/div>\r\n\t<\/div>\r\n<\/div>\r\n\r\n\r\n<div style=\"background:#6f43d6;\" class=\"py-5 mt-4\">\r\n\t<div class=\"x-container max width py-5\">\r\n\t\t<div class=\"row\">\r\n\t\t\t<div class=\"d-lg-flex align-items-center\">\r\n\t\t\t\t<div class=\"col-12 col-lg-6\">\r\n\t\t\t\t\t<p class=\"m-0 d-none d-lg-block pr-4\" style=\"font-size:1.1vw;\">\r\n\t\t\t\t\t\t<span class=\"h1 text-white m-0\" style=\"text-transform: uppercase;\">Compra <span style=\"color: #4fd5ed;\">2 Tickets<\/span><br\/> Y Recibe <span style=\"color: #4fd5ed;\">$200<\/span> <\/span>\r\n\t\t\t\t\t<\/p>\r\n\t\t\t\t\t<p class=\"mt-0 mb-3 d-block d-lg-none pr-4\">\r\n\t\t\t\t\t\t<span class=\"h1 text-white m-0\" style=\"text-transform: uppercase;\">Compra <span style=\"color: #4fd5ed;\">2 Tickets<\/span><br\/> Y Recibe <span style=\"color: #4fd5ed;\">$200<\/span> <\/span>\r\n\t\t\t\t\t<\/p>\r\n\t\t\t\t<\/div>\r\n\t\t\t\t<div class=\"col-12 col-lg-6\">\r\n\t\t\t\t\t<div class=\"text-white\">\r\n\t\t\t\t\t\t<p><i style=\"float:left;\" class=\"fa fa-exclamation-circle fa-3x mr-2\" aria-hidden=\"true\"><\/i><b>se le pedir\u00e1 que realice un recorrido de propiedad vacacional de 90 minutos, as\u00ed como que cumpla con los siguientes requisitos:<\/b><br\/> <\/p>\r\n\t\t\t\t\t\t<div class=\"p-4\" style=\"border:1px solid #fff; border-radius: 5px;\">\r\n\t\t\t\t\t\t\t<p class=\"m-0\">\r\n\t\t\t\t\t\t\t\t<i class=\"fas fa-check\"><\/i> Casados Y viajando juntos<br\/>  \r\n\t\t\t\t\t\t\t\t<i class=\"fas fa-check\"><\/i> Empleado con ingresos anuales combinados de al menos $ 60,000 USD<br\/>  \r\n\t\t\t\t\t\t\t\t<i class=\"fas fa-check\"><\/i> Ciudadanos de los Estados Unidos o en de pa\u00edses donde se registraron para solicitar<br\/>  \r\n\t\t\t\t\t\t\t\t<i class=\"fas fa-check\"><\/i> Edades de 28 \u2013 68<br\/>  \r\n\t\t\t\t\t\t\t\t<i class=\"fas fa-check\"><\/i> Llevar una tarjeta de cr\u00e9dito v\u00e1lida (no se aceptan tarjetas prepagadas o recargables)<br\/>\r\n \u2022 Puede estar sujeto a t\u00e9rminos adicionales\r\n\t\t\t\t\t\t\t<\/p>\r\n\t\t\t\t\t\t<\/div>\r\n\t\t\t\t\t<\/div>\r\n\t\t\t\t<\/div>\r\n\r\n\t\t\t<\/div>\r\n\t\t<\/div>\r\n\t\t<div class=\"row\">\r\n\t\t\t<div class=\"col-12 center-text\">\r\n\t\t\t\t<p class=\"text-white pt-5\">Entiendo los requisitos<\/p>\r\n\t\t\t\t<a href=\"https:\/\/kgstix.com\/westgate\/?refid=WGR200GC\" class=\" x-btn btn-white x-btn-large px-5\">Obtener Oferta<\/a><br\/>\r\n\t\t\t<\/div>\r\n\t\t<\/div>\r\n\t<\/div>\r\n<\/div>\r\n\r\n\r\n<div class=\"x-container max width py-4 my-4\">\r\n\r\n<p>\u00bfPor qu\u00e9 pagar el precio completo cuando puedes disfrutar de los mismos incre\u00edbles parques tem\u00e1ticos y atracciones en Orlando por menos? Es por eso que nos hemos <b> asociado con los principales vendedores de tickets autorizados <\/b> para ofrecer a nuestros hu\u00e9spedes descuentos exclusivos y ofertas que no encontrar\u00e1 en ning\u00fan otro lugar. Ya sea que se trate de una visita a parques ic\u00f3nicos como Walt Disney World, Universal Orlando y SeaWorld a gemas menos conocidas, Westgate Reservations puede garantizarle a usted y a su familia una escapada m\u00e1gica y memorable a Orlando, Florida. \u00a1Maximice su tiempo de vacaciones y estire a\u00fan m\u00e1s su presupuesto con nuestras ofertas especiales y ahorros hoy! <b> \u00bfSigues buscando reservar tus vacaciones? <\/b> <a href=\"\/es\/specials\/orlando\/\">Vea nuestras ofertas especiales de vacaciones actuales en Orlando.\r\n\r\n<\/a><\/p>\r\n\r\n<h3>Frequently Asked Questions<\/h3>\r\n                   <div class=\"x-column x-sm x-1-2\">\r\n                        [accordion]\r\n                        [accordion_item title=\"\u00bfNecesita reservas para Universal?\"]\r\n                        <p>No, Universal Orlando Resort no requiere reservaciones para ingresar al parque.\r\n\r\n<\/p>\r\n                        [\/accordion_item] \r\n                        [\/accordion]\r\n[accordion]\r\n                        [accordion_item title=\"\u00bfNecesitas reservaciones para los parques de Disney?\"]\r\n                        <p>S\u00ed, Walt Disney World requiere reservaciones para ingresar a los numerosos parques. Esto durar\u00e1 hasta el 8 de enero de 2024. Una vez que compre sus boletos, revise y confirme cuidadosamente las fechas seleccionadas.\r\n\r\n<\/p>\r\n                        [\/accordion_item] \r\n                        [\/accordion]\r\n                   <\/div>\r\n                   <div class=\"x-column x-sm x-1-2 last\">\r\n                        [accordion]\r\n                        [accordion_item title=\"\u00bfNecesitas reservaciones para SeaWorld?\"]\r\n                        <p>No, SeaWorld Orlando ha eliminado oficialmente su sistema de reservas.\r\n\r\n<\/p>\r\n                        [\/accordion_item] \r\n                        [\/accordion]\r\n                        [accordion]\r\n                        [accordion_item title=\"\u00bfCu\u00e1ntas entradas con descuento para parques tem\u00e1ticos puedes comprar?\"]\r\n                        <p>\u00a1Los que quieras! Ofrecemos a los hu\u00e9spedes la oportunidad de comprar boletos asequibles para los parques tem\u00e1ticos para las principales atracciones de Orlando, los mejores ahorros que no encontrar\u00e1 en ning\u00fan otro lugar.\r\n\r\n<\/p>\r\n                        [\/accordion_item] \r\n                        [\/accordion]\r\n                    <\/div>\r\n                    [clear]\r\n                <\/div>\r\n        <!--\/-->\r\n<\/div>","protected":false},"excerpt":{"rendered":"<p>Boletos de descuento para parques tem\u00e1ticos en Orlando Walt Disney World, Universal Orlando Resort, SeaWorld Orlando \u00bfC\u00f3mo ser\u00eda un d\u00eda en Orlando para ti? \u00bfIncluye un viaje a los parques ... <\/p>\n<div><a href=\"https:\/\/www.westgatereservations.com\/es\/orlando\/theme-parks\/discount-theme-park-tickets\/\" class=\"more-link\">Leer M\u00e1s<\/a><\/div>\n","protected":false},"author":2,"featured_media":24028,"parent":10962,"menu_order":0,"comment_status":"closed","ping_status":"closed","template":"template-blank-4.php","meta":{"footnotes":""},"_links":{"self":[{"href":"https:\/\/www.westgatereservations.com\/es\/wp-json\/wp\/v2\/pages\/24027"}],"collection":[{"href":"https:\/\/www.westgatereservations.com\/es\/wp-json\/wp\/v2\/pages"}],"about":[{"href":"https:\/\/www.westgatereservations.com\/es\/wp-json\/wp\/v2\/types\/page"}],"author":[{"embeddable":true,"href":"https:\/\/www.westgatereservations.com\/es\/wp-json\/wp\/v2\/users\/2"}],"replies":[{"embeddable":true,"href":"https:\/\/www.westgatereservations.com\/es\/wp-json\/wp\/v2\/comments?post=24027"}],"version-history":[{"count":0,"href":"https:\/\/www.westgatereservations.com\/es\/wp-json\/wp\/v2\/pages\/24027\/revisions"}],"up":[{"embeddable":true,"href":"https:\/\/www.westgatereservations.com\/es\/wp-json\/wp\/v2\/pages\/10962"}],"wp:featuredmedia":[{"embeddable":true,"href":"https:\/\/www.westgatereservations.com\/es\/wp-json\/wp\/v2\/media\/24028"}],"wp:attachment":[{"href":"https:\/\/www.westgatereservations.com\/es\/wp-json\/wp\/v2\/media?parent=24027"}],"curies":[{"name":"wp","href":"https:\/\/api.w.org\/{rel}","templated":true}]}}