{"id":23937,"date":"2017-08-15T15:25:24","date_gmt":"2017-08-15T19:25:24","guid":{"rendered":"https:\/\/www.westgatereservations.com\/tour-qualifications\/"},"modified":"2023-05-22T13:59:46","modified_gmt":"2023-05-22T17:59:46","slug":"tour-qualifications","status":"publish","type":"page","link":"https:\/\/www.westgatereservations.com\/es\/tour-qualifications\/","title":{"rendered":"Calificaciones del Tour"},"content":{"rendered":"[content_band class=\"mtn mbl\" bg_image=\"https:\/\/westgatecdn.com\/2016\/09\/orlando-timeshare-banner.jpg\" inner_container=\"true\" alt=\"resorts in orlando\" parallax=\"false\"]\r\n[custom_headline style=\"margin-top: 0; color:#ffffff;\" type=\"center\" level=\"h1\" looks_like=\"h3\"]Calificaciones del Tour[\/custom_headline]\r\n[\/content_band]\r\n\r\n<!--content 3\/4 - 1\/4-->\r\n<!--\r\n<div class=\"x-column x-sm x-3-4\">\r\n-->\r\n[container class=\"ptl pbl\"]\r\n<div class=\"x-column x-1-7 x-d-none-phone\">\r\n<i class=\"fas fa-dollar-sign\" aria-d-none=\"true\" style=\"font-size:8em; color: #f1f1f1\"><\/i>\r\n<\/div>\r\n<div class=\"x-column x-sm x-5-6 last\">\r\n<h1 class=\"mtn h3\" style=\"font-weight:100;\">Ahorre con nuestro  Resort Tour<\/h1>\r\n<p>\r\nAl elegir ahorrar con nuestro Resort Tour, los hu\u00e9spedes calificados disfrutar\u00e1n del precio m\u00e1s bajo y garantizado. Adem\u00e1s, no se aplicar\u00e1n todas las tarifas diarias est\u00e1ndar del resort. Simplemente se le pedir\u00e1 que disfrute de un desayuno caliente completo de cortes\u00eda y realice un divertido y entretenido Tour de descubrimiento VIP de la propiedad. No hay obligaci\u00f3n de comprar y siguiendo el recorrido por el resort, \u00a1el resto de su tiempo de vacaciones es simplemente suyo para disfrutar!\r\n\r\n\r\n<\/p>\r\n<\/div>\r\n\r\n\r\n[\/container]\r\n[container class=\"ptl pbl\"]\r\n<div>\r\n[column type=\"one-half\"]\r\n<p class=\"center-text h5 mbm mtn\" style=\"font-weight:100;\">\u00bfQu\u00e9 es el Discovery Tour?<\/p>\r\n[image class=\"gallery-1 interior mbn\" src=\"https:\/\/westgatecdn.com\/2017\/08\/qualifications-1.jpg\" type=\"thumbnail\" link=\"true\" href=\"https:\/\/westgatecdn.com\/2017\/08\/qualifications-1.jpg\" alt =\"Tour Qualifications\" title=\"\"]\r\n[image class=\"gallery-1 interior d-none\" src=\"https:\/\/westgatecdn.com\/2017\/08\/c_discovery-tour-slide12.jpg\" type=\"thumbnail\" link=\"true\" href=\"https:\/\/westgatecdn.com\/2017\/08\/c_discovery-tour-slide12.jpg\" alt=\"Westgate Resorts property\" title=\"\"]\r\n[image class=\"gallery-1 interior d-none\" src=\"https:\/\/westgatecdn.com\/2017\/08\/c_discovery-tour-slide2.jpg\" type=\"thumbnail\" link=\"true\" href=\"https:\/\/westgatecdn.com\/2017\/08\/c_discovery-tour-slide2.jpg\" alt=\"Resort Front Desk\" title=\"\"]\r\n[image class=\"gallery-1 interior d-none\" src=\"https:\/\/westgatecdn.com\/2017\/08\/c_discovery-tour-slide1.jpg\" type=\"thumbnail\" link=\"true\" href=\"https:\/\/westgatecdn.com\/2017\/08\/c_discovery-tour-slide1.jpg\" alt=\"resort tour\" title=\"\"]\r\n[image class=\"gallery-1 interior d-none\" src=\"https:\/\/westgatecdn.com\/2017\/08\/c_discovery-tour-slide4.jpg\" type=\"thumbnail\" link=\"true\" href=\"https:\/\/westgatecdn.com\/2017\/08\/c_discovery-tour-slide4.jpg\" alt=\"resort mini golf\" title=\"\"]\r\n[image class=\"gallery-1 interior d-none\" src=\"https:\/\/westgatecdn.com\/2017\/08\/c_discovery-tour-slide3.jpg\" type=\"thumbnail\" link=\"true\" href=\"https:\/\/westgatecdn.com\/2017\/08\/c_discovery-tour-slide3.jpg\" alt=\"resort marina swan boats\" title=\"\"]\r\n[image class=\"gallery-1 interior d-none\" src=\"https:\/\/westgatecdn.com\/2017\/08\/c_discovery-tour-slide5.jpg\" type=\"thumbnail\" link=\"true\" href=\"https:\/\/westgatecdn.com\/2017\/08\/c_discovery-tour-slide5.jpg\" alt=\"westgate resorts movie theater\" title=\"\"]\r\n[image class=\"gallery-1 interior d-none\" src=\"https:\/\/westgatecdn.com\/2017\/08\/c_discovery-tour-slide6.jpg\" type=\"thumbnail\" link=\"true\" href=\"https:\/\/westgatecdn.com\/2017\/08\/c_discovery-tour-slide6.jpg\" alt=\"on property dining\" title=\"\"]\r\n[image class=\"gallery-1 interior d-none\" src=\"https:\/\/westgatecdn.com\/2017\/08\/c_discovery-tour-slide8.jpg\" type=\"thumbnail\" link=\"true\" href=\"https:\/\/westgatecdn.com\/2017\/08\/c_discovery-tour-slide8.jpg\" alt=\"Villa Dining Room\" title=\"\"]\r\n[image class=\"gallery-1 interior d-none\" src=\"https:\/\/westgatecdn.com\/2017\/08\/c_discovery-tour-slide11.jpg\" type=\"thumbnail\" link=\"true\" href=\"https:\/\/westgatecdn.com\/2017\/08\/c_discovery-tour-slide11.jpg\" alt=\"villa living room\" title=\"\"]\r\n[image class=\"gallery-1 interior d-none\" src=\"https:\/\/westgatecdn.com\/2017\/08\/c_discovery-tour-slide10.jpg\" type=\"thumbnail\" link=\"true\" href=\"https:\/\/westgatecdn.com\/2017\/08\/c_discovery-tour-slide10.jpg\" alt=\"villa room jacuzzi\" title=\"\"]\r\n[lightbox selector=\".gallery-1\" deeplink=\"\" opacity=\"0.875\" prev_scale=\"0.75\" prev_opacity=\"0.75\" next_scale=\"0.75\" next_opacity=\"0.75\" orientation=\"horizontal\" thumbnails=\"true\"]\r\n<p class=\"mtl mbl\">\r\n\u00a1Descubra la diferencia en Westgate Resorts! Es mucho m\u00e1s que un hotel est\u00e1ndar, nuestras propiedades de resort de primer nivel ofrecen amplias villas, comodidades exclusivas y vacaciones extraordinarias. Compru\u00e9belo usted mismo en un recorrido por el resort VIP divertido y personalizado.\r\n\r\n<\/p>\r\n<div id=\"acc2\" class=\"x-accordion\">\r\n<div class=\"x-accordion-group\" data-cs-collapse-group=\"\"><div class=\"x-accordion-heading\"><a class=\"x-accordion-toggle collapsed\" data-cs-collapse-toggle=\"\" data-cs-collapse-parent=\"#acc2\">\r\nVer: Descripci\u00f3n general del Discovery Tour\r\n<\/a><\/div><div class=\"x-accordion-body collapse\" data-cs-collapse-content=\"\" style=\"height: 0px;\"><div class=\"x-accordion-inner\">\r\n<p>\r\nEl tour de descubrimiento del resort es un recorrido especial en carrito de golf VIP de nuestra propiedad del resort. Despu\u00e9s de un delicioso desayuno, disfrutar\u00e1 de un recorrido personalizado y una presentaci\u00f3n de ventas que destaca nuestras amplias y lujosas villas, la amplia gama de exquisitas comodidades del resort y se le presentar\u00e1n las muchas actividades familiares disponibles.\r\n\r\n<\/p>\r\n<p>\r\nDurante la presentaci\u00f3n de ventas, su representante de vacaciones le explicar\u00e1 los extraordinarios beneficios y ahorros proporcionados por la propiedad vacacional en Westgate Resorts. Aprender\u00e1 c\u00f3mo puede experimentar las vacaciones anuales a destinos populares, mientras disfruta de la amplia comodidad de los alojamientos en villas de lujo y las innumerables comodidades estilo centro tur\u00edstico. Ver\u00e1 por qu\u00e9 la propiedad de tiempo compartido sigue siendo una de las opciones de vacaciones m\u00e1s populares para personas de todo el mundo y por qu\u00e9 Westgate tiene m\u00e1s de 400,000 propietarios satisfechos.\r\n\r\n<\/p>\r\n<\/div><\/div><\/div> \r\n<\/div>\r\n\r\n[\/column]\r\n[column type=\"one-half\" last=\"true\"]\r\n<p class=\"center-text h5 mbm mtn\" style=\"font-weight:100;\">\u00bfPor qu\u00e9 debe estar calificado?<\/p>\r\n<img decoding=\"async\" class=\"x-img-thumbnail\" src=\"https:\/\/westgatecdn.com\/2017\/09\/do-you-qualify.jpg\" alt=\"Calificaciones del tour Westgate resorts\">\r\n<p class=\"mtl mbl\">\r\nNuestras tarifas de resort Tour  est\u00e1n dise\u00f1adas para brindarle una visi\u00f3n interna de los beneficios y ahorros \u00fanicos asociados con la propiedad de vacaciones. Debido a que estas tarifas est\u00e1n tan profundamente descontadas, se requieren ciertas restricciones y disposiciones para participar. \r\n<\/p>\r\n<div id=\"acc1\" class=\"x-accordion\">\r\n<div class=\"x-accordion-group\" data-cs-collapse-group=\"\"><div class=\"x-accordion-heading\"><a class=\"x-accordion-toggle collapsed\" data-cs-collapse-toggle=\"\" data-cs-collapse-parent=\"#acc1\">\r\nVer: Calificaciones del Tour Resort<\/a><\/div><div class=\"x-accordion-body collapse\" data-cs-collapse-content=\"\"><div class=\"x-accordion-inner\">\r\nPor favor, consulte nuestros <a href=\"\/es\/terms-and-conditions\/\">T\u00c9RMINOS Y CONDICIONES <\/a> para completar los requisitos de calificaci\u00f3n.\r\n<\/div><\/div><\/div> \r\n<\/div>\r\n[\/column]\r\n[clear]\r\n<\/div>\r\n[gap size=\"4em\"]\r\n[\/container]\r\n<div class=\"ptl pbl\" style=\"background:#f8f8f8;\">\r\n[container]\r\n[gap size=\"4em\"]\r\n<div class=\"x-column x-1-5\"><img decoding=\"async\" src=\"https:\/\/westgatecdn.com\/2017\/08\/use10best-logo.png\" alt=\"USA Today 10 Best\"><\/div>\r\n<div class=\"x-column x-1-5\"><img decoding=\"async\" src=\"https:\/\/westgatecdn.com\/2017\/08\/orl-foodie-1.png\" alt=\"Orlando Foodie\"><\/div>\r\n<div class=\"x-column x-1-5\"><img decoding=\"async\" src=\"https:\/\/westgatecdn.com\/2017\/08\/opntable-2015.png\" alt=\"Open Table Winner 2015\"><\/div>\r\n<div class=\"x-column x-1-5\"><img decoding=\"async\" src=\"https:\/\/westgatecdn.com\/2017\/08\/tripadvisor-logo.png\" alt=\"Trip Advisor\"><\/div>\r\n<div class=\"x-column x-1-5 last\"><img decoding=\"async\" src=\"https:\/\/westgatecdn.com\/2017\/08\/orlsent-bestbet-logo.png\" alt=\"Orlando Sentinel Best\"><\/div>\r\n[clear]\r\n[gap size=\"4em\"]\r\n[\/container]\r\n<\/div>\r\n[content_band inner_container=\"true\" padding_top=\"0px\" padding_bottom=\"0px\" border=\"none\" bg_image=\"https:\/\/westgatecdn.com\/2017\/08\/bglakesblue.jpg\" parallax=\"true\" style=\"color:#fff; text-align:center; margin-bottom:0px;\"]\r\n[gap size=\"4em\"]\r\n<p class=\"center-text h3\" style=\"font-weight:100; color:#fff;\">Beneficios de la propiedad vacacional<\/p>\r\n[line]\r\n[gap size=\"1em\"]\r\n<div>\r\n[column type=\"one-third\"]\r\n<i style=\"font-size:4em;\" class=\"far fa-sun\" aria-d-none=\"true\"><\/i>\r\n<p class=\"h5 mtn\" style=\"font-weight:100; color:#fff;\">Vacaciones Garantizadas<\/p>\r\n<ul style=\"text-align:left;\">\r\n<li>Cree una vida de recuerdos de vacaciones familiares<\/li>\r\n<li>Vacaciones garantizadas y prepagadas<\/li>\r\n<li>Alojamiento de 5 estrellas en Westgate cada a\u00f1o<\/li>\r\n<\/ul>\r\n[\/column]\r\n[column type=\"one-third\"]\r\n<i style=\"font-size:4em; line-height:1.7em;\" class=\"fas fa-home \" aria-d-none=\"true\"><\/i>\r\n<p class=\"h5 mtn\" style=\"font-weight:100; color:#fff;\">All the Comforts of Home<\/p>\r\n<ul style=\"text-align:left;\">\r\n<li>Espacio separado para comer, vivir, dormir<\/li>\r\n<li>Muebles y comodidades exquisitos<\/li>\r\n<li>Cocina totalmente equipada<\/li>\r\n<\/ul>\r\n[\/column]\r\n[column type=\"one-third\" last=\"true\"]\r\n<i style=\"font-size:4em;\" class=\"fas fa-magic\" aria-d-none=\"true\"><\/i>\r\n<p class=\"h5 mtn\" style=\"font-weight:100; color:#fff;\">Amplias habitaciones<\/p>\r\n<ul style=\"text-align:left;\">\r\n<li>M\u00e1s espacio que una habitaci\u00f3n de hotel<\/li>\r\n<li>Espacio extra para los ni\u00f1os<\/li>\r\n<li>Proporciona un hogar lejos del hogar<\/li>\r\n<\/ul>\r\n[\/column]\r\n<\/div>\r\n<div>\r\n[column type=\"one-third\"]\r\n<i style=\"font-size:4em; line-height:1.7em;\" class=\"far fa-newspaper \" aria-d-none=\"true\"><\/i>\r\n<p class=\"h5 mtn\" style=\"font-weight:100; color:#fff;\">Deeded Ownership<\/p>\r\n<ul style=\"text-align:left;\">\r\n<li>Posea en lugar de alquilar su alojamiento de vacaciones<\/li>\r\n<li>Menos costoso que comprar un condominio o casa de vacaciones<\/li>\r\n<li>Pride of ownership \u2013 transferable to your heirs<\/li>\r\n<\/ul>\r\n[\/column]\r\n[column type=\"one-third\" last=\"true\"]\r\n<i style=\"font-size:4em; line-height:1.7em;\" class=\"far fa-newspaper \" aria-d-none=\"true\"><\/i>\r\n<p class=\"h5 mtn\" style=\"font-weight:100; color:#fff;\">Intercambio Vacacional<\/p>\r\n<ul style=\"text-align:left;\">\r\n<li>No est\u00e1s encerrado en el mismo resort todos los a\u00f1os<\/li>\r\n<li>Elija entre miles de resorts en todo el mundo<\/li>\r\n<li>Orgullo de propiedad: transferible a sus herederos<\/li>\r\n<\/ul>\r\n[\/column]\r\n[clear]\r\n[gap size=\"4em\"]\r\n<\/div>\r\n[\/content_band]\r\n[container]\r\n[gap size=\"4em\"]\r\n<div class=\"x-callout center-text\"><h2 class=\"h-callout\">Grandes ofertas te esperan<\/h2>\r\n<p class=\"p-callout\">\r\nVea cu\u00e1nto puede ahorrar con nuestros exclusivos paquetes de vacaciones con descuento a destinos tur\u00edsticos populares en los EE. UU.<br\/>\r\nLlama [phone_link][tel][\/phone_link]<\/p>\r\n<a href=\"\/es\/specials\/\" class=\"x-btn\" title=\"Ver Ofertas\">Ver ofertas especiales<\/a>\r\n<\/div>\r\n[\/container]\r\n[gap size=\"6em\"]\r\n<!--\r\n<\/div>\r\n-->\r\n<!--\r\n<div class=\"x-column x-sm x-1-4 last\">\r\n<h5 class=\"mtn mbn\">Preguntas:<\/h5>\r\n<h3 class=\"mtn\">[phone]<\/h3>\r\n[search-availability]\r\n<\/div>\r\n-->\r\n<!--\/content 2\/3 - 1\/3-->","protected":false},"excerpt":{"rendered":"<p>[content_band class=\"mtn mbl\" bg_image=\"https:\/\/westgatecdn.com\/2016\/09\/orlando-timeshare-banner.jpg\" inner_container=\"true\" alt=\"resorts in orlando\" parallax=\"false\"] [custom_headline style=\"margin-top: 0; color:#ffffff;\" type=\"center\" level=\"h1\" looks_like=\"h3\"]Calificaciones del Tour[\/custom_headline] [\/content_band] [container class=\"ptl pbl\"] Ahorre con nuestro Resort Tour Al elegir ahorrar ... <\/p>\n<div><a href=\"https:\/\/www.westgatereservations.com\/es\/tour-qualifications\/\" class=\"more-link\">Leer M\u00e1s<\/a><\/div>\n","protected":false},"author":2,"featured_media":0,"parent":0,"menu_order":0,"comment_status":"closed","ping_status":"closed","template":"template-blank-4.php","meta":{"footnotes":""},"_links":{"self":[{"href":"https:\/\/www.westgatereservations.com\/es\/wp-json\/wp\/v2\/pages\/23937"}],"collection":[{"href":"https:\/\/www.westgatereservations.com\/es\/wp-json\/wp\/v2\/pages"}],"about":[{"href":"https:\/\/www.westgatereservations.com\/es\/wp-json\/wp\/v2\/types\/page"}],"author":[{"embeddable":true,"href":"https:\/\/www.westgatereservations.com\/es\/wp-json\/wp\/v2\/users\/2"}],"replies":[{"embeddable":true,"href":"https:\/\/www.westgatereservations.com\/es\/wp-json\/wp\/v2\/comments?post=23937"}],"version-history":[{"count":0,"href":"https:\/\/www.westgatereservations.com\/es\/wp-json\/wp\/v2\/pages\/23937\/revisions"}],"wp:attachment":[{"href":"https:\/\/www.westgatereservations.com\/es\/wp-json\/wp\/v2\/media?parent=23937"}],"curies":[{"name":"wp","href":"https:\/\/api.w.org\/{rel}","templated":true}]}}