{"id":23868,"date":"2023-05-02T11:45:40","date_gmt":"2023-05-02T15:45:40","guid":{"rendered":"https:\/\/www.westgatereservations.com\/?page_id=23868"},"modified":"2025-04-10T15:12:58","modified_gmt":"2025-04-10T19:12:58","slug":"walt-disney-world","status":"publish","type":"page","link":"https:\/\/www.westgatereservations.com\/es\/orlando\/theme-parks\/walt-disney-world\/","title":{"rendered":"Walt Disney World"},"content":{"rendered":"<img decoding=\"async\" class=\"x-visible-phone\" src=\"https:\/\/westgatecdn.com\/2023\/07\/disney-banner-magic-kingdom-500.webp\" alt=\"Disney World Orlando\" \/>\r\n<div class=\"x-container max width\">\r\n[gap size=\"15em\" class=\"x-hidden-phone\"]\r\n<div class=\"full-banner-bg x-hidden-phone\" style=\"height: 400px; background-image: url('https:\/\/westgatecdn.com\/2023\/07\/disney-banner-magic-kingdom-500.webp'); background-position: center;\"><\/div>\r\n<div>\r\n<div class=\"search-regular mt-3 mt-md-0\">[search-availability layout=\"horizontal\" destination=\"Orlando\" title=\"Find Resorts Near Disney\"]<\/div>\r\n<\/div>\r\n[clear]\r\n[gap size=\"1em\" class=\"x-hidden-phone\"]\r\n<\/div>\r\n<div class=\"center-text fw-wrapper x-hidden-phone\">\r\n    <div class=\"d-flex justify-content-center font-120 mt-1\">\r\n        <wf-scroll hash=\"plan\" class=\"mx-2\"> Planifique con anticipaci\u00f3n <\/wf-scroll>\r\n        <wf-scroll hash=\"tix\" class=\"mx-2\">Tickets<\/wf-scroll>\r\n        <wf-scroll hash=\"resorts\" class=\"mx-2\">Cerca de Resorts <\/wf-scroll>\r\n        <wf-scroll hash=\"faq\" class=\"mx-2\">Preguntas Frecuentes<\/wf-scroll>\r\n    <\/div>\r\n<\/div>\r\n\r\n<div class=\"x-container max width mt-3 mt-md-5\">\r\n    <div class=\"row\">\r\n        <div class=\"col-12 col-md-9\">\r\n            <h1 class=\"h3 mt-0\">Walt Disney World\u00ae Resort - Westgate Reservations<\/h1>\r\n            <p>Descubra el encanto de Walt Disney World Resort, \u00a1donde los sue\u00f1os de la infancia se hacen realidad! Cada a\u00f1o, familias de todas partes del mundo viajan a Orlando, ansiosas por embarcarse en una aventura m\u00e1gica utilizando nuestros excepcionales <a href=\"\/es\/orlando\/vacation-packages\/disney\/\"> paquetes de vacaciones Westgate en Disney<\/a> Durante m\u00e1s de tres d\u00e9cadas, Westgate ha creado experiencias inolvidables, combinando las maravillas de Walt Disney World con nuestras ofertas exclusivas de boletos y <a href=\"\/specials\/\">paquetes de vacaciones<\/a> con descuento.<\/p>\r\n            <img decoding=\"async\" class=\"mt-3\" src=\"https:\/\/westgatecdn.com\/2023\/07\/disney-family-with-food-1.webp\" alt=\"family at magic kingdom with food\">\r\n            <h2 class=\"h5 mt-4\" id=\"plan\">Planifique sus vacaciones de ensue\u00f1o en Westgate Disney World<\/h2>\r\n            <p>Al ingresar al reino de Disney World Orlando, ser\u00e1 recibido por un mundo de maravillas y aventuras. Explora los ic\u00f3nicos parques tem\u00e1ticos, cada uno con su propio encanto y atracciones \u00fanicos. Leer m\u00e1s: <a href=\"https:\/\/www.westgatereservations.com\/es\/blog\/disney-rides-attractions-the-complete-list-printables-included\/ \"> \u00a1La Lista Completa! | Imprimibles Gratuitos Incluidos <\/a><\/p>\r\n            <ul class=\"ml-2\">\r\n                <li><strong>Magic Kingdom: <\/strong>\r\n                     Sum\u00e9rgete en los cuentos eternos y conoce a los personajes cl\u00e1sicos de Disney en <a href=\"\/es\/orlando\/theme-parks\/walt-disney-world\/magic-kingdom-orlando\/\">Magic Kingdom<\/a>.Desde el Castillo de Cenicienta hasta atracciones emocionantes como Space Mountain, la magia es infinita.\r\n                <\/li>\r\n                <li><strong>Epcot: <\/strong>\r\n                    Emb\u00e1rcate en un viaje alrededor del mundo en <a href=\"\/es\/orlando\/theme-parks\/walt-disney-world\/epcot-orlando\/\">Epcot<\/a>. Descubra diversas culturas, el festival de comida y vino de Epcot, el festival de flores y jardines de Epcot, tecnolog\u00eda innovadora y atracciones emocionantes como Soarin' y Test Track.\r\n                <\/li>\r\n                <li><strong>Disney's Hollywood Studios: <\/strong>\r\n                    Ad\u00e9ntrate en el brillo y el glamour de Hollywood en <a href=\"\/es\/orlando\/theme-parks\/walt-disney-world\/disney-hollywood-studios\/\">Disney's Hollywood Studios<\/a>. Experimente atracciones de gran \u00e9xito, espect\u00e1culos en vivo y los favoritos de todos. <a href=\"\/blog\/star-wars-galaxys-edge-a-galaxy-not-so-far-away\/\">Star Wars: Galaxy's Edge<\/a>\r\n                <\/li>\r\n                <li><strong>Disney's Animal Kingdom: <\/strong>\r\n                   Encuentre las maravillas de la naturaleza y la fascinante vida silvestre en <a href=\"\/es\/orlando\/theme-parks\/walt-disney-world\/animal-kingdom-orlando\/\">Disney's Animal Kingdom<\/a>. Ac\u00e9rquese a criaturas ex\u00f3ticas, emb\u00e1rquese en emocionantes safaris y sum\u00e9rjase en el mundo m\u00edstico de Pandora.\r\n                <\/li>\r\n                <li><strong>Disney Springs: <\/strong>\r\n                    Descubra un mundo de encanto y emoci\u00f3n en <a href=\"\/es\/orlando\/theme-parks\/walt-disney-world\/disney-springs\/\">Disney Springs<\/a> el mejor destino para ir de compras, cenar y entretenerse. Leer m\u00e1s:<a href=\"\/es\/blog\/ranked-reveal-best-disney-springs-restaurants\/\"> Clasificado: Revelamos los mejores restaurantes de Disney Springs<\/a>\r\n                <\/li>\r\n            <\/ul>\r\n            [blockquote type=\"center\"]Necesita Tickets? Obtengalos <a target=\"_blank\" rel=\"noreferrer noopener\" href=\"https:\/\/kgstix.com\/westgate\/walt-disney-world\/\">Discount Disney Tickets Today<\/a>[\/blockquote]\r\n            <img decoding=\"async\" class=\"mt-3\" src=\"https:\/\/westgatecdn.com\/2023\/07\/disney-typhoon-lagoon-1.webp\" alt=\"typhoon lagoon\">\r\n            <h2 class=\"h5 mt-4\">Explore Disney\u2019s Water Parks<\/h2>\r\n            <ul class=\"ml-2\">\r\n                <li><strong>Disney\u2019s Typhoon Lagoon:<\/strong>\r\n                     Sum\u00e9rgete en el para\u00edso ba\u00f1ado por el sol de <a href=\"\/orlando\/theme-parks\/walt-disney-world\/typhoon-lagoon-orlando\/\">Disney's Typhoon Lagoon<\/a>, donde te esperan emocionantes aventuras en medio de paisajes tropicales.\r\n                <\/li>\r\n                <li><strong>Disney\u2019s Blizzard Beach:<\/strong>\r\n                    Desde la serena relajaci\u00f3n del r\u00edo lento hasta la emoci\u00f3n helada del Summit Plummet, <a href=\"\/orlando\/theme-parks\/walt-disney-world\/blizzard-beach-orlando\/\">Disney's Blizzard Beach<\/a> promete una aventura helada que no querr\u00e1s perderte.\r\n                <\/li>\r\n            <\/ul>\r\n            [blockquote type=\"center\"]\u00a1Paquetes con descuento a Disney!\r\n            Llama [phone_link][tel][\/phone_link][\/blockquote]\r\n\r\n            <h2 class=\"h5 mb-3\" id=\"tix\">Entradas con descuento Westgate para  Disney<\/h2>\r\n            [content-block name=\"disney-tickets\"]\r\n            <p class=\"mt-2\">\u00bfEst\u00e1 buscando el paquete de vacaciones adecuado a un precio aparentemente incre\u00edble? Westgate Resorts se ha asociado con <a target=\"_blank\" href=\"https:\/\/kgstix.com\/westgate\/walt-disney-world\/\" rel=\"noreferrer noopener\">Kissimmee Guest Services<\/a>, que ofrece acceso exclusivo a entradas con descuento para Walt Disney World y muchos otros parques tem\u00e1ticos de Orlando. Con nuestras ofertas excepcionales, podr\u00e1s descubrir las maravillas de Disney a un precio accesible.<\/p>\r\n        <\/div>\r\n        <div class=\"col-12 col-md-3\">\r\n            [content-block name=\"sidebar-default-silo\"]\r\n            [recent_posts count=\"1\" no_image=\"false\" orientation=\"vertical\" category=\"disney world\"]\r\n            [recent_posts count=\"2\" no_image=\"true\" orientation=\"vertical\" offset=\"1\" category=\"disney world\" ]\r\n        <\/div>\r\n    <\/div>\r\n    <!---->\r\n<\/div>\r\n<div style=\"background: #efefef;\">\r\n    <div class=\"x-container max width my-5 py-4\">\r\n        <div class=\"row\">\r\n            <div class=\"col\">\r\n                <h2 class=\"h3 mt-3\" id=\"resorts\">\u00bfBusca complejos tur\u00edsticos cerca de Disney World?<\/h2>\r\n                <p>\u00bfQu\u00e9 podr\u00eda ser mejor que quedarse a pocos minutos de la magia de los Parques Disney? Lo tenemos cubierto con nuestros resorts cerca de Disney World, coloc\u00e1ndolo en el coraz\u00f3n de todo.<\/p>\r\n                [resorts ids=\"5810,5917,5945\"]\r\n            <\/div>\r\n        <\/div>\r\n    <\/div>\r\n<\/div>\r\n<!---->\r\n<div class=\"x-container max width\">\r\n    <div class=\"row\">\r\n        <div class=\"col\">\r\n            <h2 class=\"h3 mt-2\"> Aproveche al m\u00e1ximo sus vacaciones en Westgate Disney World <\/h2>\r\n            <h5> Consejos para visitar Walt Disney World<\/h5>\r\n            <p>\u00bfQu\u00e9 podr\u00eda ser mejor que quedarse a pocos minutos de la magia de los Parques Disney? Lo tenemos cubierto con nuestros resorts cerca de Disney World que lo ubicar\u00e1n justo en el coraz\u00f3n de todo.<\/p>\r\n            <ul class=\"ml-2\">\r\n                <li><strong>Planifique con anticipaci\u00f3n: <\/strong>\r\n                     Aprovecha el servicio Genie+ de Disney, las reservas para cenar y los mapas de los parques para optimizar tu tiempo y aprovechar al m\u00e1ximo tu experiencia en Disney.\r\n                    Leer m\u00e1s: <a href=\"\/es\/blog\/disney-on-a-budget\/\">Disney con un presupuesto limitado: 50 formas de ahorrar en tus vacaciones en Disney<\/a>\r\n                <\/li>\r\n                <li><strong>Llega temprano:<\/strong>\r\n                    Evite las multitudes llegando temprano a los parques. Puede esperar colas mucho m\u00e1s cortas mientras disfruta del entretenimiento matutino.\r\n                    Leer m\u00e1s: <a href=\"\/es\/blog\/say-goodbye-to-disney-wait-times-things-to-do-at-disney\/\">Di adi\u00f3s a los tiempos de espera de Disney: \u00a1Cosas para hacer en Disney sin colas! <\/a>\r\n                <\/li>\r\n                <li><strong>Mantente hidratado y energizado: <\/strong>\r\n                    El clima soleado de Florida puede ser muy caluroso, as\u00ed que mant\u00e9ngase hidratado y t\u00f3mese descansos para descansar y recargar energ\u00edas durante el d\u00eda. Empaque refrigerios como un truco econ\u00f3mico r\u00e1pido o disfrute de opciones para cenar dentro de los parques. Sea testigo de espectaculares desfiles y fascinantes fuegos artificiales que iluminan el cielo nocturno. Estas m\u00e1gicas actuaciones son realmente inolvidables. Leer m\u00e1s: <a href=\"\/es\/blog\/at-disney-its-a-small-world-with-too-many-big-strollers\/\">En Disney, es un mundo peque\u00f1o con demasiados cochecitos grandes<\/a>\r\n                <\/li>\r\n            <\/ul>\r\n            <h5>Actividades para toda la familia en Walt Disney World<\/h5>\r\n            <p>Disney World es el para\u00edso para las familias, ofreciendo un sinf\u00edn de entretenimiento para ni\u00f1os y adultos de todas las edades. Descubra las mejores actividades familiares que crear\u00e1n momentos y sonrisas preciados:<\/p>\r\n            <ul class=\"ml-2\">\r\n                <li><strong>Conoce y saluda a los personajes: <\/strong>\r\n                   Conoce a los personajes cl\u00e1sicos de Disney en todos los parques, incluidos Mickey Mouse, Cenicienta, Buzz Lightyear y Elsa. Capture fotograf\u00edas inolvidables y recopile aut\u00f3grafos mientras lo hace.\r\n                <\/li>\r\n                <li><strong>Desfiles y fuegos artificiales: <\/strong>\r\n                     Sea testigo de espectaculares desfiles y fascinantes fuegos artificiales que iluminan el cielo nocturno. Estas m\u00e1gicas actuaciones son realmente inolvidables.\r\n                    Read More: <a href=\"\/es\/blog\/at-disney-its-a-small-world-with-too-many-big-strollers\/\"> En Disney, es un mundo peque\u00f1o con demasiados cochecitos grandes<\/a>\r\n                <\/li>\r\n                <li><strong>\u00c1reas de juego interactivas: <\/strong>\r\n                   Deje que los ni\u00f1os quemen algo de energ\u00eda en las distintas \u00e1reas de juegos interactivos repartidas por los parques. Desde \u00e1reas de chapoteo hasta \u00e1reas de juegos tem\u00e1ticas, no falta diversi\u00f3n. Leer m\u00e1s: <a href=\"\/es\/blog\/disney-with-toddlers\/\">7 consejos para disfrutar tu aventura en Disney World con un ni\u00f1o peque\u00f1o<\/a>\r\n                <\/li>\r\n            <\/ul>\r\n        <\/div>\r\n    <\/div>\r\n    <div class=\"row mb-5 pb-4\">\r\n            <div class=\"col\">\r\n                    <h2 class=\"h3 mb-3\" id=\"faq\">Preguntas Frecuentes<\/h2>\r\n                    <div class=\"row\">\r\n                    <div class=\"col-12 col-md-6\">\r\n                            [accordion]\r\n                            [accordion_item title=\"\u00bfQu\u00e9 tama\u00f1o tiene Disney World?\"]\r\n                            <p><a href=\"\/es\/orlando\/theme-parks\/walt-disney-world\/\">Disney World<\/a> abarca aproximadamente 25.000 acres (39 millas cuadradas). Para ponerlo en perspectiva, esto es aproximadamente el doble del tama\u00f1o de Manhattan o aproximadamente el tama\u00f1o de San Francisco. \u00a1WOW!<\/p>\r\n                            [\/accordion_item] \r\n                            [\/accordion]\r\n                            [accordion]\r\n                            [accordion_item title=\"\u00bfCu\u00e1ndo se abri\u00f3 Disney World?\"]\r\n                            <p><a href=\"\/es\/orlando\/theme-parks\/walt-disney-world\/\">Disney World<\/a> Abri\u00f3 sus puertas por primera vez el 1 de octubre de 1971.<\/p>\r\n                            [\/accordion_item] \r\n                            [\/accordion]\r\n                            [accordion]\r\n                            [accordion_item title=\"\u00bfC\u00f3mo puedo comprar entradas para Disney World?\"]\r\n                            <p><a href=\"\/es\/orlando\/theme-parks\/discount-theme-park-tickets\/\">Discount tickets<\/a> para Disney World se puede comprar a trav\u00e9s de Westgate Reservations.<\/p>\r\n                            [\/accordion_item] \r\n                            [\/accordion]\r\n                             [accordion]\r\n                            [accordion_item title=\"\u00bfCu\u00e1les son las mejores \u00e9pocas para visitar Disney World?\"]\r\n                            <p>Disney World experimenta temporadas altas durante las vacaciones y las vacaciones escolares. Considere visitar durante \u00e9pocas menos concurridas, como entre semana y per\u00edodos no festivos.<\/p>\r\n                            [\/accordion_item] \r\n                            [\/accordion]\r\n                            [accordion]\r\n                            [accordion_item title=\"\u00bfPuedo conocer personajes de Disney en Disney World?\"]\r\n                            <p>S\u00ed, Disney World ofrece numerosas oportunidades para conocer e interactuar con los personajes de Disney en todos los parques, incluidas reuniones programadas y experiencias gastron\u00f3micas con los personajes.<\/p>\r\n                            [\/accordion_item] \r\n                            [\/accordion]\r\n                    <\/div>\r\n                    <div class=\"col-12 col-md-6\">\r\n                        [accordion]\r\n                            [accordion_item title=\"\u00bfCu\u00e1les son las principales atracciones de Disney World?\"]\r\n                            <p><a href=\"\/es\/orlando\/theme-parks\/walt-disney-world\/\">Disney World<\/a> tiene varias atracciones ic\u00f3nicas, incluido el Castillo de Cenicienta, Space Mountain, Piratas del Caribe, Es un mundo peque\u00f1o y la Mansi\u00f3n Encantada.<\/p>\r\n                            [\/accordion_item] \r\n                            [\/accordion]\r\n                            [accordion]\r\n                            [accordion_item title=\"\u00bfCu\u00e1ntos parques tem\u00e1ticos hay en Disney World?\"]\r\n                            <p>Disney World comprende cuatro parques tem\u00e1ticos principales: <a href=\"\/orlando\/theme-parks\/walt-disney-world\/magic-kingdom-orlando\/\">Magic Kingdom<\/a>, <a href=\"\/es\/orlando\/theme-parks\/walt-disney-world\/epcot-orlando\/\">Epcot<\/a>, <a href=\"\/es\/orlando\/theme-parks\/walt-disney-world\/disney-hollywood-studios\/\">Disney's Hollywood Studios<\/a>, and <a href=\"\/es\/orlando\/theme-parks\/walt-disney-world\/animal-kingdom-orlando\/\">Disney's Animal Kingdom<\/a>.<\/p>\r\n                            [\/accordion_item] \r\n                            [\/accordion]\r\n                             [accordion]\r\n                            [accordion_item title=\"\u00bfHay alojamiento disponible en Disney World?\"]\r\n                            <p>S\u00ed, Disney World ofrece una variedad de alojamientos. Tambi\u00e9n puedes reservar un\r\n\u200b <a href=\"\/es\/resorts\/orlando\/\">hotel cerca de Disney World<\/a> y paga menos.<\/p>\r\n                            [\/accordion_item] \r\n                            [\/accordion]\r\n                            [accordion]\r\n                            [accordion_item title=\"\u00bfC\u00f3mo puedo moverme por Disney World?\"]\r\n                            <p>Disney World ofrece opciones de transporte gratuitas, como autobuses, barcos y el famoso sistema de monorra\u00edl, para ayudar a los hu\u00e9spedes a navegar por la vasta propiedad.<\/p>\r\n                            [\/accordion_item] \r\n                            [\/accordion]\r\n                    <\/div>\r\n                <\/div>\r\n                <\/div>\r\n\r\n        <\/div>\r\n<\/div>\r\n<!---->\r\n    \r\n<div class=\"x-container max width\">\r\n    <div class=\"row pb-5\">\r\n        [line]\r\n        <h3 class=\"h5 mt-0\">Enlaces \u00datiles<\/h3>\r\n        [columnize]\r\n        <ul>\r\n            <li><a href=\"\/orlando\/theme-parks\/walt-disney-world\/epcot-orlando\/\">Epcot Orlando<\/a><\/li>\r\n            <li><a href=\"\/orlando\/theme-parks\/walt-disney-world\/animal-kingdom-orlando\/\">Disney's Animal Kingdom in Orlando<\/a><\/li>\r\n            <li><a href=\"\/orlando\/theme-parks\/walt-disney-world\/disney-hollywood-studios\/\">Disney's Hollywood Studios in Orlando<\/a><\/li>\r\n            <li><a href=\"\/orlando\/theme-parks\/walt-disney-world\/typhoon-lagoon-orlando\/\">Disney World Typhoon Lagoon Water Park<\/a><\/li>\r\n            <li><a href=\"\/orlando\/theme-parks\/walt-disney-world\/blizzard-beach-orlando\/\":>Blizzard Beach Orlando<\/a><\/li> \r\n            <li><a href=\"\/orlando\/theme-parks\/walt-disney-world\/disney-springs\/\">Disney Springs<\/a><\/li>\r\n            <li><a href=\"\/orlando\/theme-parks\/walt-disney-world\/discount-disney-tickets\/\">Disney Discount Tickets<\/a><\/li>\r\n            <li><a href=\"\/orlando\/theme-parks\/walt-disney-world\/magic-kingdom-orlando\/magic-kingdom-discount-tickets\/\">Magic Kingdom Discount Tickets<\/a><\/li>\r\n            <li><a href=\"\/orlando\/theme-parks\/walt-disney-world\/animal-kingdom-orlando\/animal-kingdom-discount-tickets\/\">Animal Kingdom Discount Tickets<\/a><\/li>\r\n            <li><a href=\"\/orlando\/theme-parks\/walt-disney-world\/epcot-orlando\/epcot-discount-tickets\/\">Epcot Discount Tickets<\/a><\/li>\r\n            <li><a href=\"\/orlando\/theme-parks\/walt-disney-world\/disney-hollywood-studios\/hollywood-studios-discount-tickets\/\">Hollywood Studios Discount Tickets<\/a><\/li>\r\n            <li><a href=\"\/orlando\/theme-parks\/walt-disney-world\/visit-disney-at-christmas\/\">Disney Christmas<\/a><\/li>\r\n            <li><a href=\"https:\/\/www.westgatereservations.com\/blog\/mardi-gras-universal-orlando\/\">Disney Mardi Gras<\/a><\/li>\r\n        <\/ul>\r\n        [\/columnize]\r\n        [line]\r\n\r\n    <\/div>\r\n<\/div>","protected":false},"excerpt":{"rendered":"<p>[gap size=\"15em\" class=\"x-hidden-phone\"] [search-availability layout=\"horizontal\" destination=\"Orlando\" title=\"Find Resorts Near Disney\"] [clear] [gap size=\"1em\" class=\"x-hidden-phone\"] Planifique con anticipaci\u00f3n Tickets Cerca de Resorts Preguntas Frecuentes Walt Disney World\u00ae Resort - Westgate Reservations ... <\/p>\n<div><a href=\"https:\/\/www.westgatereservations.com\/es\/orlando\/theme-parks\/walt-disney-world\/\" class=\"more-link\">Leer M\u00e1s<\/a><\/div>\n","protected":false},"author":2,"featured_media":0,"parent":10962,"menu_order":0,"comment_status":"closed","ping_status":"closed","template":"template-blank-4.php","meta":{"footnotes":""},"_links":{"self":[{"href":"https:\/\/www.westgatereservations.com\/es\/wp-json\/wp\/v2\/pages\/23868"}],"collection":[{"href":"https:\/\/www.westgatereservations.com\/es\/wp-json\/wp\/v2\/pages"}],"about":[{"href":"https:\/\/www.westgatereservations.com\/es\/wp-json\/wp\/v2\/types\/page"}],"author":[{"embeddable":true,"href":"https:\/\/www.westgatereservations.com\/es\/wp-json\/wp\/v2\/users\/2"}],"replies":[{"embeddable":true,"href":"https:\/\/www.westgatereservations.com\/es\/wp-json\/wp\/v2\/comments?post=23868"}],"version-history":[{"count":0,"href":"https:\/\/www.westgatereservations.com\/es\/wp-json\/wp\/v2\/pages\/23868\/revisions"}],"up":[{"embeddable":true,"href":"https:\/\/www.westgatereservations.com\/es\/wp-json\/wp\/v2\/pages\/10962"}],"wp:attachment":[{"href":"https:\/\/www.westgatereservations.com\/es\/wp-json\/wp\/v2\/media?parent=23868"}],"curies":[{"name":"wp","href":"https:\/\/api.w.org\/{rel}","templated":true}]}}