{"id":23786,"date":"2023-04-06T14:38:25","date_gmt":"2023-04-06T18:38:25","guid":{"rendered":"https:\/\/www.westgatereservations.com\/vacations\/memorial-day-vacation-deals\/"},"modified":"2025-04-17T15:12:12","modified_gmt":"2025-04-17T19:12:12","slug":"memorial-day-vacation-deals","status":"publish","type":"page","link":"https:\/\/www.westgatereservations.com\/es\/vacations\/memorial-day-vacation-deals\/","title":{"rendered":"Ofertas Vacacionales para Memorial Day"},"content":{"rendered":"<div class=\"fw-absolute\">\r\n<div class=\"fw-container\">\r\n    <img class=\"banner\" ng-cloak ng-src=\"{{app.data.is_mobile && 'https:\/\/westgatecdn.com\/2024\/04\/banner-memoridal-day-lp-full-es.jpg' || 'https:\/\/westgatecdn.com\/2024\/04\/banner-memoridal-day-lp-full-es.jpg'}}\" alt=\"Ahorre a lo grande con estas vacaciones de fin de semana para Memorial Day Weekend \">\r\n<\/div>\r\n<div class=\"py-1\">&nbsp;<\/div>\r\n <div class=\"py-4 py-md-5\">&nbsp;<\/div>\r\n <div class=\"py-1 py-md-4\">&nbsp;<\/div>\r\n <div class=\"py-0 py-xl-4\">&nbsp;<\/div>\r\n <div class=\"py-0 py-xl-5\">&nbsp;<\/div>\r\n<\/div>\r\n<!---->\r\n<div class=\"x-content-band marginless-columns availability-search\">\r\n    <div class=\"x-container max width\">\r\n        [gap size=\"1em\"]\r\n        [search-availability layout=\"horizontal\" hide_title=\"true\" class=\"no-bg pan\" special_id=\"11080\"]\r\n        [gap size=\"1em\" class=\"x-hidden-phone\"]\r\n    <\/div>\r\n<\/div>\r\n<div class=\"mb-4 pb-2\"><\/div>\r\n\r\n\r\n[container]\r\n<div class=\"x-column x-sm x-3-4\">\r\n<!-- Left Content -->\r\n<div class=\"x-hidden-phone\">\r\n     [custom_headline type=\"left\" level=\"h1\" looks_like=\"h2\" class=\"mts\"]Escapadas para Memorial Day[\/custom_headline]\r\n     [responsive_text selector=\".responsive-heading\" compression=\"1.5\" min_size=\"18px\" max_size=\"40px\"]\r\n     <!-- Second line Title-->[custom_headline class=\"mts responsive-subheading\" type=\"left\" level=\"h2\" looks_like=\"h5\"]Haz que el fin de semana festivo sea a\u00fan mejor con estas vacaciones con descuentos para Memorial Day Weekend [\/custom_headline]\r\n     [responsive_text selector=\".responsive-subheading\" compression=\"1.5\" min_size=\"14px\" max_size=\"24px\"]\r\n\r\n     <p class=\"mbs\">\r\n     [dropcap]W[\/dropcap]estgate Resorts ofrece una amplia gama de vacaciones de fin de semana de Memorial Day dise\u00f1adas para ayudarte a relajarte y aprovechar al m\u00e1ximo tu fin de semana de 3 d\u00edas. Estos paquetes con <strong>hasta un 70% de descuento<\/strong> para toda la familia, est\u00e1n disponibles en destinos emocionantes de todo Estados Unidos para darle la bienvenida al comienzo no oficial de la temporada de verano.\r\n\r\n     <\/p>\r\n\r\n     <p>Emb\u00e1rcate en aventuras impresionantes en los parques tem\u00e1ticos de Orlando, Florida. Descubre los secretos de la historia colonial y los emocionantes parques de atracciones en el hist\u00f3rico Williamsburg, Virginia. Toma el sol y disfruta de la diversi\u00f3n acalorada de Myrtle Beach, Carolina del Sur. O bien, del\u00e9itate con el brillo y el glamour de Las Vegas, Nevada, con sus deslumbrantes espect\u00e1culos en vivo, conciertos y emocionantes experiencias de casino.\r\n<\/p>\r\n<\/div>\r\n\r\n[custom_headline type=\"left\" class=\"mbs mtm\" level=\"h5\" looks_like=\"h4\" accent=\"true\"]Las Mejores Escapadas Para Memorial Weekend[\/custom_headline]\r\n[specials ids=\"13023, 19034\"]\r\n\r\n<h2>\u00bfA d\u00f3nde va la mayor\u00eda de la gente en Memorial Day?<\/h2>\r\nOrlando encabeza la lista de los 10 destinos m\u00e1s populares de Memorial Day para las familias que buscan diversi\u00f3n. Las principales atracciones como Walt Disney World, Universal Studios y SeaWorld son opciones obvias para visitar, sin embargo, hay muchas otras cosas que hacer en Orlando adem\u00e1s de los parques tem\u00e1ticos. Los parques nacionales son un punto de inter\u00e9s para los amantes del aire libre y de las aventuras de fin de semana del Memorial Day, un buen ejemplo ser\u00eda las Great Smoky Mountains en Gatlinburg. Las playas y las zonas costeras tambi\u00e9n son, sin duda, destinos codiciados para una reuni\u00f3n relajante con familiares y seres queridos. Una vez que sepas cu\u00e1l es la finalidad de tu escapada de Memorial Day, \u00a1puedes entonces elegir tu destino!\r\n\r\n\r\n[custom_headline type=\"left\" class=\"mbs\" level=\"h5\" looks_like=\"h4\" accent=\"true\"]Ofertas Destacadas [\/custom_headline]\r\n[specials ids=\"22581, 5654, 5666\"]\r\n\r\n\r\n<div class=\"x-visible-phone mtm mbn\">\r\n<div class=\"x-column x-sm x-1-4 last\">\r\n     [content-block name=\"call-hours\"]\r\n<\/div>\r\n     [custom_headline type=\"left\" level=\"h1\" looks_like=\"h2\" class=\"mts\"]Paquetes vacacionales para Memorial Day[\/custom_headline]\r\n     [responsive_text selector=\".responsive-heading\" compression=\"1.5\" min_size=\"18px\" max_size=\"40px\"]\r\n     <!-- Second line Title-->[custom_headline class=\"mts responsive-subheading\" type=\"left\" level=\"h2\" looks_like=\"h5\"]Haz que el fin de semana festivo sea a\u00fan mejor con estas escapadas con descuento[\/custom_headline]\r\n     [responsive_text selector=\".responsive-subheading\" compression=\"1.5\" min_size=\"14px\" max_size=\"24px\"]\r\n\r\n     <p class=\"mbs\">\r\n     [dropcap]W[\/dropcap]estgate Resorts ofrece una amplia gama de vacaciones de fin de semana de Memorial Day dise\u00f1adas para ayudarte a relajarte y aprovechar al m\u00e1ximo tu fin de semana de 3 d\u00edas. La realidad es que te ayudamos a ahorrar dinero en alojamiento, lo que te permite disfrutar plenamente de las incre\u00edbles caracter\u00edsticas de unas vacaciones de ensue\u00f1o con dinero extra para gastar. \r\n\r\n\r\n    <\/p>\r\n<\/div>\r\n\r\n<p>No importa qu\u00e9 destino selecciones de nuestra lista de vacaciones de <strong> Memorial Day<\/strong>, descubrir\u00e1s una lujosa y acogedora propiedad de Westgate Resorts que elevar\u00e1 tus vacaciones a nuevas alturas y expectativas. Dile adi\u00f3s a las estrechas habitaciones de hotel y, en su lugar, disfruta de amplias habitaciones que ofrecen todas las comodidades del hogar. Nuestros resorts ofrecen un amplio espacio para toda la familia, incluyendo cocinas totalmente equipadas para preparar un refrigerio r\u00e1pido o una comida saludable.\r\n<\/p>\r\n\r\n<p>Mejor a\u00fan, si bien nuestros destinos ofrecen muchas emociones y entretenimiento, tambi\u00e9n encontrar\u00e1s tu dosis de diversi\u00f3n en la propiedad gracias a una gran variedad de servicios exclusivos, tales como minigolf, gimnasios, salas de juego, piscinas y jacuzzis, lujosos spas, opciones gastron\u00f3micas en las instalaciones, actividades programadas, botes a pedales, tenis y mucho m\u00e1s.<\/p>\r\n\r\n<p>Por lo tanto, \u00a1prep\u00e1rate, rel\u00e1jate y aprovecha al m\u00e1ximo tus vacaciones con <a href=\"[home_url\/es]\">Westgate Resorts<\/a>! El verano se marcha r\u00e1pido, as\u00ed que no pierdas la oportunidad de vivir la vida al m\u00e1ximo con estas vacaciones de fin de semana con descuento para Memorial Day. <\/p>\r\n\r\n<div class=\"x-hidden-phone\">\r\n[gap size=\"1em\"]\r\n<h5  class=\"center-text\">\u00a1Comienza a planificar tu escapada de Memorial Day hoy!<br\/>\r\nLlame hoy [phone_link][tel][\/phone_link]<\/h5>\r\n<\/div>\r\n[gap  size=\"3em\"]\r\n\r\n[share title=\"Comparte este Post\" facebook=\"true\" twitter=\"true\" google_plus=\"true\" linkedin=\"true\" pinterest=\"true\" reddit=\"true\" email=\"true\"]\r\n\r\n<!-- \/Left Content -->\r\n<\/div>\r\n<div class=\"x-column x-sm x-1-4 last\">\r\n<div class=\"mtl\"><\/div>\r\n<div class=\"p-3 email-sidebar x-hidden-phone\" style=\"background: #fafafa;\">\r\n                <img decoding=\"async\" src=\"https:\/\/westgatecdn.com\/2019\/02\/best-price-logo.png\" alt=\"Mejor Precio Garantizado\" class=\"mb-3 x-hidden-phone\" style=\"display: block; width: 100%; max-width: 300px; margin: auto;\">\r\n                <div class=\"container\">\r\n                    <div class=\"row\">\r\n                        <div class=\"col col-6 col-lg-12 pb-0 pb-lg-3\">\r\n                            <div class=\"icon-nav light\">\r\n                             [phone_link class=\"inheritcolor\"]\r\n                                <div class=\"x-column x-1-4\">\r\n                                    <i class=\"fas fa-phone fa-2x right-stack-m focus\"><\/i>\r\n                                <\/div>\r\n                                <div class=\"x-column x-3-4 last\">\r\n                                    <p class=\"x-visible-phone mts pl-4 pl-sm-2 pl-md-0\" style=\"line-height:1.2em;\">\r\n                                        <strong>Llama para<br\/> reservar<\/strong>\r\n                                    <\/p>\r\n                                    <p class=\"x-hidden-phone font-120 mb-0\">\r\n                                        <strong>\u00a1Llama para Reservar!<\/strong><br\/>\r\n                                        <span>[tel]<\/span>\r\n                                    <\/p>\r\n                                <\/div>\r\n                                [\/phone_link]\r\n                            <\/div>\r\n                        <\/div>\r\n                        \r\n                        <div class=\"col col-6 col-lg-12\">\r\n                            <div class=\"icon-nav light\">\r\n                                <a href=\"#\"; onclick=\"SnapEngage.startLink();\" class=\"inheritcolor\">\r\n                                    <div class=\"x-column x-1-4\">\r\n                                        <i class=\"fas fa-comment-alt fa-2x right-stack-m\"><\/i>\r\n                                    <\/div>\r\n                                    <div class=\"x-column x-3-4 last\">\r\n                                        <p class=\"x-visible-phone mts pl-4 pl-sm-2 pl-md-0\" style=\"line-height:1.2em;\">\r\n                                            <strong>Chat con un<br\/> Agente<\/strong>\r\n                                        <\/p>\r\n                                        <p class=\"x-hidden-phone font-120 mb-0\">\r\n                                            <strong>Live Chat<\/strong><br\/>\r\n                                            <span>chat con un agente<\/span>\r\n                                        <\/p>\r\n                                    <\/div>\r\n                                <\/a>\r\n                            <\/div>\r\n                            [clear]\r\n                        <\/div>\r\n                    <\/div>\r\n                <\/div>\r\n            <\/div>\r\n            <!---->\r\n<div class=\"mt-4\"><\/div>\r\n     [content-block name=\"call-hours\"]\r\n\r\n<\/div>\r\n[\/container]\r\n","protected":false},"excerpt":{"rendered":"<p>&nbsp; &nbsp; &nbsp; &nbsp; &nbsp; [gap size=\"1em\"] [search-availability layout=\"horizontal\" hide_title=\"true\" class=\"no-bg pan\" special_id=\"11080\"] [gap size=\"1em\" class=\"x-hidden-phone\"] [container] [custom_headline type=\"left\" level=\"h1\" looks_like=\"h2\" class=\"mts\"]Escapadas para Memorial Day[\/custom_headline] [responsive_text selector=\".responsive-heading\" compression=\"1.5\" min_size=\"18px\" max_size=\"40px\"] ... <\/p>\n<div><a href=\"https:\/\/www.westgatereservations.com\/es\/vacations\/memorial-day-vacation-deals\/\" class=\"more-link\">Leer M\u00e1s<\/a><\/div>\n","protected":false},"author":2,"featured_media":23787,"parent":5364,"menu_order":0,"comment_status":"closed","ping_status":"closed","template":"template-blank-4.php","meta":{"footnotes":""},"_links":{"self":[{"href":"https:\/\/www.westgatereservations.com\/es\/wp-json\/wp\/v2\/pages\/23786"}],"collection":[{"href":"https:\/\/www.westgatereservations.com\/es\/wp-json\/wp\/v2\/pages"}],"about":[{"href":"https:\/\/www.westgatereservations.com\/es\/wp-json\/wp\/v2\/types\/page"}],"author":[{"embeddable":true,"href":"https:\/\/www.westgatereservations.com\/es\/wp-json\/wp\/v2\/users\/2"}],"replies":[{"embeddable":true,"href":"https:\/\/www.westgatereservations.com\/es\/wp-json\/wp\/v2\/comments?post=23786"}],"version-history":[{"count":0,"href":"https:\/\/www.westgatereservations.com\/es\/wp-json\/wp\/v2\/pages\/23786\/revisions"}],"up":[{"embeddable":true,"href":"https:\/\/www.westgatereservations.com\/es\/wp-json\/wp\/v2\/pages\/5364"}],"wp:featuredmedia":[{"embeddable":true,"href":"https:\/\/www.westgatereservations.com\/es\/wp-json\/wp\/v2\/media\/23787"}],"wp:attachment":[{"href":"https:\/\/www.westgatereservations.com\/es\/wp-json\/wp\/v2\/media?parent=23786"}],"curies":[{"name":"wp","href":"https:\/\/api.w.org\/{rel}","templated":true}]}}