{"id":22657,"date":"2022-08-04T13:33:48","date_gmt":"2022-08-04T17:33:48","guid":{"rendered":"https:\/\/www.westgatereservations.com\/vacation-deals\/family\/water-park-vacation-deals\/"},"modified":"2025-06-25T13:42:38","modified_gmt":"2025-06-25T17:42:38","slug":"water-park-vacation-deals","status":"publish","type":"page","link":"https:\/\/www.westgatereservations.com\/es\/vacation-deals\/family\/water-park-vacation-deals\/","title":{"rendered":"Water Park Vacation Deals"},"content":{"rendered":"[container]\r\n<!---->\r\n<div id=\"orlando\"><\/div>\r\n    <h2 class=\"h3 mtl mbs stack-center-m\">Orlando, FL Ofertas de Vacaciones con Parques Acu\u00e1ticos:<\/h2>\r\n        <p>Ahora puede \" combatir el calor\" en el Estado del Sol con dos parques acu\u00e1ticos de Westgate en el \u00e1rea de Orlando: el nuevo Parque Acu\u00e1tico Treasure Cove en Westgate Lakes Resort & Spa y el emocionante Parque Acu\u00e1tico Shipwreck Island en Westgate Town Center Resort. Disfrute de los toboganes de agua, las piscinas de chapoteo, los r\u00edos lentos e incluso la piscina de olas en Treasure Cove.<\/p>\r\n    [specials ids=\"20706,8640\"] \r\n<!--\/-->\r\n[line]\r\n\r\n<!---->\r\n<div id=\"gatlinburg\"><\/div>\r\n    <h2 class=\"h3 mtl mbs stack-center-m\">Gatlinburg, TN Ofertas de Vacaciones con Parques Acu\u00e1ticos:<\/h2>\r\n        <p>Disfrute de una aventura acu\u00e1tica llena de diversi\u00f3n en cualquier \u00e9poca del a\u00f1o en el Parque Acu\u00e1tico Wild Bear Falls, cubierto y al aire libre, en el Westgate Smoky Mountain Resort and Water Park en Gatlinburg. Experimente galones de diversi\u00f3n con un r\u00edo lento, dos toboganes de agua gigantes, una casa del \u00e1rbol interactiva y mucho m\u00e1s.<\/p>\r\n    [specials ids=\"11431\"] \r\n<!--\/-->\r\n[line]\r\n\r\n<!---->\r\n<div id=\"river-ranch\"><\/div>\r\n    <h2 class=\"h3 mtl mbs stack-center-m\">River Ranch, FL Ofertas de Vacaciones con Parques Acu\u00e1ticos:<\/h2>\r\n        <p>Qu\u00edtate tus botas vaquero y mantente fresco en Westgate River Ranch Resort & Rodeo, que ahora cuenta con el nuevo Parque Acu\u00e1tico River Country - un oasis familiar con toboganes acu\u00e1ticos emocionantes como el \"Rooster Run\" y el \"Stampede Falls,\" una refrescante piscina tipo laguna, y un chapoteadero interactivo para ni\u00f1os con un cubo que lanza agua y ca\u00f1ones rociadores.<\/p>\r\n    [specials ids=\"26004\"] \r\n<!--\/-->\r\n\r\n<div class=\"pb-4 pb-md-5\"><\/div>\r\n[\/container]\r\n<!---->\r\n<div class=\"x-content-band bg-image parallax man pan\" data-x-element=\"content_band\" data-x-params=\"{&quot;type&quot;:&quot;image&quot;,&quot;parallax&quot;:true}\" style=\"background-image: url(https:\/\/westgatecdn.com\/2021\/04\/vacation-villas-shipwreck-island.jpg); background-color: transparent;\">\r\n    <div class=\"x-container max\">\r\n        <div style=\"height:4em;\" class=\"x-hidden-phone\"><\/div>\r\n        <div class=\"x-column x-sm x-1-5 x-hidden-phone\">\r\n            &nbsp;\r\n        <\/div>\r\n        <div class=\"x-column x-sm x-3-5\">\r\n            <div style=\"background-color: rgba(255, 255, 255, 0.45)\" class=\"pal\">\r\n                <div style=\"background-color: #fff;\" class=\"pal\">\r\n                    <h2 class=\"center-text man\" style=\"font-family: 'open sans'; font-weight:100; color:#32639c;\">Ofertas Especiales<\/h2>\r\n                    <p class=\"center-text Montserrat\">\u00a1Reg\u00edstrese ahora y nunca se perder\u00e1 de nuestra pr\u00f3xima venta de vacaciones!<\/p>\r\n                    <div class=\"x-column x-sm x-1-3\">\r\n                        <img decoding=\"async\" class=\"mbm\" src=\"https:\/\/westgatecdn.com\/2021\/05\/choose-destination-featured.jpg\">\r\n                    <\/div>\r\n                    <div class=\"x-column x-sm x-2-3 last\">\r\n                        [subscribe show_name=\"true\" class=\"pan man\" confirm_content=\"<div class='pam' style='background:#a3d2b4; color:#fff;'><h6 class='mts'>Thanks for signing up!<\/h6><\/div>\"]\r\n                    <\/div>\r\n                    [clear]\r\n                <\/div>\r\n            <\/div>\r\n        <\/div>\r\n        <div class=\"x-column x-sm x-3-5 x-hidden-phone last\">\r\n            &nbsp;\r\n        <\/div>\r\n        [clear]\r\n        <div style=\"height:4em;\" class=\"x-hidden-phone\"><\/div>\r\n    <\/div>\r\n<\/div>\r\n<!---->\r\n  \r\n<div style=\"background: #efefef;\">\r\n    <div class=\"x-container max width ptl pbl center-text\">\r\n<h3>Lea sobre las fant\u00e1sticas cosas en Westgate Resorts<\/h3>\r\n<p>\u00a1Lea nuestros \u00faltimos blogs y empiece a planificar sus pr\u00f3ximas vacaciones con nosotros! <\/p>\r\n[recent_posts count=\"3\" ]\r\n[gap size=\"2em\"]\r\n      \r\n    <\/div>\r\n<\/div>\r\n<!-- call banner-->\r\n<div style=\"background: #232c35;\">\r\n    <div class=\"x-container max width\">\r\n        [gap size=\"1em\"]\r\n        <div class=\"x-column x-sm x-2-3 white stack-center-m pas\">\r\n            <h5 class=\"font-lighter white man\">Reserve Sus Vacaciones Hoy Mismo<\/h5>\r\n            <p>\u00a1Llame ahora para obtener los \u00faltimos descuentos en su elecci\u00f3n de paquetes vacacionales!<\/p>\r\n        <\/div>\r\n        <div class=\"x-column x-sm x-1-3 pam last\">\r\n            [phone_link class=\"x-btn x-btn-block btn-orange\"]Call [tel][\/phone_link]\r\n            [gap size=\"1em\" class=\"x-visible-phone\"]\r\n        <\/div>\r\n    <\/div>\r\n<\/div>\r\n<!--\/call banner-->","protected":false},"excerpt":{"rendered":"<p>[container] Orlando, FL Ofertas de Vacaciones con Parques Acu\u00e1ticos: Ahora puede \" combatir el calor\" en el Estado del Sol con dos parques acu\u00e1ticos de Westgate en el \u00e1rea de ... <\/p>\n<div><a href=\"https:\/\/www.westgatereservations.com\/es\/vacation-deals\/family\/water-park-vacation-deals\/\" class=\"more-link\">Leer M\u00e1s<\/a><\/div>\n","protected":false},"author":2,"featured_media":0,"parent":16552,"menu_order":0,"comment_status":"closed","ping_status":"closed","template":"template-blank-4.php","meta":{"footnotes":""},"_links":{"self":[{"href":"https:\/\/www.westgatereservations.com\/es\/wp-json\/wp\/v2\/pages\/22657"}],"collection":[{"href":"https:\/\/www.westgatereservations.com\/es\/wp-json\/wp\/v2\/pages"}],"about":[{"href":"https:\/\/www.westgatereservations.com\/es\/wp-json\/wp\/v2\/types\/page"}],"author":[{"embeddable":true,"href":"https:\/\/www.westgatereservations.com\/es\/wp-json\/wp\/v2\/users\/2"}],"replies":[{"embeddable":true,"href":"https:\/\/www.westgatereservations.com\/es\/wp-json\/wp\/v2\/comments?post=22657"}],"version-history":[{"count":0,"href":"https:\/\/www.westgatereservations.com\/es\/wp-json\/wp\/v2\/pages\/22657\/revisions"}],"up":[{"embeddable":true,"href":"https:\/\/www.westgatereservations.com\/es\/wp-json\/wp\/v2\/pages\/16552"}],"wp:attachment":[{"href":"https:\/\/www.westgatereservations.com\/es\/wp-json\/wp\/v2\/media?parent=22657"}],"curies":[{"name":"wp","href":"https:\/\/api.w.org\/{rel}","templated":true}]}}