{"id":21563,"date":"2021-10-29T13:38:06","date_gmt":"2021-10-29T17:38:06","guid":{"rendered":"https:\/\/www.westgatereservations.com\/?page_id=21563"},"modified":"2025-09-04T14:06:40","modified_gmt":"2025-09-04T18:06:40","slug":"halloween","status":"publish","type":"page","link":"https:\/\/www.westgatereservations.com\/es\/vacations\/halloween\/","title":{"rendered":"Halloween"},"content":{"rendered":"<div class=\"fw-absolute ptm\">\r\n<div class=\"fw-container\">\r\n    <img class=\"banner\" ng-cloak ng-src=\"{{app.data.is_mobile && 'https:\/\/westgatecdn.com\/2021\/10\/halloween-banner-bg-mobile.jpg' || 'https:\/\/westgatecdn.com\/2021\/10\/halloween-banner-bg.jpg'}}\" alt=\"December Vacation Deals\">\r\n<\/div>\r\n    <div class=\"x-container max width dshadow x-hidden-phone\" style=\"position: relative;\">\r\n        <h1 class=\"mtm mbn ptm white center-text\">Ofertas de vacaciones para Halloween<\/h1>\r\n        <div class=\"h5 mtn mbm white center-text\">\u00a1Encuentra tus espeluznantes vacaciones favoritas!<\/div>\r\n        <div class=\"center-text white mbl pbm mts\">\r\n        <span>DESDE:<\/span><span class=\"h1 white\">$99<\/span> \/PAQUETE\r\n        <\/div>\r\n    <\/div>\r\n    [gap size=\"1em\" class=\"x-hidden-phone\"]\r\n    <div class=\"search-ow-resort px-3 px-md-0\">\r\n        <div class=\"availability-search\">\r\n            <div class=\"x-visible-phone\">\r\n                <h1 class=\"h3 dshadow man white pts center-text\">Halloween Vacation Deals<\/h1>\r\n                <div class=\"dshadow h5 man white font-lighter center-text\">Find Your Favorite Spooky Vacation!<\/div>\r\n                <div class=\"availability-horizontal center-text\">\r\n                    <span class=\"no-break\"><span class=\"white\">FROM: <\/span><span class=\"price white\"><b>$99<\/b><\/span> <span class=\"white\">\/PACKAGE<\/span><\/span>\r\n                <\/div>\r\n            <\/div>\r\n            <div class=\"x-container max width\">\r\n                <div class=\"x-content-band marginless-columns mbn ptn pbn\">\r\n                    <div class=\"x-container\">\r\n                        [gap size=\"1em\"]\r\n                    [search-availability layout=\"horizontal\" hide_title=\"true\" class=\"no-bg pan\"]\r\n                        [gap size=\"1em\" class=\"x-hidden-phone\"]\r\n                    <\/div>\r\n                <\/div>\r\n            <\/div>\r\n        <\/div>\r\n    <\/div>\r\n<\/div>\r\n\r\n<div class=\"x-container max width\">\r\n    <div class=\"p-1 p-md-4\"><\/div>\r\n    <div class=\"row\">\r\n        <div class=\"col-12 col-md-9 order-md-last\">\r\n            <!--main content-->\r\n            <h2>Ofertas de vacaciones para Halloween en Orlando<\/h2>\r\n            <p>Con un clima c\u00e1lido durante todo el a\u00f1o, Orlando, FL es el destino ideal para pasar Halloween. Con una combinaci\u00f3n de fantasmas, celebraciones y decoraciones de festivales de oto\u00f1o, est\u00e1s destinado a experimentar la escapada perfecta en esta temporada espeluznante. \u00a1Te espera un regalo, ya que estamos aqu\u00ed para brindarte las mejores ofertas con descuento!<\/p>\r\n\r\n<p>Los principales parques tem\u00e1ticos de Orlando, como Universal Studios y SeaWorld Orlando, organizan celebraciones de Halloween fant\u00e1sticas. Halloween Horror Nights de Universal es conocido por sus famosas casas embrujadas, zonas de susto y shows en vivo que cuentan con temas ic\u00f3nicos de terror. SeaWorld se transforma con su Halloween Spooktacular, ofreciendo actividades familiares, desfiles, dulce o truco, y Howl-O-Scream con sus espeluznantes casas embrujadas, zonas de susto y shows siniestros.<\/p>\r\n            <div class=\"row\">\r\n            [specials ids=\"21453, 13536, 13394\"]\r\n            <\/div>\r\n            [content-block name=\"blog-email-signup\"]\r\n\r\n            <h5 class=\"mtm mbm\">\u00bfPor qu\u00e9 elegir a Westgate Resorts?<\/h5>\r\n            <div class=\"row\">\r\n            <p class=\"mtn\">Es aqu\u00ed en Orlando donde encontrar\u00e1s gritos de emoci\u00f3n durante el d\u00eda y sustos por la noche bajo un cielo c\u00e1lido durante la festividad de Halloween. Con tanto que hacer y numerosas atracciones para elegir, no es de extra\u00f1ar que muchas parejas y familias hagan sus maletas y se dirijan a Florida Central en busca de un poco m\u00e1s de terror. Para que tus vacaciones sean mucho m\u00e1s especiales, te ofrecemos las mejores ofertas con descuento y paquetes de Halloween que puedas encontrar.\r\n            <br>\r\n            <br>\r\n            Junto con los tickets a algunas de las mejores atracciones, <a href=\"https:\/\/www.westgatereservations.com\/es\/\">Westgate Resorts<\/a> tambi\u00e9n te ofrece una escapada a un resort para recordar durante toda la vida. Puedes disfrutar de unas vacaciones de Halloween sin estr\u00e9s mientras nos esforzamos en brindarte un alojamiento espacioso y lujoso, oportunidades recreativas excepcionales y muchas comodidades especiales y actividades programadas.<\/p>\r\n\r\n<p>\u00bfBuscas m\u00e1s ofertas? \u00c9chale un vistazo a nuestros <a href=\"[home_url]vacation-deals\/fall\/\">paquetes de vacaciones de oto\u00f1o<\/a>. \u00bfQu\u00e9 te parecen m\u00e1s ofertas especiales de festividades? Disfruta nuestras <a href=\"[home_url]vacation-deals\/december\/\">ofertas especiales de vacaciones de diciembre<\/a> y ahorra hasta un 65% en tu pr\u00f3xima escapada.\r\n            <\/div>\r\n            <!--\/main content-->\r\n        <\/div>\r\n        <div class=\"col-12 col-md-3 order-md-first\">\r\n            <!--sidebar content-->\r\n              <p><b> Ahorra hasta un 65%<\/b> Cuando reservas con Westgate Reservations. T\u00e9rminos y condiciones aplican.<\/p>\r\n              <p><b> Cancelaci\u00f3n Gratuita <\/b> 7 d\u00edas o m\u00e1s antes de la llegada.<\/p>\r\n              <p><b>Ofrecemos descuentos y ofertas <\/b> para los mejores destinos de EE.UU. para ti y tu familia.<\/p>\r\n            [gap size=\"1em\"]\r\n            <div class=\"x-toc mbl\" style=\"width: 100%;\">\r\n                <h4 class=\"h-toc\">Vacaciones para Festividades<\/h4>\r\n                <ul class=\"unstyled cf\">\r\n                    <li class=\"x-toc-item\"><a style=\"border-bottom: none;\" href=\"https:\/\/www.westgatereservations.com\/es\/vacations\/labor-day\/\">D\u00eda del Trabajo<\/a><\/li>\r\n                    <li class=\"x-toc-item\"><a style=\"border-bottom: none;\" href=\"https:\/\/www.westgatereservations.com\/es\/vacations\/thanksgiving-deals\/\">D\u00eda de Acci\u00f3n de Gracias<\/a><\/li>\r\n                    <li class=\"x-toc-item\"><a style=\"border-bottom: none;\" href=\"https:\/\/www.westgatereservations.com\/es\/vacations\/christmas-packages\/\">Navidad<\/a><\/li>\r\n                <\/ul>\r\n            <\/div>\r\n            [gap size=\"1em\"]\r\n            [content-block name=\"call-hours\"]\r\n            <!--\/sidebar content-->\r\n        <\/div>\r\n    <\/div>\r\n<\/div>\r\n[gap size=\"3em\"]\r\n<!----->\r\n<div style=\"background: #efefef;\">\r\n    <div class=\"x-container max width ptl pbl\">\r\n        <div class=\"row mtm\">\r\n            <div class=\"col-12 col-md-4\">\r\n                [recent_posts count=\"1\" orientation=\"horizontal\" category=\"Halloween\"]\r\n            <\/div>\r\n            <div class=\"col-12 col-md-8\">\r\n                <h3>Empieza a planear tus vacaciones de Halloween<\/h3>\r\n                <p>\u00a1Echa un vistazo a nuestro <a href=\"https:\/\/www.westgatereservations.com\/es\/blog\/halloween-in-central-florida-spooky-fun-for-families-adults\/\">blog de Halloween<\/a> para obtener m\u00e1s ideas sobre diversi\u00f3n terror\u00edfica durante tu estad\u00eda! Disfruta de todos los sustos en las <a href=\"https:\/\/www.westgatereservations.com\/es\/blog\/50-things-to-do-in-orlando\/\">atracciones de Orlando<\/a> m\u00e1s populares y queridas, como Universal Orlando, Disney World y SeaWorld Orlando, as\u00ed como otras atracciones locales en el \u00e1rea de Florida Central. \u00a1Estamos aqu\u00ed para brindarte gu\u00edas y escapadas, mientras te relajas y disfrutas de la diversi\u00f3n!<\/p>\r\n            <\/div>\r\n        <\/div>\r\n\r\n[gap size=\"2em\"]\r\n      \r\n    <\/div>\r\n<\/div>\r\n<!-- call banner-->\r\n<div style=\"background: #232c35;\">\r\n    <div class=\"x-container max width\">\r\n        [gap size=\"1em\"]\r\n        <div class=\"x-column x-sm x-2-3 white stack-center-m pas\">\r\n            <h5 class=\"font-lighter white man\">Reserva tus vacaciones de Halloween Hoy <\/h5>\r\n            <p>\u00a1Llama ahora para obtener los \u00faltimos descuentos en tu elecci\u00f3n de paquetes vacacionales de Halloween!<\/p>\r\n        <\/div>\r\n        <div class=\"x-column x-sm x-1-3 pam last\">\r\n            [phone_link class=\"x-btn x-btn-block btn-orange\"]Llama al [tel][\/phone_link]\r\n            [gap size=\"1em\" class=\"x-visible-phone\"]\r\n        <\/div>\r\n    <\/div>\r\n<\/div>\r\n<!--\/call banner-->\r\n\r\n   \r\n","protected":false},"excerpt":{"rendered":"<p>Ofertas de vacaciones para Halloween \u00a1Encuentra tus espeluznantes vacaciones favoritas! DESDE:$99 \/PAQUETE [gap size=\"1em\" class=\"x-hidden-phone\"] Halloween Vacation Deals Find Your Favorite Spooky Vacation! FROM: $99 \/PACKAGE [gap size=\"1em\"] [search-availability layout=\"horizontal\" ... <\/p>\n<div><a href=\"https:\/\/www.westgatereservations.com\/es\/vacations\/halloween\/\" class=\"more-link\">Leer M\u00e1s<\/a><\/div>\n","protected":false},"author":8,"featured_media":26216,"parent":5364,"menu_order":0,"comment_status":"closed","ping_status":"closed","template":"template-blank-4.php","meta":{"footnotes":""},"_links":{"self":[{"href":"https:\/\/www.westgatereservations.com\/es\/wp-json\/wp\/v2\/pages\/21563"}],"collection":[{"href":"https:\/\/www.westgatereservations.com\/es\/wp-json\/wp\/v2\/pages"}],"about":[{"href":"https:\/\/www.westgatereservations.com\/es\/wp-json\/wp\/v2\/types\/page"}],"author":[{"embeddable":true,"href":"https:\/\/www.westgatereservations.com\/es\/wp-json\/wp\/v2\/users\/8"}],"replies":[{"embeddable":true,"href":"https:\/\/www.westgatereservations.com\/es\/wp-json\/wp\/v2\/comments?post=21563"}],"version-history":[{"count":0,"href":"https:\/\/www.westgatereservations.com\/es\/wp-json\/wp\/v2\/pages\/21563\/revisions"}],"up":[{"embeddable":true,"href":"https:\/\/www.westgatereservations.com\/es\/wp-json\/wp\/v2\/pages\/5364"}],"wp:featuredmedia":[{"embeddable":true,"href":"https:\/\/www.westgatereservations.com\/es\/wp-json\/wp\/v2\/media\/26216"}],"wp:attachment":[{"href":"https:\/\/www.westgatereservations.com\/es\/wp-json\/wp\/v2\/media?parent=21563"}],"curies":[{"name":"wp","href":"https:\/\/api.w.org\/{rel}","templated":true}]}}