{"id":19332,"date":"2017-04-17T15:16:48","date_gmt":"2017-04-17T19:16:48","guid":{"rendered":"https:\/\/www.westgatereservations.com\/?page_id=19332"},"modified":"2024-02-27T13:50:22","modified_gmt":"2024-02-27T18:50:22","slug":"wild-bear-falls-indoor-waterpark","status":"publish","type":"page","link":"https:\/\/www.westgatereservations.com\/es\/gatlinburg\/wild-bear-falls-indoor-waterpark\/","title":{"rendered":"Parque Acu\u00e1tico Wild Bear Falls"},"content":{"rendered":"[content_band class=\"mtn mbl\" bg_image=\"https:\/\/westgatecdn.com\/2017\/04\/wild-bear-falls-halfheader.jpg\" inner_container=\"true\" parallax=\"false\"][custom_headline style=\"margin-top: 0; color:#ffffff;\" type=\"center\" level=\"h1\" looks_like=\"h2\"]Parque Acu\u00e1tico Wild Bear Falls[\/custom_headline]\r\n[\/content_band]\r\n[container]\r\n[visibility type=\"visible-phone\"]\r\n<a class=\"x-btn x-btn-block x-btn-rounded x-btn-regular btn-orange\" href=\"tel:[tel]\">\r\n<i class=\"x-icon-phone\"><\/i> Llama para Reservar<\/a>\r\n[gap size=\"2em\"]\r\n[\/visibility]\r\n<!--content 3\/4 - 1\/4-->\r\n<div>\r\n<div class=\"x-column x-sm x-3-4\">\r\n<h2 class=\"h4 mtn\">\u00a1Aventuras acu\u00e1ticas en el coraz\u00f3n de Gatlinburg!<\/h2>\r\n<p>Gatlinburg, Tennessee, est\u00e1 lleno de actividades al aire libre y ofrece hermosas vistas de las Grandes Monta\u00f1as Humeantes, pero \u00bfsab\u00eda que tambi\u00e9n es el hogar de algunos parques tem\u00e1ticos y acu\u00e1ticos? \u00a1Aqu\u00ed es donde se destaca el emocionante parque acu\u00e1tico interior de Westgate Wild Bear Falls! Este incre\u00edble parque acu\u00e1tico interior\/exterior cuenta con un techo retr\u00e1ctil que le permitir\u00e1 chapotear y nadar en tus vacaciones en Tennessee sin importar el clima o la estaci\u00f3n. <\/p>\r\n\r\n<p>\r\n<blockquote class=\"x-blockquote x-pullquote left\"><img decoding=\"async\" class=\"left\" src=\"https:\/\/westgatecdn.com\/2017\/04\/wild-bear-waterpark.jpg\" alt=\"Parque Acuatico Wild Bear Falls\"><span>Parque Acu\u00e1tico Wild Bear Falls<\/span><\/blockquote>\r\n\r\nCon m\u00e1s de 60.000 pies cuadrados de divertidas atracciones acu\u00e1ticas de m\u00e1s de 300.000 galones de agua, \u00a1Wild Bear Falls en Gatlinburg, TN es considerado el mayor parque acu\u00e1tico cubierto de la regi\u00f3n sureste! Cabe mencionar que este no es un parque acu\u00e1tico como cualquier otro, y se sorprender\u00e1 de sus maravillas durante sus <a href=\"https:\/\/www.westgatereservations.com\/es\/gatlinburg\/\">Vacacion en Gatlinburg <\/a> con Westgate Resorts.  El parque es uno de los muchos servicios especiales de Westgate Smoky Mountain Resort & Spa. El complejo cuenta con lujosas caba\u00f1as que ofrecen incre\u00edbles vistas a la monta\u00f1a. \u00a1Qu\u00e9 mejor lugar para comenzar sus vacaciones familiares en Gatlinburg\/Pigeon Forge!<\/p>\r\n<p>\r\nEn el <a href=\"https:\/\/www.westgatereservations.com\/es\/resorts\/westgate-smoky-mountain-resort-and-water-park\/\">Westgate Smoky Mountain Resort<\/a>, ofrecemos una gran cantidad de opciones de paquetes vacacionales exclusivos para toda la familia. Podr\u00e1 elegir paquetes que incluyen entradas para Wild Bear Falls, adem\u00e1s de poder gozar de las hermosas vistas de las Monta\u00f1as Humeantes y las muchas otras comodidades y actividades del resort:\r\n<\/p>\r\n<hr class=\"darker-hr\"\/>\r\n<h3 class=\"h4\">Vacaciones en Gatlinburg con Entradas al Parque Acu\u00e1tico:<\/h4>\r\n[specials ids=\"11431\"]\r\n<!-- \/Packages-->\r\n<h3 class=\"h4\">Principales amenidades y atracciones:<\/h3>\r\n<table class=\"pure-table-striped\">\r\n<tr>\r\n<td style=\"width:24%;\"><strong>Little Pigeon River<\/strong> <\/td>\r\n<td>El parque es ideal para todas las edades y los m\u00e1s peque\u00f1os disfrutar\u00e1n de este divertido parque infantil con rociadores de agua de profundidad cero, dise\u00f1ado espec\u00edficamente para ni\u00f1os peque\u00f1os.<\/td>\r\n<\/tr>\r\n<tr>\r\n<td><strong>Moonshine Hollow<\/strong> <p><i class=\"fas fa-tint\" aria-hidden=\"true\"><\/i> Profundidad: 3'6\"<\/p><\/td>\r\n<td>Rel\u00e1jese y disfrute de la vista en este jacuzzi interior\/exterior.<\/td>\r\n<\/tr>\r\n    <tr>\r\n<td><strong>The Swimming Hole<\/strong> <p><i class=\"fas fa-tint\" aria-hidden=\"true\"><\/i> Profundidad: 3'6\" - 4'6\"<\/p><\/td>\r\n<td>Esta es una piscina que no se querr\u00e1 perder ya que resulta ideal para actividades acu\u00e1ticas como el baloncesto y el voleibol y recomendada para todas las edades.<\/td>\r\n<\/tr>\r\n    <tr>\r\n<td><strong>Cades Cove<\/strong> <p><i class=\"fas fa-tint\" aria-hidden=\"true\"><\/i> Profundidad: 3'6\"<\/p><\/td>\r\n<td>\u00a1Desl\u00edcese en un tubo bordeando un muy relajante r\u00edo perezoso de 900 pies de largo que le recordar\u00e1 lo hermosas que son las Monta\u00f1as Humeantes! Perfecto para todas las edades.<\/td>\r\n<\/tr>\r\n    <tr>\r\n<td><strong>Clingman\u2019s Dome<\/strong> <p><i class=\"fas fa-exclamation-triangle \" aria-hidden=\"true\"><\/i> Estatura Min: 48 inches<\/p><\/td>\r\n<td>\u00bfBusca emociones? Prep\u00e1rese para este emocionante tobog\u00e1n de tubo de 350 pies de largo entre a las aventuras que Gatlinburg tiene para ofrecer.<\/td>\r\n<\/tr>\r\n    <tr>\r\n<td><strong>Laurel Falls<\/strong> <p><i class=\"fas fa-exclamation-triangle \" aria-hidden=\"true\"><\/i> Estatura Min: 48 inches<\/p><\/td>\r\n<td>\u00a1M\u00e1s emociones aguardan en este tobog\u00e1n corporal completamente cerrado con una ca\u00edda de 300 pies que le dar\u00e1 una descarga de adrenalina como ninguna otra atracci\u00f3n! <\/td>\r\n<\/tr>\r\n    <tr>\r\n<td><strong>Ramsey Cascade<\/strong> <p><i class=\"fas fa-tint\" aria-hidden=\"true\"><\/i> Profundidad: 1'6\"<\/p><\/td>\r\n<td>Entre en esta casa interactiva en el \u00e1rbol que incluye un cubo de 300 galones, dos toboganes salvajes y \u00e1reas en las que puede controlar el flujo de agua saliente de los chorros. Prep\u00e1rese para empaparse completamente una vez que el cubo se llene y libere agua por toda la casa del \u00e1rbol.<\/td>\r\n<\/tr>\r\n<\/table>\r\n<p>\r\n<p>\r\n\r\n\r\n<p><strong>\u00a1Tambi\u00e9n hay caba\u00f1as privadas disponibles en Wild Bear Falls!<\/strong> Equipado con HDTV, Snack, botellas de agua y mini nevera. Se sugieren reservas anticipadas (pero no se requieren).<\/p>\r\n\r\n\r\nWild Bear Falls es un parque acu\u00e1tico de nivel internacional, cubierto y al aire libre, para familias con ni\u00f1os de todas las edades, situado en Gatlinburg. M\u00e1s que una piscina normal, esta atracci\u00f3n tem\u00e1tica de monta\u00f1a cuenta con un techo retr\u00e1ctil de \u00faltima generaci\u00f3n y los hu\u00e9spedes disfrutan de unas condiciones perfectas y c\u00f3modas en cualquier \u00e9poca del a\u00f1o, incluso durante los meses de invierno m\u00e1s fr\u00edos. El parque ofrece un entorno seguro y supervisado que incluye una variedad de toboganes acu\u00e1ticos, \u00e1reas de juego, un r\u00edo perezoso, una sala de juegos electr\u00f3nicos e incluso un restaurante en el entrepiso donde se puede saborear un bocadillo r\u00e1pido o una comida completa. El Snack Bar Roaring Fork ofrece una hamburguesa r\u00e1pida, perros calientes, pizza y s\u00e1ndwiches, as\u00ed como ensaladas frescas y otros aperitivos.\r\n<\/p>\r\n\r\n<div>\r\n<div class=\"x-column x-sm x-1-4\"><img decoding=\"async\" class=\"mbn x-img resort-gallery-img interior x-img-link x-img-thumbnail\" src=\"https:\/\/westgatecdn.com\/2017\/04\/wild-bear-ramsey-cascade.jpg\" href=\"https:\/\/westgatecdn.com\/2017\/04\/wild-bear-ramsey-cascade.jpg\" alt=\"Cascada Ramsey\"> <p>Ramsey Cascade<\/p><\/div>\r\n<div class=\"x-column x-sm x-1-4\"><img decoding=\"async\" class=\"mbn x-img resort-gallery-img interior x-img-link x-img-thumbnail\" src=\"https:\/\/westgatecdn.com\/2017\/04\/wild-bear-pool.jpg\" href=\"https:\/\/westgatecdn.com\/2017\/04\/wild-bear-pool.jpg\" alt=\"Swimming Hole\"> <p>Swimming Hole<\/p><\/div>\r\n<div class=\"x-column x-sm x-1-4\"><img decoding=\"async\" class=\"mbn x-img resort-gallery-img interior x-img-link x-img-thumbnail\" src=\"https:\/\/westgatecdn.com\/2017\/04\/wild-bear-lazy-river.jpg\" href=\"https:\/\/westgatecdn.com\/2017\/04\/wild-bear-lazy-river.jpg\" alt=\"Lazy River\"> <p>Lazy River<\/p><\/div>\r\n<div class=\"x-column x-sm x-1-4 last\"><img decoding=\"async\" class=\"mbn x-img resort-gallery-img interior x-img-link x-img-thumbnail\" src=\"https:\/\/westgatecdn.com\/2017\/04\/wild-bear-laurel-falls.jpg\" href=\"https:\/\/westgatecdn.com\/2017\/04\/wild-bear-lazy-river.jpg\" alt=\"Laurel Falls\"> <p>Laurel Falls Slide<\/p><\/div>\r\n<\/div>\r\n[lightbox selector=\".resort-gallery-img\" deeplink=\"\" opacity=\"0.875\" prev_scale=\"0.75\" prev_opacity=\"0.75\" next_scale=\"0.75\" next_opacity=\"0.75\" orientation=\"horizontal\" thumbnails=\"true\"]\r\n\r\n<p>\r\nComo podr\u00e1 ver por los nombres de las atracciones enumeradas, el parque de aventuras rinde homenaje a sus alrededores evocando los lugares que encontrar\u00e1 en el Parque Nacional de las Monta\u00f1as Humeantes.\r\n<\/p>\r\n<h6>LLEGAR A DESTINO:<\/h6>\r\n\r\nEl parque acu\u00e1tico interior de Wild Bear Falls ofrece una ubicaci\u00f3n conveniente a solo unos minutos del centro de Gatlinburg y de la cercana zona de Pigeon Forge. El parque est\u00e1 dentro del Westgate Smoky Mountain Resort & Spa y cerca de la entrada principal del Parque Nacional de las Grandes Monta\u00f1as Humeantes. El complejo est\u00e1 localizado en el 915 Westgate Resort Road, Gatlinburg, TN 37738.\r\n\r\n\r\n<h5 class=\"center-text\">\u00a1Comience a planificar sus vacaciones en el parque acu\u00e1tico de Gatlinburg hoy mismo!<br\/>\r\nLlama Hoy [phone_link][tel][\/phone_link]<\/h5>\r\n[gap size=\"2em\"]\r\n<\/div>\r\n<div class=\"x-column x-sm x-1-4 last\">\r\n<!---->\r\n<div style=\"background:#f1f5f9;padding:.5em;border:1px solid rgba(0,0,0,.15);border-bottom:0\">Precios de Admisi\u00f3n<\/div>\r\n<div class=\"resort-info\">\r\n<ul>\r\n<li>Menores de 3 a\u00f1os: Gratis<\/li>\r\n<li>Admisi\u00f3n de un d\u00eda: $22.95 + impuestos<\/li>\r\n<li>Admisi\u00f3n de dos d\u00edas: $34.59 + impuestos\r\n<li>Admisi\u00f3n de tres d\u00edas: $44.64 + impuestos<\/li>\r\n<li>Admisi\u00f3n de cinco d\u00edas: $74.82 + impuestos<\/li>\r\n<li>Los ni\u00f1os deben estar acompa\u00f1ados por un adulto en todo momento<\/p>\r\n<p>Los visitantes deben tener al menos 42\" de altura para montar en los toboganes de agua, con la excepci\u00f3n del \u00e1rea de la piscina para ni\u00f1os. Para otras \u00e1reas, los visitantes deben tener al menos 48 \"de altura.<\/p>\r\n<\/ul>\r\n<\/div>\r\n<!---->\r\n<!---->\r\n<div class=\"mtm\" style=\"background:#f1f5f9;padding:.5em;border:1px solid rgba(0,0,0,.15);border-bottom:0\">Horas de operaci\u00f3n<\/div>\r\n<div class=\"resort-info\">\r\n<ul>\r\n<li><strong>Vie-S\u00e1b<\/strong><br\/> 11:00 am - 8:00 pm<\/li>\r\n<li><strong>Dom-Thur<\/strong><br\/> 11:00 am - 7:00 pm<\/li>\r\n<li><strong>Los propietarios<\/strong><br\/> obten la admisi\u00f3n temprana al parque en Wild Bear Falls una hora antes de la apertura del parque<\/li>\r\n<hr class=\"mts mbs\"\/>\r\n\r\n\r\n<\/ul>\r\n<\/div>\r\n<!---->\r\n<\/div>\r\n<\/div>\r\n<!--\/content 2\/3 - 1\/3-->\r\n\r\n[\/container]","protected":false},"excerpt":{"rendered":"<p>Enjoy the fun and thrills of Wild Bear Falls Water Park at Westgate Smoky Mountain Resort in the heart of Gatlinburg, Tennessee<\/p>\n","protected":false},"author":2,"featured_media":18037,"parent":17479,"menu_order":0,"comment_status":"closed","ping_status":"closed","template":"template-blank-4.php","meta":{"footnotes":""},"_links":{"self":[{"href":"https:\/\/www.westgatereservations.com\/es\/wp-json\/wp\/v2\/pages\/19332"}],"collection":[{"href":"https:\/\/www.westgatereservations.com\/es\/wp-json\/wp\/v2\/pages"}],"about":[{"href":"https:\/\/www.westgatereservations.com\/es\/wp-json\/wp\/v2\/types\/page"}],"author":[{"embeddable":true,"href":"https:\/\/www.westgatereservations.com\/es\/wp-json\/wp\/v2\/users\/2"}],"replies":[{"embeddable":true,"href":"https:\/\/www.westgatereservations.com\/es\/wp-json\/wp\/v2\/comments?post=19332"}],"version-history":[{"count":0,"href":"https:\/\/www.westgatereservations.com\/es\/wp-json\/wp\/v2\/pages\/19332\/revisions"}],"up":[{"embeddable":true,"href":"https:\/\/www.westgatereservations.com\/es\/wp-json\/wp\/v2\/pages\/17479"}],"wp:featuredmedia":[{"embeddable":true,"href":"https:\/\/www.westgatereservations.com\/es\/wp-json\/wp\/v2\/media\/18037"}],"wp:attachment":[{"href":"https:\/\/www.westgatereservations.com\/es\/wp-json\/wp\/v2\/media?parent=19332"}],"curies":[{"name":"wp","href":"https:\/\/api.w.org\/{rel}","templated":true}]}}